{"id":34674,"date":"2025-07-02T13:50:26","date_gmt":"2025-07-02T18:50:26","guid":{"rendered":"https:\/\/condamine.edu.ec\/?page_id=34674"},"modified":"2025-07-02T14:48:14","modified_gmt":"2025-07-02T19:48:14","slug":"ateliers-clubs-et-activites-sportives","status":"publish","type":"page","link":"https:\/\/condamine.edu.ec\/?page_id=34674","title":{"rendered":"Ateliers, clubs et activit\u00e9s sportives (Secondaire)"},"content":{"rendered":"\t\t<div data-elementor-type=\"wp-page\" data-elementor-id=\"34674\" class=\"elementor elementor-34674\" data-elementor-post-type=\"page\">\n\t\t\t\t<div class=\"elementor-element elementor-element-6e5d2da e-flex e-con-boxed e-con e-parent\" data-id=\"6e5d2da\" data-element_type=\"container\" data-e-type=\"container\">\n\t\t\t\t\t<div class=\"e-con-inner\">\n\t\t\t\t<div class=\"elementor-element elementor-element-97f1126 elementor-widget elementor-widget-spacer\" data-id=\"97f1126\" data-element_type=\"widget\" data-e-type=\"widget\" data-widget_type=\"spacer.default\">\n\t\t\t\t<div class=\"elementor-widget-container\">\n\t\t\t\t\t\t\t<div class=\"elementor-spacer\">\n\t\t\t<div class=\"elementor-spacer-inner\"><\/div>\n\t\t<\/div>\n\t\t\t\t\t\t<\/div>\n\t\t\t\t<\/div>\n\t\t\t\t\t<\/div>\n\t\t\t\t<\/div>\n\t\t<div class=\"elementor-element elementor-element-1b409c2 e-con-full e-flex e-con e-parent\" data-id=\"1b409c2\" data-element_type=\"container\" data-e-type=\"container\">\n\t\t\t\t<div class=\"elementor-element elementor-element-b4280a7 elementor-widget elementor-widget-heading\" data-id=\"b4280a7\" data-element_type=\"widget\" data-e-type=\"widget\" data-widget_type=\"heading.default\">\n\t\t\t\t<div class=\"elementor-widget-container\">\n\t\t\t\t\t<h2 class=\"elementor-heading-title elementor-size-default\">Ateliers culturels et activit\u00e9s sportives  (Secondaire)<\/h2>\t\t\t\t<\/div>\n\t\t\t\t<\/div>\n\t\t\t\t<\/div>\n\t\t<div class=\"elementor-element elementor-element-7b59a90 e-flex e-con-boxed e-con e-parent\" data-id=\"7b59a90\" data-element_type=\"container\" data-e-type=\"container\">\n\t\t\t\t\t<div class=\"e-con-inner\">\n\t\t\t\t<div class=\"elementor-element elementor-element-f314553 elementor-widget elementor-widget-spacer\" data-id=\"f314553\" data-element_type=\"widget\" data-e-type=\"widget\" data-widget_type=\"spacer.default\">\n\t\t\t\t<div class=\"elementor-widget-container\">\n\t\t\t\t\t\t\t<div class=\"elementor-spacer\">\n\t\t\t<div class=\"elementor-spacer-inner\"><\/div>\n\t\t<\/div>\n\t\t\t\t\t\t<\/div>\n\t\t\t\t<\/div>\n\t\t\t\t\t<\/div>\n\t\t\t\t<\/div>\n\t\t<div class=\"elementor-element elementor-element-a059aa9 e-con-full e-flex e-con e-parent\" data-id=\"a059aa9\" data-element_type=\"container\" data-e-type=\"container\">\n\t\t<div class=\"elementor-element elementor-element-872ef52 e-con-full e-flex e-con e-child\" data-id=\"872ef52\" data-element_type=\"container\" data-e-type=\"container\">\n\t\t\t\t<div class=\"elementor-element elementor-element-097034e elementor-widget elementor-widget-text-editor\" data-id=\"097034e\" data-element_type=\"widget\" data-e-type=\"widget\" data-widget_type=\"text-editor.default\">\n\t\t\t\t<div class=\"elementor-widget-container\">\n\t\t\t\t\t\t\t\t\t<p>Le Lyc\u00e9e franco-\u00e9quatorien La Condamine a le plaisir de vous inviter \u00e0 participer \u00e0 une riche s\u00e9lection d\u2019<strong>ateliers culturels et activit\u00e9s sportives<\/strong>, propos\u00e9s pour l\u2019ann\u00e9e scolaire <strong>2025-2026<\/strong>. Ces activit\u00e9s permettent aux \u00e9l\u00e8ves de s\u2019\u00e9panouir au-del\u00e0 des cours, \u00a0s\u2019engager dans des projets collectifs et partager des moments conviviaux avec d\u2019autres \u00e9l\u00e8ves.<\/p>\t\t\t\t\t\t\t\t<\/div>\n\t\t\t\t<\/div>\n\t\t\t\t<\/div>\n\t\t\t\t<\/div>\n\t\t<div class=\"elementor-element elementor-element-82c6df4 e-flex e-con-boxed e-con e-parent\" data-id=\"82c6df4\" data-element_type=\"container\" data-e-type=\"container\">\n\t\t\t\t\t<div class=\"e-con-inner\">\n\t\t\t\t<div class=\"elementor-element elementor-element-3ba5085 elementor-widget elementor-widget-spacer\" data-id=\"3ba5085\" data-element_type=\"widget\" data-e-type=\"widget\" data-widget_type=\"spacer.default\">\n\t\t\t\t<div class=\"elementor-widget-container\">\n\t\t\t\t\t\t\t<div class=\"elementor-spacer\">\n\t\t\t<div class=\"elementor-spacer-inner\"><\/div>\n\t\t<\/div>\n\t\t\t\t\t\t<\/div>\n\t\t\t\t<\/div>\n\t\t\t\t\t<\/div>\n\t\t\t\t<\/div>\n\t\t<div class=\"elementor-element elementor-element-70827d8 e-con-full e-flex e-con e-parent\" data-id=\"70827d8\" data-element_type=\"container\" data-e-type=\"container\" data-settings=\"{&quot;background_background&quot;:&quot;classic&quot;}\">\n\t\t<div class=\"elementor-element elementor-element-65e7a25 e-con-full e-flex e-con e-child\" data-id=\"65e7a25\" data-element_type=\"container\" data-e-type=\"container\">\n\t\t\t\t<div class=\"elementor-element elementor-element-ce286db elementor-widget elementor-widget-heading\" data-id=\"ce286db\" data-element_type=\"widget\" data-e-type=\"widget\" data-widget_type=\"heading.default\">\n\t\t\t\t<div class=\"elementor-widget-container\">\n\t\t\t\t\t<h2 class=\"elementor-heading-title elementor-size-default\">ACTIVIT\u00c9S PROPOS\u00c9ES<\/h2>\t\t\t\t<\/div>\n\t\t\t\t<\/div>\n\t\t\t\t<\/div>\n\t\t\t\t<\/div>\n\t\t<div class=\"elementor-element elementor-element-53a763e e-con-full e-flex e-con e-parent\" data-id=\"53a763e\" data-element_type=\"container\" data-e-type=\"container\">\n\t\t<div class=\"elementor-element elementor-element-62a855a e-con-full e-flex e-con e-child\" data-id=\"62a855a\" data-element_type=\"container\" data-e-type=\"container\">\n\t\t\t\t<div class=\"elementor-element elementor-element-52b33ac elementor-widget elementor-widget-text-editor\" data-id=\"52b33ac\" data-element_type=\"widget\" data-e-type=\"widget\" data-widget_type=\"text-editor.default\">\n\t\t\t\t<div class=\"elementor-widget-container\">\n\t\t\t\t\t\t\t\t\t<p><strong><em>(Les horaires sont pr\u00e9cis\u00e9s dans les formulaires d\u2019inscription par niveau.)<\/em><\/strong><\/p>\t\t\t\t\t\t\t\t<\/div>\n\t\t\t\t<\/div>\n\t\t\t\t<\/div>\n\t\t\t\t<\/div>\n\t\t<div class=\"elementor-element elementor-element-b7a9c4b e-flex e-con-boxed e-con e-parent\" data-id=\"b7a9c4b\" data-element_type=\"container\" data-e-type=\"container\">\n\t\t\t\t\t<div class=\"e-con-inner\">\n\t\t\t\t<div class=\"elementor-element elementor-element-9b480c0 elementor-widget elementor-widget-spacer\" data-id=\"9b480c0\" data-element_type=\"widget\" data-e-type=\"widget\" data-widget_type=\"spacer.default\">\n\t\t\t\t<div class=\"elementor-widget-container\">\n\t\t\t\t\t\t\t<div class=\"elementor-spacer\">\n\t\t\t<div class=\"elementor-spacer-inner\"><\/div>\n\t\t<\/div>\n\t\t\t\t\t\t<\/div>\n\t\t\t\t<\/div>\n\t\t\t\t\t<\/div>\n\t\t\t\t<\/div>\n\t\t<div class=\"elementor-element elementor-element-39c1734 e-flex e-con-boxed e-con e-parent\" data-id=\"39c1734\" data-element_type=\"container\" data-e-type=\"container\">\n\t\t\t\t\t<div class=\"e-con-inner\">\n\t\t\t\t<div class=\"elementor-element elementor-element-2597c8f elementor-widget elementor-widget-heading\" data-id=\"2597c8f\" data-element_type=\"widget\" data-e-type=\"widget\" data-widget_type=\"heading.default\">\n\t\t\t\t<div class=\"elementor-widget-container\">\n\t\t\t\t\t<h2 class=\"elementor-heading-title elementor-size-default\">Activit\u00e9s gratuites :<\/h2>\t\t\t\t<\/div>\n\t\t\t\t<\/div>\n\t\t\t\t\t<\/div>\n\t\t\t\t<\/div>\n\t\t<div class=\"elementor-element elementor-element-604e979 e-con-full e-flex e-con e-parent\" data-id=\"604e979\" data-element_type=\"container\" data-e-type=\"container\">\n\t\t<div class=\"elementor-element elementor-element-c9ba619 e-con-full e-flex e-con e-child\" data-id=\"c9ba619\" data-element_type=\"container\" data-e-type=\"container\">\n\t\t\t\t<div class=\"elementor-element elementor-element-bdd1c62 elementor-widget elementor-widget-text-editor\" data-id=\"bdd1c62\" data-element_type=\"widget\" data-e-type=\"widget\" data-widget_type=\"text-editor.default\">\n\t\t\t\t<div class=\"elementor-widget-container\">\n\t\t\t\t\t\t\t\t\t<ul><li><strong>Webradio<\/strong> : Initiation \u00e0 la radio scolaire, production de podcasts et animation d\u2019\u00e9missions (Interviews, reportages,\u2026).<\/li><li><strong>Chorale<\/strong> : Apprentissage collectif du chant, r\u00e9pertoire vari\u00e9.<\/li><li><strong>Pratiques th\u00e9\u00e2trales<\/strong>\u00a0: Expression sc\u00e9nique, jeux d\u2019improvisation, mise en sc\u00e8ne. Atelier plurilingue (fran\u00e7ais, anglais et espagnole).<\/li><li><strong>Atelier \u201cHistoire de la 2nde Guerre mondiale\u201d<\/strong> : Activit\u00e9 de recherche et de mise en r\u00e9cit historique. Participation au Concours National de la R\u00e9sistance et de la D\u00e9portation.<\/li><li><strong>\u00c9loquence<\/strong> : Jouer avec les mots et manier les expressions. Construire sa pens\u00e9e et d\u00e9fendre son point de vue.<\/li><li><strong>Peinture de figurines<\/strong> : Activit\u00e9 ludique et artistique de pr\u00e9cision et de concentration.<\/li><li><strong>Traduction<\/strong> : Atelier de traduction de textes litt\u00e9raires en 3 langues (fran\u00e7ais, anglais et espagnole). Challenges et concours.<\/li><li><strong>Jeux de r\u00f4le<\/strong> : Improvisation collective pour vivre des aventures narratives dans diff\u00e9rents univers (m\u00e9di\u00e9val-fantastique, science-fiction\u2026).<\/li><li><strong>Olympiades Physique-Chimie<\/strong> : Le cacao dans tous ses \u00e9tats. Activit\u00e9s et exp\u00e9riences autour du cacao.<\/li><li><strong>\u00c9checs<\/strong> : Un espace d\u00e9di\u00e9 \u00e0 la strat\u00e9gie, la concentration et la r\u00e9flexion.<\/li><\/ul>\t\t\t\t\t\t\t\t<\/div>\n\t\t\t\t<\/div>\n\t\t\t\t<\/div>\n\t\t\t\t<\/div>\n\t\t<div class=\"elementor-element elementor-element-57c9e03 e-flex e-con-boxed e-con e-parent\" data-id=\"57c9e03\" data-element_type=\"container\" data-e-type=\"container\">\n\t\t\t\t\t<div class=\"e-con-inner\">\n\t\t\t\t<div class=\"elementor-element elementor-element-d592a6c elementor-widget elementor-widget-spacer\" data-id=\"d592a6c\" data-element_type=\"widget\" data-e-type=\"widget\" data-widget_type=\"spacer.default\">\n\t\t\t\t<div class=\"elementor-widget-container\">\n\t\t\t\t\t\t\t<div class=\"elementor-spacer\">\n\t\t\t<div class=\"elementor-spacer-inner\"><\/div>\n\t\t<\/div>\n\t\t\t\t\t\t<\/div>\n\t\t\t\t<\/div>\n\t\t\t\t\t<\/div>\n\t\t\t\t<\/div>\n\t\t<div class=\"elementor-element elementor-element-e0fe2e5 e-flex e-con-boxed e-con e-parent\" data-id=\"e0fe2e5\" data-element_type=\"container\" data-e-type=\"container\">\n\t\t\t\t\t<div class=\"e-con-inner\">\n\t\t\t\t<div class=\"elementor-element elementor-element-51b863a elementor-widget elementor-widget-heading\" data-id=\"51b863a\" data-element_type=\"widget\" data-e-type=\"widget\" data-widget_type=\"heading.default\">\n\t\t\t\t<div class=\"elementor-widget-container\">\n\t\t\t\t\t<h2 class=\"elementor-heading-title elementor-size-default\">Activit\u00e9s avec frais d'inscription :<\/h2>\t\t\t\t<\/div>\n\t\t\t\t<\/div>\n\t\t\t\t\t<\/div>\n\t\t\t\t<\/div>\n\t\t<div class=\"elementor-element elementor-element-f3e6100 e-con-full e-flex e-con e-parent\" data-id=\"f3e6100\" data-element_type=\"container\" data-e-type=\"container\">\n\t\t<div class=\"elementor-element elementor-element-fa2c101 e-con-full e-flex e-con e-child\" data-id=\"fa2c101\" data-element_type=\"container\" data-e-type=\"container\">\n\t\t\t\t<div class=\"elementor-element elementor-element-f03eafe elementor-widget elementor-widget-text-editor\" data-id=\"f03eafe\" data-element_type=\"widget\" data-e-type=\"widget\" data-widget_type=\"text-editor.default\">\n\t\t\t\t<div class=\"elementor-widget-container\">\n\t\t\t\t\t\t\t\t\t<ul><li><strong>Simulation ONU<\/strong> : Simulation de d\u00e9bats diplomatiques internationaux, participations \u00e0 des simulations ONU inter \u00e9tablissements \u2013 <strong>40 $ pour l\u2019ann\u00e9e<\/strong><\/li><li><strong>Club de Lengua Kichwa<\/strong> : Apprentissage et diffusion de la langue et de la pens\u00e9e kichwa \u2013 <strong>70 $ par trimestre<\/strong><\/li><li><strong>Badminton, Escalade, Tennis de table, Arts martiaux, Step, Musculation<\/strong> : Activit\u00e9s sportives sans comp\u00e9titions \u2013 <strong>100 $ pour l\u2019ann\u00e9e<\/strong><\/li><li><strong>Atelier de Langue des Signes \u00e9quatorienne<\/strong>\u00a0: Le cours d&rsquo;introduction \u00e0 la LSEC vise \u00e0 faire tomber les barri\u00e8res de communication entre la communaut\u00e9 sourde et la communaut\u00e9 entendante. Apprendre le vocabulaire essentiel et les structures de base de la LSEC pour interagir efficacement dans des situations quotidiennes avec des personnes sourdes. \u2013 <strong>140 $ pour l\u2019ann\u00e9e<\/strong><\/li><li><strong>Basket, Football f\u00e9minin,\u00a0 Football masculin, Volley<\/strong>\u00a0: Activit\u00e9s sportives, avec comp\u00e9titions inter \u00e9tablissements \u2013 <strong>300 $ pour l\u2019ann\u00e9e<\/strong><\/li><\/ul>\t\t\t\t\t\t\t\t<\/div>\n\t\t\t\t<\/div>\n\t\t\t\t<\/div>\n\t\t\t\t<\/div>\n\t\t<div class=\"elementor-element elementor-element-0d791bc e-flex e-con-boxed e-con e-parent\" data-id=\"0d791bc\" data-element_type=\"container\" data-e-type=\"container\">\n\t\t\t\t\t<div class=\"e-con-inner\">\n\t\t\t\t<div class=\"elementor-element elementor-element-5897419 elementor-widget elementor-widget-spacer\" data-id=\"5897419\" data-element_type=\"widget\" data-e-type=\"widget\" data-widget_type=\"spacer.default\">\n\t\t\t\t<div class=\"elementor-widget-container\">\n\t\t\t\t\t\t\t<div class=\"elementor-spacer\">\n\t\t\t<div class=\"elementor-spacer-inner\"><\/div>\n\t\t<\/div>\n\t\t\t\t\t\t<\/div>\n\t\t\t\t<\/div>\n\t\t\t\t\t<\/div>\n\t\t\t\t<\/div>\n\t\t<div class=\"elementor-element elementor-element-a77c99d e-con-full e-flex e-con e-parent\" data-id=\"a77c99d\" data-element_type=\"container\" data-e-type=\"container\" data-settings=\"{&quot;background_background&quot;:&quot;classic&quot;}\">\n\t\t<div class=\"elementor-element elementor-element-6aea781 e-con-full e-flex e-con e-child\" data-id=\"6aea781\" data-element_type=\"container\" data-e-type=\"container\">\n\t\t\t\t<div class=\"elementor-element elementor-element-3c00bbe elementor-widget elementor-widget-heading\" data-id=\"3c00bbe\" data-element_type=\"widget\" data-e-type=\"widget\" data-widget_type=\"heading.default\">\n\t\t\t\t<div class=\"elementor-widget-container\">\n\t\t\t\t\t<h2 class=\"elementor-heading-title elementor-size-default\">Inscription obligatoire via les formulaires suivants :<\/h2>\t\t\t\t<\/div>\n\t\t\t\t<\/div>\n\t\t\t\t<\/div>\n\t\t\t\t<\/div>\n\t\t<div class=\"elementor-element elementor-element-218e1da e-flex e-con-boxed e-con e-parent\" data-id=\"218e1da\" data-element_type=\"container\" data-e-type=\"container\">\n\t\t\t\t\t<div class=\"e-con-inner\">\n\t\t\t\t<div class=\"elementor-element elementor-element-d48e6b5 elementor-widget elementor-widget-spacer\" data-id=\"d48e6b5\" data-element_type=\"widget\" data-e-type=\"widget\" data-widget_type=\"spacer.default\">\n\t\t\t\t<div class=\"elementor-widget-container\">\n\t\t\t\t\t\t\t<div class=\"elementor-spacer\">\n\t\t\t<div class=\"elementor-spacer-inner\"><\/div>\n\t\t<\/div>\n\t\t\t\t\t\t<\/div>\n\t\t\t\t<\/div>\n\t\t\t\t\t<\/div>\n\t\t\t\t<\/div>\n\t\t<div class=\"elementor-element elementor-element-f8c03e0 e-grid e-con-boxed e-con e-parent\" data-id=\"f8c03e0\" data-element_type=\"container\" data-e-type=\"container\">\n\t\t\t\t\t<div class=\"e-con-inner\">\n\t\t\t\t<div class=\"elementor-element elementor-element-7e73b7b elementor-align-center elementor-widget elementor-widget-button\" data-id=\"7e73b7b\" data-element_type=\"widget\" data-e-type=\"widget\" data-widget_type=\"button.default\">\n\t\t\t\t<div class=\"elementor-widget-container\">\n\t\t\t\t\t\t\t\t\t<div class=\"elementor-button-wrapper\">\n\t\t\t\t\t<a class=\"elementor-button elementor-button-link elementor-size-sm\" href=\"https:\/\/docs.google.com\/forms\/d\/e\/1FAIpQLSe-8ZXL2qxyUC230gHi4MBZQTrhON5jziq1Jw4_MbHpLWXxfA\/viewform?usp=dialog\" target=\"_blank\">\n\t\t\t\t\t\t<span class=\"elementor-button-content-wrapper\">\n\t\t\t\t\t\t\t\t\t<span class=\"elementor-button-text\">6\u00e8me<\/span>\n\t\t\t\t\t<\/span>\n\t\t\t\t\t<\/a>\n\t\t\t\t<\/div>\n\t\t\t\t\t\t\t\t<\/div>\n\t\t\t\t<\/div>\n\t\t\t\t<div class=\"elementor-element elementor-element-44e4114 elementor-align-center elementor-widget elementor-widget-button\" data-id=\"44e4114\" data-element_type=\"widget\" data-e-type=\"widget\" data-widget_type=\"button.default\">\n\t\t\t\t<div class=\"elementor-widget-container\">\n\t\t\t\t\t\t\t\t\t<div class=\"elementor-button-wrapper\">\n\t\t\t\t\t<a class=\"elementor-button elementor-button-link elementor-size-sm\" href=\"https:\/\/docs.google.com\/forms\/d\/e\/1FAIpQLSfL69F9Imr0SSmy8xWBELDWqnV1D5Nyj0GMsEmYCbK2Ii1aaQ\/viewform?usp=dialog\" target=\"_blank\">\n\t\t\t\t\t\t<span class=\"elementor-button-content-wrapper\">\n\t\t\t\t\t\t\t\t\t<span class=\"elementor-button-text\">5\u00e8me<\/span>\n\t\t\t\t\t<\/span>\n\t\t\t\t\t<\/a>\n\t\t\t\t<\/div>\n\t\t\t\t\t\t\t\t<\/div>\n\t\t\t\t<\/div>\n\t\t\t\t<div class=\"elementor-element elementor-element-64b8a8f elementor-align-center elementor-widget elementor-widget-button\" data-id=\"64b8a8f\" data-element_type=\"widget\" data-e-type=\"widget\" data-widget_type=\"button.default\">\n\t\t\t\t<div class=\"elementor-widget-container\">\n\t\t\t\t\t\t\t\t\t<div class=\"elementor-button-wrapper\">\n\t\t\t\t\t<a class=\"elementor-button elementor-button-link elementor-size-sm\" href=\"https:\/\/docs.google.com\/forms\/d\/e\/1FAIpQLScvrrP1d4qiD9Vgh9mYJJgh0IpdwoK9JCmb-O8VhXGTi15QMw\/viewform?usp=dialog\" target=\"_blank\">\n\t\t\t\t\t\t<span class=\"elementor-button-content-wrapper\">\n\t\t\t\t\t\t\t\t\t<span class=\"elementor-button-text\">4\u00e8me<\/span>\n\t\t\t\t\t<\/span>\n\t\t\t\t\t<\/a>\n\t\t\t\t<\/div>\n\t\t\t\t\t\t\t\t<\/div>\n\t\t\t\t<\/div>\n\t\t\t\t<div class=\"elementor-element elementor-element-7ff52a0 elementor-align-center elementor-widget elementor-widget-button\" data-id=\"7ff52a0\" data-element_type=\"widget\" data-e-type=\"widget\" data-widget_type=\"button.default\">\n\t\t\t\t<div class=\"elementor-widget-container\">\n\t\t\t\t\t\t\t\t\t<div class=\"elementor-button-wrapper\">\n\t\t\t\t\t<a class=\"elementor-button elementor-button-link elementor-size-sm\" href=\"https:\/\/docs.google.com\/forms\/d\/e\/1FAIpQLSdbf-D27p3PybjRpzjUnJW1TUr-vTLVASpjRY1NCde0ykNMng\/viewform?usp=dialog\" target=\"_blank\">\n\t\t\t\t\t\t<span class=\"elementor-button-content-wrapper\">\n\t\t\t\t\t\t\t\t\t<span class=\"elementor-button-text\">3\u00e8me<\/span>\n\t\t\t\t\t<\/span>\n\t\t\t\t\t<\/a>\n\t\t\t\t<\/div>\n\t\t\t\t\t\t\t\t<\/div>\n\t\t\t\t<\/div>\n\t\t\t\t<div class=\"elementor-element elementor-element-cdcf749 elementor-align-center elementor-widget elementor-widget-button\" data-id=\"cdcf749\" data-element_type=\"widget\" data-e-type=\"widget\" data-widget_type=\"button.default\">\n\t\t\t\t<div class=\"elementor-widget-container\">\n\t\t\t\t\t\t\t\t\t<div class=\"elementor-button-wrapper\">\n\t\t\t\t\t<a class=\"elementor-button elementor-button-link elementor-size-sm\" href=\"https:\/\/docs.google.com\/forms\/d\/e\/1FAIpQLSd0TjNLqTUYig58ugS7V4PwrvnWKF_bs9QXvcf2OD-yf4w3Og\/viewform?usp=dialog\" target=\"_blank\">\n\t\t\t\t\t\t<span class=\"elementor-button-content-wrapper\">\n\t\t\t\t\t\t\t\t\t<span class=\"elementor-button-text\">2nde<\/span>\n\t\t\t\t\t<\/span>\n\t\t\t\t\t<\/a>\n\t\t\t\t<\/div>\n\t\t\t\t\t\t\t\t<\/div>\n\t\t\t\t<\/div>\n\t\t\t\t<div class=\"elementor-element elementor-element-87bc027 elementor-align-center elementor-widget elementor-widget-button\" data-id=\"87bc027\" data-element_type=\"widget\" data-e-type=\"widget\" data-widget_type=\"button.default\">\n\t\t\t\t<div class=\"elementor-widget-container\">\n\t\t\t\t\t\t\t\t\t<div class=\"elementor-button-wrapper\">\n\t\t\t\t\t<a class=\"elementor-button elementor-button-link elementor-size-sm\" href=\"https:\/\/docs.google.com\/forms\/d\/e\/1FAIpQLSfcju12whiqr1oJVS5j1ErINOfgab-kq6Q7TvVNq_81z7rfow\/viewform?usp=dialog\" target=\"_blank\">\n\t\t\t\t\t\t<span class=\"elementor-button-content-wrapper\">\n\t\t\t\t\t\t\t\t\t<span class=\"elementor-button-text\">1\u00e8re<\/span>\n\t\t\t\t\t<\/span>\n\t\t\t\t\t<\/a>\n\t\t\t\t<\/div>\n\t\t\t\t\t\t\t\t<\/div>\n\t\t\t\t<\/div>\n\t\t\t\t\t<\/div>\n\t\t\t\t<\/div>\n\t\t<div class=\"elementor-element elementor-element-508485f e-flex e-con-boxed e-con e-parent\" data-id=\"508485f\" data-element_type=\"container\" data-e-type=\"container\">\n\t\t\t\t\t<div class=\"e-con-inner\">\n\t\t\t\t<div class=\"elementor-element elementor-element-3e8facf elementor-align-center elementor-widget elementor-widget-button\" data-id=\"3e8facf\" data-element_type=\"widget\" data-e-type=\"widget\" data-widget_type=\"button.default\">\n\t\t\t\t<div class=\"elementor-widget-container\">\n\t\t\t\t\t\t\t\t\t<div class=\"elementor-button-wrapper\">\n\t\t\t\t\t<a class=\"elementor-button elementor-button-link elementor-size-sm\" href=\"https:\/\/docs.google.com\/forms\/d\/e\/1FAIpQLSd85wDV_2RvKe-cE9l1rRlJdliSNevjgFHWPa0jARUbl-ITpQ\/viewform?usp=dialog\" target=\"_blank\">\n\t\t\t\t\t\t<span class=\"elementor-button-content-wrapper\">\n\t\t\t\t\t\t\t\t\t<span class=\"elementor-button-text\">Terminale<\/span>\n\t\t\t\t\t<\/span>\n\t\t\t\t\t<\/a>\n\t\t\t\t<\/div>\n\t\t\t\t\t\t\t\t<\/div>\n\t\t\t\t<\/div>\n\t\t\t\t\t<\/div>\n\t\t\t\t<\/div>\n\t\t<div class=\"elementor-element elementor-element-b93321a e-flex e-con-boxed e-con e-parent\" data-id=\"b93321a\" data-element_type=\"container\" data-e-type=\"container\">\n\t\t\t\t\t<div class=\"e-con-inner\">\n\t\t\t\t<div class=\"elementor-element elementor-element-bfb9812 elementor-widget elementor-widget-spacer\" data-id=\"bfb9812\" data-element_type=\"widget\" data-e-type=\"widget\" data-widget_type=\"spacer.default\">\n\t\t\t\t<div class=\"elementor-widget-container\">\n\t\t\t\t\t\t\t<div class=\"elementor-spacer\">\n\t\t\t<div class=\"elementor-spacer-inner\"><\/div>\n\t\t<\/div>\n\t\t\t\t\t\t<\/div>\n\t\t\t\t<\/div>\n\t\t\t\t\t<\/div>\n\t\t\t\t<\/div>\n\t\t<div class=\"elementor-element elementor-element-4a2131f e-flex e-con-boxed e-con e-parent\" data-id=\"4a2131f\" data-element_type=\"container\" data-e-type=\"container\">\n\t\t\t\t\t<div class=\"e-con-inner\">\n\t\t\t\t<div class=\"elementor-element elementor-element-cbe4481 elementor-widget elementor-widget-heading\" data-id=\"cbe4481\" data-element_type=\"widget\" data-e-type=\"widget\" data-widget_type=\"heading.default\">\n\t\t\t\t<div class=\"elementor-widget-container\">\n\t\t\t\t\t<h2 class=\"elementor-heading-title elementor-size-default\">Date limite d\u2019inscription : 20 ao\u00fbt 2025<\/h2>\t\t\t\t<\/div>\n\t\t\t\t<\/div>\n\t\t\t\t\t<\/div>\n\t\t\t\t<\/div>\n\t\t<div class=\"elementor-element elementor-element-f46294a e-con-full e-flex e-con e-parent\" data-id=\"f46294a\" data-element_type=\"container\" data-e-type=\"container\">\n\t\t<div class=\"elementor-element elementor-element-7d5b930 e-con-full e-flex e-con e-child\" data-id=\"7d5b930\" data-element_type=\"container\" data-e-type=\"container\">\n\t\t\t\t<div class=\"elementor-element elementor-element-6f536bc elementor-widget elementor-widget-text-editor\" data-id=\"6f536bc\" data-element_type=\"widget\" data-e-type=\"widget\" data-widget_type=\"text-editor.default\">\n\t\t\t\t<div class=\"elementor-widget-container\">\n\t\t\t\t\t\t\t\t\t<p>Les places \u00e9tant limit\u00e9es pour certaines activit\u00e9s, nous vous encourageons \u00e0 vous inscrire dans ces d\u00e9lais.<br \/><br \/><\/p><p>Nous esp\u00e9rons vous retrouver nombreux pour une ann\u00e9e riche en d\u00e9couvertes, en cr\u00e9ativit\u00e9 et en esprit d\u2019\u00e9quipe !<\/p>\t\t\t\t\t\t\t\t<\/div>\n\t\t\t\t<\/div>\n\t\t\t\t<\/div>\n\t\t\t\t<\/div>\n\t\t\t\t<\/div>\n\t\t","protected":false},"excerpt":{"rendered":"<p>Ateliers culturels et activit\u00e9s sportives (Secondaire) Le Lyc\u00e9e franco-\u00e9quatorien La Condamine a le plaisir de vous inviter \u00e0 participer \u00e0 une riche s\u00e9lection d\u2019ateliers culturels et activit\u00e9s sportives, propos\u00e9s pour l\u2019ann\u00e9e scolaire 2025-2026. Ces activit\u00e9s permettent aux \u00e9l\u00e8ves de s\u2019\u00e9panouir au-del\u00e0 des cours, \u00a0s\u2019engager dans des projets collectifs et partager des moments conviviaux avec d\u2019autres [&hellip;]<\/p>\n","protected":false},"author":2,"featured_media":0,"parent":0,"menu_order":0,"comment_status":"closed","ping_status":"closed","template":"","meta":{"footnotes":""},"class_list":["post-34674","page","type-page","status-publish","hentry"],"_links":{"self":[{"href":"https:\/\/condamine.edu.ec\/index.php?rest_route=\/wp\/v2\/pages\/34674","targetHints":{"allow":["GET"]}}],"collection":[{"href":"https:\/\/condamine.edu.ec\/index.php?rest_route=\/wp\/v2\/pages"}],"about":[{"href":"https:\/\/condamine.edu.ec\/index.php?rest_route=\/wp\/v2\/types\/page"}],"author":[{"embeddable":true,"href":"https:\/\/condamine.edu.ec\/index.php?rest_route=\/wp\/v2\/users\/2"}],"replies":[{"embeddable":true,"href":"https:\/\/condamine.edu.ec\/index.php?rest_route=%2Fwp%2Fv2%2Fcomments&post=34674"}],"version-history":[{"count":32,"href":"https:\/\/condamine.edu.ec\/index.php?rest_route=\/wp\/v2\/pages\/34674\/revisions"}],"predecessor-version":[{"id":34772,"href":"https:\/\/condamine.edu.ec\/index.php?rest_route=\/wp\/v2\/pages\/34674\/revisions\/34772"}],"wp:attachment":[{"href":"https:\/\/condamine.edu.ec\/index.php?rest_route=%2Fwp%2Fv2%2Fmedia&parent=34674"}],"curies":[{"name":"wp","href":"https:\/\/api.w.org\/{rel}","templated":true}]}}