{"id":24646,"date":"2024-11-25T15:32:31","date_gmt":"2024-11-25T20:32:31","guid":{"rendered":"https:\/\/condamine.edu.ec\/?page_id=24646"},"modified":"2026-03-04T10:27:51","modified_gmt":"2026-03-04T15:27:51","slug":"admissions","status":"publish","type":"page","link":"https:\/\/condamine.edu.ec\/?page_id=24646&lang=es","title":{"rendered":"Admisiones"},"content":{"rendered":"\t\t<div data-elementor-type=\"wp-page\" data-elementor-id=\"24646\" class=\"elementor elementor-24646 elementor-24640\" data-elementor-post-type=\"page\">\n\t\t\t\t<div class=\"elementor-element elementor-element-6e5d2da e-flex e-con-boxed e-con e-parent\" data-id=\"6e5d2da\" data-element_type=\"container\" data-e-type=\"container\">\n\t\t\t\t\t<div class=\"e-con-inner\">\n\t\t\t\t<div class=\"elementor-element elementor-element-97f1126 elementor-widget elementor-widget-spacer\" data-id=\"97f1126\" data-element_type=\"widget\" data-e-type=\"widget\" data-widget_type=\"spacer.default\">\n\t\t\t\t<div class=\"elementor-widget-container\">\n\t\t\t\t\t\t\t<div class=\"elementor-spacer\">\n\t\t\t<div class=\"elementor-spacer-inner\"><\/div>\n\t\t<\/div>\n\t\t\t\t\t\t<\/div>\n\t\t\t\t<\/div>\n\t\t\t\t\t<\/div>\n\t\t\t\t<\/div>\n\t\t<div class=\"elementor-element elementor-element-1b409c2 e-con-full e-flex e-con e-parent\" data-id=\"1b409c2\" data-element_type=\"container\" data-e-type=\"container\">\n\t\t\t\t<div class=\"elementor-element elementor-element-b4280a7 elementor-widget elementor-widget-heading\" data-id=\"b4280a7\" data-element_type=\"widget\" data-e-type=\"widget\" data-widget_type=\"heading.default\">\n\t\t\t\t<div class=\"elementor-widget-container\">\n\t\t\t\t\t<h2 class=\"elementor-heading-title elementor-size-default\">Admisiones<\/h2>\t\t\t\t<\/div>\n\t\t\t\t<\/div>\n\t\t\t\t<\/div>\n\t\t<div class=\"elementor-element elementor-element-7b59a90 e-flex e-con-boxed e-con e-parent\" data-id=\"7b59a90\" data-element_type=\"container\" data-e-type=\"container\">\n\t\t\t\t\t<div class=\"e-con-inner\">\n\t\t\t\t<div class=\"elementor-element elementor-element-f314553 elementor-widget elementor-widget-spacer\" data-id=\"f314553\" data-element_type=\"widget\" data-e-type=\"widget\" data-widget_type=\"spacer.default\">\n\t\t\t\t<div class=\"elementor-widget-container\">\n\t\t\t\t\t\t\t<div class=\"elementor-spacer\">\n\t\t\t<div class=\"elementor-spacer-inner\"><\/div>\n\t\t<\/div>\n\t\t\t\t\t\t<\/div>\n\t\t\t\t<\/div>\n\t\t\t\t\t<\/div>\n\t\t\t\t<\/div>\n\t\t<div class=\"elementor-element elementor-element-074c3da e-con-full e-flex e-con e-parent\" data-id=\"074c3da\" data-element_type=\"container\" data-e-type=\"container\" data-settings=\"{&quot;background_background&quot;:&quot;classic&quot;}\">\n\t\t<div class=\"elementor-element elementor-element-83eaf81 e-con-full e-flex e-con e-child\" data-id=\"83eaf81\" data-element_type=\"container\" data-e-type=\"container\">\n\t\t\t\t<div class=\"elementor-element elementor-element-b7dce86 elementor-widget elementor-widget-image\" data-id=\"b7dce86\" data-element_type=\"widget\" data-e-type=\"widget\" data-widget_type=\"image.default\">\n\t\t\t\t<div class=\"elementor-widget-container\">\n\t\t\t\t\t\t\t\t\t\t\t\t\t\t\t<img fetchpriority=\"high\" decoding=\"async\" width=\"800\" height=\"345\" src=\"https:\/\/condamine.edu.ec\/wp-content\/uploads\/2025\/11\/BANNER-2-inscrpciones_conda-1024x442.jpg\" class=\"attachment-large size-large wp-image-42464\" alt=\"\" srcset=\"https:\/\/condamine.edu.ec\/wp-content\/uploads\/2025\/11\/BANNER-2-inscrpciones_conda-1024x442.jpg 1024w, https:\/\/condamine.edu.ec\/wp-content\/uploads\/2025\/11\/BANNER-2-inscrpciones_conda-300x129.jpg 300w, https:\/\/condamine.edu.ec\/wp-content\/uploads\/2025\/11\/BANNER-2-inscrpciones_conda-768x331.jpg 768w, https:\/\/condamine.edu.ec\/wp-content\/uploads\/2025\/11\/BANNER-2-inscrpciones_conda-370x160.jpg 370w, https:\/\/condamine.edu.ec\/wp-content\/uploads\/2025\/11\/BANNER-2-inscrpciones_conda-770x332.jpg 770w, https:\/\/condamine.edu.ec\/wp-content\/uploads\/2025\/11\/BANNER-2-inscrpciones_conda-1536x663.jpg 1536w, https:\/\/condamine.edu.ec\/wp-content\/uploads\/2025\/11\/BANNER-2-inscrpciones_conda.jpg 1780w\" sizes=\"(max-width: 800px) 100vw, 800px\" \/>\t\t\t\t\t\t\t\t\t\t\t\t\t\t\t<\/div>\n\t\t\t\t<\/div>\n\t\t\t\t<\/div>\n\t\t<div class=\"elementor-element elementor-element-9e737d5 e-con-full e-flex e-con e-child\" data-id=\"9e737d5\" data-element_type=\"container\" data-e-type=\"container\">\n\t\t\t\t<div class=\"elementor-element elementor-element-01e0465 elementor-widget elementor-widget-text-editor\" data-id=\"01e0465\" data-element_type=\"widget\" data-e-type=\"widget\" data-widget_type=\"text-editor.default\">\n\t\t\t\t<div class=\"elementor-widget-container\">\n\t\t\t\t\t\t\t\t\t<p>\u00a1Felicidades por escoger el Colegio Franco-Ecuatoriano La Condamine!<\/p><p><br \/>La mejor opci\u00f3n para el futuro de sus hijos.<\/p>\t\t\t\t\t\t\t\t<\/div>\n\t\t\t\t<\/div>\n\t\t\t\t<\/div>\n\t\t\t\t<\/div>\n\t\t<div class=\"elementor-element elementor-element-46ea83f e-flex e-con-boxed e-con e-parent\" data-id=\"46ea83f\" data-element_type=\"container\" data-e-type=\"container\">\n\t\t\t\t\t<div class=\"e-con-inner\">\n\t\t\t\t<div class=\"elementor-element elementor-element-dc4f409 elementor-widget elementor-widget-spacer\" data-id=\"dc4f409\" data-element_type=\"widget\" data-e-type=\"widget\" data-widget_type=\"spacer.default\">\n\t\t\t\t<div class=\"elementor-widget-container\">\n\t\t\t\t\t\t\t<div class=\"elementor-spacer\">\n\t\t\t<div class=\"elementor-spacer-inner\"><\/div>\n\t\t<\/div>\n\t\t\t\t\t\t<\/div>\n\t\t\t\t<\/div>\n\t\t\t\t\t<\/div>\n\t\t\t\t<\/div>\n\t\t<div class=\"elementor-element elementor-element-546502d e-con-full e-flex e-con e-parent\" data-id=\"546502d\" data-element_type=\"container\" data-e-type=\"container\">\n\t\t\t\t<div class=\"elementor-element elementor-element-4d46d03 elementor-widget elementor-widget-text-editor\" data-id=\"4d46d03\" data-element_type=\"widget\" data-e-type=\"widget\" data-widget_type=\"text-editor.default\">\n\t\t\t\t<div class=\"elementor-widget-container\">\n\t\t\t\t\t\t\t\t\t<p>En el <strong>Colegio Franco-Ecuatoriano La Condamine<\/strong> estamos emocionados de recibirlos a ustedes y a su familia en esta gran aventura educativa. Elegirnos es elegir un futuro lleno de oportunidades, crecimiento y excelencia. Sabemos que la educaci\u00f3n de sus hijos es una de las decisiones m\u00e1s importantes, y por eso, nos comprometemos a ofrecer un entorno seguro, inclusivo y de alta calidad que fomente el desarrollo integral de cada uno de nuestros estudiantes.<\/p><p>\u00a0<\/p><h2><strong>\u00bfPor qu\u00e9 La Condamine?<\/strong><\/h2><p>\u00a0<\/p><p>Porque creemos en un enfoque educativo \u00fanico, donde el <strong>bienestar del alumno es nuestra prioridad<\/strong>. A trav\u00e9s de un curr\u00edculo homologado por el <strong>Ministerio de Educaci\u00f3n de Francia<\/strong> y el <strong>Ministerio de Educaci\u00f3n de Ecuador<\/strong>, nuestros estudiantes tienen acceso a una educaci\u00f3n <strong>triling\u00fce<\/strong> (franc\u00e9s, ingl\u00e9s y espa\u00f1ol) que les permite abrir puertas a un mundo globalizado, preparado para enfrentar los retos del futuro.<\/p><p>\u00a0<\/p><p>Como parte de la <strong>Red de Ense\u00f1anza Francesa en el Extranjero<\/strong>, formamos parte de una comunidad educativa internacional presente en m\u00e1s de 139 pa\u00edses. Esto nos permite proporcionar a nuestros alumnos una formaci\u00f3n de <strong>excelencia acad\u00e9mica<\/strong> basada en los m\u00e1s altos est\u00e1ndares educativos internacionales, mientras preservamos la riqueza cultural ecuatoriana.<\/p><p>\u00a0<\/p><p>En La Condamine, cada ni\u00f1o y ni\u00f1a es visto como \u00fanico. A trav\u00e9s de una metodolog\u00eda innovadora y personalizada, promovemos no solo el aprendizaje acad\u00e9mico, sino tambi\u00e9n el desarrollo de habilidades emocionales, sociales y de liderazgo. Queremos que nuestros estudiantes se conviertan en <strong>ciudadanos del mundo<\/strong>, comprometidos con su comunidad y el mundo, y preparados para destacar en cualquier entorno.<\/p>\t\t\t\t\t\t\t\t<\/div>\n\t\t\t\t<\/div>\n\t\t\t\t<\/div>\n\t\t<div class=\"elementor-element elementor-element-86db72e e-grid e-con-boxed e-con e-parent\" data-id=\"86db72e\" data-element_type=\"container\" data-e-type=\"container\">\n\t\t\t\t\t<div class=\"e-con-inner\">\n\t\t\t\t<div class=\"elementor-element elementor-element-9f64a36 elementor-widget elementor-widget-video\" data-id=\"9f64a36\" data-element_type=\"widget\" data-e-type=\"widget\" data-settings=\"{&quot;youtube_url&quot;:&quot;https:\\\/\\\/youtu.be\\\/JV9hnd11Kpc&quot;,&quot;video_type&quot;:&quot;youtube&quot;,&quot;controls&quot;:&quot;yes&quot;}\" data-widget_type=\"video.default\">\n\t\t\t\t<div class=\"elementor-widget-container\">\n\t\t\t\t\t\t\t<div class=\"elementor-wrapper elementor-open-inline\">\n\t\t\t<div class=\"elementor-video\"><\/div>\t\t<\/div>\n\t\t\t\t\t\t<\/div>\n\t\t\t\t<\/div>\n\t\t\t\t<div class=\"elementor-element elementor-element-5118cc9 elementor-widget elementor-widget-text-editor\" data-id=\"5118cc9\" data-element_type=\"widget\" data-e-type=\"widget\" data-widget_type=\"text-editor.default\">\n\t\t\t\t<div class=\"elementor-widget-container\">\n\t\t\t\t\t\t\t\t\t<h4><strong>\u00a1Bienvenidos a un lugar donde sus hijos crecer\u00e1n, aprender\u00e1n y se convertir\u00e1n en l\u00edderes del ma\u00f1ana!<\/strong><\/h4><p>Si est\u00e1n listos para dar el siguiente paso en la educaci\u00f3n de sus hijos, los invitamos a formar parte de nuestra comunidad. Estaremos encantados de acompa\u00f1arlos en este emocionante camino.<\/p><h5><strong>\u00a1La Condamine, un futuro brillante comienza aqu\u00ed!<\/strong><\/h5>\t\t\t\t\t\t\t\t<\/div>\n\t\t\t\t<\/div>\n\t\t\t\t\t<\/div>\n\t\t\t\t<\/div>\n\t\t<div class=\"elementor-element elementor-element-3842b8a e-flex e-con-boxed e-con e-parent\" data-id=\"3842b8a\" data-element_type=\"container\" data-e-type=\"container\">\n\t\t\t\t\t<div class=\"e-con-inner\">\n\t\t\t\t<div class=\"elementor-element elementor-element-05f0c1e elementor-widget elementor-widget-spacer\" data-id=\"05f0c1e\" data-element_type=\"widget\" data-e-type=\"widget\" data-widget_type=\"spacer.default\">\n\t\t\t\t<div class=\"elementor-widget-container\">\n\t\t\t\t\t\t\t<div class=\"elementor-spacer\">\n\t\t\t<div class=\"elementor-spacer-inner\"><\/div>\n\t\t<\/div>\n\t\t\t\t\t\t<\/div>\n\t\t\t\t<\/div>\n\t\t\t\t\t<\/div>\n\t\t\t\t<\/div>\n\t\t<div class=\"elementor-element elementor-element-73052ca e-con-full e-flex e-con e-parent\" data-id=\"73052ca\" data-element_type=\"container\" data-e-type=\"container\">\n\t\t<div class=\"elementor-element elementor-element-a0c96df e-con-full e-flex e-con e-child\" data-id=\"a0c96df\" data-element_type=\"container\" data-e-type=\"container\">\n\t\t\t\t<div class=\"elementor-element elementor-element-766e007 elementor-widget elementor-widget-image\" data-id=\"766e007\" data-element_type=\"widget\" data-e-type=\"widget\" data-widget_type=\"image.default\">\n\t\t\t\t<div class=\"elementor-widget-container\">\n\t\t\t\t\t\t\t\t\t\t\t\t\t\t\t<img decoding=\"async\" width=\"645\" height=\"1024\" src=\"https:\/\/condamine.edu.ec\/wp-content\/uploads\/2025\/11\/ETAPAS-ADMISIONES-2026-2027-ESP-645x1024.jpg\" class=\"attachment-large size-large wp-image-42450\" alt=\"\" srcset=\"https:\/\/condamine.edu.ec\/wp-content\/uploads\/2025\/11\/ETAPAS-ADMISIONES-2026-2027-ESP-645x1024.jpg 645w, https:\/\/condamine.edu.ec\/wp-content\/uploads\/2025\/11\/ETAPAS-ADMISIONES-2026-2027-ESP-189x300.jpg 189w, https:\/\/condamine.edu.ec\/wp-content\/uploads\/2025\/11\/ETAPAS-ADMISIONES-2026-2027-ESP-315x500.jpg 315w, https:\/\/condamine.edu.ec\/wp-content\/uploads\/2025\/11\/ETAPAS-ADMISIONES-2026-2027-ESP-290x460.jpg 290w, https:\/\/condamine.edu.ec\/wp-content\/uploads\/2025\/11\/ETAPAS-ADMISIONES-2026-2027-ESP.jpg 768w\" sizes=\"(max-width: 645px) 100vw, 645px\" \/>\t\t\t\t\t\t\t\t\t\t\t\t\t\t\t<\/div>\n\t\t\t\t<\/div>\n\t\t\t\t<\/div>\n\t\t<div class=\"elementor-element elementor-element-e5d7446 e-con-full e-flex e-con e-child\" data-id=\"e5d7446\" data-element_type=\"container\" data-e-type=\"container\">\n\t\t\t\t<div class=\"elementor-element elementor-element-161f55a elementor-widget elementor-widget-heading\" data-id=\"161f55a\" data-element_type=\"widget\" data-e-type=\"widget\" data-widget_type=\"heading.default\">\n\t\t\t\t<div class=\"elementor-widget-container\">\n\t\t\t\t\t<h2 class=\"elementor-heading-title elementor-size-default\">Formulario de admisiones 2026<\/h2>\t\t\t\t<\/div>\n\t\t\t\t<\/div>\n\t\t\t\t<div class=\"elementor-element elementor-element-b90c994 elementor-widget elementor-widget-html\" data-id=\"b90c994\" data-element_type=\"widget\" data-e-type=\"widget\" data-widget_type=\"html.default\">\n\t\t\t\t<div class=\"elementor-widget-container\">\n\t\t\t\t\t\r\n    <iframe\r\n      id=\"JotFormIFrame-252724856926671\"\r\n      title=\"Formulaire d'admission 2025\"\r\n      onload=\"window.parent.scrollTo(0,0)\"\r\n      allowtransparency=\"true\"\r\n      allow=\"geolocation; microphone; camera; fullscreen; payment\"\r\n      src=\"https:\/\/form.jotform.com\/252724856926671\"\r\n      frameborder=\"0\"\r\n      style=\"min-width:100%;max-width:100%;height:539px;border:none;\"\r\n      scrolling=\"no\"\r\n    >\r\n    <\/iframe>\r\n    <script src='https:\/\/cdn.jotfor.ms\/s\/umd\/latest\/for-form-embed-handler.js'><\/script>\r\n    <script>window.jotformEmbedHandler(\"iframe[id='JotFormIFrame-252724856926671']\", \"https:\/\/form.jotform.com\/\")<\/script>\r\n    \t\t\t\t<\/div>\n\t\t\t\t<\/div>\n\t\t\t\t<\/div>\n\t\t\t\t<\/div>\n\t\t<div class=\"elementor-element elementor-element-2b2ebd3 e-flex e-con-boxed e-con e-parent\" data-id=\"2b2ebd3\" data-element_type=\"container\" data-e-type=\"container\">\n\t\t\t\t\t<div class=\"e-con-inner\">\n\t\t\t\t<div class=\"elementor-element elementor-element-6702182 elementor-widget elementor-widget-spacer\" data-id=\"6702182\" data-element_type=\"widget\" data-e-type=\"widget\" data-widget_type=\"spacer.default\">\n\t\t\t\t<div class=\"elementor-widget-container\">\n\t\t\t\t\t\t\t<div class=\"elementor-spacer\">\n\t\t\t<div class=\"elementor-spacer-inner\"><\/div>\n\t\t<\/div>\n\t\t\t\t\t\t<\/div>\n\t\t\t\t<\/div>\n\t\t\t\t\t<\/div>\n\t\t\t\t<\/div>\n\t\t<div class=\"elementor-element elementor-element-aac837c e-con-full e-flex e-con e-parent\" data-id=\"aac837c\" data-element_type=\"container\" data-e-type=\"container\">\n\t\t\t\t<div class=\"elementor-element elementor-element-aadfb5f elementor-widget elementor-widget-heading\" data-id=\"aadfb5f\" data-element_type=\"widget\" data-e-type=\"widget\" data-widget_type=\"heading.default\">\n\t\t\t\t<div class=\"elementor-widget-container\">\n\t\t\t\t\t<h2 class=\"elementor-heading-title elementor-size-default\">Agendar una Visita Guiada<\/h2>\t\t\t\t<\/div>\n\t\t\t\t<\/div>\n\t\t\t\t<\/div>\n\t\t<div class=\"elementor-element elementor-element-94e2644 e-flex e-con-boxed e-con e-parent\" data-id=\"94e2644\" data-element_type=\"container\" data-e-type=\"container\">\n\t\t\t\t\t<div class=\"e-con-inner\">\n\t\t\t\t<div class=\"elementor-element elementor-element-865f6ea elementor-widget elementor-widget-html\" data-id=\"865f6ea\" data-element_type=\"widget\" data-e-type=\"widget\" data-widget_type=\"html.default\">\n\t\t\t\t<div class=\"elementor-widget-container\">\n\t\t\t\t\t<!-- Principio del widget integrado de Calendly -->\r\n<div class=\"calendly-inline-widget\" data-url=\"https:\/\/calendly.com\/secretariamat-citas\/visita-guiada-la-condamine\" style=\"min-width:320px;height:700px;\"><\/div>\r\n<script type=\"text\/javascript\" src=\"https:\/\/assets.calendly.com\/assets\/external\/widget.js\" async><\/script>\r\n<!-- Final del widget integrado de Calendly -->\t\t\t\t<\/div>\n\t\t\t\t<\/div>\n\t\t\t\t\t<\/div>\n\t\t\t\t<\/div>\n\t\t<div class=\"elementor-element elementor-element-19de336 e-flex e-con-boxed e-con e-parent\" data-id=\"19de336\" data-element_type=\"container\" data-e-type=\"container\">\n\t\t\t\t\t<div class=\"e-con-inner\">\n\t\t\t\t<div class=\"elementor-element elementor-element-ebef337 elementor-widget elementor-widget-spacer\" data-id=\"ebef337\" data-element_type=\"widget\" data-e-type=\"widget\" data-widget_type=\"spacer.default\">\n\t\t\t\t<div class=\"elementor-widget-container\">\n\t\t\t\t\t\t\t<div class=\"elementor-spacer\">\n\t\t\t<div class=\"elementor-spacer-inner\"><\/div>\n\t\t<\/div>\n\t\t\t\t\t\t<\/div>\n\t\t\t\t<\/div>\n\t\t\t\t\t<\/div>\n\t\t\t\t<\/div>\n\t\t<div class=\"elementor-element elementor-element-edd682f e-con-full e-flex e-con e-parent\" data-id=\"edd682f\" data-element_type=\"container\" data-e-type=\"container\">\n\t\t\t\t<div class=\"elementor-element elementor-element-bf9e9a8 elementor-widget elementor-widget-heading\" data-id=\"bf9e9a8\" data-element_type=\"widget\" data-e-type=\"widget\" data-widget_type=\"heading.default\">\n\t\t\t\t<div class=\"elementor-widget-container\">\n\t\t\t\t\t<h2 class=\"elementor-heading-title elementor-size-default\">Tarifas 2026-2027<\/h2>\t\t\t\t<\/div>\n\t\t\t\t<\/div>\n\t\t\t\t<\/div>\n\t\t<div class=\"elementor-element elementor-element-fd9435c e-flex e-con-boxed e-con e-parent\" data-id=\"fd9435c\" data-element_type=\"container\" data-e-type=\"container\">\n\t\t\t\t\t<div class=\"e-con-inner\">\n\t\t<div class=\"elementor-element elementor-element-45981d5 e-con-full e-flex e-con e-child\" data-id=\"45981d5\" data-element_type=\"container\" data-e-type=\"container\">\n\t\t\t\t<div class=\"elementor-element elementor-element-40f8f82 elementor-widget elementor-widget-image\" data-id=\"40f8f82\" data-element_type=\"widget\" data-e-type=\"widget\" data-widget_type=\"image.default\">\n\t\t\t\t<div class=\"elementor-widget-container\">\n\t\t\t\t\t\t\t\t\t\t\t\t\t\t\t\t<a href=\"https:\/\/condamine.edu.ec\/wp-content\/uploads\/2026\/01\/TARIFAS-GENERALES-PENSIONES-MATRICULAS-2026-2027-PDF.pdf\" target=\"_blank\">\n\t\t\t\t\t\t\t<img decoding=\"async\" width=\"113\" height=\"152\" src=\"https:\/\/condamine.edu.ec\/wp-content\/uploads\/2023\/12\/pdf-web.png\" class=\"attachment-large size-large wp-image-1022\" alt=\"\" \/>\t\t\t\t\t\t\t\t<\/a>\n\t\t\t\t\t\t\t\t\t\t\t\t\t\t\t<\/div>\n\t\t\t\t<\/div>\n\t\t\t\t<div class=\"elementor-element elementor-element-d306b1a elementor-widget elementor-widget-heading\" data-id=\"d306b1a\" data-element_type=\"widget\" data-e-type=\"widget\" data-widget_type=\"heading.default\">\n\t\t\t\t<div class=\"elementor-widget-container\">\n\t\t\t\t\t<h4 class=\"elementor-heading-title elementor-size-default\"><a href=\"https:\/\/condamine.edu.ec\/wp-content\/uploads\/2026\/01\/TARIFAS-GENERALES-PENSIONES-MATRICULAS-2026-2027-PDF.pdf\" target=\"_blank\">Tarifas 2026-2027<\/a><\/h4>\t\t\t\t<\/div>\n\t\t\t\t<\/div>\n\t\t\t\t<\/div>\n\t\t\t\t\t<\/div>\n\t\t\t\t<\/div>\n\t\t\t\t<\/div>\n\t\t","protected":false},"excerpt":{"rendered":"<p>Admisiones \u00a1Felicidades por escoger el Colegio Franco-Ecuatoriano La Condamine! La mejor opci\u00f3n para el futuro de sus hijos. En el Colegio Franco-Ecuatoriano La Condamine estamos emocionados de recibirlos a ustedes y a su familia en esta gran aventura educativa. Elegirnos es elegir un futuro lleno de oportunidades, crecimiento y excelencia. Sabemos que la educaci\u00f3n de [&hellip;]<\/p>\n","protected":false},"author":2,"featured_media":0,"parent":0,"menu_order":0,"comment_status":"closed","ping_status":"closed","template":"","meta":{"footnotes":""},"class_list":["post-24646","page","type-page","status-publish","hentry"],"_links":{"self":[{"href":"https:\/\/condamine.edu.ec\/index.php?rest_route=\/wp\/v2\/pages\/24646","targetHints":{"allow":["GET"]}}],"collection":[{"href":"https:\/\/condamine.edu.ec\/index.php?rest_route=\/wp\/v2\/pages"}],"about":[{"href":"https:\/\/condamine.edu.ec\/index.php?rest_route=\/wp\/v2\/types\/page"}],"author":[{"embeddable":true,"href":"https:\/\/condamine.edu.ec\/index.php?rest_route=\/wp\/v2\/users\/2"}],"replies":[{"embeddable":true,"href":"https:\/\/condamine.edu.ec\/index.php?rest_route=%2Fwp%2Fv2%2Fcomments&post=24646"}],"version-history":[{"count":46,"href":"https:\/\/condamine.edu.ec\/index.php?rest_route=\/wp\/v2\/pages\/24646\/revisions"}],"predecessor-version":[{"id":49679,"href":"https:\/\/condamine.edu.ec\/index.php?rest_route=\/wp\/v2\/pages\/24646\/revisions\/49679"}],"wp:attachment":[{"href":"https:\/\/condamine.edu.ec\/index.php?rest_route=%2Fwp%2Fv2%2Fmedia&parent=24646"}],"curies":[{"name":"wp","href":"https:\/\/api.w.org\/{rel}","templated":true}]}}