{"id":24333,"date":"2024-11-01T05:19:40","date_gmt":"2024-11-01T10:19:40","guid":{"rendered":"https:\/\/condamine.edu.ec\/?page_id=24333"},"modified":"2024-11-01T05:43:18","modified_gmt":"2024-11-01T10:43:18","slug":"un-arbre-a-la-maison","status":"publish","type":"page","link":"https:\/\/condamine.edu.ec\/?page_id=24333&lang=es","title":{"rendered":"Un \u00c1rbol en Casa"},"content":{"rendered":"\t\t<div data-elementor-type=\"wp-page\" data-elementor-id=\"24333\" class=\"elementor elementor-24333 elementor-24297\" data-elementor-post-type=\"page\">\n\t\t\t\t<div class=\"elementor-element elementor-element-6e5d2da e-flex e-con-boxed e-con e-parent\" data-id=\"6e5d2da\" data-element_type=\"container\" data-e-type=\"container\">\n\t\t\t\t\t<div class=\"e-con-inner\">\n\t\t\t\t<div class=\"elementor-element elementor-element-97f1126 elementor-widget elementor-widget-spacer\" data-id=\"97f1126\" data-element_type=\"widget\" data-e-type=\"widget\" data-widget_type=\"spacer.default\">\n\t\t\t\t<div class=\"elementor-widget-container\">\n\t\t\t\t\t\t\t<div class=\"elementor-spacer\">\n\t\t\t<div class=\"elementor-spacer-inner\"><\/div>\n\t\t<\/div>\n\t\t\t\t\t\t<\/div>\n\t\t\t\t<\/div>\n\t\t\t\t\t<\/div>\n\t\t\t\t<\/div>\n\t\t<div class=\"elementor-element elementor-element-1b409c2 e-con-full e-flex e-con e-parent\" data-id=\"1b409c2\" data-element_type=\"container\" data-e-type=\"container\">\n\t\t\t\t<div class=\"elementor-element elementor-element-b4280a7 elementor-widget elementor-widget-heading\" data-id=\"b4280a7\" data-element_type=\"widget\" data-e-type=\"widget\" data-widget_type=\"heading.default\">\n\t\t\t\t<div class=\"elementor-widget-container\">\n\t\t\t\t\t<h2 class=\"elementor-heading-title elementor-size-default\">Un \u00c1rbol en Casa<\/h2>\t\t\t\t<\/div>\n\t\t\t\t<\/div>\n\t\t\t\t<\/div>\n\t\t<div class=\"elementor-element elementor-element-527cba7 e-flex e-con-boxed e-con e-parent\" data-id=\"527cba7\" data-element_type=\"container\" data-e-type=\"container\">\n\t\t\t\t\t<div class=\"e-con-inner\">\n\t\t\t\t<div class=\"elementor-element elementor-element-90bd691 elementor-widget elementor-widget-image\" data-id=\"90bd691\" data-element_type=\"widget\" data-e-type=\"widget\" data-widget_type=\"image.default\">\n\t\t\t\t<div class=\"elementor-widget-container\">\n\t\t\t\t\t\t\t\t\t\t\t\t\t\t\t<img fetchpriority=\"high\" decoding=\"async\" width=\"800\" height=\"224\" src=\"https:\/\/condamine.edu.ec\/wp-content\/uploads\/2024\/11\/portada_un_arbre_a_la_maison-2-1024x287.jpg\" class=\"attachment-large size-large wp-image-24310\" alt=\"\" srcset=\"https:\/\/condamine.edu.ec\/wp-content\/uploads\/2024\/11\/portada_un_arbre_a_la_maison-2-1024x287.jpg 1024w, https:\/\/condamine.edu.ec\/wp-content\/uploads\/2024\/11\/portada_un_arbre_a_la_maison-2-300x84.jpg 300w, https:\/\/condamine.edu.ec\/wp-content\/uploads\/2024\/11\/portada_un_arbre_a_la_maison-2-768x215.jpg 768w, https:\/\/condamine.edu.ec\/wp-content\/uploads\/2024\/11\/portada_un_arbre_a_la_maison-2-370x104.jpg 370w, https:\/\/condamine.edu.ec\/wp-content\/uploads\/2024\/11\/portada_un_arbre_a_la_maison-2-770x216.jpg 770w, https:\/\/condamine.edu.ec\/wp-content\/uploads\/2024\/11\/portada_un_arbre_a_la_maison-2.jpg 1050w\" sizes=\"(max-width: 800px) 100vw, 800px\" \/>\t\t\t\t\t\t\t\t\t\t\t\t\t\t\t<\/div>\n\t\t\t\t<\/div>\n\t\t\t\t\t<\/div>\n\t\t\t\t<\/div>\n\t\t<div class=\"elementor-element elementor-element-1f7288c e-flex e-con-boxed e-con e-parent\" data-id=\"1f7288c\" data-element_type=\"container\" data-e-type=\"container\">\n\t\t\t\t\t<div class=\"e-con-inner\">\n\t\t\t\t<div class=\"elementor-element elementor-element-2a4e81d elementor-widget elementor-widget-spacer\" data-id=\"2a4e81d\" data-element_type=\"widget\" data-e-type=\"widget\" data-widget_type=\"spacer.default\">\n\t\t\t\t<div class=\"elementor-widget-container\">\n\t\t\t\t\t\t\t<div class=\"elementor-spacer\">\n\t\t\t<div class=\"elementor-spacer-inner\"><\/div>\n\t\t<\/div>\n\t\t\t\t\t\t<\/div>\n\t\t\t\t<\/div>\n\t\t\t\t\t<\/div>\n\t\t\t\t<\/div>\n\t\t<div class=\"elementor-element elementor-element-a443599 e-con-full e-flex e-con e-parent\" data-id=\"a443599\" data-element_type=\"container\" data-e-type=\"container\">\n\t\t<div class=\"elementor-element elementor-element-b83e92a e-con-full e-flex e-con e-child\" data-id=\"b83e92a\" data-element_type=\"container\" data-e-type=\"container\">\n\t\t\t\t<div class=\"elementor-element elementor-element-929cc91 elementor-widget elementor-widget-text-editor\" data-id=\"929cc91\" data-element_type=\"widget\" data-e-type=\"widget\" data-widget_type=\"text-editor.default\">\n\t\t\t\t<div class=\"elementor-widget-container\">\n\t\t\t\t\t\t\t\t\t<p>El proyecto \u00ab<strong>un \u00e1rbol en casa<\/strong>\u00bb consiste en ofrecer a cada alumno de\u00a0CE2, 6e, 3e\u00a0y Terminale\u00a0<strong>un kit que contiene un \u00e1rbol y los accesorios que permiten su crecimiento en una maceta<\/strong>.\u00a0 El hogar de cada alumno se convertir\u00e1 en un vivero para su \u00e1rbol y cada alumno se convertir\u00e1 en una persona responsable del bienestar de un ser vivo: su \u00e1rbol.<\/p>\t\t\t\t\t\t\t\t<\/div>\n\t\t\t\t<\/div>\n\t\t\t\t<\/div>\n\t\t\t\t<\/div>\n\t\t<div class=\"elementor-element elementor-element-61314b6 e-flex e-con-boxed e-con e-parent\" data-id=\"61314b6\" data-element_type=\"container\" data-e-type=\"container\">\n\t\t\t\t\t<div class=\"e-con-inner\">\n\t\t\t\t<div class=\"elementor-element elementor-element-d596929 elementor-widget elementor-widget-spacer\" data-id=\"d596929\" data-element_type=\"widget\" data-e-type=\"widget\" data-widget_type=\"spacer.default\">\n\t\t\t\t<div class=\"elementor-widget-container\">\n\t\t\t\t\t\t\t<div class=\"elementor-spacer\">\n\t\t\t<div class=\"elementor-spacer-inner\"><\/div>\n\t\t<\/div>\n\t\t\t\t\t\t<\/div>\n\t\t\t\t<\/div>\n\t\t\t\t\t<\/div>\n\t\t\t\t<\/div>\n\t\t<div class=\"elementor-element elementor-element-c1d3698 e-con-full e-flex e-con e-parent\" data-id=\"c1d3698\" data-element_type=\"container\" data-e-type=\"container\" data-settings=\"{&quot;background_background&quot;:&quot;classic&quot;}\">\n\t\t<div class=\"elementor-element elementor-element-2bafe69 e-con-full e-flex e-con e-child\" data-id=\"2bafe69\" data-element_type=\"container\" data-e-type=\"container\">\n\t\t\t\t<div class=\"elementor-element elementor-element-3d014da elementor-widget elementor-widget-heading\" data-id=\"3d014da\" data-element_type=\"widget\" data-e-type=\"widget\" data-widget_type=\"heading.default\">\n\t\t\t\t<div class=\"elementor-widget-container\">\n\t\t\t\t\t<h2 class=\"elementor-heading-title elementor-size-default\">\u00bfC\u00f3mo reconocer su \u00e1rbol ?<\/h2>\t\t\t\t<\/div>\n\t\t\t\t<\/div>\n\t\t\t\t<\/div>\n\t\t\t\t<\/div>\n\t\t<div class=\"elementor-element elementor-element-f2d2250 e-con-full e-flex e-con e-parent\" data-id=\"f2d2250\" data-element_type=\"container\" data-e-type=\"container\">\n\t\t<div class=\"elementor-element elementor-element-6f02b2c e-con-full e-flex e-con e-child\" data-id=\"6f02b2c\" data-element_type=\"container\" data-e-type=\"container\">\n\t\t\t\t<div class=\"elementor-element elementor-element-94a7421 elementor-widget elementor-widget-text-editor\" data-id=\"94a7421\" data-element_type=\"widget\" data-e-type=\"widget\" data-widget_type=\"text-editor.default\">\n\t\t\t\t<div class=\"elementor-widget-container\">\n\t\t\t\t\t\t\t\t\t<p>El objetivo de este proyecto es proporcionar los cuidados adecuados para que el \u00e1rbol crezca hermoso y fuerte, de modo que se le ofrezca una liberaci\u00f3n llena de \u00e9xito. La liberaci\u00f3n corresponde a la transici\u00f3n de la maceta a la tierra, momento a partir del cual el \u00e1rbol de cada alumno restaurar\u00e1 a su alrededor todo un ecosistema.<\/p><p>El seguimiento del crecimiento y desarrollo de cada \u00e1rbol servir\u00e1 de hilo conductor para las actividades en curso de los SVT.<\/p><p>Una novedad en la implementaci\u00f3n del dispositivo 2021 es que a petici\u00f3n de algunos\u00a0<strong>ecodelegados<\/strong>, cada clase de la<strong>\u00a06\u00aa a la Terminale tendr\u00e1 un \u00e1rbol de responsabilidad en su clase<\/strong>.\u00a0\u00a0 Los ecodelegados de cada clase dirigir\u00e1n el dispositivo \u00abun \u00e1rbol de responsabilidad en nuestra clase\u00bb y organizar\u00e1n modalidades de seguimiento y mantenimiento del \u00abbien com\u00fan\u00bb que constituir\u00e1 \u00abel \u00e1rbol de la clase\u00bb.<\/p>\t\t\t\t\t\t\t\t<\/div>\n\t\t\t\t<\/div>\n\t\t\t\t<\/div>\n\t\t\t\t<\/div>\n\t\t<div class=\"elementor-element elementor-element-5ef77b0 e-flex e-con-boxed e-con e-parent\" data-id=\"5ef77b0\" data-element_type=\"container\" data-e-type=\"container\">\n\t\t\t\t\t<div class=\"e-con-inner\">\n\t\t\t\t<div class=\"elementor-element elementor-element-529c187 elementor-widget elementor-widget-image\" data-id=\"529c187\" data-element_type=\"widget\" data-e-type=\"widget\" data-widget_type=\"image.default\">\n\t\t\t\t<div class=\"elementor-widget-container\">\n\t\t\t\t\t\t\t\t\t\t\t\t\t\t\t<img decoding=\"async\" width=\"800\" height=\"420\" src=\"https:\/\/condamine.edu.ec\/wp-content\/uploads\/2024\/11\/kit_mon_arbre_web-1024x537.jpg\" class=\"attachment-large size-large wp-image-24307\" alt=\"\" srcset=\"https:\/\/condamine.edu.ec\/wp-content\/uploads\/2024\/11\/kit_mon_arbre_web-1024x537.jpg 1024w, https:\/\/condamine.edu.ec\/wp-content\/uploads\/2024\/11\/kit_mon_arbre_web-300x157.jpg 300w, https:\/\/condamine.edu.ec\/wp-content\/uploads\/2024\/11\/kit_mon_arbre_web-768x403.jpg 768w, https:\/\/condamine.edu.ec\/wp-content\/uploads\/2024\/11\/kit_mon_arbre_web-370x194.jpg 370w, https:\/\/condamine.edu.ec\/wp-content\/uploads\/2024\/11\/kit_mon_arbre_web-770x404.jpg 770w, https:\/\/condamine.edu.ec\/wp-content\/uploads\/2024\/11\/kit_mon_arbre_web.jpg 1050w\" sizes=\"(max-width: 800px) 100vw, 800px\" \/>\t\t\t\t\t\t\t\t\t\t\t\t\t\t\t<\/div>\n\t\t\t\t<\/div>\n\t\t\t\t\t<\/div>\n\t\t\t\t<\/div>\n\t\t<div class=\"elementor-element elementor-element-229f5f0 e-flex e-con-boxed e-con e-parent\" data-id=\"229f5f0\" data-element_type=\"container\" data-e-type=\"container\">\n\t\t\t\t\t<div class=\"e-con-inner\">\n\t\t\t\t<div class=\"elementor-element elementor-element-56d55d6 elementor-widget elementor-widget-image\" data-id=\"56d55d6\" data-element_type=\"widget\" data-e-type=\"widget\" data-widget_type=\"image.default\">\n\t\t\t\t<div class=\"elementor-widget-container\">\n\t\t\t\t\t\t\t\t\t\t\t\t\t\t\t<img decoding=\"async\" width=\"800\" height=\"334\" src=\"https:\/\/condamine.edu.ec\/wp-content\/uploads\/2024\/11\/Kit_Foto_Web-1024x427.png\" class=\"attachment-large size-large wp-image-24304\" alt=\"\" srcset=\"https:\/\/condamine.edu.ec\/wp-content\/uploads\/2024\/11\/Kit_Foto_Web-1024x427.png 1024w, https:\/\/condamine.edu.ec\/wp-content\/uploads\/2024\/11\/Kit_Foto_Web-300x125.png 300w, https:\/\/condamine.edu.ec\/wp-content\/uploads\/2024\/11\/Kit_Foto_Web-768x320.png 768w, https:\/\/condamine.edu.ec\/wp-content\/uploads\/2024\/11\/Kit_Foto_Web-370x154.png 370w, https:\/\/condamine.edu.ec\/wp-content\/uploads\/2024\/11\/Kit_Foto_Web-770x321.png 770w, https:\/\/condamine.edu.ec\/wp-content\/uploads\/2024\/11\/Kit_Foto_Web.png 1052w\" sizes=\"(max-width: 800px) 100vw, 800px\" \/>\t\t\t\t\t\t\t\t\t\t\t\t\t\t\t<\/div>\n\t\t\t\t<\/div>\n\t\t\t\t\t<\/div>\n\t\t\t\t<\/div>\n\t\t<div class=\"elementor-element elementor-element-e015ca4 e-flex e-con-boxed e-con e-parent\" data-id=\"e015ca4\" data-element_type=\"container\" data-e-type=\"container\">\n\t\t\t\t\t<div class=\"e-con-inner\">\n\t\t\t\t<div class=\"elementor-element elementor-element-7dd9f19 elementor-widget elementor-widget-spacer\" data-id=\"7dd9f19\" data-element_type=\"widget\" data-e-type=\"widget\" data-widget_type=\"spacer.default\">\n\t\t\t\t<div class=\"elementor-widget-container\">\n\t\t\t\t\t\t\t<div class=\"elementor-spacer\">\n\t\t\t<div class=\"elementor-spacer-inner\"><\/div>\n\t\t<\/div>\n\t\t\t\t\t\t<\/div>\n\t\t\t\t<\/div>\n\t\t\t\t\t<\/div>\n\t\t\t\t<\/div>\n\t\t<div class=\"elementor-element elementor-element-fc54386 e-con-full e-flex e-con e-parent\" data-id=\"fc54386\" data-element_type=\"container\" data-e-type=\"container\" data-settings=\"{&quot;background_background&quot;:&quot;classic&quot;}\">\n\t\t<div class=\"elementor-element elementor-element-7a92c05 e-con-full e-flex e-con e-child\" data-id=\"7a92c05\" data-element_type=\"container\" data-e-type=\"container\">\n\t\t\t\t<div class=\"elementor-element elementor-element-663759c elementor-widget elementor-widget-heading\" data-id=\"663759c\" data-element_type=\"widget\" data-e-type=\"widget\" data-widget_type=\"heading.default\">\n\t\t\t\t<div class=\"elementor-widget-container\">\n\t\t\t\t\t<h2 class=\"elementor-heading-title elementor-size-default\">\u00bfC\u00f3mo plantar su \u00e1rbol en casa?<\/h2>\t\t\t\t<\/div>\n\t\t\t\t<\/div>\n\t\t\t\t<\/div>\n\t\t\t\t<\/div>\n\t\t<div class=\"elementor-element elementor-element-632a840 e-flex e-con-boxed e-con e-parent\" data-id=\"632a840\" data-element_type=\"container\" data-e-type=\"container\">\n\t\t\t\t\t<div class=\"e-con-inner\">\n\t\t\t\t<div class=\"elementor-element elementor-element-d87d522 elementor-widget elementor-widget-spacer\" data-id=\"d87d522\" data-element_type=\"widget\" data-e-type=\"widget\" data-widget_type=\"spacer.default\">\n\t\t\t\t<div class=\"elementor-widget-container\">\n\t\t\t\t\t\t\t<div class=\"elementor-spacer\">\n\t\t\t<div class=\"elementor-spacer-inner\"><\/div>\n\t\t<\/div>\n\t\t\t\t\t\t<\/div>\n\t\t\t\t<\/div>\n\t\t\t\t\t<\/div>\n\t\t\t\t<\/div>\n\t\t<div class=\"elementor-element elementor-element-d512df5 e-con-full e-flex e-con e-parent\" data-id=\"d512df5\" data-element_type=\"container\" data-e-type=\"container\">\n\t\t<div class=\"elementor-element elementor-element-279b205 e-con-full e-flex e-con e-child\" data-id=\"279b205\" data-element_type=\"container\" data-e-type=\"container\">\n\t\t\t\t<div class=\"elementor-element elementor-element-b042994 elementor-widget elementor-widget-video\" data-id=\"b042994\" data-element_type=\"widget\" data-e-type=\"widget\" data-settings=\"{&quot;video_type&quot;:&quot;vimeo&quot;}\" data-widget_type=\"video.default\">\n\t\t\t\t<div class=\"elementor-widget-container\">\n\t\t\t\t\t\t\t<div class=\"elementor-wrapper elementor-open-inline\">\n\t\t\t<iframe class=\"elementor-video-iframe\" allowfullscreen allow=\"clipboard-write\" title=\"Reproductor de v\u00eddeo vimeo\" src=\"https:\/\/player.vimeo.com\/video\/650315117?color&amp;autopause=0&amp;loop=0&amp;muted=0&amp;title=1&amp;portrait=1&amp;byline=1#t=\"><\/iframe>\t\t<\/div>\n\t\t\t\t\t\t<\/div>\n\t\t\t\t<\/div>\n\t\t\t\t<\/div>\n\t\t\t\t<\/div>\n\t\t<div class=\"elementor-element elementor-element-3035440 e-flex e-con-boxed e-con e-parent\" data-id=\"3035440\" data-element_type=\"container\" data-e-type=\"container\">\n\t\t\t\t\t<div class=\"e-con-inner\">\n\t\t\t\t<div class=\"elementor-element elementor-element-33f931d elementor-widget elementor-widget-image\" data-id=\"33f931d\" data-element_type=\"widget\" data-e-type=\"widget\" data-widget_type=\"image.default\">\n\t\t\t\t<div class=\"elementor-widget-container\">\n\t\t\t\t\t\t\t\t\t\t\t\t\t\t\t<img loading=\"lazy\" decoding=\"async\" width=\"800\" height=\"334\" src=\"https:\/\/condamine.edu.ec\/wp-content\/uploads\/2024\/11\/arbol-plantado_Web-1024x427.png\" class=\"attachment-large size-large wp-image-24301\" alt=\"\" srcset=\"https:\/\/condamine.edu.ec\/wp-content\/uploads\/2024\/11\/arbol-plantado_Web-1024x427.png 1024w, https:\/\/condamine.edu.ec\/wp-content\/uploads\/2024\/11\/arbol-plantado_Web-300x125.png 300w, https:\/\/condamine.edu.ec\/wp-content\/uploads\/2024\/11\/arbol-plantado_Web-768x320.png 768w, https:\/\/condamine.edu.ec\/wp-content\/uploads\/2024\/11\/arbol-plantado_Web-370x154.png 370w, https:\/\/condamine.edu.ec\/wp-content\/uploads\/2024\/11\/arbol-plantado_Web-770x321.png 770w, https:\/\/condamine.edu.ec\/wp-content\/uploads\/2024\/11\/arbol-plantado_Web.png 1052w\" sizes=\"(max-width: 800px) 100vw, 800px\" \/>\t\t\t\t\t\t\t\t\t\t\t\t\t\t\t<\/div>\n\t\t\t\t<\/div>\n\t\t\t\t\t<\/div>\n\t\t\t\t<\/div>\n\t\t<div class=\"elementor-element elementor-element-aed6e77 e-flex e-con-boxed e-con e-parent\" data-id=\"aed6e77\" data-element_type=\"container\" data-e-type=\"container\">\n\t\t\t\t\t<div class=\"e-con-inner\">\n\t\t\t\t<div class=\"elementor-element elementor-element-35eafc7 elementor-widget elementor-widget-spacer\" data-id=\"35eafc7\" data-element_type=\"widget\" data-e-type=\"widget\" data-widget_type=\"spacer.default\">\n\t\t\t\t<div class=\"elementor-widget-container\">\n\t\t\t\t\t\t\t<div class=\"elementor-spacer\">\n\t\t\t<div class=\"elementor-spacer-inner\"><\/div>\n\t\t<\/div>\n\t\t\t\t\t\t<\/div>\n\t\t\t\t<\/div>\n\t\t\t\t\t<\/div>\n\t\t\t\t<\/div>\n\t\t<div class=\"elementor-element elementor-element-c906889 e-con-full e-flex e-con e-parent\" data-id=\"c906889\" data-element_type=\"container\" data-e-type=\"container\">\n\t\t\t\t<div class=\"elementor-element elementor-element-c435765 elementor-widget elementor-widget-heading\" data-id=\"c435765\" data-element_type=\"widget\" data-e-type=\"widget\" data-widget_type=\"heading.default\">\n\t\t\t\t<div class=\"elementor-widget-container\">\n\t\t\t\t\t<h2 class=\"elementor-heading-title elementor-size-default\">Fotos del Proyecto<\/h2>\t\t\t\t<\/div>\n\t\t\t\t<\/div>\n\t\t\t\t<\/div>\n\t\t<div class=\"elementor-element elementor-element-d9700f2 e-flex e-con-boxed e-con e-parent\" data-id=\"d9700f2\" data-element_type=\"container\" data-e-type=\"container\">\n\t\t\t\t\t<div class=\"e-con-inner\">\n\t\t\t\t<div class=\"elementor-element elementor-element-39af023 elementor-widget elementor-widget-gallery\" data-id=\"39af023\" data-element_type=\"widget\" data-e-type=\"widget\" data-settings=\"{&quot;columns&quot;:3,&quot;lazyload&quot;:&quot;yes&quot;,&quot;gallery_layout&quot;:&quot;grid&quot;,&quot;columns_tablet&quot;:2,&quot;columns_mobile&quot;:1,&quot;gap&quot;:{&quot;unit&quot;:&quot;px&quot;,&quot;size&quot;:10,&quot;sizes&quot;:[]},&quot;gap_tablet&quot;:{&quot;unit&quot;:&quot;px&quot;,&quot;size&quot;:10,&quot;sizes&quot;:[]},&quot;gap_mobile&quot;:{&quot;unit&quot;:&quot;px&quot;,&quot;size&quot;:10,&quot;sizes&quot;:[]},&quot;link_to&quot;:&quot;file&quot;,&quot;aspect_ratio&quot;:&quot;3:2&quot;,&quot;overlay_background&quot;:&quot;yes&quot;,&quot;content_hover_animation&quot;:&quot;fade-in&quot;}\" data-widget_type=\"gallery.default\">\n\t\t\t\t<div class=\"elementor-widget-container\">\n\t\t\t\t\t\t\t<div class=\"elementor-gallery__container\">\n\t\t\t\t\t\t\t<a class=\"e-gallery-item elementor-gallery-item elementor-animated-content\" href=\"https:\/\/condamine.edu.ec\/wp-content\/uploads\/2024\/11\/un-arbre_6.jpg\" data-elementor-open-lightbox=\"yes\" data-elementor-lightbox-slideshow=\"39af023\" data-elementor-lightbox-title=\"un arbre_6\" data-e-action-hash=\"#elementor-action%3Aaction%3Dlightbox%26settings%3DeyJpZCI6MjQzMjksInVybCI6Imh0dHBzOlwvXC9jb25kYW1pbmUuZWR1LmVjXC93cC1jb250ZW50XC91cGxvYWRzXC8yMDI0XC8xMVwvdW4tYXJicmVfNi5qcGciLCJzbGlkZXNob3ciOiIzOWFmMDIzIn0%3D\">\n\t\t\t\t\t<div class=\"e-gallery-image elementor-gallery-item__image\" data-thumbnail=\"https:\/\/condamine.edu.ec\/wp-content\/uploads\/2024\/11\/un-arbre_6-300x225.jpg\" data-width=\"300\" data-height=\"225\" aria-label=\"\" role=\"img\" ><\/div>\n\t\t\t\t\t\t\t\t\t\t\t<div class=\"elementor-gallery-item__overlay\"><\/div>\n\t\t\t\t\t\t\t\t\t\t\t\t\t\t<\/a>\n\t\t\t\t\t\t\t<a class=\"e-gallery-item elementor-gallery-item elementor-animated-content\" href=\"https:\/\/condamine.edu.ec\/wp-content\/uploads\/2024\/11\/un-arbre_5.jpg\" data-elementor-open-lightbox=\"yes\" data-elementor-lightbox-slideshow=\"39af023\" data-elementor-lightbox-title=\"un arbre_5\" data-e-action-hash=\"#elementor-action%3Aaction%3Dlightbox%26settings%3DeyJpZCI6MjQzMjYsInVybCI6Imh0dHBzOlwvXC9jb25kYW1pbmUuZWR1LmVjXC93cC1jb250ZW50XC91cGxvYWRzXC8yMDI0XC8xMVwvdW4tYXJicmVfNS5qcGciLCJzbGlkZXNob3ciOiIzOWFmMDIzIn0%3D\">\n\t\t\t\t\t<div class=\"e-gallery-image elementor-gallery-item__image\" data-thumbnail=\"https:\/\/condamine.edu.ec\/wp-content\/uploads\/2024\/11\/un-arbre_5-300x158.jpg\" data-width=\"300\" data-height=\"158\" aria-label=\"\" role=\"img\" ><\/div>\n\t\t\t\t\t\t\t\t\t\t\t<div class=\"elementor-gallery-item__overlay\"><\/div>\n\t\t\t\t\t\t\t\t\t\t\t\t\t\t<\/a>\n\t\t\t\t\t\t\t<a class=\"e-gallery-item elementor-gallery-item elementor-animated-content\" href=\"https:\/\/condamine.edu.ec\/wp-content\/uploads\/2024\/11\/un-arbre_4.jpg\" data-elementor-open-lightbox=\"yes\" data-elementor-lightbox-slideshow=\"39af023\" data-elementor-lightbox-title=\"un arbre_4\" data-e-action-hash=\"#elementor-action%3Aaction%3Dlightbox%26settings%3DeyJpZCI6MjQzMjMsInVybCI6Imh0dHBzOlwvXC9jb25kYW1pbmUuZWR1LmVjXC93cC1jb250ZW50XC91cGxvYWRzXC8yMDI0XC8xMVwvdW4tYXJicmVfNC5qcGciLCJzbGlkZXNob3ciOiIzOWFmMDIzIn0%3D\">\n\t\t\t\t\t<div class=\"e-gallery-image elementor-gallery-item__image\" data-thumbnail=\"https:\/\/condamine.edu.ec\/wp-content\/uploads\/2024\/11\/un-arbre_4-300x199.jpg\" data-width=\"300\" data-height=\"199\" aria-label=\"\" role=\"img\" ><\/div>\n\t\t\t\t\t\t\t\t\t\t\t<div class=\"elementor-gallery-item__overlay\"><\/div>\n\t\t\t\t\t\t\t\t\t\t\t\t\t\t<\/a>\n\t\t\t\t\t\t\t<a class=\"e-gallery-item elementor-gallery-item elementor-animated-content\" href=\"https:\/\/condamine.edu.ec\/wp-content\/uploads\/2024\/11\/un-arbre_3.jpg\" data-elementor-open-lightbox=\"yes\" data-elementor-lightbox-slideshow=\"39af023\" data-elementor-lightbox-title=\"un arbre_3\" data-e-action-hash=\"#elementor-action%3Aaction%3Dlightbox%26settings%3DeyJpZCI6MjQzMjAsInVybCI6Imh0dHBzOlwvXC9jb25kYW1pbmUuZWR1LmVjXC93cC1jb250ZW50XC91cGxvYWRzXC8yMDI0XC8xMVwvdW4tYXJicmVfMy5qcGciLCJzbGlkZXNob3ciOiIzOWFmMDIzIn0%3D\">\n\t\t\t\t\t<div class=\"e-gallery-image elementor-gallery-item__image\" data-thumbnail=\"https:\/\/condamine.edu.ec\/wp-content\/uploads\/2024\/11\/un-arbre_3-300x199.jpg\" data-width=\"300\" data-height=\"199\" aria-label=\"\" role=\"img\" ><\/div>\n\t\t\t\t\t\t\t\t\t\t\t<div class=\"elementor-gallery-item__overlay\"><\/div>\n\t\t\t\t\t\t\t\t\t\t\t\t\t\t<\/a>\n\t\t\t\t\t\t\t<a class=\"e-gallery-item elementor-gallery-item elementor-animated-content\" href=\"https:\/\/condamine.edu.ec\/wp-content\/uploads\/2024\/11\/un-arbre_2.jpg\" data-elementor-open-lightbox=\"yes\" data-elementor-lightbox-slideshow=\"39af023\" data-elementor-lightbox-title=\"un arbre_2\" data-e-action-hash=\"#elementor-action%3Aaction%3Dlightbox%26settings%3DeyJpZCI6MjQzMTcsInVybCI6Imh0dHBzOlwvXC9jb25kYW1pbmUuZWR1LmVjXC93cC1jb250ZW50XC91cGxvYWRzXC8yMDI0XC8xMVwvdW4tYXJicmVfMi5qcGciLCJzbGlkZXNob3ciOiIzOWFmMDIzIn0%3D\">\n\t\t\t\t\t<div class=\"e-gallery-image elementor-gallery-item__image\" data-thumbnail=\"https:\/\/condamine.edu.ec\/wp-content\/uploads\/2024\/11\/un-arbre_2-300x199.jpg\" data-width=\"300\" data-height=\"199\" aria-label=\"\" role=\"img\" ><\/div>\n\t\t\t\t\t\t\t\t\t\t\t<div class=\"elementor-gallery-item__overlay\"><\/div>\n\t\t\t\t\t\t\t\t\t\t\t\t\t\t<\/a>\n\t\t\t\t\t\t\t<a class=\"e-gallery-item elementor-gallery-item elementor-animated-content\" href=\"https:\/\/condamine.edu.ec\/wp-content\/uploads\/2024\/11\/un-arbre_1.jpg\" data-elementor-open-lightbox=\"yes\" data-elementor-lightbox-slideshow=\"39af023\" data-elementor-lightbox-title=\"un arbre_1\" data-e-action-hash=\"#elementor-action%3Aaction%3Dlightbox%26settings%3DeyJpZCI6MjQzMTQsInVybCI6Imh0dHBzOlwvXC9jb25kYW1pbmUuZWR1LmVjXC93cC1jb250ZW50XC91cGxvYWRzXC8yMDI0XC8xMVwvdW4tYXJicmVfMS5qcGciLCJzbGlkZXNob3ciOiIzOWFmMDIzIn0%3D\">\n\t\t\t\t\t<div class=\"e-gallery-image elementor-gallery-item__image\" data-thumbnail=\"https:\/\/condamine.edu.ec\/wp-content\/uploads\/2024\/11\/un-arbre_1-300x199.jpg\" data-width=\"300\" data-height=\"199\" aria-label=\"\" role=\"img\" ><\/div>\n\t\t\t\t\t\t\t\t\t\t\t<div class=\"elementor-gallery-item__overlay\"><\/div>\n\t\t\t\t\t\t\t\t\t\t\t\t\t\t<\/a>\n\t\t\t\t\t<\/div>\n\t\t\t\t\t<\/div>\n\t\t\t\t<\/div>\n\t\t\t\t\t<\/div>\n\t\t\t\t<\/div>\n\t\t<div class=\"elementor-element elementor-element-dd44ca4 e-con-full e-flex e-con e-parent\" data-id=\"dd44ca4\" data-element_type=\"container\" data-e-type=\"container\">\n\t\t<div class=\"elementor-element elementor-element-2a75ba1 e-con-full e-flex e-con e-child\" data-id=\"2a75ba1\" data-element_type=\"container\" data-e-type=\"container\">\n\t\t\t\t<div class=\"elementor-element elementor-element-d1c9a26 elementor-widget elementor-widget-video\" data-id=\"d1c9a26\" data-element_type=\"widget\" data-e-type=\"widget\" data-settings=\"{&quot;youtube_url&quot;:&quot;https:\\\/\\\/youtu.be\\\/JxusM7MF08A?si=U2i3YQhnWnqvLCZz&quot;,&quot;video_type&quot;:&quot;youtube&quot;,&quot;controls&quot;:&quot;yes&quot;}\" data-widget_type=\"video.default\">\n\t\t\t\t<div class=\"elementor-widget-container\">\n\t\t\t\t\t\t\t<div class=\"elementor-wrapper elementor-open-inline\">\n\t\t\t<div class=\"elementor-video\"><\/div>\t\t<\/div>\n\t\t\t\t\t\t<\/div>\n\t\t\t\t<\/div>\n\t\t\t\t<\/div>\n\t\t\t\t<\/div>\n\t\t<div class=\"elementor-element elementor-element-67cc761 e-flex e-con-boxed e-con e-parent\" data-id=\"67cc761\" data-element_type=\"container\" data-e-type=\"container\">\n\t\t\t\t\t<div class=\"e-con-inner\">\n\t\t\t\t<div class=\"elementor-element elementor-element-aed6e41 elementor-widget elementor-widget-heading\" data-id=\"aed6e41\" data-element_type=\"widget\" data-e-type=\"widget\" data-widget_type=\"heading.default\">\n\t\t\t\t<div class=\"elementor-widget-container\">\n\t\t\t\t\t<h2 class=\"elementor-heading-title elementor-size-default\">Les agradecemos por su compromiso con este proyecto\ny le deseamos una feliz recepci\u00f3n de su \u00e1rbol.<\/h2>\t\t\t\t<\/div>\n\t\t\t\t<\/div>\n\t\t\t\t\t<\/div>\n\t\t\t\t<\/div>\n\t\t\t\t<\/div>\n\t\t","protected":false},"excerpt":{"rendered":"<p>Un \u00c1rbol en Casa El proyecto \u00abun \u00e1rbol en casa\u00bb consiste en ofrecer a cada alumno de\u00a0CE2, 6e, 3e\u00a0y Terminale\u00a0un kit que contiene un \u00e1rbol y los accesorios que permiten su crecimiento en una maceta.\u00a0 El hogar de cada alumno se convertir\u00e1 en un vivero para su \u00e1rbol y cada alumno se convertir\u00e1 en una [&hellip;]<\/p>\n","protected":false},"author":2,"featured_media":0,"parent":0,"menu_order":0,"comment_status":"closed","ping_status":"closed","template":"","meta":{"footnotes":""},"class_list":["post-24333","page","type-page","status-publish","hentry"],"_links":{"self":[{"href":"https:\/\/condamine.edu.ec\/index.php?rest_route=\/wp\/v2\/pages\/24333","targetHints":{"allow":["GET"]}}],"collection":[{"href":"https:\/\/condamine.edu.ec\/index.php?rest_route=\/wp\/v2\/pages"}],"about":[{"href":"https:\/\/condamine.edu.ec\/index.php?rest_route=\/wp\/v2\/types\/page"}],"author":[{"embeddable":true,"href":"https:\/\/condamine.edu.ec\/index.php?rest_route=\/wp\/v2\/users\/2"}],"replies":[{"embeddable":true,"href":"https:\/\/condamine.edu.ec\/index.php?rest_route=%2Fwp%2Fv2%2Fcomments&post=24333"}],"version-history":[{"count":4,"href":"https:\/\/condamine.edu.ec\/index.php?rest_route=\/wp\/v2\/pages\/24333\/revisions"}],"predecessor-version":[{"id":24337,"href":"https:\/\/condamine.edu.ec\/index.php?rest_route=\/wp\/v2\/pages\/24333\/revisions\/24337"}],"wp:attachment":[{"href":"https:\/\/condamine.edu.ec\/index.php?rest_route=%2Fwp%2Fv2%2Fmedia&parent=24333"}],"curies":[{"name":"wp","href":"https:\/\/api.w.org\/{rel}","templated":true}]}}