{"id":24291,"date":"2024-10-29T15:26:18","date_gmt":"2024-10-29T20:26:18","guid":{"rendered":"https:\/\/condamine.edu.ec\/?page_id=24291"},"modified":"2025-09-30T07:44:18","modified_gmt":"2025-09-30T12:44:18","slug":"examens-et-certifications","status":"publish","type":"page","link":"https:\/\/condamine.edu.ec\/?page_id=24291&lang=es","title":{"rendered":"Ex\u00e1menes y certificaciones"},"content":{"rendered":"\t\t<div data-elementor-type=\"wp-page\" data-elementor-id=\"24291\" class=\"elementor elementor-24291 elementor-22552\" data-elementor-post-type=\"page\">\n\t\t\t\t<div class=\"elementor-element elementor-element-6e5d2da e-flex e-con-boxed e-con e-parent\" data-id=\"6e5d2da\" data-element_type=\"container\" data-e-type=\"container\">\n\t\t\t\t\t<div class=\"e-con-inner\">\n\t\t\t\t<div class=\"elementor-element elementor-element-97f1126 elementor-widget elementor-widget-spacer\" data-id=\"97f1126\" data-element_type=\"widget\" data-e-type=\"widget\" data-widget_type=\"spacer.default\">\n\t\t\t\t<div class=\"elementor-widget-container\">\n\t\t\t\t\t\t\t<div class=\"elementor-spacer\">\n\t\t\t<div class=\"elementor-spacer-inner\"><\/div>\n\t\t<\/div>\n\t\t\t\t\t\t<\/div>\n\t\t\t\t<\/div>\n\t\t\t\t\t<\/div>\n\t\t\t\t<\/div>\n\t\t<div class=\"elementor-element elementor-element-1b409c2 e-con-full e-flex e-con e-parent\" data-id=\"1b409c2\" data-element_type=\"container\" data-e-type=\"container\">\n\t\t\t\t<div class=\"elementor-element elementor-element-b4280a7 elementor-widget elementor-widget-heading\" data-id=\"b4280a7\" data-element_type=\"widget\" data-e-type=\"widget\" data-widget_type=\"heading.default\">\n\t\t\t\t<div class=\"elementor-widget-container\">\n\t\t\t\t\t<h2 class=\"elementor-heading-title elementor-size-default\">Ex\u00e1menes y certificaciones<\/h2>\t\t\t\t<\/div>\n\t\t\t\t<\/div>\n\t\t\t\t<\/div>\n\t\t<div class=\"elementor-element elementor-element-7b59a90 e-flex e-con-boxed e-con e-parent\" data-id=\"7b59a90\" data-element_type=\"container\" data-e-type=\"container\">\n\t\t\t\t\t<div class=\"e-con-inner\">\n\t\t\t\t<div class=\"elementor-element elementor-element-f314553 elementor-widget elementor-widget-spacer\" data-id=\"f314553\" data-element_type=\"widget\" data-e-type=\"widget\" data-widget_type=\"spacer.default\">\n\t\t\t\t<div class=\"elementor-widget-container\">\n\t\t\t\t\t\t\t<div class=\"elementor-spacer\">\n\t\t\t<div class=\"elementor-spacer-inner\"><\/div>\n\t\t<\/div>\n\t\t\t\t\t\t<\/div>\n\t\t\t\t<\/div>\n\t\t\t\t\t<\/div>\n\t\t\t\t<\/div>\n\t\t<div class=\"elementor-element elementor-element-03b22e0 e-con-full e-flex e-con e-parent\" data-id=\"03b22e0\" data-element_type=\"container\" data-e-type=\"container\">\n\t\t<div class=\"elementor-element elementor-element-540c259 e-con-full e-flex e-con e-child\" data-id=\"540c259\" data-element_type=\"container\" data-e-type=\"container\">\n\t\t\t\t<div class=\"elementor-element elementor-element-32cad0c elementor-widget elementor-widget-text-editor\" data-id=\"32cad0c\" data-element_type=\"widget\" data-e-type=\"widget\" data-widget_type=\"text-editor.default\">\n\t\t\t\t<div class=\"elementor-widget-container\">\n\t\t\t\t\t\t\t\t\t<p>Los alumnos de colegios de ense\u00f1anza franceses en el extranjero tienen varias etapas importantes y decisivas en su escolarizaci\u00f3n, en particular dos ex\u00e1menes: el <strong>\u00ab\u00a0Dipl\u00f4me national du brevet\u00a0\u00bb (DNB)<\/strong>, que eval\u00faa los conocimientos y competencias adquiridos al final del ciclo de Educaci\u00f3n B\u00e1sica Superior (10mo), y el <strong>Bachillerato<\/strong>, que marca el final del colegio y, m\u00e1s en general, de la ense\u00f1anza secundaria, y abre el acceso a la ense\u00f1anza superior.<\/p>\t\t\t\t\t\t\t\t<\/div>\n\t\t\t\t<\/div>\n\t\t\t\t<\/div>\n\t\t\t\t<\/div>\n\t\t<div class=\"elementor-element elementor-element-82c6df4 e-flex e-con-boxed e-con e-parent\" data-id=\"82c6df4\" data-element_type=\"container\" data-e-type=\"container\">\n\t\t\t\t\t<div class=\"e-con-inner\">\n\t\t\t\t<div class=\"elementor-element elementor-element-3ba5085 elementor-widget elementor-widget-spacer\" data-id=\"3ba5085\" data-element_type=\"widget\" data-e-type=\"widget\" data-widget_type=\"spacer.default\">\n\t\t\t\t<div class=\"elementor-widget-container\">\n\t\t\t\t\t\t\t<div class=\"elementor-spacer\">\n\t\t\t<div class=\"elementor-spacer-inner\"><\/div>\n\t\t<\/div>\n\t\t\t\t\t\t<\/div>\n\t\t\t\t<\/div>\n\t\t\t\t\t<\/div>\n\t\t\t\t<\/div>\n\t\t<div class=\"elementor-element elementor-element-b93e97c e-con-full e-flex e-con e-parent\" data-id=\"b93e97c\" data-element_type=\"container\" data-e-type=\"container\" data-settings=\"{&quot;background_background&quot;:&quot;classic&quot;}\">\n\t\t<div class=\"elementor-element elementor-element-f92ceb6 e-con-full e-flex e-con e-child\" data-id=\"f92ceb6\" data-element_type=\"container\" data-e-type=\"container\">\n\t\t\t\t<div class=\"elementor-element elementor-element-10544aa elementor-widget elementor-widget-heading\" data-id=\"10544aa\" data-element_type=\"widget\" data-e-type=\"widget\" data-widget_type=\"heading.default\">\n\t\t\t\t<div class=\"elementor-widget-container\">\n\t\t\t\t\t<h2 class=\"elementor-heading-title elementor-size-default\">El Diploma Nacional del Brevet<\/h2>\t\t\t\t<\/div>\n\t\t\t\t<\/div>\n\t\t\t\t<\/div>\n\t\t\t\t<\/div>\n\t\t<div class=\"elementor-element elementor-element-9202861 e-flex e-con-boxed e-con e-parent\" data-id=\"9202861\" data-element_type=\"container\" data-e-type=\"container\">\n\t\t\t\t\t<div class=\"e-con-inner\">\n\t\t\t\t<div class=\"elementor-element elementor-element-e8f6495 elementor-widget elementor-widget-spacer\" data-id=\"e8f6495\" data-element_type=\"widget\" data-e-type=\"widget\" data-widget_type=\"spacer.default\">\n\t\t\t\t<div class=\"elementor-widget-container\">\n\t\t\t\t\t\t\t<div class=\"elementor-spacer\">\n\t\t\t<div class=\"elementor-spacer-inner\"><\/div>\n\t\t<\/div>\n\t\t\t\t\t\t<\/div>\n\t\t\t\t<\/div>\n\t\t\t\t\t<\/div>\n\t\t\t\t<\/div>\n\t\t<div class=\"elementor-element elementor-element-a059aa9 e-con-full e-flex e-con e-parent\" data-id=\"a059aa9\" data-element_type=\"container\" data-e-type=\"container\">\n\t\t<div class=\"elementor-element elementor-element-872ef52 e-con-full e-flex e-con e-child\" data-id=\"872ef52\" data-element_type=\"container\" data-e-type=\"container\">\n\t\t\t\t<div class=\"elementor-element elementor-element-097034e elementor-widget elementor-widget-text-editor\" data-id=\"097034e\" data-element_type=\"widget\" data-e-type=\"widget\" data-widget_type=\"text-editor.default\">\n\t\t\t\t<div class=\"elementor-widget-container\">\n\t\t\t\t\t\t\t\t\t<p>El <strong>diploma nacional del Brevet<\/strong> eval\u00faa los conocimientos y competencias adquiridos al final del ciclo de educaci\u00f3n b\u00e1sica superior (10mo). Se compone de una evaluaci\u00f3n continua y de ex\u00e1menes al final del a\u00f1o en condiciones de examen. El DNB es el primer examen que realiza un alumno en su trayectoria escolar, por lo que es un momento importante y significativo al t\u00e9rmino del cual obtienen su primer t\u00edtulo.<\/p><p>\u00a0<\/p><p>Durante el tercer curso, los alumnos tambi\u00e9n se someten a pruebas que certifican su nivel de competencias digitales (certificados PIX), de ingl\u00e9s (test Evalang) y de seguridad vial (certificado ASSR). Tambi\u00e9n reciben formaci\u00f3n en primeros auxilios (certificado GQS).<\/p>\t\t\t\t\t\t\t\t<\/div>\n\t\t\t\t<\/div>\n\t\t\t\t<\/div>\n\t\t\t\t<\/div>\n\t\t<div class=\"elementor-element elementor-element-3356773 e-flex e-con-boxed e-con e-parent\" data-id=\"3356773\" data-element_type=\"container\" data-e-type=\"container\">\n\t\t\t\t\t<div class=\"e-con-inner\">\n\t\t<div class=\"elementor-element elementor-element-f8b557f e-con-full e-flex e-con e-child\" data-id=\"f8b557f\" data-element_type=\"container\" data-e-type=\"container\">\n\t\t\t\t<div class=\"elementor-element elementor-element-8bb7c88 elementor-widget elementor-widget-image\" data-id=\"8bb7c88\" data-element_type=\"widget\" data-e-type=\"widget\" data-widget_type=\"image.default\">\n\t\t\t\t<div class=\"elementor-widget-container\">\n\t\t\t\t\t\t\t\t\t\t\t\t\t\t\t\t<a href=\"https:\/\/condamine.edu.ec\/wp-content\/uploads\/2025\/09\/Modalites_dattribution_du_Diplome_National_du_Brevet_session_2026.pdf\" target=\"_blank\">\n\t\t\t\t\t\t\t<img decoding=\"async\" width=\"113\" height=\"152\" src=\"https:\/\/condamine.edu.ec\/wp-content\/uploads\/2023\/12\/pdf-web.png\" class=\"attachment-large size-large wp-image-1022\" alt=\"\" \/>\t\t\t\t\t\t\t\t<\/a>\n\t\t\t\t\t\t\t\t\t\t\t\t\t\t\t<\/div>\n\t\t\t\t<\/div>\n\t\t\t\t<div class=\"elementor-element elementor-element-a5be55a elementor-widget elementor-widget-heading\" data-id=\"a5be55a\" data-element_type=\"widget\" data-e-type=\"widget\" data-widget_type=\"heading.default\">\n\t\t\t\t<div class=\"elementor-widget-container\">\n\t\t\t\t\t<h4 class=\"elementor-heading-title elementor-size-default\"><a href=\"https:\/\/condamine.edu.ec\/wp-content\/uploads\/2025\/09\/Modalites_dattribution_du_Diplome_National_du_Brevet_session_2026.pdf\" target=\"_blank\">Modalidades de evaluaci\u00f3n y obtenci\u00f3n del Diploma Nacional del Brevet (DNB) para el a\u00f1o 2026<\/a><\/h4>\t\t\t\t<\/div>\n\t\t\t\t<\/div>\n\t\t\t\t<\/div>\n\t\t\t\t\t<\/div>\n\t\t\t\t<\/div>\n\t\t<div class=\"elementor-element elementor-element-71d52d2 e-flex e-con-boxed e-con e-parent\" data-id=\"71d52d2\" data-element_type=\"container\" data-e-type=\"container\">\n\t\t\t\t\t<div class=\"e-con-inner\">\n\t\t\t\t<div class=\"elementor-element elementor-element-2556980 elementor-widget elementor-widget-spacer\" data-id=\"2556980\" data-element_type=\"widget\" data-e-type=\"widget\" data-widget_type=\"spacer.default\">\n\t\t\t\t<div class=\"elementor-widget-container\">\n\t\t\t\t\t\t\t<div class=\"elementor-spacer\">\n\t\t\t<div class=\"elementor-spacer-inner\"><\/div>\n\t\t<\/div>\n\t\t\t\t\t\t<\/div>\n\t\t\t\t<\/div>\n\t\t\t\t\t<\/div>\n\t\t\t\t<\/div>\n\t\t<div class=\"elementor-element elementor-element-70827d8 e-con-full e-flex e-con e-parent\" data-id=\"70827d8\" data-element_type=\"container\" data-e-type=\"container\" data-settings=\"{&quot;background_background&quot;:&quot;classic&quot;}\">\n\t\t<div class=\"elementor-element elementor-element-65e7a25 e-con-full e-flex e-con e-child\" data-id=\"65e7a25\" data-element_type=\"container\" data-e-type=\"container\">\n\t\t\t\t<div class=\"elementor-element elementor-element-ce286db elementor-widget elementor-widget-heading\" data-id=\"ce286db\" data-element_type=\"widget\" data-e-type=\"widget\" data-widget_type=\"heading.default\">\n\t\t\t\t<div class=\"elementor-widget-container\">\n\t\t\t\t\t<h2 class=\"elementor-heading-title elementor-size-default\">El Diploma de Bachillerato Franc\u00e9s<\/h2>\t\t\t\t<\/div>\n\t\t\t\t<\/div>\n\t\t\t\t<\/div>\n\t\t\t\t<\/div>\n\t\t<div class=\"elementor-element elementor-element-3f10913 e-flex e-con-boxed e-con e-parent\" data-id=\"3f10913\" data-element_type=\"container\" data-e-type=\"container\">\n\t\t\t\t\t<div class=\"e-con-inner\">\n\t\t\t\t<div class=\"elementor-element elementor-element-7e7ae39 elementor-widget elementor-widget-spacer\" data-id=\"7e7ae39\" data-element_type=\"widget\" data-e-type=\"widget\" data-widget_type=\"spacer.default\">\n\t\t\t\t<div class=\"elementor-widget-container\">\n\t\t\t\t\t\t\t<div class=\"elementor-spacer\">\n\t\t\t<div class=\"elementor-spacer-inner\"><\/div>\n\t\t<\/div>\n\t\t\t\t\t\t<\/div>\n\t\t\t\t<\/div>\n\t\t\t\t\t<\/div>\n\t\t\t\t<\/div>\n\t\t<div class=\"elementor-element elementor-element-0457a07 e-con-full e-flex e-con e-parent\" data-id=\"0457a07\" data-element_type=\"container\" data-e-type=\"container\">\n\t\t<div class=\"elementor-element elementor-element-552c9f4 e-con-full e-flex e-con e-child\" data-id=\"552c9f4\" data-element_type=\"container\" data-e-type=\"container\">\n\t\t\t\t<div class=\"elementor-element elementor-element-4946f03 elementor-widget elementor-widget-heading\" data-id=\"4946f03\" data-element_type=\"widget\" data-e-type=\"widget\" data-widget_type=\"heading.default\">\n\t\t\t\t<div class=\"elementor-widget-container\">\n\t\t\t\t\t<h2 class=\"elementor-heading-title elementor-size-default\">El bachillerato: algunos datos<\/h2>\t\t\t\t<\/div>\n\t\t\t\t<\/div>\n\t\t\t\t<div class=\"elementor-element elementor-element-3334505 elementor-widget elementor-widget-text-editor\" data-id=\"3334505\" data-element_type=\"widget\" data-e-type=\"widget\" data-widget_type=\"text-editor.default\">\n\t\t\t\t<div class=\"elementor-widget-container\">\n\t\t\t\t\t\t\t\t\t<p>El bachillerato es el examen al que se presentan los estudiantes del colegio. Marca el final de la ense\u00f1anza secundaria y es el pasaporte para seguir estudiando, principalmente en la universidad o en clases preparatorias.<\/p><p>\u00a0<\/p><p>El bachillerato se eval\u00faa en funci\u00f3n de los resultados obtenidos por el alumno durante el \u00faltimo a\u00f1o de bachillerato: evaluaci\u00f3n continua, que representa el 40% de la nota final, y pruebas de examen, que representan el 60% de la nota final. Si un alumno obtiene una nota inferior a 10\/20, puede presentarse a un examen de recuperaci\u00f3n.<\/p><p>\u00a0<\/p><p>Los alumnos de bachillerato pueden cursar opciones o ramas espec\u00edficas. Es el caso, en particular, del \u00abBachillerato Internacional Franc\u00e9s\u00bb, que permite a los candidatos sacar el m\u00e1ximo partido de sus conocimientos ling\u00fc\u00edsticos. Este \u00abBFI\u00bb se adapta especialmente bien a los alumnos de los colegios franceses internacionales , que destacan en este campo.<\/p>\t\t\t\t\t\t\t\t<\/div>\n\t\t\t\t<\/div>\n\t\t\t\t<div class=\"elementor-element elementor-element-09c453b elementor-widget elementor-widget-heading\" data-id=\"09c453b\" data-element_type=\"widget\" data-e-type=\"widget\" data-widget_type=\"heading.default\">\n\t\t\t\t<div class=\"elementor-widget-container\">\n\t\t\t\t\t<h2 class=\"elementor-heading-title elementor-size-default\">El Diploma de Bachillerato en los colegios franceses de todo el mundo: resultados excepcionales<\/h2>\t\t\t\t<\/div>\n\t\t\t\t<\/div>\n\t\t\t\t<div class=\"elementor-element elementor-element-4a95006 elementor-widget elementor-widget-text-editor\" data-id=\"4a95006\" data-element_type=\"widget\" data-e-type=\"widget\" data-widget_type=\"text-editor.default\">\n\t\t\t\t<div class=\"elementor-widget-container\">\n\t\t\t\t\t\t\t\t\t<p>Los alumnos de los colegios franceses de todo el mundo obtienen cada a\u00f1o resultados excepcionales en el bachillerato, con un \u00edndice global de aprobados cercano al 100%, que oscila entre el 97% y el 98,5% seg\u00fan los a\u00f1os, un \u00edndice superior al de Francia. Adem\u00e1s, el porcentaje de aprobados es especialmente elevado entre los bachilleres de estos centros de todo el mundo, en torno al 80%.<\/p><p>\u00a0<\/p><p>Estos resultados excepcionales muestran y recuerdan hasta qu\u00e9 punto los establecimientos educativos franceses en el extranjero ofrecen una ense\u00f1anza de calidad en la que los alumnos aprenden y se desarrollan.<\/p><p>\u00a0<\/p><p>Los bachilleres prosiguen sus estudios superiores en los centros de su elecci\u00f3n, en Francia y en todo el mundo.<\/p>\t\t\t\t\t\t\t\t<\/div>\n\t\t\t\t<\/div>\n\t\t\t\t<\/div>\n\t\t\t\t<\/div>\n\t\t\t\t<\/div>\n\t\t","protected":false},"excerpt":{"rendered":"<p>Ex\u00e1menes y certificaciones Los alumnos de colegios de ense\u00f1anza franceses en el extranjero tienen varias etapas importantes y decisivas en su escolarizaci\u00f3n, en particular dos ex\u00e1menes: el \u00ab\u00a0Dipl\u00f4me national du brevet\u00a0\u00bb (DNB), que eval\u00faa los conocimientos y competencias adquiridos al final del ciclo de Educaci\u00f3n B\u00e1sica Superior (10mo), y el Bachillerato, que marca el final [&hellip;]<\/p>\n","protected":false},"author":2,"featured_media":0,"parent":0,"menu_order":0,"comment_status":"closed","ping_status":"closed","template":"","meta":{"footnotes":""},"class_list":["post-24291","page","type-page","status-publish","hentry"],"_links":{"self":[{"href":"https:\/\/condamine.edu.ec\/index.php?rest_route=\/wp\/v2\/pages\/24291","targetHints":{"allow":["GET"]}}],"collection":[{"href":"https:\/\/condamine.edu.ec\/index.php?rest_route=\/wp\/v2\/pages"}],"about":[{"href":"https:\/\/condamine.edu.ec\/index.php?rest_route=\/wp\/v2\/types\/page"}],"author":[{"embeddable":true,"href":"https:\/\/condamine.edu.ec\/index.php?rest_route=\/wp\/v2\/users\/2"}],"replies":[{"embeddable":true,"href":"https:\/\/condamine.edu.ec\/index.php?rest_route=%2Fwp%2Fv2%2Fcomments&post=24291"}],"version-history":[{"count":13,"href":"https:\/\/condamine.edu.ec\/index.php?rest_route=\/wp\/v2\/pages\/24291\/revisions"}],"predecessor-version":[{"id":39835,"href":"https:\/\/condamine.edu.ec\/index.php?rest_route=\/wp\/v2\/pages\/24291\/revisions\/39835"}],"wp:attachment":[{"href":"https:\/\/condamine.edu.ec\/index.php?rest_route=%2Fwp%2Fv2%2Fmedia&parent=24291"}],"curies":[{"name":"wp","href":"https:\/\/api.w.org\/{rel}","templated":true}]}}