{"id":24280,"date":"2024-10-29T09:41:06","date_gmt":"2024-10-29T14:41:06","guid":{"rendered":"https:\/\/condamine.edu.ec\/?page_id=24280"},"modified":"2024-10-31T19:10:43","modified_gmt":"2024-11-01T00:10:43","slug":"elementaire-cp-ce1-ce2-cm1-cm2","status":"publish","type":"page","link":"https:\/\/condamine.edu.ec\/?page_id=24280&lang=es","title":{"rendered":"PRIMARIA (CP, CE1, CE2, CM1, CM2)"},"content":{"rendered":"\t\t<div data-elementor-type=\"wp-page\" data-elementor-id=\"24280\" class=\"elementor elementor-24280 elementor-22297\" data-elementor-post-type=\"page\">\n\t\t\t\t<div class=\"elementor-element elementor-element-6e5d2da e-flex e-con-boxed e-con e-parent\" data-id=\"6e5d2da\" data-element_type=\"container\" data-e-type=\"container\">\n\t\t\t\t\t<div class=\"e-con-inner\">\n\t\t\t\t<div class=\"elementor-element elementor-element-97f1126 elementor-widget elementor-widget-spacer\" data-id=\"97f1126\" data-element_type=\"widget\" data-e-type=\"widget\" data-widget_type=\"spacer.default\">\n\t\t\t\t<div class=\"elementor-widget-container\">\n\t\t\t\t\t\t\t<div class=\"elementor-spacer\">\n\t\t\t<div class=\"elementor-spacer-inner\"><\/div>\n\t\t<\/div>\n\t\t\t\t\t\t<\/div>\n\t\t\t\t<\/div>\n\t\t\t\t\t<\/div>\n\t\t\t\t<\/div>\n\t\t<div class=\"elementor-element elementor-element-1b409c2 e-con-full e-flex e-con e-parent\" data-id=\"1b409c2\" data-element_type=\"container\" data-e-type=\"container\">\n\t\t\t\t<div class=\"elementor-element elementor-element-b4280a7 elementor-widget elementor-widget-heading\" data-id=\"b4280a7\" data-element_type=\"widget\" data-e-type=\"widget\" data-widget_type=\"heading.default\">\n\t\t\t\t<div class=\"elementor-widget-container\">\n\t\t\t\t\t<h2 class=\"elementor-heading-title elementor-size-default\">PRIMARIA (CP, CE1, CE2, CM1, CM2)<\/h2>\t\t\t\t<\/div>\n\t\t\t\t<\/div>\n\t\t\t\t<\/div>\n\t\t<div class=\"elementor-element elementor-element-58bcb36 e-flex e-con-boxed e-con e-parent\" data-id=\"58bcb36\" data-element_type=\"container\" data-e-type=\"container\">\n\t\t\t\t\t<div class=\"e-con-inner\">\n\t\t\t\t<div class=\"elementor-element elementor-element-5eee1df elementor-widget elementor-widget-spacer\" data-id=\"5eee1df\" data-element_type=\"widget\" data-e-type=\"widget\" data-widget_type=\"spacer.default\">\n\t\t\t\t<div class=\"elementor-widget-container\">\n\t\t\t\t\t\t\t<div class=\"elementor-spacer\">\n\t\t\t<div class=\"elementor-spacer-inner\"><\/div>\n\t\t<\/div>\n\t\t\t\t\t\t<\/div>\n\t\t\t\t<\/div>\n\t\t<div class=\"elementor-element elementor-element-ec6051d e-con-full e-flex e-con e-child\" data-id=\"ec6051d\" data-element_type=\"container\" data-e-type=\"container\">\n\t\t\t\t<div class=\"elementor-element elementor-element-5947b5d elementor-widget elementor-widget-text-editor\" data-id=\"5947b5d\" data-element_type=\"widget\" data-e-type=\"widget\" data-widget_type=\"text-editor.default\">\n\t\t\t\t<div class=\"elementor-widget-container\">\n\t\t\t\t\t\t\t\t\t<h4>Construir los fundamentos. Proporcionar una base s\u00f3lida para el conocimiento, la investigaci\u00f3n y el \u00e9xito acad\u00e9mico.<\/h4>\t\t\t\t\t\t\t\t<\/div>\n\t\t\t\t<\/div>\n\t\t\t\t<\/div>\n\t\t\t\t\t<\/div>\n\t\t\t\t<\/div>\n\t\t<div class=\"elementor-element elementor-element-aeeffb8 e-con-full e-flex e-con e-parent\" data-id=\"aeeffb8\" data-element_type=\"container\" data-e-type=\"container\">\n\t\t<div class=\"elementor-element elementor-element-4424925 e-con-full e-flex e-con e-child\" data-id=\"4424925\" data-element_type=\"container\" data-e-type=\"container\">\n\t\t\t\t<div class=\"elementor-element elementor-element-3bd8c50 elementor-widget elementor-widget-image\" data-id=\"3bd8c50\" data-element_type=\"widget\" data-e-type=\"widget\" data-widget_type=\"image.default\">\n\t\t\t\t<div class=\"elementor-widget-container\">\n\t\t\t\t\t\t\t\t\t\t\t\t\t\t\t<img fetchpriority=\"high\" decoding=\"async\" width=\"675\" height=\"449\" src=\"https:\/\/condamine.edu.ec\/wp-content\/uploads\/2024\/10\/DSC_0429.jpg\" class=\"attachment-large size-large wp-image-22320\" alt=\"\" srcset=\"https:\/\/condamine.edu.ec\/wp-content\/uploads\/2024\/10\/DSC_0429.jpg 675w, https:\/\/condamine.edu.ec\/wp-content\/uploads\/2024\/10\/DSC_0429-300x200.jpg 300w, https:\/\/condamine.edu.ec\/wp-content\/uploads\/2024\/10\/DSC_0429-370x246.jpg 370w\" sizes=\"(max-width: 675px) 100vw, 675px\" \/>\t\t\t\t\t\t\t\t\t\t\t\t\t\t\t<\/div>\n\t\t\t\t<\/div>\n\t\t\t\t<\/div>\n\t\t<div class=\"elementor-element elementor-element-951983e e-con-full e-flex e-con e-child\" data-id=\"951983e\" data-element_type=\"container\" data-e-type=\"container\">\n\t\t\t\t<div class=\"elementor-element elementor-element-b69f0a0 elementor-widget elementor-widget-text-editor\" data-id=\"b69f0a0\" data-element_type=\"widget\" data-e-type=\"widget\" data-widget_type=\"text-editor.default\">\n\t\t\t\t<div class=\"elementor-widget-container\">\n\t\t\t\t\t\t\t\t\t<p>La escuela primaria tiene cinco niveles, del CP al CM2 (de 6 a 11 a\u00f1os), que permitir\u00e1n a los alumnos desarrollar progresivamente su dominio de las herramientas fundamentales.<\/p><p>\u00a0<\/p><p>El Lyc\u00e9e La Condamine proporciona a los alumnos una base s\u00f3lida de<strong> competencias acad\u00e9micas<\/strong> como la lectura, la escritura, el c\u00e1lculo, la resoluci\u00f3n de problemas y el dominio de varios idiomas (franc\u00e9s, ingl\u00e9s y espa\u00f1ol), as\u00ed como de <strong>competencias sociales<\/strong>. Respetar a sus semejantes, estudiar en un entorno afectuoso y aprender a convivir en una comunidad <strong>multiling\u00fce<\/strong> y <strong>multicultural<\/strong>.<\/p><p>\u00a0<\/p><p>Las clases son impartidas por un equipo de profesores internacionales dedicados y apasionados. El objetivo de las escuelas primarias es dar a todos nuestros alumnos una base s\u00f3lida en lengua (lectura y escritura) y matem\u00e1ticas (contar, aritm\u00e9tica, resoluci\u00f3n de problemas), adapt\u00e1ndonos al ritmo de aprendizaje y a las necesidades de cada ni\u00f1o.<\/p><p>\u00a0<\/p><p>Nuestro objetivo es despertar en los alumnos el gusto por aprender y ayudarles a adquirir gradualmente los conocimientos acad\u00e9micos, el enfoque y el lenguaje que necesitan para avanzar en el mundo.<\/p>\t\t\t\t\t\t\t\t<\/div>\n\t\t\t\t<\/div>\n\t\t\t\t<\/div>\n\t\t\t\t<\/div>\n\t\t<div class=\"elementor-element elementor-element-11c3bb2 e-con-full e-flex e-con e-parent\" data-id=\"11c3bb2\" data-element_type=\"container\" data-e-type=\"container\" data-settings=\"{&quot;background_background&quot;:&quot;classic&quot;}\">\n\t\t<div class=\"elementor-element elementor-element-d941e6d e-con-full e-flex e-con e-child\" data-id=\"d941e6d\" data-element_type=\"container\" data-e-type=\"container\">\n\t\t\t\t<div class=\"elementor-element elementor-element-53345d3 elementor-widget elementor-widget-heading\" data-id=\"53345d3\" data-element_type=\"widget\" data-e-type=\"widget\" data-widget_type=\"heading.default\">\n\t\t\t\t<div class=\"elementor-widget-container\">\n\t\t\t\t\t<h2 class=\"elementor-heading-title elementor-size-default\">Clases flexibles<\/h2>\t\t\t\t<\/div>\n\t\t\t\t<\/div>\n\t\t\t\t<\/div>\n\t\t\t\t<\/div>\n\t\t<div class=\"elementor-element elementor-element-aa39b8b e-flex e-con-boxed e-con e-parent\" data-id=\"aa39b8b\" data-element_type=\"container\" data-e-type=\"container\">\n\t\t\t\t\t<div class=\"e-con-inner\">\n\t\t<div class=\"elementor-element elementor-element-9497340 e-grid e-con-full e-con e-child\" data-id=\"9497340\" data-element_type=\"container\" data-e-type=\"container\">\n\t\t\t\t<div class=\"elementor-element elementor-element-133e2d4 elementor-widget elementor-widget-text-editor\" data-id=\"133e2d4\" data-element_type=\"widget\" data-e-type=\"widget\" data-widget_type=\"text-editor.default\">\n\t\t\t\t<div class=\"elementor-widget-container\">\n\t\t\t\t\t\t\t\t\t<p>La clase flexible se caracteriza por una disposici\u00f3n que permite a los alumnos trabajar de distintas maneras (de forma aut\u00f3noma, en grupo, en colaboraci\u00f3n). Esta disposici\u00f3n requiere que el profesor utilice varios tipos de m\u00e9todos pedag\u00f3gicos.<\/p><p>\u00a0<\/p><h4>Sobre las pr\u00e1cticas pedag\u00f3gicas<\/h4><ul><li>Fomentar la autonom\u00eda y la diferenciaci\u00f3n pedag\u00f3gica<\/li><li>Fomentar la ayuda mutua y la cooperaci\u00f3n<\/li><li>Fomentar la autoestima recompensando el trabajo y los progresos de los alumnos.<\/li><\/ul><p>\u00a0<\/p><h4>Sobre el clima escolar<\/h4><p>Se permite a los alumnos moverse y aprender a manejarse y regularse. El clima escolar mejora y es m\u00e1s tranquilo. No hay necesidad de descargar una energ\u00eda controlada.<\/p>\t\t\t\t\t\t\t\t<\/div>\n\t\t\t\t<\/div>\n\t\t\t\t<div class=\"elementor-element elementor-element-8341e5b elementor-widget elementor-widget-image\" data-id=\"8341e5b\" data-element_type=\"widget\" data-e-type=\"widget\" data-widget_type=\"image.default\">\n\t\t\t\t<div class=\"elementor-widget-container\">\n\t\t\t\t\t\t\t\t\t\t\t\t\t\t\t<img decoding=\"async\" width=\"675\" height=\"506\" src=\"https:\/\/condamine.edu.ec\/wp-content\/uploads\/2024\/10\/IMG_1006.jpg\" class=\"attachment-large size-large wp-image-22308\" alt=\"\" srcset=\"https:\/\/condamine.edu.ec\/wp-content\/uploads\/2024\/10\/IMG_1006.jpg 675w, https:\/\/condamine.edu.ec\/wp-content\/uploads\/2024\/10\/IMG_1006-300x225.jpg 300w, https:\/\/condamine.edu.ec\/wp-content\/uploads\/2024\/10\/IMG_1006-370x277.jpg 370w, https:\/\/condamine.edu.ec\/wp-content\/uploads\/2024\/10\/IMG_1006-614x460.jpg 614w\" sizes=\"(max-width: 675px) 100vw, 675px\" \/>\t\t\t\t\t\t\t\t\t\t\t\t\t\t\t<\/div>\n\t\t\t\t<\/div>\n\t\t\t\t<\/div>\n\t\t\t\t\t<\/div>\n\t\t\t\t<\/div>\n\t\t<div class=\"elementor-element elementor-element-82c6df4 e-flex e-con-boxed e-con e-parent\" data-id=\"82c6df4\" data-element_type=\"container\" data-e-type=\"container\">\n\t\t\t\t\t<div class=\"e-con-inner\">\n\t\t\t\t<div class=\"elementor-element elementor-element-95606ca elementor-widget elementor-widget-gallery\" data-id=\"95606ca\" data-element_type=\"widget\" data-e-type=\"widget\" data-settings=\"{&quot;lazyload&quot;:&quot;yes&quot;,&quot;gallery_layout&quot;:&quot;grid&quot;,&quot;columns&quot;:4,&quot;columns_tablet&quot;:2,&quot;columns_mobile&quot;:1,&quot;gap&quot;:{&quot;unit&quot;:&quot;px&quot;,&quot;size&quot;:10,&quot;sizes&quot;:[]},&quot;gap_tablet&quot;:{&quot;unit&quot;:&quot;px&quot;,&quot;size&quot;:10,&quot;sizes&quot;:[]},&quot;gap_mobile&quot;:{&quot;unit&quot;:&quot;px&quot;,&quot;size&quot;:10,&quot;sizes&quot;:[]},&quot;link_to&quot;:&quot;file&quot;,&quot;aspect_ratio&quot;:&quot;3:2&quot;,&quot;overlay_background&quot;:&quot;yes&quot;,&quot;content_hover_animation&quot;:&quot;fade-in&quot;}\" data-widget_type=\"gallery.default\">\n\t\t\t\t<div class=\"elementor-widget-container\">\n\t\t\t\t\t\t\t<div class=\"elementor-gallery__container\">\n\t\t\t\t\t\t\t<a class=\"e-gallery-item elementor-gallery-item elementor-animated-content\" href=\"https:\/\/condamine.edu.ec\/wp-content\/uploads\/2024\/10\/DSC_1332.jpg\" data-elementor-open-lightbox=\"yes\" data-elementor-lightbox-slideshow=\"95606ca\" data-elementor-lightbox-title=\"DSC_1332\" data-e-action-hash=\"#elementor-action%3Aaction%3Dlightbox%26settings%3DeyJpZCI6MjIzMjYsInVybCI6Imh0dHBzOlwvXC9jb25kYW1pbmUuZWR1LmVjXC93cC1jb250ZW50XC91cGxvYWRzXC8yMDI0XC8xMFwvRFNDXzEzMzIuanBnIiwic2xpZGVzaG93IjoiOTU2MDZjYSJ9\">\n\t\t\t\t\t<div class=\"e-gallery-image elementor-gallery-item__image\" data-thumbnail=\"https:\/\/condamine.edu.ec\/wp-content\/uploads\/2024\/10\/DSC_1332-300x200.jpg\" data-width=\"300\" data-height=\"200\" aria-label=\"\" role=\"img\" ><\/div>\n\t\t\t\t\t\t\t\t\t\t\t<div class=\"elementor-gallery-item__overlay\"><\/div>\n\t\t\t\t\t\t\t\t\t\t\t\t\t\t<\/a>\n\t\t\t\t\t\t\t<a class=\"e-gallery-item elementor-gallery-item elementor-animated-content\" href=\"https:\/\/condamine.edu.ec\/wp-content\/uploads\/2024\/10\/DSC_0854.jpg\" data-elementor-open-lightbox=\"yes\" data-elementor-lightbox-slideshow=\"95606ca\" data-elementor-lightbox-title=\"DSC_0854\" data-e-action-hash=\"#elementor-action%3Aaction%3Dlightbox%26settings%3DeyJpZCI6MjIzMjMsInVybCI6Imh0dHBzOlwvXC9jb25kYW1pbmUuZWR1LmVjXC93cC1jb250ZW50XC91cGxvYWRzXC8yMDI0XC8xMFwvRFNDXzA4NTQuanBnIiwic2xpZGVzaG93IjoiOTU2MDZjYSJ9\">\n\t\t\t\t\t<div class=\"e-gallery-image elementor-gallery-item__image\" data-thumbnail=\"https:\/\/condamine.edu.ec\/wp-content\/uploads\/2024\/10\/DSC_0854-300x200.jpg\" data-width=\"300\" data-height=\"200\" aria-label=\"\" role=\"img\" ><\/div>\n\t\t\t\t\t\t\t\t\t\t\t<div class=\"elementor-gallery-item__overlay\"><\/div>\n\t\t\t\t\t\t\t\t\t\t\t\t\t\t<\/a>\n\t\t\t\t\t\t\t<a class=\"e-gallery-item elementor-gallery-item elementor-animated-content\" href=\"https:\/\/condamine.edu.ec\/wp-content\/uploads\/2024\/10\/DSC_0419.jpg\" data-elementor-open-lightbox=\"yes\" data-elementor-lightbox-slideshow=\"95606ca\" data-elementor-lightbox-title=\"DSC_0419\" data-e-action-hash=\"#elementor-action%3Aaction%3Dlightbox%26settings%3DeyJpZCI6MjIzMTcsInVybCI6Imh0dHBzOlwvXC9jb25kYW1pbmUuZWR1LmVjXC93cC1jb250ZW50XC91cGxvYWRzXC8yMDI0XC8xMFwvRFNDXzA0MTkuanBnIiwic2xpZGVzaG93IjoiOTU2MDZjYSJ9\">\n\t\t\t\t\t<div class=\"e-gallery-image elementor-gallery-item__image\" data-thumbnail=\"https:\/\/condamine.edu.ec\/wp-content\/uploads\/2024\/10\/DSC_0419-300x200.jpg\" data-width=\"300\" data-height=\"200\" aria-label=\"\" role=\"img\" ><\/div>\n\t\t\t\t\t\t\t\t\t\t\t<div class=\"elementor-gallery-item__overlay\"><\/div>\n\t\t\t\t\t\t\t\t\t\t\t\t\t\t<\/a>\n\t\t\t\t\t\t\t<a class=\"e-gallery-item elementor-gallery-item elementor-animated-content\" href=\"https:\/\/condamine.edu.ec\/wp-content\/uploads\/2024\/10\/DSC_0345.jpg\" data-elementor-open-lightbox=\"yes\" data-elementor-lightbox-slideshow=\"95606ca\" data-elementor-lightbox-title=\"DSC_0345\" data-e-action-hash=\"#elementor-action%3Aaction%3Dlightbox%26settings%3DeyJpZCI6MjIzMTQsInVybCI6Imh0dHBzOlwvXC9jb25kYW1pbmUuZWR1LmVjXC93cC1jb250ZW50XC91cGxvYWRzXC8yMDI0XC8xMFwvRFNDXzAzNDUuanBnIiwic2xpZGVzaG93IjoiOTU2MDZjYSJ9\">\n\t\t\t\t\t<div class=\"e-gallery-image elementor-gallery-item__image\" data-thumbnail=\"https:\/\/condamine.edu.ec\/wp-content\/uploads\/2024\/10\/DSC_0345-300x200.jpg\" data-width=\"300\" data-height=\"200\" aria-label=\"\" role=\"img\" ><\/div>\n\t\t\t\t\t\t\t\t\t\t\t<div class=\"elementor-gallery-item__overlay\"><\/div>\n\t\t\t\t\t\t\t\t\t\t\t\t\t\t<\/a>\n\t\t\t\t\t\t\t<a class=\"e-gallery-item elementor-gallery-item elementor-animated-content\" href=\"https:\/\/condamine.edu.ec\/wp-content\/uploads\/2024\/10\/2024-pases.jpg\" data-elementor-open-lightbox=\"yes\" data-elementor-lightbox-slideshow=\"95606ca\" data-elementor-lightbox-title=\"2024 pases\" data-e-action-hash=\"#elementor-action%3Aaction%3Dlightbox%26settings%3DeyJpZCI6MjIzMTEsInVybCI6Imh0dHBzOlwvXC9jb25kYW1pbmUuZWR1LmVjXC93cC1jb250ZW50XC91cGxvYWRzXC8yMDI0XC8xMFwvMjAyNC1wYXNlcy5qcGciLCJzbGlkZXNob3ciOiI5NTYwNmNhIn0%3D\">\n\t\t\t\t\t<div class=\"e-gallery-image elementor-gallery-item__image\" data-thumbnail=\"https:\/\/condamine.edu.ec\/wp-content\/uploads\/2024\/10\/2024-pases-300x169.jpg\" data-width=\"300\" data-height=\"169\" aria-label=\"\" role=\"img\" ><\/div>\n\t\t\t\t\t\t\t\t\t\t\t<div class=\"elementor-gallery-item__overlay\"><\/div>\n\t\t\t\t\t\t\t\t\t\t\t\t\t\t<\/a>\n\t\t\t\t\t\t\t<a class=\"e-gallery-item elementor-gallery-item elementor-animated-content\" href=\"https:\/\/condamine.edu.ec\/wp-content\/uploads\/2024\/10\/DSC_1375.jpg\" data-elementor-open-lightbox=\"yes\" data-elementor-lightbox-slideshow=\"95606ca\" data-elementor-lightbox-title=\"DSC_1375\" data-e-action-hash=\"#elementor-action%3Aaction%3Dlightbox%26settings%3DeyJpZCI6MjIzMjksInVybCI6Imh0dHBzOlwvXC9jb25kYW1pbmUuZWR1LmVjXC93cC1jb250ZW50XC91cGxvYWRzXC8yMDI0XC8xMFwvRFNDXzEzNzUuanBnIiwic2xpZGVzaG93IjoiOTU2MDZjYSJ9\">\n\t\t\t\t\t<div class=\"e-gallery-image elementor-gallery-item__image\" data-thumbnail=\"https:\/\/condamine.edu.ec\/wp-content\/uploads\/2024\/10\/DSC_1375-300x200.jpg\" data-width=\"300\" data-height=\"200\" aria-label=\"\" role=\"img\" ><\/div>\n\t\t\t\t\t\t\t\t\t\t\t<div class=\"elementor-gallery-item__overlay\"><\/div>\n\t\t\t\t\t\t\t\t\t\t\t\t\t\t<\/a>\n\t\t\t\t\t\t\t<a class=\"e-gallery-item elementor-gallery-item elementor-animated-content\" href=\"https:\/\/condamine.edu.ec\/wp-content\/uploads\/2024\/10\/DSC_1479.jpg\" data-elementor-open-lightbox=\"yes\" data-elementor-lightbox-slideshow=\"95606ca\" data-elementor-lightbox-title=\"DSC_1479\" data-e-action-hash=\"#elementor-action%3Aaction%3Dlightbox%26settings%3DeyJpZCI6MjIzMDUsInVybCI6Imh0dHBzOlwvXC9jb25kYW1pbmUuZWR1LmVjXC93cC1jb250ZW50XC91cGxvYWRzXC8yMDI0XC8xMFwvRFNDXzE0NzkuanBnIiwic2xpZGVzaG93IjoiOTU2MDZjYSJ9\">\n\t\t\t\t\t<div class=\"e-gallery-image elementor-gallery-item__image\" data-thumbnail=\"https:\/\/condamine.edu.ec\/wp-content\/uploads\/2024\/10\/DSC_1479-300x200.jpg\" data-width=\"300\" data-height=\"200\" aria-label=\"\" role=\"img\" ><\/div>\n\t\t\t\t\t\t\t\t\t\t\t<div class=\"elementor-gallery-item__overlay\"><\/div>\n\t\t\t\t\t\t\t\t\t\t\t\t\t\t<\/a>\n\t\t\t\t\t<\/div>\n\t\t\t\t\t<\/div>\n\t\t\t\t<\/div>\n\t\t\t\t\t<\/div>\n\t\t\t\t<\/div>\n\t\t\t\t<\/div>\n\t\t","protected":false},"excerpt":{"rendered":"<p>PRIMARIA (CP, CE1, CE2, CM1, CM2) Construir los fundamentos. Proporcionar una base s\u00f3lida para el conocimiento, la investigaci\u00f3n y el \u00e9xito acad\u00e9mico. La escuela primaria tiene cinco niveles, del CP al CM2 (de 6 a 11 a\u00f1os), que permitir\u00e1n a los alumnos desarrollar progresivamente su dominio de las herramientas fundamentales. \u00a0 El Lyc\u00e9e La Condamine [&hellip;]<\/p>\n","protected":false},"author":2,"featured_media":0,"parent":0,"menu_order":0,"comment_status":"closed","ping_status":"closed","template":"","meta":{"footnotes":""},"class_list":["post-24280","page","type-page","status-publish","hentry"],"_links":{"self":[{"href":"https:\/\/condamine.edu.ec\/index.php?rest_route=\/wp\/v2\/pages\/24280","targetHints":{"allow":["GET"]}}],"collection":[{"href":"https:\/\/condamine.edu.ec\/index.php?rest_route=\/wp\/v2\/pages"}],"about":[{"href":"https:\/\/condamine.edu.ec\/index.php?rest_route=\/wp\/v2\/types\/page"}],"author":[{"embeddable":true,"href":"https:\/\/condamine.edu.ec\/index.php?rest_route=\/wp\/v2\/users\/2"}],"replies":[{"embeddable":true,"href":"https:\/\/condamine.edu.ec\/index.php?rest_route=%2Fwp%2Fv2%2Fcomments&post=24280"}],"version-history":[{"count":4,"href":"https:\/\/condamine.edu.ec\/index.php?rest_route=\/wp\/v2\/pages\/24280\/revisions"}],"predecessor-version":[{"id":24284,"href":"https:\/\/condamine.edu.ec\/index.php?rest_route=\/wp\/v2\/pages\/24280\/revisions\/24284"}],"wp:attachment":[{"href":"https:\/\/condamine.edu.ec\/index.php?rest_route=%2Fwp%2Fv2%2Fmedia&parent=24280"}],"curies":[{"name":"wp","href":"https:\/\/api.w.org\/{rel}","templated":true}]}}