{"id":24269,"date":"2024-10-30T11:25:57","date_gmt":"2024-10-30T16:25:57","guid":{"rendered":"https:\/\/condamine.edu.ec\/?page_id=24269"},"modified":"2024-10-31T18:58:50","modified_gmt":"2024-10-31T23:58:50","slug":"education-a-lorientation","status":"publish","type":"page","link":"https:\/\/condamine.edu.ec\/?page_id=24269&lang=es","title":{"rendered":"Educaci\u00f3n de orientaci\u00f3n vocacional"},"content":{"rendered":"\t\t<div data-elementor-type=\"wp-page\" data-elementor-id=\"24269\" class=\"elementor elementor-24269 elementor-22641\" data-elementor-post-type=\"page\">\n\t\t\t\t<div class=\"elementor-element elementor-element-6e5d2da e-flex e-con-boxed e-con e-parent\" data-id=\"6e5d2da\" data-element_type=\"container\" data-e-type=\"container\">\n\t\t\t\t\t<div class=\"e-con-inner\">\n\t\t\t\t<div class=\"elementor-element elementor-element-97f1126 elementor-widget elementor-widget-spacer\" data-id=\"97f1126\" data-element_type=\"widget\" data-e-type=\"widget\" data-widget_type=\"spacer.default\">\n\t\t\t\t<div class=\"elementor-widget-container\">\n\t\t\t\t\t\t\t<div class=\"elementor-spacer\">\n\t\t\t<div class=\"elementor-spacer-inner\"><\/div>\n\t\t<\/div>\n\t\t\t\t\t\t<\/div>\n\t\t\t\t<\/div>\n\t\t\t\t\t<\/div>\n\t\t\t\t<\/div>\n\t\t<div class=\"elementor-element elementor-element-1b409c2 e-con-full e-flex e-con e-parent\" data-id=\"1b409c2\" data-element_type=\"container\" data-e-type=\"container\">\n\t\t\t\t<div class=\"elementor-element elementor-element-b4280a7 elementor-widget elementor-widget-heading\" data-id=\"b4280a7\" data-element_type=\"widget\" data-e-type=\"widget\" data-widget_type=\"heading.default\">\n\t\t\t\t<div class=\"elementor-widget-container\">\n\t\t\t\t\t<h2 class=\"elementor-heading-title elementor-size-default\">Educaci\u00f3n de orientaci\u00f3n vocacional<\/h2>\t\t\t\t<\/div>\n\t\t\t\t<\/div>\n\t\t\t\t<\/div>\n\t\t<div class=\"elementor-element elementor-element-7b59a90 e-flex e-con-boxed e-con e-parent\" data-id=\"7b59a90\" data-element_type=\"container\" data-e-type=\"container\">\n\t\t\t\t\t<div class=\"e-con-inner\">\n\t\t\t\t<div class=\"elementor-element elementor-element-f314553 elementor-widget elementor-widget-spacer\" data-id=\"f314553\" data-element_type=\"widget\" data-e-type=\"widget\" data-widget_type=\"spacer.default\">\n\t\t\t\t<div class=\"elementor-widget-container\">\n\t\t\t\t\t\t\t<div class=\"elementor-spacer\">\n\t\t\t<div class=\"elementor-spacer-inner\"><\/div>\n\t\t<\/div>\n\t\t\t\t\t\t<\/div>\n\t\t\t\t<\/div>\n\t\t\t\t\t<\/div>\n\t\t\t\t<\/div>\n\t\t<div class=\"elementor-element elementor-element-aeeffb8 e-con-full e-flex e-con e-parent\" data-id=\"aeeffb8\" data-element_type=\"container\" data-e-type=\"container\">\n\t\t<div class=\"elementor-element elementor-element-4424925 e-con-full e-flex e-con e-child\" data-id=\"4424925\" data-element_type=\"container\" data-e-type=\"container\">\n\t\t\t\t<div class=\"elementor-element elementor-element-9f2bf4e elementor-widget elementor-widget-text-editor\" data-id=\"9f2bf4e\" data-element_type=\"widget\" data-e-type=\"widget\" data-widget_type=\"text-editor.default\">\n\t\t\t\t<div class=\"elementor-widget-container\">\n\t\t\t\t\t\t\t\t\t<p>Los alumnos del Colegio La Condamine construyen su orientaci\u00f3n desde el tercer curso de secundaria a trav\u00e9s del programa \u00ab<strong>Avenir<\/strong>\u00bb, que consiste en una serie de actividades dise\u00f1adas para <strong>ayudar a los j\u00f3venes a conocerse mejor a s\u00ed mismos<\/strong>, <strong>descubrir el mundo laboral<\/strong> y <strong>aprender sobre la educaci\u00f3n superior en Francia y en todo el mundo<\/strong>.<\/p><p>\u00a0<\/p><p>El Liceo La Condamine es consciente de la importancia de la orientaci\u00f3n profesional en la educaci\u00f3n de los estudiantes de educaci\u00f3n b\u00e1sica superior y bachillerato, y desde 2010 ofrece <strong>talleres semanales de orientaci\u00f3n profesional<\/strong> como parte del horario para los estudiantes de 10mo de E.B. a tercero de bachillerato.<\/p>\t\t\t\t\t\t\t\t<\/div>\n\t\t\t\t<\/div>\n\t\t\t\t<\/div>\n\t\t<div class=\"elementor-element elementor-element-951983e e-con-full e-flex e-con e-child\" data-id=\"951983e\" data-element_type=\"container\" data-e-type=\"container\">\n\t\t\t\t<div class=\"elementor-element elementor-element-406c190 elementor-widget elementor-widget-image\" data-id=\"406c190\" data-element_type=\"widget\" data-e-type=\"widget\" data-widget_type=\"image.default\">\n\t\t\t\t<div class=\"elementor-widget-container\">\n\t\t\t\t\t\t\t\t\t\t\t\t\t\t\t<img fetchpriority=\"high\" decoding=\"async\" width=\"675\" height=\"450\" src=\"https:\/\/condamine.edu.ec\/wp-content\/uploads\/2024\/10\/eio_6.jpg\" class=\"attachment-large size-large wp-image-22651\" alt=\"\" srcset=\"https:\/\/condamine.edu.ec\/wp-content\/uploads\/2024\/10\/eio_6.jpg 675w, https:\/\/condamine.edu.ec\/wp-content\/uploads\/2024\/10\/eio_6-300x200.jpg 300w, https:\/\/condamine.edu.ec\/wp-content\/uploads\/2024\/10\/eio_6-370x247.jpg 370w\" sizes=\"(max-width: 675px) 100vw, 675px\" \/>\t\t\t\t\t\t\t\t\t\t\t\t\t\t\t<\/div>\n\t\t\t\t<\/div>\n\t\t\t\t<\/div>\n\t\t\t\t<\/div>\n\t\t<div class=\"elementor-element elementor-element-a116498 e-con-full e-flex e-con e-parent\" data-id=\"a116498\" data-element_type=\"container\" data-e-type=\"container\">\n\t\t<div class=\"elementor-element elementor-element-d6fdd37 e-con-full e-flex e-con e-child\" data-id=\"d6fdd37\" data-element_type=\"container\" data-e-type=\"container\">\n\t\t\t\t<div class=\"elementor-element elementor-element-1b0a66d elementor-widget elementor-widget-image\" data-id=\"1b0a66d\" data-element_type=\"widget\" data-e-type=\"widget\" data-settings=\"{&quot;motion_fx_motion_fx_scrolling&quot;:&quot;yes&quot;,&quot;motion_fx_translateY_effect&quot;:&quot;yes&quot;,&quot;motion_fx_translateY_speed&quot;:{&quot;unit&quot;:&quot;px&quot;,&quot;size&quot;:4,&quot;sizes&quot;:[]},&quot;motion_fx_translateY_affectedRange&quot;:{&quot;unit&quot;:&quot;%&quot;,&quot;size&quot;:&quot;&quot;,&quot;sizes&quot;:{&quot;start&quot;:0,&quot;end&quot;:100}},&quot;motion_fx_devices&quot;:[&quot;desktop&quot;,&quot;tablet&quot;,&quot;mobile&quot;]}\" data-widget_type=\"image.default\">\n\t\t\t\t<div class=\"elementor-widget-container\">\n\t\t\t\t\t\t\t\t\t\t\t\t\t\t\t<img decoding=\"async\" src=\"https:\/\/condamine.edu.ec\/wp-content\/uploads\/elementor\/thumbs\/lenin-villagomez-web-qwbuaib068l2fajr40p2wts56nrhkoyb4i3j0rc5uo.png\" title=\"lenin-villagomez-web\" alt=\"lenin-villagomez-web\" loading=\"lazy\" \/>\t\t\t\t\t\t\t\t\t\t\t\t\t\t\t<\/div>\n\t\t\t\t<\/div>\n\t\t\t\t<\/div>\n\t\t<div class=\"elementor-element elementor-element-5fdedf2 e-con-full e-flex e-con e-child\" data-id=\"5fdedf2\" data-element_type=\"container\" data-e-type=\"container\">\n\t\t\t\t<div class=\"elementor-element elementor-element-baf1ebf elementor-widget elementor-widget-text-editor\" data-id=\"baf1ebf\" data-element_type=\"widget\" data-e-type=\"widget\" data-widget_type=\"text-editor.default\">\n\t\t\t\t<div class=\"elementor-widget-container\">\n\t\t\t\t\t\t\t\t\t<p>El Sr. Villagomez, <strong>PRIO<\/strong> (Profesor Responsable de Informaci\u00f3n y Orientaci\u00f3n) est\u00e1 a cargo de los proyectos de orientaci\u00f3n y dirige los talleres con todos los miembros de la comunidad educativa.<\/p><p>\u00a0<\/p><p>Estas iniciativas de orientaci\u00f3n incluyen periodos de pr\u00e1cticas en 10mo de E.B. y primero de bachillerato, <strong>foros sobre carreras profesionales<\/strong>, <strong>ferias de formaci\u00f3n<\/strong>, <strong>reuniones informativas con las familias<\/strong>, <strong>encuentros con antiguos alumnos<\/strong>, <strong>salidas pedag\u00f3gicas a universidades y empresas locales<\/strong> y <strong>entrevistas individuales<\/strong> continuas.<\/p>\t\t\t\t\t\t\t\t<\/div>\n\t\t\t\t<\/div>\n\t\t\t\t<\/div>\n\t\t\t\t<\/div>\n\t\t<div class=\"elementor-element elementor-element-74c913d e-con-full e-flex e-con e-parent\" data-id=\"74c913d\" data-element_type=\"container\" data-e-type=\"container\">\n\t\t<div class=\"elementor-element elementor-element-c35da11 e-con-full e-flex e-con e-child\" data-id=\"c35da11\" data-element_type=\"container\" data-e-type=\"container\">\n\t\t\t\t<div class=\"elementor-element elementor-element-8cddbc7 elementor-widget elementor-widget-text-editor\" data-id=\"8cddbc7\" data-element_type=\"widget\" data-e-type=\"widget\" data-widget_type=\"text-editor.default\">\n\t\t\t\t<div class=\"elementor-widget-container\">\n\t\t\t\t\t\t\t\t\t<p>Gracias al programa \u201cAvenir\u201d, cada alumno elabora progresivamente su plan de carrera individual y recibe apoyo en sus opciones de ense\u00f1anza secundaria y universitaria. Francia sigue siendo el destino elegido por nuestros futuros estudiantes, con casi el 65% de nuestros alumnos de \u00faltimo curso, seguido de Ecuador con casi el 30%. Gracias a una s\u00f3lida formaci\u00f3n acad\u00e9mica y a una orientaci\u00f3n permanente, nuestros futuros estudiantes disponen de las herramientas necesarias para asegurarse un brillante futuro profesional y personal.<\/p>\t\t\t\t\t\t\t\t<\/div>\n\t\t\t\t<\/div>\n\t\t\t\t<\/div>\n\t\t\t\t<\/div>\n\t\t<div class=\"elementor-element elementor-element-8af06fb e-flex e-con-boxed e-con e-parent\" data-id=\"8af06fb\" data-element_type=\"container\" data-e-type=\"container\">\n\t\t\t\t\t<div class=\"e-con-inner\">\n\t\t\t\t<div class=\"elementor-element elementor-element-1d5e621 elementor-align-center elementor-widget elementor-widget-button\" data-id=\"1d5e621\" data-element_type=\"widget\" data-e-type=\"widget\" data-widget_type=\"button.default\">\n\t\t\t\t<div class=\"elementor-widget-container\">\n\t\t\t\t\t\t\t\t\t<div class=\"elementor-button-wrapper\">\n\t\t\t\t\t<a class=\"elementor-button elementor-button-link elementor-size-sm\" href=\"mailto:villagomez.lenin@condamine.edu.ec\">\n\t\t\t\t\t\t<span class=\"elementor-button-content-wrapper\">\n\t\t\t\t\t\t\t\t\t<span class=\"elementor-button-text\">CONTACTAR AL SR. VILLAGOMEZ<\/span>\n\t\t\t\t\t<\/span>\n\t\t\t\t\t<\/a>\n\t\t\t\t<\/div>\n\t\t\t\t\t\t\t\t<\/div>\n\t\t\t\t<\/div>\n\t\t\t\t\t<\/div>\n\t\t\t\t<\/div>\n\t\t\t\t<\/div>\n\t\t","protected":false},"excerpt":{"rendered":"<p>Educaci\u00f3n de orientaci\u00f3n vocacional Los alumnos del Colegio La Condamine construyen su orientaci\u00f3n desde el tercer curso de secundaria a trav\u00e9s del programa \u00abAvenir\u00bb, que consiste en una serie de actividades dise\u00f1adas para ayudar a los j\u00f3venes a conocerse mejor a s\u00ed mismos, descubrir el mundo laboral y aprender sobre la educaci\u00f3n superior en Francia [&hellip;]<\/p>\n","protected":false},"author":2,"featured_media":0,"parent":0,"menu_order":0,"comment_status":"closed","ping_status":"closed","template":"","meta":{"footnotes":""},"class_list":["post-24269","page","type-page","status-publish","hentry"],"_links":{"self":[{"href":"https:\/\/condamine.edu.ec\/index.php?rest_route=\/wp\/v2\/pages\/24269","targetHints":{"allow":["GET"]}}],"collection":[{"href":"https:\/\/condamine.edu.ec\/index.php?rest_route=\/wp\/v2\/pages"}],"about":[{"href":"https:\/\/condamine.edu.ec\/index.php?rest_route=\/wp\/v2\/types\/page"}],"author":[{"embeddable":true,"href":"https:\/\/condamine.edu.ec\/index.php?rest_route=\/wp\/v2\/users\/2"}],"replies":[{"embeddable":true,"href":"https:\/\/condamine.edu.ec\/index.php?rest_route=%2Fwp%2Fv2%2Fcomments&post=24269"}],"version-history":[{"count":4,"href":"https:\/\/condamine.edu.ec\/index.php?rest_route=\/wp\/v2\/pages\/24269\/revisions"}],"predecessor-version":[{"id":24274,"href":"https:\/\/condamine.edu.ec\/index.php?rest_route=\/wp\/v2\/pages\/24269\/revisions\/24274"}],"wp:attachment":[{"href":"https:\/\/condamine.edu.ec\/index.php?rest_route=%2Fwp%2Fv2%2Fmedia&parent=24269"}],"curies":[{"name":"wp","href":"https:\/\/api.w.org\/{rel}","templated":true}]}}