{"id":24080,"date":"2024-10-29T14:17:04","date_gmt":"2024-10-29T19:17:04","guid":{"rendered":"https:\/\/condamine.edu.ec\/?page_id=24080"},"modified":"2025-05-20T10:17:35","modified_gmt":"2025-05-20T15:17:35","slug":"parcours-americain-secondaire","status":"publish","type":"page","link":"https:\/\/condamine.edu.ec\/?page_id=24080&lang=es","title":{"rendered":"Itinerario Americano (Secundaria)"},"content":{"rendered":"\t\t<div data-elementor-type=\"wp-page\" data-elementor-id=\"24080\" class=\"elementor elementor-24080 elementor-22516\" data-elementor-post-type=\"page\">\n\t\t\t\t<div class=\"elementor-element elementor-element-6e5d2da e-flex e-con-boxed e-con e-parent\" data-id=\"6e5d2da\" data-element_type=\"container\" data-e-type=\"container\">\n\t\t\t\t\t<div class=\"e-con-inner\">\n\t\t\t\t<div class=\"elementor-element elementor-element-97f1126 elementor-widget elementor-widget-spacer\" data-id=\"97f1126\" data-element_type=\"widget\" data-e-type=\"widget\" data-widget_type=\"spacer.default\">\n\t\t\t\t<div class=\"elementor-widget-container\">\n\t\t\t\t\t\t\t<div class=\"elementor-spacer\">\n\t\t\t<div class=\"elementor-spacer-inner\"><\/div>\n\t\t<\/div>\n\t\t\t\t\t\t<\/div>\n\t\t\t\t<\/div>\n\t\t\t\t\t<\/div>\n\t\t\t\t<\/div>\n\t\t<div class=\"elementor-element elementor-element-1b409c2 e-con-full e-flex e-con e-parent\" data-id=\"1b409c2\" data-element_type=\"container\" data-e-type=\"container\">\n\t\t\t\t<div class=\"elementor-element elementor-element-b4280a7 elementor-widget elementor-widget-heading\" data-id=\"b4280a7\" data-element_type=\"widget\" data-e-type=\"widget\" data-widget_type=\"heading.default\">\n\t\t\t\t<div class=\"elementor-widget-container\">\n\t\t\t\t\t<h2 class=\"elementor-heading-title elementor-size-default\">Itinerario Americano (Secundaria)<\/h2>\t\t\t\t<\/div>\n\t\t\t\t<\/div>\n\t\t\t\t<\/div>\n\t\t<div class=\"elementor-element elementor-element-58bcb36 e-flex e-con-boxed e-con e-parent\" data-id=\"58bcb36\" data-element_type=\"container\" data-e-type=\"container\">\n\t\t\t\t\t<div class=\"e-con-inner\">\n\t\t\t\t<div class=\"elementor-element elementor-element-5eee1df elementor-widget elementor-widget-spacer\" data-id=\"5eee1df\" data-element_type=\"widget\" data-e-type=\"widget\" data-widget_type=\"spacer.default\">\n\t\t\t\t<div class=\"elementor-widget-container\">\n\t\t\t\t\t\t\t<div class=\"elementor-spacer\">\n\t\t\t<div class=\"elementor-spacer-inner\"><\/div>\n\t\t<\/div>\n\t\t\t\t\t\t<\/div>\n\t\t\t\t<\/div>\n\t\t\t\t\t<\/div>\n\t\t\t\t<\/div>\n\t\t<div class=\"elementor-element elementor-element-728b799 e-flex e-con-boxed e-con e-parent\" data-id=\"728b799\" data-element_type=\"container\" data-e-type=\"container\">\n\t\t\t\t\t<div class=\"e-con-inner\">\n\t\t\t\t<div class=\"elementor-element elementor-element-2fc9a3d elementor-widget elementor-widget-image\" data-id=\"2fc9a3d\" data-element_type=\"widget\" data-e-type=\"widget\" data-widget_type=\"image.default\">\n\t\t\t\t<div class=\"elementor-widget-container\">\n\t\t\t\t\t\t\t\t\t\t\t\t\t\t\t<img fetchpriority=\"high\" decoding=\"async\" width=\"800\" height=\"224\" src=\"https:\/\/condamine.edu.ec\/wp-content\/uploads\/2024\/10\/PARLE_LOGOAEFE_LOGO-1024x287.png\" class=\"attachment-large size-large wp-image-22119\" alt=\"\" srcset=\"https:\/\/condamine.edu.ec\/wp-content\/uploads\/2024\/10\/PARLE_LOGOAEFE_LOGO-1024x287.png 1024w, https:\/\/condamine.edu.ec\/wp-content\/uploads\/2024\/10\/PARLE_LOGOAEFE_LOGO-300x84.png 300w, https:\/\/condamine.edu.ec\/wp-content\/uploads\/2024\/10\/PARLE_LOGOAEFE_LOGO-768x215.png 768w, https:\/\/condamine.edu.ec\/wp-content\/uploads\/2024\/10\/PARLE_LOGOAEFE_LOGO-370x104.png 370w, https:\/\/condamine.edu.ec\/wp-content\/uploads\/2024\/10\/PARLE_LOGOAEFE_LOGO-770x216.png 770w, https:\/\/condamine.edu.ec\/wp-content\/uploads\/2024\/10\/PARLE_LOGOAEFE_LOGO.png 1191w\" sizes=\"(max-width: 800px) 100vw, 800px\" \/>\t\t\t\t\t\t\t\t\t\t\t\t\t\t\t<\/div>\n\t\t\t\t<\/div>\n\t\t\t\t\t<\/div>\n\t\t\t\t<\/div>\n\t\t<div class=\"elementor-element elementor-element-68e96f9 e-flex e-con-boxed e-con e-parent\" data-id=\"68e96f9\" data-element_type=\"container\" data-e-type=\"container\">\n\t\t\t\t\t<div class=\"e-con-inner\">\n\t\t<div class=\"elementor-element elementor-element-d8ea286 e-con-full e-flex e-con e-child\" data-id=\"d8ea286\" data-element_type=\"container\" data-e-type=\"container\">\n\t\t\t\t<div class=\"elementor-element elementor-element-ef15456 elementor-widget elementor-widget-text-editor\" data-id=\"ef15456\" data-element_type=\"widget\" data-e-type=\"widget\" data-widget_type=\"text-editor.default\">\n\t\t\t\t<div class=\"elementor-widget-container\">\n\t\t\t\t\t\t\t\t\t<h2>Objectivos :<\/h2><p>\u25cf Aumentar su nivel de ingl\u00e9s y desarrollar el conocimiento de la cultura americana.<\/p><p>\u00a0<\/p><p>\u25cf Proporcionar las bases para el bachillerato con menci\u00f3n DNL en ingl\u00e9s o para el Bachillerato Internacional Franc\u00e9s-Americano.<\/p>\t\t\t\t\t\t\t\t<\/div>\n\t\t\t\t<\/div>\n\t\t\t\t<\/div>\n\t\t\t\t\t<\/div>\n\t\t\t\t<\/div>\n\t\t<div class=\"elementor-element elementor-element-aeeffb8 e-con-full e-flex e-con e-parent\" data-id=\"aeeffb8\" data-element_type=\"container\" data-e-type=\"container\">\n\t\t<div class=\"elementor-element elementor-element-4424925 e-con-full e-flex e-con e-child\" data-id=\"4424925\" data-element_type=\"container\" data-e-type=\"container\">\n\t\t\t\t<div class=\"elementor-element elementor-element-24b1bd9 elementor-widget__width-initial elementor-widget elementor-widget-image\" data-id=\"24b1bd9\" data-element_type=\"widget\" data-e-type=\"widget\" data-widget_type=\"image.default\">\n\t\t\t\t<div class=\"elementor-widget-container\">\n\t\t\t\t\t\t\t\t\t\t\t\t\t\t\t<img decoding=\"async\" src=\"https:\/\/condamine.edu.ec\/wp-content\/uploads\/elementor\/thumbs\/parcours-americain-1-qwabxekkfrdi4ngqmgsauvlb028ln3i4xqilpchra0.png\" title=\"parcours americain 1\" alt=\"parcours americain 1\" loading=\"lazy\" \/>\t\t\t\t\t\t\t\t\t\t\t\t\t\t\t<\/div>\n\t\t\t\t<\/div>\n\t\t\t\t<\/div>\n\t\t<div class=\"elementor-element elementor-element-951983e e-con-full e-flex e-con e-child\" data-id=\"951983e\" data-element_type=\"container\" data-e-type=\"container\">\n\t\t\t\t<div class=\"elementor-element elementor-element-b69f0a0 elementor-widget elementor-widget-text-editor\" data-id=\"b69f0a0\" data-element_type=\"widget\" data-e-type=\"widget\" data-widget_type=\"text-editor.default\">\n\t\t\t\t<div class=\"elementor-widget-container\">\n\t\t\t\t\t\t\t\t\t<div class=\"text\"><h4 dir=\"ltr\">ASIGNATURAS ESPEC\u00cdFICAS EN GRUPO<\/h4><p dir=\"ltr\">Los alumnos inscritos en el Parcours Am\u00e9ricain son reunidos para seguir los tres cursos (DNL, Ingl\u00e9s Moderno y Cultura Americana) en grupo.\u00a0<br \/><br \/><\/p><h4 dir=\"ltr\">COMPROMISO ANUAL\u00a0<\/h4><p dir=\"ltr\">Los alumnos inscritos en el Parcours Am\u00e9ricain se comprometen\u00a0por un a\u00f1o completo. Pueden incorporarse o abandonar el programa el a\u00f1o escolar siguiente.<\/p><\/div>\t\t\t\t\t\t\t\t<\/div>\n\t\t\t\t<\/div>\n\t\t\t\t<\/div>\n\t\t\t\t<\/div>\n\t\t<div class=\"elementor-element elementor-element-bc85f8c e-con-full e-flex e-con e-parent\" data-id=\"bc85f8c\" data-element_type=\"container\" data-e-type=\"container\" data-settings=\"{&quot;background_background&quot;:&quot;classic&quot;}\">\n\t\t<div class=\"elementor-element elementor-element-d3b67fa e-con-full e-flex e-con e-child\" data-id=\"d3b67fa\" data-element_type=\"container\" data-e-type=\"container\">\n\t\t\t\t<div class=\"elementor-element elementor-element-9cd50de elementor-widget elementor-widget-heading\" data-id=\"9cd50de\" data-element_type=\"widget\" data-e-type=\"widget\" data-widget_type=\"heading.default\">\n\t\t\t\t<div class=\"elementor-widget-container\">\n\t\t\t\t\t<h2 class=\"elementor-heading-title elementor-size-default\">\nCARGA HORARIA<\/h2>\t\t\t\t<\/div>\n\t\t\t\t<\/div>\n\t\t\t\t<\/div>\n\t\t\t\t<\/div>\n\t\t<div class=\"elementor-element elementor-element-e461b73 e-con-full e-flex e-con e-parent\" data-id=\"e461b73\" data-element_type=\"container\" data-e-type=\"container\">\n\t\t<div class=\"elementor-element elementor-element-ce86ba7 e-con-full e-flex e-con e-child\" data-id=\"ce86ba7\" data-element_type=\"container\" data-e-type=\"container\">\n\t\t\t\t<div class=\"elementor-element elementor-element-af60b30 elementor-widget elementor-widget-text-editor\" data-id=\"af60b30\" data-element_type=\"widget\" data-e-type=\"widget\" data-widget_type=\"text-editor.default\">\n\t\t\t\t<div class=\"elementor-widget-container\">\n\t\t\t\t\t\t\t\t\t<p dir=\"ltr\">El Parcours Am\u00e9ricain en secundaria, que permite la continuidad de la Secci\u00f3n Internacional en primaria, puede iniciarse tambi\u00e9n entre 6\u00e8me y 2nde.\u00a0<\/p><p dir=\"ltr\">\u00a0<\/p><p dir=\"ltr\">Concilia las\u00a0exigencias de la doble acreditaci\u00f3n ecuatoriana y francesa, reforzando al mismo tiempo el aprendizaje del ingl\u00e9s y de la Cultura Americana.\u00a0<\/p><p dir=\"ltr\">\u00a0<\/p><p dir=\"ltr\">En efecto :<\/p><p dir=\"ltr\">\u00a0<\/p><p dir=\"ltr\">&#8211; El horario incluye el n\u00famero de horas exigidas por el Ministerio de Educaci\u00f3n Franc\u00e9s, m\u00e1s Espa\u00f1ol y Ciencias Sociales de acuerdo con el Ministerio de Educaci\u00f3n Ecuatoriano.\u00a0<\/p><p dir=\"ltr\">\u00a0<\/p><p dir=\"ltr\">&#8211; El ingl\u00e9s se refuerza mediante una\u00a0Disciplina No Ling\u00fc\u00edstica (DNL) en ingl\u00e9s\u00a0durante un m\u00e1ximo del 50% del horario de la asignatura y un curso de\u00a0Cultura Americana que a\u00f1ade 1,5 horas\u00a0semanales al horario del alumno. Los alumnos tambi\u00e9n tienen\u00a03 horas de Ingl\u00e9s como lengua extranjera. Por lo tanto, reciben\u00a0un total de 6H\u00a0de clases en ingl\u00e9s (en lugar de las 3H de un horario tradicional) con una carga horaria adicional de s\u00f3lo 1,5H.<\/p>\t\t\t\t\t\t\t\t<\/div>\n\t\t\t\t<\/div>\n\t\t\t\t<\/div>\n\t\t<div class=\"elementor-element elementor-element-e8beed1 e-con-full e-flex e-con e-child\" data-id=\"e8beed1\" data-element_type=\"container\" data-e-type=\"container\">\n\t\t\t\t<div class=\"elementor-element elementor-element-6a6c171 elementor-widget elementor-widget-image\" data-id=\"6a6c171\" data-element_type=\"widget\" data-e-type=\"widget\" data-widget_type=\"image.default\">\n\t\t\t\t<div class=\"elementor-widget-container\">\n\t\t\t\t\t\t\t\t\t\t\t\t\t\t\t<img decoding=\"async\" width=\"800\" height=\"401\" src=\"https:\/\/condamine.edu.ec\/wp-content\/uploads\/2024\/10\/PARLE_3-1024x513.png\" class=\"attachment-large size-large wp-image-22129\" alt=\"\" srcset=\"https:\/\/condamine.edu.ec\/wp-content\/uploads\/2024\/10\/PARLE_3-1024x513.png 1024w, https:\/\/condamine.edu.ec\/wp-content\/uploads\/2024\/10\/PARLE_3-300x150.png 300w, https:\/\/condamine.edu.ec\/wp-content\/uploads\/2024\/10\/PARLE_3-768x385.png 768w, https:\/\/condamine.edu.ec\/wp-content\/uploads\/2024\/10\/PARLE_3-370x185.png 370w, https:\/\/condamine.edu.ec\/wp-content\/uploads\/2024\/10\/PARLE_3-770x386.png 770w, https:\/\/condamine.edu.ec\/wp-content\/uploads\/2024\/10\/PARLE_3.png 1452w\" sizes=\"(max-width: 800px) 100vw, 800px\" \/>\t\t\t\t\t\t\t\t\t\t\t\t\t\t\t<\/div>\n\t\t\t\t<\/div>\n\t\t\t\t<\/div>\n\t\t\t\t<\/div>\n\t\t<div class=\"elementor-element elementor-element-7b59a90 e-flex e-con-boxed e-con e-parent\" data-id=\"7b59a90\" data-element_type=\"container\" data-e-type=\"container\">\n\t\t\t\t\t<div class=\"e-con-inner\">\n\t\t<div class=\"elementor-element elementor-element-c22ff30 e-con-full e-flex e-con e-child\" data-id=\"c22ff30\" data-element_type=\"container\" data-e-type=\"container\">\n\t\t\t\t<\/div>\n\t\t\t\t\t<\/div>\n\t\t\t\t<\/div>\n\t\t<div class=\"elementor-element elementor-element-65ab92e e-con-full e-flex e-con e-parent\" data-id=\"65ab92e\" data-element_type=\"container\" data-e-type=\"container\" data-settings=\"{&quot;background_background&quot;:&quot;classic&quot;}\">\n\t\t<div class=\"elementor-element elementor-element-c6f2d01 e-con-full e-flex e-con e-child\" data-id=\"c6f2d01\" data-element_type=\"container\" data-e-type=\"container\">\n\t\t\t\t<div class=\"elementor-element elementor-element-11c2256 elementor-widget elementor-widget-heading\" data-id=\"11c2256\" data-element_type=\"widget\" data-e-type=\"widget\" data-widget_type=\"heading.default\">\n\t\t\t\t<div class=\"elementor-widget-container\">\n\t\t\t\t\t<h2 class=\"elementor-heading-title elementor-size-default\">DESPU\u00c9S DE SECONDE<\/h2>\t\t\t\t<\/div>\n\t\t\t\t<\/div>\n\t\t\t\t<\/div>\n\t\t\t\t<\/div>\n\t\t<div class=\"elementor-element elementor-element-aa39b8b e-flex e-con-boxed e-con e-parent\" data-id=\"aa39b8b\" data-element_type=\"container\" data-e-type=\"container\">\n\t\t\t\t\t<div class=\"e-con-inner\">\n\t\t<div class=\"elementor-element elementor-element-9497340 e-grid e-con-full e-con e-child\" data-id=\"9497340\" data-element_type=\"container\" data-e-type=\"container\">\n\t\t\t\t<div class=\"elementor-element elementor-element-133e2d4 elementor-widget elementor-widget-text-editor\" data-id=\"133e2d4\" data-element_type=\"widget\" data-e-type=\"widget\" data-widget_type=\"text-editor.default\">\n\t\t\t\t<div class=\"elementor-widget-container\">\n\t\t\t\t\t\t\t\t\t<p>Despu\u00e9s de 2nde, todos los alumnos, hayan seguido o no el <strong>Parcours Am\u00e9ricain<\/strong>, pueden solicitar el <strong>Baccalaur\u00e9at classique<\/strong> o <strong>Baccalaur\u00e9at Mention DNL<\/strong> en ingl\u00e9s o solicitar el <strong>Bac Francais International Am\u00e9ricain<\/strong>. Este \u00faltimo requiere un <strong>nivel B2 en ingl\u00e9s<\/strong>, un buen nivel de franc\u00e9s y una gran capacidad de trabajo.<\/p>\t\t\t\t\t\t\t\t<\/div>\n\t\t\t\t<\/div>\n\t\t\t\t<div class=\"elementor-element elementor-element-8341e5b elementor-widget elementor-widget-image\" data-id=\"8341e5b\" data-element_type=\"widget\" data-e-type=\"widget\" data-widget_type=\"image.default\">\n\t\t\t\t<div class=\"elementor-widget-container\">\n\t\t\t\t\t\t\t\t\t\t\t\t\t\t\t<img decoding=\"async\" width=\"800\" height=\"386\" src=\"https:\/\/condamine.edu.ec\/wp-content\/uploads\/2024\/10\/PARLE_4-1024x494.png\" class=\"attachment-large size-large wp-image-22126\" alt=\"\" srcset=\"https:\/\/condamine.edu.ec\/wp-content\/uploads\/2024\/10\/PARLE_4-1024x494.png 1024w, https:\/\/condamine.edu.ec\/wp-content\/uploads\/2024\/10\/PARLE_4-300x145.png 300w, https:\/\/condamine.edu.ec\/wp-content\/uploads\/2024\/10\/PARLE_4-768x370.png 768w, https:\/\/condamine.edu.ec\/wp-content\/uploads\/2024\/10\/PARLE_4-370x178.png 370w, https:\/\/condamine.edu.ec\/wp-content\/uploads\/2024\/10\/PARLE_4-770x371.png 770w, https:\/\/condamine.edu.ec\/wp-content\/uploads\/2024\/10\/PARLE_4.png 1500w\" sizes=\"(max-width: 800px) 100vw, 800px\" \/>\t\t\t\t\t\t\t\t\t\t\t\t\t\t\t<\/div>\n\t\t\t\t<\/div>\n\t\t\t\t<\/div>\n\t\t\t\t\t<\/div>\n\t\t\t\t<\/div>\n\t\t<div class=\"elementor-element elementor-element-5974ff2 e-flex e-con-boxed e-con e-parent\" data-id=\"5974ff2\" data-element_type=\"container\" data-e-type=\"container\">\n\t\t\t\t\t<div class=\"e-con-inner\">\n\t\t<div class=\"elementor-element elementor-element-80606a4 e-con-full e-flex e-con e-child\" data-id=\"80606a4\" data-element_type=\"container\" data-e-type=\"container\">\n\t\t\t\t<\/div>\n\t\t\t\t\t<\/div>\n\t\t\t\t<\/div>\n\t\t<div class=\"elementor-element elementor-element-ea9dacb e-con-full e-flex e-con e-parent\" data-id=\"ea9dacb\" data-element_type=\"container\" data-e-type=\"container\" data-settings=\"{&quot;background_background&quot;:&quot;classic&quot;}\">\n\t\t<div class=\"elementor-element elementor-element-bf1b7d0 e-con-full e-flex e-con e-child\" data-id=\"bf1b7d0\" data-element_type=\"container\" data-e-type=\"container\">\n\t\t\t\t<div class=\"elementor-element elementor-element-adba41f elementor-widget elementor-widget-heading\" data-id=\"adba41f\" data-element_type=\"widget\" data-e-type=\"widget\" data-widget_type=\"heading.default\">\n\t\t\t\t<div class=\"elementor-widget-container\">\n\t\t\t\t\t<h2 class=\"elementor-heading-title elementor-size-default\">SEGUIMIENTO LING\u00dc\u00cdSTICO DEL ESTUDIANTE<\/h2>\t\t\t\t<\/div>\n\t\t\t\t<\/div>\n\t\t\t\t<\/div>\n\t\t\t\t<\/div>\n\t\t<div class=\"elementor-element elementor-element-186324c e-flex e-con-boxed e-con e-parent\" data-id=\"186324c\" data-element_type=\"container\" data-e-type=\"container\">\n\t\t\t\t\t<div class=\"e-con-inner\">\n\t\t<div class=\"elementor-element elementor-element-9f27e9c e-con-full e-flex e-con e-child\" data-id=\"9f27e9c\" data-element_type=\"container\" data-e-type=\"container\">\n\t\t\t\t<\/div>\n\t\t\t\t\t<\/div>\n\t\t\t\t<\/div>\n\t\t<div class=\"elementor-element elementor-element-e9a1a7d e-grid e-con-boxed e-con e-parent\" data-id=\"e9a1a7d\" data-element_type=\"container\" data-e-type=\"container\">\n\t\t\t\t\t<div class=\"e-con-inner\">\n\t\t\t\t<div class=\"elementor-element elementor-element-fcd1b0d elementor-widget elementor-widget-image\" data-id=\"fcd1b0d\" data-element_type=\"widget\" data-e-type=\"widget\" data-widget_type=\"image.default\">\n\t\t\t\t<div class=\"elementor-widget-container\">\n\t\t\t\t\t\t\t\t\t\t\t\t\t\t\t<img loading=\"lazy\" decoding=\"async\" width=\"800\" height=\"800\" src=\"https:\/\/condamine.edu.ec\/wp-content\/uploads\/2024\/10\/parcours-americain-2-1024x1024.png\" class=\"attachment-large size-large wp-image-22519\" alt=\"\" srcset=\"https:\/\/condamine.edu.ec\/wp-content\/uploads\/2024\/10\/parcours-americain-2-1024x1024.png 1024w, https:\/\/condamine.edu.ec\/wp-content\/uploads\/2024\/10\/parcours-americain-2-300x300.png 300w, https:\/\/condamine.edu.ec\/wp-content\/uploads\/2024\/10\/parcours-americain-2-150x150.png 150w, https:\/\/condamine.edu.ec\/wp-content\/uploads\/2024\/10\/parcours-americain-2-768x769.png 768w, https:\/\/condamine.edu.ec\/wp-content\/uploads\/2024\/10\/parcours-americain-2-370x370.png 370w, https:\/\/condamine.edu.ec\/wp-content\/uploads\/2024\/10\/parcours-americain-2-459x460.png 459w, https:\/\/condamine.edu.ec\/wp-content\/uploads\/2024\/10\/parcours-americain-2-1534x1536.png 1534w, https:\/\/condamine.edu.ec\/wp-content\/uploads\/2024\/10\/parcours-americain-2-2046x2048.png 2046w\" sizes=\"(max-width: 800px) 100vw, 800px\" \/>\t\t\t\t\t\t\t\t\t\t\t\t\t\t\t<\/div>\n\t\t\t\t<\/div>\n\t\t\t\t<div class=\"elementor-element elementor-element-7ed02ec elementor-widget elementor-widget-text-editor\" data-id=\"7ed02ec\" data-element_type=\"widget\" data-e-type=\"widget\" data-widget_type=\"text-editor.default\">\n\t\t\t\t<div class=\"elementor-widget-container\">\n\t\t\t\t\t\t\t\t\t<p dir=\"ltr\">A lo largo del <strong>Parcours Am\u00e9ricain<\/strong>, los profesores eval\u00faan las competencias ling\u00fc\u00edsticas de los estudiantes. Adem\u00e1s, se realizan\u00a0pruebas\u00a0tipo Cambridge en todos los niveles (6\u00e8me a 2nde) como preparaci\u00f3n para la\u00a0<strong>Certificaci\u00f3n Cambridge<\/strong>, a la cual ser\u00e1n inscritos los alumnos siguientes :<br \/><br \/><\/p><p dir=\"ltr\">&#8211; los alumnos de 4\u00e8me que hayan cursado dos a\u00f1os sucesivos del Parcours Am\u00e9ricain,\u00a0<br \/><br \/><\/p><p dir=\"ltr\">&#8211; todos los alumnos de 2nde matriculados en el a\u00f1o en curso en el Parcours Am\u00e9ricain,<br \/><br \/><\/p><p dir=\"ltr\">&#8211; los alumnos de Terminale inscritos en la especialidad de Ingl\u00e9s del Mundo Contempor\u00e1neo o el <span class=\"il\">BFI<\/span>.<\/p>\t\t\t\t\t\t\t\t<\/div>\n\t\t\t\t<\/div>\n\t\t\t\t\t<\/div>\n\t\t\t\t<\/div>\n\t\t<div class=\"elementor-element elementor-element-7879c83 e-con-full e-flex e-con e-parent\" data-id=\"7879c83\" data-element_type=\"container\" data-e-type=\"container\">\n\t\t<div class=\"elementor-element elementor-element-4da6c92 e-con-full e-flex e-con e-child\" data-id=\"4da6c92\" data-element_type=\"container\" data-e-type=\"container\">\n\t\t\t\t<div class=\"elementor-element elementor-element-1bc4f65 elementor-widget elementor-widget-text-editor\" data-id=\"1bc4f65\" data-element_type=\"widget\" data-e-type=\"widget\" data-widget_type=\"text-editor.default\">\n\t\t\t\t<div class=\"elementor-widget-container\">\n\t\t\t\t\t\t\t\t\t<p>Adem\u00e1s, todos los alumnos de 3\u00e8me, inscritos o no en el Parcours Am\u00e9ricain, deben realizar una prueba ling\u00fc\u00edstica en ingl\u00e9s anual denominada\u00a0EVALANG, de acuerdo con las instrucciones del Ministerio de Educaci\u00f3n Franc\u00e9s.<\/p>\t\t\t\t\t\t\t\t<\/div>\n\t\t\t\t<\/div>\n\t\t\t\t<\/div>\n\t\t\t\t<\/div>\n\t\t\t\t<\/div>\n\t\t","protected":false},"excerpt":{"rendered":"<p>Itinerario Americano (Secundaria) Objectivos : \u25cf Aumentar su nivel de ingl\u00e9s y desarrollar el conocimiento de la cultura americana. \u00a0 \u25cf Proporcionar las bases para el bachillerato con menci\u00f3n DNL en ingl\u00e9s o para el Bachillerato Internacional Franc\u00e9s-Americano. ASIGNATURAS ESPEC\u00cdFICAS EN GRUPO Los alumnos inscritos en el Parcours Am\u00e9ricain son reunidos para seguir los tres [&hellip;]<\/p>\n","protected":false},"author":2,"featured_media":0,"parent":0,"menu_order":0,"comment_status":"closed","ping_status":"closed","template":"","meta":{"footnotes":""},"class_list":["post-24080","page","type-page","status-publish","hentry"],"_links":{"self":[{"href":"https:\/\/condamine.edu.ec\/index.php?rest_route=\/wp\/v2\/pages\/24080","targetHints":{"allow":["GET"]}}],"collection":[{"href":"https:\/\/condamine.edu.ec\/index.php?rest_route=\/wp\/v2\/pages"}],"about":[{"href":"https:\/\/condamine.edu.ec\/index.php?rest_route=\/wp\/v2\/types\/page"}],"author":[{"embeddable":true,"href":"https:\/\/condamine.edu.ec\/index.php?rest_route=\/wp\/v2\/users\/2"}],"replies":[{"embeddable":true,"href":"https:\/\/condamine.edu.ec\/index.php?rest_route=%2Fwp%2Fv2%2Fcomments&post=24080"}],"version-history":[{"count":22,"href":"https:\/\/condamine.edu.ec\/index.php?rest_route=\/wp\/v2\/pages\/24080\/revisions"}],"predecessor-version":[{"id":33731,"href":"https:\/\/condamine.edu.ec\/index.php?rest_route=\/wp\/v2\/pages\/24080\/revisions\/33731"}],"wp:attachment":[{"href":"https:\/\/condamine.edu.ec\/index.php?rest_route=%2Fwp%2Fv2%2Fmedia&parent=24080"}],"curies":[{"name":"wp","href":"https:\/\/api.w.org\/{rel}","templated":true}]}}