{"id":24007,"date":"2024-10-28T16:10:14","date_gmt":"2024-10-28T21:10:14","guid":{"rendered":"https:\/\/condamine.edu.ec\/?page_id=24007"},"modified":"2024-10-31T13:34:48","modified_gmt":"2024-10-31T18:34:48","slug":"la-toute-petite-section-tps-des-2-ans","status":"publish","type":"page","link":"https:\/\/condamine.edu.ec\/?page_id=24007&lang=es","title":{"rendered":"La Toute Petite Section (TPS, a partir de los 2 a\u00f1os)"},"content":{"rendered":"\t\t<div data-elementor-type=\"wp-page\" data-elementor-id=\"24007\" class=\"elementor elementor-24007 elementor-22175\" data-elementor-post-type=\"page\">\n\t\t\t\t<div class=\"elementor-element elementor-element-6e5d2da e-flex e-con-boxed e-con e-parent\" data-id=\"6e5d2da\" data-element_type=\"container\" data-e-type=\"container\">\n\t\t\t\t\t<div class=\"e-con-inner\">\n\t\t\t\t<div class=\"elementor-element elementor-element-97f1126 elementor-widget elementor-widget-spacer\" data-id=\"97f1126\" data-element_type=\"widget\" data-e-type=\"widget\" data-widget_type=\"spacer.default\">\n\t\t\t\t<div class=\"elementor-widget-container\">\n\t\t\t\t\t\t\t<div class=\"elementor-spacer\">\n\t\t\t<div class=\"elementor-spacer-inner\"><\/div>\n\t\t<\/div>\n\t\t\t\t\t\t<\/div>\n\t\t\t\t<\/div>\n\t\t\t\t\t<\/div>\n\t\t\t\t<\/div>\n\t\t<div class=\"elementor-element elementor-element-1b409c2 e-con-full e-flex e-con e-parent\" data-id=\"1b409c2\" data-element_type=\"container\" data-e-type=\"container\">\n\t\t\t\t<div class=\"elementor-element elementor-element-b4280a7 elementor-widget elementor-widget-heading\" data-id=\"b4280a7\" data-element_type=\"widget\" data-e-type=\"widget\" data-widget_type=\"heading.default\">\n\t\t\t\t<div class=\"elementor-widget-container\">\n\t\t\t\t\t<h2 class=\"elementor-heading-title elementor-size-default\">La Toute Petite Section (TPS, a partir de los 2 a\u00f1os)<\/h2>\t\t\t\t<\/div>\n\t\t\t\t<\/div>\n\t\t\t\t<\/div>\n\t\t<div class=\"elementor-element elementor-element-7b59a90 e-flex e-con-boxed e-con e-parent\" data-id=\"7b59a90\" data-element_type=\"container\" data-e-type=\"container\">\n\t\t\t\t\t<div class=\"e-con-inner\">\n\t\t\t\t<div class=\"elementor-element elementor-element-f314553 elementor-widget elementor-widget-spacer\" data-id=\"f314553\" data-element_type=\"widget\" data-e-type=\"widget\" data-widget_type=\"spacer.default\">\n\t\t\t\t<div class=\"elementor-widget-container\">\n\t\t\t\t\t\t\t<div class=\"elementor-spacer\">\n\t\t\t<div class=\"elementor-spacer-inner\"><\/div>\n\t\t<\/div>\n\t\t\t\t\t\t<\/div>\n\t\t\t\t<\/div>\n\t\t\t\t\t<\/div>\n\t\t\t\t<\/div>\n\t\t<div class=\"elementor-element elementor-element-aeeffb8 e-con-full e-flex e-con e-parent\" data-id=\"aeeffb8\" data-element_type=\"container\" data-e-type=\"container\">\n\t\t<div class=\"elementor-element elementor-element-4424925 e-con-full e-flex e-con e-child\" data-id=\"4424925\" data-element_type=\"container\" data-e-type=\"container\">\n\t\t\t\t<div class=\"elementor-element elementor-element-24b1bd9 elementor-widget__width-initial elementor-widget elementor-widget-image\" data-id=\"24b1bd9\" data-element_type=\"widget\" data-e-type=\"widget\" data-widget_type=\"image.default\">\n\t\t\t\t<div class=\"elementor-widget-container\">\n\t\t\t\t\t\t\t\t\t\t\t\t\t\t\t<img decoding=\"async\" src=\"https:\/\/condamine.edu.ec\/wp-content\/uploads\/elementor\/thumbs\/IMG_6232-qw8p21wuxi3fahx1553ibdabwkwihnw53gmrgjanj4.jpg\" title=\"IMG_6232\" alt=\"IMG_6232\" loading=\"lazy\" \/>\t\t\t\t\t\t\t\t\t\t\t\t\t\t\t<\/div>\n\t\t\t\t<\/div>\n\t\t\t\t<\/div>\n\t\t<div class=\"elementor-element elementor-element-951983e e-con-full e-flex e-con e-child\" data-id=\"951983e\" data-element_type=\"container\" data-e-type=\"container\">\n\t\t\t\t<div class=\"elementor-element elementor-element-b69f0a0 elementor-widget elementor-widget-text-editor\" data-id=\"b69f0a0\" data-element_type=\"widget\" data-e-type=\"widget\" data-widget_type=\"text-editor.default\">\n\t\t\t\t<div class=\"elementor-widget-container\">\n\t\t\t\t\t\t\t\t\t<p>Desde septiembre de 2024, el colegio franco-ecuatoriano La Condamine acoge a ni\u00f1os en la <strong>Toute Petite Section (TPS)<\/strong>. Esta secci\u00f3n est\u00e1 destinada a <strong>ni\u00f1os de 2 a\u00f1os<\/strong>. Esta nueva clase marca un hito importante en nuestro compromiso de ofrecer una educaci\u00f3n adecuada desde los primeros a\u00f1os de vida.<br \/><br \/><\/p><p>La clase TPS ha sido cuidadosamente preparada para acoger a nuestros peque\u00f1os en un ambiente <strong>c\u00e1lido<\/strong> y <strong>seguro<\/strong>. Cuenta con una profesora de franc\u00e9s y dos auxiliares que se dedican a acoger y apoyar a nuestros ni\u00f1os m\u00e1s peque\u00f1os. El aula est\u00e1 equipada con mobiliario adaptado a su tama\u00f1o, una sala de siesta y un cambiador, as\u00ed como una zona de juegos al aire libre reservada exclusivamente para ellos.<\/p>\t\t\t\t\t\t\t\t<\/div>\n\t\t\t\t<\/div>\n\t\t\t\t<\/div>\n\t\t\t\t<\/div>\n\t\t<div class=\"elementor-element elementor-element-82c6df4 e-flex e-con-boxed e-con e-parent\" data-id=\"82c6df4\" data-element_type=\"container\" data-e-type=\"container\">\n\t\t\t\t\t<div class=\"e-con-inner\">\n\t\t<div class=\"elementor-element elementor-element-6c65964 e-con-full e-flex e-con e-child\" data-id=\"6c65964\" data-element_type=\"container\" data-e-type=\"container\">\n\t\t\t\t<div class=\"elementor-element elementor-element-b604cb4 elementor-widget elementor-widget-text-editor\" data-id=\"b604cb4\" data-element_type=\"widget\" data-e-type=\"widget\" data-widget_type=\"text-editor.default\">\n\t\t\t\t<div class=\"elementor-widget-container\">\n\t\t\t\t\t\t\t\t\t<p>En esta etapa, el objetivo principal es proporcionar <strong>un descubrimiento progresivo de la escolarizaci\u00f3n y del entorno de Maternal<\/strong>, fomentando la independencia de los ni\u00f1os. Los profesores tienen en cuenta los ritmos biol\u00f3gicos de cada ni\u00f1o, adaptando horarios y actividades a sus necesidades individuales. Sabemos que cada ni\u00f1o es \u00fanico y que el proceso de adaptaci\u00f3n var\u00eda de un peque\u00f1o a otro. Por ello, <strong>nuestro equipo est\u00e1 comprometido a escuchar y apoyar a cada ni\u00f1o en su camino hacia convertirse en un alumno independiente.<\/strong><\/p><p>\u00a0<\/p><p>Estamos encantados de comenzar esta nueva aventura y de brindar a nuestros m\u00e1s peque\u00f1os una experiencia escolar enriquecedora desde sus primeros pasos. <strong>\u00a1Bienvenidos a la Toute Petite Section del Colegio La Condamine!<\/strong><\/p>\t\t\t\t\t\t\t\t<\/div>\n\t\t\t\t<\/div>\n\t\t\t\t<\/div>\n\t\t\t\t<div class=\"elementor-element elementor-element-95606ca elementor-widget elementor-widget-gallery\" data-id=\"95606ca\" data-element_type=\"widget\" data-e-type=\"widget\" data-settings=\"{&quot;lazyload&quot;:&quot;yes&quot;,&quot;gallery_layout&quot;:&quot;grid&quot;,&quot;columns&quot;:4,&quot;columns_tablet&quot;:2,&quot;columns_mobile&quot;:1,&quot;gap&quot;:{&quot;unit&quot;:&quot;px&quot;,&quot;size&quot;:10,&quot;sizes&quot;:[]},&quot;gap_tablet&quot;:{&quot;unit&quot;:&quot;px&quot;,&quot;size&quot;:10,&quot;sizes&quot;:[]},&quot;gap_mobile&quot;:{&quot;unit&quot;:&quot;px&quot;,&quot;size&quot;:10,&quot;sizes&quot;:[]},&quot;link_to&quot;:&quot;file&quot;,&quot;aspect_ratio&quot;:&quot;3:2&quot;,&quot;overlay_background&quot;:&quot;yes&quot;,&quot;content_hover_animation&quot;:&quot;fade-in&quot;}\" data-widget_type=\"gallery.default\">\n\t\t\t\t<div class=\"elementor-widget-container\">\n\t\t\t\t\t\t\t<div class=\"elementor-gallery__container\">\n\t\t\t\t\t\t\t<a class=\"e-gallery-item elementor-gallery-item elementor-animated-content\" href=\"https:\/\/condamine.edu.ec\/wp-content\/uploads\/2024\/10\/IMG_6580.jpg\" data-elementor-open-lightbox=\"yes\" data-elementor-lightbox-slideshow=\"95606ca\" data-elementor-lightbox-title=\"IMG_6580\" data-e-action-hash=\"#elementor-action%3Aaction%3Dlightbox%26settings%3DeyJpZCI6MjIyMDcsInVybCI6Imh0dHBzOlwvXC9jb25kYW1pbmUuZWR1LmVjXC93cC1jb250ZW50XC91cGxvYWRzXC8yMDI0XC8xMFwvSU1HXzY1ODAuanBnIiwic2xpZGVzaG93IjoiOTU2MDZjYSJ9\">\n\t\t\t\t\t<div class=\"e-gallery-image elementor-gallery-item__image\" data-thumbnail=\"https:\/\/condamine.edu.ec\/wp-content\/uploads\/2024\/10\/IMG_6580-300x225.jpg\" data-width=\"300\" data-height=\"225\" aria-label=\"\" role=\"img\" ><\/div>\n\t\t\t\t\t\t\t\t\t\t\t<div class=\"elementor-gallery-item__overlay\"><\/div>\n\t\t\t\t\t\t\t\t\t\t\t\t\t\t<\/a>\n\t\t\t\t\t\t\t<a class=\"e-gallery-item elementor-gallery-item elementor-animated-content\" href=\"https:\/\/condamine.edu.ec\/wp-content\/uploads\/2024\/10\/IMG_6234.jpg\" data-elementor-open-lightbox=\"yes\" data-elementor-lightbox-slideshow=\"95606ca\" data-elementor-lightbox-title=\"IMG_6234\" data-e-action-hash=\"#elementor-action%3Aaction%3Dlightbox%26settings%3DeyJpZCI6MjIyMDQsInVybCI6Imh0dHBzOlwvXC9jb25kYW1pbmUuZWR1LmVjXC93cC1jb250ZW50XC91cGxvYWRzXC8yMDI0XC8xMFwvSU1HXzYyMzQuanBnIiwic2xpZGVzaG93IjoiOTU2MDZjYSJ9\">\n\t\t\t\t\t<div class=\"e-gallery-image elementor-gallery-item__image\" data-thumbnail=\"https:\/\/condamine.edu.ec\/wp-content\/uploads\/2024\/10\/IMG_6234-300x225.jpg\" data-width=\"300\" data-height=\"225\" aria-label=\"\" role=\"img\" ><\/div>\n\t\t\t\t\t\t\t\t\t\t\t<div class=\"elementor-gallery-item__overlay\"><\/div>\n\t\t\t\t\t\t\t\t\t\t\t\t\t\t<\/a>\n\t\t\t\t\t\t\t<a class=\"e-gallery-item elementor-gallery-item elementor-animated-content\" href=\"https:\/\/condamine.edu.ec\/wp-content\/uploads\/2024\/10\/IMG_6222.jpg\" data-elementor-open-lightbox=\"yes\" data-elementor-lightbox-slideshow=\"95606ca\" data-elementor-lightbox-title=\"IMG_6222\" data-e-action-hash=\"#elementor-action%3Aaction%3Dlightbox%26settings%3DeyJpZCI6MjIxOTgsInVybCI6Imh0dHBzOlwvXC9jb25kYW1pbmUuZWR1LmVjXC93cC1jb250ZW50XC91cGxvYWRzXC8yMDI0XC8xMFwvSU1HXzYyMjIuanBnIiwic2xpZGVzaG93IjoiOTU2MDZjYSJ9\">\n\t\t\t\t\t<div class=\"e-gallery-image elementor-gallery-item__image\" data-thumbnail=\"https:\/\/condamine.edu.ec\/wp-content\/uploads\/2024\/10\/IMG_6222-300x225.jpg\" data-width=\"300\" data-height=\"225\" aria-label=\"\" role=\"img\" ><\/div>\n\t\t\t\t\t\t\t\t\t\t\t<div class=\"elementor-gallery-item__overlay\"><\/div>\n\t\t\t\t\t\t\t\t\t\t\t\t\t\t<\/a>\n\t\t\t\t\t\t\t<a class=\"e-gallery-item elementor-gallery-item elementor-animated-content\" href=\"https:\/\/condamine.edu.ec\/wp-content\/uploads\/2024\/10\/IMG_6217.jpg\" data-elementor-open-lightbox=\"yes\" data-elementor-lightbox-slideshow=\"95606ca\" data-elementor-lightbox-title=\"IMG_6217\" data-e-action-hash=\"#elementor-action%3Aaction%3Dlightbox%26settings%3DeyJpZCI6MjIxOTUsInVybCI6Imh0dHBzOlwvXC9jb25kYW1pbmUuZWR1LmVjXC93cC1jb250ZW50XC91cGxvYWRzXC8yMDI0XC8xMFwvSU1HXzYyMTcuanBnIiwic2xpZGVzaG93IjoiOTU2MDZjYSJ9\">\n\t\t\t\t\t<div class=\"e-gallery-image elementor-gallery-item__image\" data-thumbnail=\"https:\/\/condamine.edu.ec\/wp-content\/uploads\/2024\/10\/IMG_6217-300x225.jpg\" data-width=\"300\" data-height=\"225\" aria-label=\"\" role=\"img\" ><\/div>\n\t\t\t\t\t\t\t\t\t\t\t<div class=\"elementor-gallery-item__overlay\"><\/div>\n\t\t\t\t\t\t\t\t\t\t\t\t\t\t<\/a>\n\t\t\t\t\t\t\t<a class=\"e-gallery-item elementor-gallery-item elementor-animated-content\" href=\"https:\/\/condamine.edu.ec\/wp-content\/uploads\/2024\/10\/IMG_6212.jpg\" data-elementor-open-lightbox=\"yes\" data-elementor-lightbox-slideshow=\"95606ca\" data-elementor-lightbox-title=\"IMG_6212\" data-e-action-hash=\"#elementor-action%3Aaction%3Dlightbox%26settings%3DeyJpZCI6MjIxOTIsInVybCI6Imh0dHBzOlwvXC9jb25kYW1pbmUuZWR1LmVjXC93cC1jb250ZW50XC91cGxvYWRzXC8yMDI0XC8xMFwvSU1HXzYyMTIuanBnIiwic2xpZGVzaG93IjoiOTU2MDZjYSJ9\">\n\t\t\t\t\t<div class=\"e-gallery-image elementor-gallery-item__image\" data-thumbnail=\"https:\/\/condamine.edu.ec\/wp-content\/uploads\/2024\/10\/IMG_6212-300x225.jpg\" data-width=\"300\" data-height=\"225\" aria-label=\"\" role=\"img\" ><\/div>\n\t\t\t\t\t\t\t\t\t\t\t<div class=\"elementor-gallery-item__overlay\"><\/div>\n\t\t\t\t\t\t\t\t\t\t\t\t\t\t<\/a>\n\t\t\t\t\t\t\t<a class=\"e-gallery-item elementor-gallery-item elementor-animated-content\" href=\"https:\/\/condamine.edu.ec\/wp-content\/uploads\/2024\/10\/IMG_6160.jpg\" data-elementor-open-lightbox=\"yes\" data-elementor-lightbox-slideshow=\"95606ca\" data-elementor-lightbox-title=\"IMG_6160\" data-e-action-hash=\"#elementor-action%3Aaction%3Dlightbox%26settings%3DeyJpZCI6MjIxODksInVybCI6Imh0dHBzOlwvXC9jb25kYW1pbmUuZWR1LmVjXC93cC1jb250ZW50XC91cGxvYWRzXC8yMDI0XC8xMFwvSU1HXzYxNjAuanBnIiwic2xpZGVzaG93IjoiOTU2MDZjYSJ9\">\n\t\t\t\t\t<div class=\"e-gallery-image elementor-gallery-item__image\" data-thumbnail=\"https:\/\/condamine.edu.ec\/wp-content\/uploads\/2024\/10\/IMG_6160-300x225.jpg\" data-width=\"300\" data-height=\"225\" aria-label=\"\" role=\"img\" ><\/div>\n\t\t\t\t\t\t\t\t\t\t\t<div class=\"elementor-gallery-item__overlay\"><\/div>\n\t\t\t\t\t\t\t\t\t\t\t\t\t\t<\/a>\n\t\t\t\t\t\t\t<a class=\"e-gallery-item elementor-gallery-item elementor-animated-content\" href=\"https:\/\/condamine.edu.ec\/wp-content\/uploads\/2024\/10\/IMG_6589.jpg\" data-elementor-open-lightbox=\"yes\" data-elementor-lightbox-slideshow=\"95606ca\" data-elementor-lightbox-title=\"IMG_6589\" data-e-action-hash=\"#elementor-action%3Aaction%3Dlightbox%26settings%3DeyJpZCI6MjIxODYsInVybCI6Imh0dHBzOlwvXC9jb25kYW1pbmUuZWR1LmVjXC93cC1jb250ZW50XC91cGxvYWRzXC8yMDI0XC8xMFwvSU1HXzY1ODkuanBnIiwic2xpZGVzaG93IjoiOTU2MDZjYSJ9\">\n\t\t\t\t\t<div class=\"e-gallery-image elementor-gallery-item__image\" data-thumbnail=\"https:\/\/condamine.edu.ec\/wp-content\/uploads\/2024\/10\/IMG_6589-300x225.jpg\" data-width=\"300\" data-height=\"225\" aria-label=\"\" role=\"img\" ><\/div>\n\t\t\t\t\t\t\t\t\t\t\t<div class=\"elementor-gallery-item__overlay\"><\/div>\n\t\t\t\t\t\t\t\t\t\t\t\t\t\t<\/a>\n\t\t\t\t\t\t\t<a class=\"e-gallery-item elementor-gallery-item elementor-animated-content\" href=\"https:\/\/condamine.edu.ec\/wp-content\/uploads\/2024\/10\/IMG_6582.jpg\" data-elementor-open-lightbox=\"yes\" data-elementor-lightbox-slideshow=\"95606ca\" data-elementor-lightbox-title=\"IMG_6582\" data-e-action-hash=\"#elementor-action%3Aaction%3Dlightbox%26settings%3DeyJpZCI6MjIxODAsInVybCI6Imh0dHBzOlwvXC9jb25kYW1pbmUuZWR1LmVjXC93cC1jb250ZW50XC91cGxvYWRzXC8yMDI0XC8xMFwvSU1HXzY1ODIuanBnIiwic2xpZGVzaG93IjoiOTU2MDZjYSJ9\">\n\t\t\t\t\t<div class=\"e-gallery-image elementor-gallery-item__image\" data-thumbnail=\"https:\/\/condamine.edu.ec\/wp-content\/uploads\/2024\/10\/IMG_6582-300x225.jpg\" data-width=\"300\" data-height=\"225\" aria-label=\"\" role=\"img\" ><\/div>\n\t\t\t\t\t\t\t\t\t\t\t<div class=\"elementor-gallery-item__overlay\"><\/div>\n\t\t\t\t\t\t\t\t\t\t\t\t\t\t<\/a>\n\t\t\t\t\t<\/div>\n\t\t\t\t\t<\/div>\n\t\t\t\t<\/div>\n\t\t\t\t\t<\/div>\n\t\t\t\t<\/div>\n\t\t\t\t<\/div>\n\t\t","protected":false},"excerpt":{"rendered":"<p>La Toute Petite Section (TPS, a partir de los 2 a\u00f1os) Desde septiembre de 2024, el colegio franco-ecuatoriano La Condamine acoge a ni\u00f1os en la Toute Petite Section (TPS). Esta secci\u00f3n est\u00e1 destinada a ni\u00f1os de 2 a\u00f1os. Esta nueva clase marca un hito importante en nuestro compromiso de ofrecer una educaci\u00f3n adecuada desde los [&hellip;]<\/p>\n","protected":false},"author":2,"featured_media":0,"parent":0,"menu_order":0,"comment_status":"closed","ping_status":"closed","template":"","meta":{"footnotes":""},"class_list":["post-24007","page","type-page","status-publish","hentry"],"_links":{"self":[{"href":"https:\/\/condamine.edu.ec\/index.php?rest_route=\/wp\/v2\/pages\/24007","targetHints":{"allow":["GET"]}}],"collection":[{"href":"https:\/\/condamine.edu.ec\/index.php?rest_route=\/wp\/v2\/pages"}],"about":[{"href":"https:\/\/condamine.edu.ec\/index.php?rest_route=\/wp\/v2\/types\/page"}],"author":[{"embeddable":true,"href":"https:\/\/condamine.edu.ec\/index.php?rest_route=\/wp\/v2\/users\/2"}],"replies":[{"embeddable":true,"href":"https:\/\/condamine.edu.ec\/index.php?rest_route=%2Fwp%2Fv2%2Fcomments&post=24007"}],"version-history":[{"count":7,"href":"https:\/\/condamine.edu.ec\/index.php?rest_route=\/wp\/v2\/pages\/24007\/revisions"}],"predecessor-version":[{"id":24021,"href":"https:\/\/condamine.edu.ec\/index.php?rest_route=\/wp\/v2\/pages\/24007\/revisions\/24021"}],"wp:attachment":[{"href":"https:\/\/condamine.edu.ec\/index.php?rest_route=%2Fwp%2Fv2%2Fmedia&parent=24007"}],"curies":[{"name":"wp","href":"https:\/\/api.w.org\/{rel}","templated":true}]}}