{"id":23954,"date":"2024-10-22T11:34:04","date_gmt":"2024-10-22T16:34:04","guid":{"rendered":"https:\/\/condamine.edu.ec\/?page_id=23954"},"modified":"2026-01-27T15:56:54","modified_gmt":"2026-01-27T20:56:54","slug":"offres-demplois-equipe-de-remplacement","status":"publish","type":"page","link":"https:\/\/condamine.edu.ec\/?page_id=23954&lang=es","title":{"rendered":"Ofertas de empleo &#8211; Equipo de reemplazantes"},"content":{"rendered":"\t\t<div data-elementor-type=\"wp-page\" data-elementor-id=\"23954\" class=\"elementor elementor-23954 elementor-21476\" data-elementor-post-type=\"page\">\n\t\t\t\t<div class=\"elementor-element elementor-element-6e5d2da e-flex e-con-boxed e-con e-parent\" data-id=\"6e5d2da\" data-element_type=\"container\" data-e-type=\"container\">\n\t\t\t\t\t<div class=\"e-con-inner\">\n\t\t\t\t<div class=\"elementor-element elementor-element-97f1126 elementor-widget elementor-widget-spacer\" data-id=\"97f1126\" data-element_type=\"widget\" data-e-type=\"widget\" data-widget_type=\"spacer.default\">\n\t\t\t\t<div class=\"elementor-widget-container\">\n\t\t\t\t\t\t\t<div class=\"elementor-spacer\">\n\t\t\t<div class=\"elementor-spacer-inner\"><\/div>\n\t\t<\/div>\n\t\t\t\t\t\t<\/div>\n\t\t\t\t<\/div>\n\t\t\t\t\t<\/div>\n\t\t\t\t<\/div>\n\t\t<div class=\"elementor-element elementor-element-1b409c2 e-con-full e-flex e-con e-parent\" data-id=\"1b409c2\" data-element_type=\"container\" data-e-type=\"container\">\n\t\t\t\t<div class=\"elementor-element elementor-element-b4280a7 elementor-widget elementor-widget-heading\" data-id=\"b4280a7\" data-element_type=\"widget\" data-e-type=\"widget\" data-widget_type=\"heading.default\">\n\t\t\t\t<div class=\"elementor-widget-container\">\n\t\t\t\t\t<h2 class=\"elementor-heading-title elementor-size-default\">Ofertas de empleo - Equipo de Reemplazantes<\/h2>\t\t\t\t<\/div>\n\t\t\t\t<\/div>\n\t\t\t\t<\/div>\n\t\t<div class=\"elementor-element elementor-element-c865c3d e-flex e-con-boxed e-con e-parent\" data-id=\"c865c3d\" data-element_type=\"container\" data-e-type=\"container\">\n\t\t\t\t\t<div class=\"e-con-inner\">\n\t\t<div class=\"elementor-element elementor-element-3c9153d e-con-full e-flex e-con e-child\" data-id=\"3c9153d\" data-element_type=\"container\" data-e-type=\"container\">\n\t\t\t\t<div class=\"elementor-element elementor-element-8586c2e elementor-widget elementor-widget-text-editor\" data-id=\"8586c2e\" data-element_type=\"widget\" data-e-type=\"widget\" data-widget_type=\"text-editor.default\">\n\t\t\t\t<div class=\"elementor-widget-container\">\n\t\t\t\t\t\t\t\t\t<p>Requerimos personal para realizar reemplazos en clases de franc\u00e9s, espa\u00f1ol, ingl\u00e9s y ASEM (Asistente de Maternal) de la Secci\u00f3n PRIMARIA.<\/p><p>\u00a0<\/p><p><strong>El colegio franco-ecuatoriano La Condamine es un empleador que promueve la igualdad de oportunidades, se compromete a contratar personal diverso y da la bienvenida a las solicitudes de todos los candidatos cualificados.<\/strong><\/p>\t\t\t\t\t\t\t\t<\/div>\n\t\t\t\t<\/div>\n\t\t\t\t<\/div>\n\t\t\t\t\t<\/div>\n\t\t\t\t<\/div>\n\t\t<div class=\"elementor-element elementor-element-7b59a90 e-flex e-con-boxed e-con e-parent\" data-id=\"7b59a90\" data-element_type=\"container\" data-e-type=\"container\">\n\t\t\t\t\t<div class=\"e-con-inner\">\n\t\t\t\t<div class=\"elementor-element elementor-element-bc7b87d elementor-widget elementor-widget-heading\" data-id=\"bc7b87d\" data-element_type=\"widget\" data-e-type=\"widget\" data-widget_type=\"heading.default\">\n\t\t\t\t<div class=\"elementor-widget-container\">\n\t\t\t\t\t<h2 class=\"elementor-heading-title elementor-size-default\">Las personas interesadas deber\u00e1n presentar una carpeta con los siguientes elementos:<\/h2>\t\t\t\t<\/div>\n\t\t\t\t<\/div>\n\t\t\t\t\t<\/div>\n\t\t\t\t<\/div>\n\t\t<div class=\"elementor-element elementor-element-5c59120 e-flex e-con-boxed e-con e-parent\" data-id=\"5c59120\" data-element_type=\"container\" data-e-type=\"container\">\n\t\t\t\t\t<div class=\"e-con-inner\">\n\t\t<div class=\"elementor-element elementor-element-3fa06b4 e-con-full e-flex e-con e-child\" data-id=\"3fa06b4\" data-element_type=\"container\" data-e-type=\"container\">\n\t\t\t\t<div class=\"elementor-element elementor-element-63f8200 elementor-widget elementor-widget-text-editor\" data-id=\"63f8200\" data-element_type=\"widget\" data-e-type=\"widget\" data-widget_type=\"text-editor.default\">\n\t\t\t\t<div class=\"elementor-widget-container\">\n\t\t\t\t\t\t\t\t\t<ul><li>Formulario de candidatura de Reemplazo (Descargar PDF Y COMPLETAR)<\/li><li>Curr\u00edculum Vitae (CV)<\/li><li>Carta de motivaci\u00f3n dirigida al Rector ecuatoriano en espa\u00f1ol para los puesto de remplazo de las clases de espa\u00f1ol e ingl\u00e9s; y en franc\u00e9s para los puestos de remplazo de las clases de franc\u00e9s.<\/li><li>C\u00e9dula de indentidad<\/li><li>Visa de trabajo o visa de residencia (para extranjeros)<\/li><li>Certificado de equivalencia de t\u00edtulos emitido por SENECYT (si aplica)<\/li><li>Copias de diplomas universitarios<\/li><li>Cartas de recomendaci\u00f3n<\/li><li>Documentos de Historia Laboral del IESS<\/li><li>Certificado de no antecedentes penales<\/li><\/ul><p>\u00a0<\/p><p>Todos los reemplazos son pagados y generalmente son espor\u00e1dicos. Pueden ser por horas, d\u00edas, semanas o meses seg\u00fan el caso. Tambi\u00e9n son programados el mismo d\u00eda (cuando el profesor est\u00e1 enfermo, o tiene que ausentarse por alg\u00fan motivo particular). Estos suelen ser los m\u00e1s frecuentes, motivo por el cual necesitamos personas disponibles de 7h35 a 13h00.<\/p><p>\u00a0<\/p><p><strong>NOTA:<\/strong><\/p><p>\u00a0<\/p><p>Los reemplazos en franc\u00e9s formar\u00e1n parte de \u201cAEM\u201d (aide \u00e0 l\u2019entr\u00e9e du m\u00e9tier): un programa de formaci\u00f3n en franc\u00e9s. La capacitaci\u00f3n est\u00e1 dirigida por la Sr. Anthony NICLAS, maestro y capacitador.<\/p><p>\u00a0<\/p><p><img decoding=\"async\" class=\"emoji\" role=\"img\" draggable=\"false\" src=\"https:\/\/s.w.org\/images\/core\/emoji\/15.0.3\/svg\/26a0.svg\" alt=\"\u26a0\ufe0f\" \/>\u00a0<strong> Los candidatos interesados deber\u00e1n presentar su candidatura al Director del Lyc\u00e9e La Condamine, por correo electr\u00f3nico a la Sra. Carolina Zambrano: <a href=\"mailto:administration@condamine.edu.ec\">administration@condamine.edu.ec<\/a> y a <a href=\"mailto:secretariat.primaire@condamine.edu.ec\">secretariat.primaire@condamine.edu.ec\u00a0<\/a><\/strong><\/p>\t\t\t\t\t\t\t\t<\/div>\n\t\t\t\t<\/div>\n\t\t\t\t<\/div>\n\t\t\t\t\t<\/div>\n\t\t\t\t<\/div>\n\t\t<div class=\"elementor-element elementor-element-17e421a e-flex e-con-boxed e-con e-parent\" data-id=\"17e421a\" data-element_type=\"container\" data-e-type=\"container\">\n\t\t\t\t\t<div class=\"e-con-inner\">\n\t\t<div class=\"elementor-element elementor-element-eef752e e-con-full e-flex e-con e-child\" data-id=\"eef752e\" data-element_type=\"container\" data-e-type=\"container\">\n\t\t\t\t<div class=\"elementor-element elementor-element-5bf74b4 elementor-widget elementor-widget-image\" data-id=\"5bf74b4\" data-element_type=\"widget\" data-e-type=\"widget\" data-widget_type=\"image.default\">\n\t\t\t\t<div class=\"elementor-widget-container\">\n\t\t\t\t\t\t\t\t\t\t\t\t\t\t\t\t<a href=\"https:\/\/condamine.edu.ec\/wp-content\/uploads\/2026\/01\/FICHA-DE-CANDIDATURA-REEMPLAZO-LOCAL-2025-2026-ESP.pdf\" target=\"_blank\">\n\t\t\t\t\t\t\t<img decoding=\"async\" width=\"113\" height=\"152\" src=\"https:\/\/condamine.edu.ec\/wp-content\/uploads\/2023\/12\/pdf-web.png\" class=\"attachment-large size-large wp-image-1022\" alt=\"\" \/>\t\t\t\t\t\t\t\t<\/a>\n\t\t\t\t\t\t\t\t\t\t\t\t\t\t\t<\/div>\n\t\t\t\t<\/div>\n\t\t\t\t<div class=\"elementor-element elementor-element-1bcdd55 elementor-widget elementor-widget-heading\" data-id=\"1bcdd55\" data-element_type=\"widget\" data-e-type=\"widget\" data-widget_type=\"heading.default\">\n\t\t\t\t<div class=\"elementor-widget-container\">\n\t\t\t\t\t<h4 class=\"elementor-heading-title elementor-size-default\"><a href=\"https:\/\/condamine.edu.ec\/wp-content\/uploads\/2026\/01\/FICHA-DE-CANDIDATURA-REEMPLAZO-LOCAL-2025-2026-ESP.pdf\" target=\"_blank\">FICHA DE CANDIDATURA DE REEMPLAZANTE<\/a><\/h4>\t\t\t\t<\/div>\n\t\t\t\t<\/div>\n\t\t\t\t<\/div>\n\t\t\t\t\t<\/div>\n\t\t\t\t<\/div>\n\t\t\t\t<\/div>\n\t\t","protected":false},"excerpt":{"rendered":"<p>Ofertas de empleo &#8211; Equipo de Reemplazantes Requerimos personal para realizar reemplazos en clases de franc\u00e9s, espa\u00f1ol, ingl\u00e9s y ASEM (Asistente de Maternal) de la Secci\u00f3n PRIMARIA. \u00a0 El colegio franco-ecuatoriano La Condamine es un empleador que promueve la igualdad de oportunidades, se compromete a contratar personal diverso y da la bienvenida a las solicitudes [&hellip;]<\/p>\n","protected":false},"author":2,"featured_media":0,"parent":0,"menu_order":0,"comment_status":"closed","ping_status":"closed","template":"","meta":{"footnotes":""},"class_list":["post-23954","page","type-page","status-publish","hentry"],"_links":{"self":[{"href":"https:\/\/condamine.edu.ec\/index.php?rest_route=\/wp\/v2\/pages\/23954","targetHints":{"allow":["GET"]}}],"collection":[{"href":"https:\/\/condamine.edu.ec\/index.php?rest_route=\/wp\/v2\/pages"}],"about":[{"href":"https:\/\/condamine.edu.ec\/index.php?rest_route=\/wp\/v2\/types\/page"}],"author":[{"embeddable":true,"href":"https:\/\/condamine.edu.ec\/index.php?rest_route=\/wp\/v2\/users\/2"}],"replies":[{"embeddable":true,"href":"https:\/\/condamine.edu.ec\/index.php?rest_route=%2Fwp%2Fv2%2Fcomments&post=23954"}],"version-history":[{"count":13,"href":"https:\/\/condamine.edu.ec\/index.php?rest_route=\/wp\/v2\/pages\/23954\/revisions"}],"predecessor-version":[{"id":46939,"href":"https:\/\/condamine.edu.ec\/index.php?rest_route=\/wp\/v2\/pages\/23954\/revisions\/46939"}],"wp:attachment":[{"href":"https:\/\/condamine.edu.ec\/index.php?rest_route=%2Fwp%2Fv2%2Fmedia&parent=23954"}],"curies":[{"name":"wp","href":"https:\/\/api.w.org\/{rel}","templated":true}]}}