{"id":23827,"date":"2024-10-23T11:55:33","date_gmt":"2024-10-23T16:55:33","guid":{"rendered":"https:\/\/condamine.edu.ec\/?page_id=23827"},"modified":"2026-01-13T15:15:10","modified_gmt":"2026-01-13T20:15:10","slug":"bourses","status":"publish","type":"page","link":"https:\/\/condamine.edu.ec\/?page_id=23827&lang=es","title":{"rendered":"Becas"},"content":{"rendered":"\t\t<div data-elementor-type=\"wp-page\" data-elementor-id=\"23827\" class=\"elementor elementor-23827 elementor-21697\" data-elementor-post-type=\"page\">\n\t\t\t\t<div class=\"elementor-element elementor-element-6e5d2da e-flex e-con-boxed e-con e-parent\" data-id=\"6e5d2da\" data-element_type=\"container\" data-e-type=\"container\">\n\t\t\t\t\t<div class=\"e-con-inner\">\n\t\t\t\t<div class=\"elementor-element elementor-element-97f1126 elementor-widget elementor-widget-spacer\" data-id=\"97f1126\" data-element_type=\"widget\" data-e-type=\"widget\" data-widget_type=\"spacer.default\">\n\t\t\t\t<div class=\"elementor-widget-container\">\n\t\t\t\t\t\t\t<div class=\"elementor-spacer\">\n\t\t\t<div class=\"elementor-spacer-inner\"><\/div>\n\t\t<\/div>\n\t\t\t\t\t\t<\/div>\n\t\t\t\t<\/div>\n\t\t\t\t\t<\/div>\n\t\t\t\t<\/div>\n\t\t<div class=\"elementor-element elementor-element-1b409c2 e-con-full e-flex e-con e-parent\" data-id=\"1b409c2\" data-element_type=\"container\" data-e-type=\"container\">\n\t\t\t\t<div class=\"elementor-element elementor-element-b4280a7 elementor-widget elementor-widget-heading\" data-id=\"b4280a7\" data-element_type=\"widget\" data-e-type=\"widget\" data-widget_type=\"heading.default\">\n\t\t\t\t<div class=\"elementor-widget-container\">\n\t\t\t\t\t<h2 class=\"elementor-heading-title elementor-size-default\">Becas<\/h2>\t\t\t\t<\/div>\n\t\t\t\t<\/div>\n\t\t\t\t<\/div>\n\t\t<div class=\"elementor-element elementor-element-e78f427 e-con-full e-flex e-con e-parent\" data-id=\"e78f427\" data-element_type=\"container\" data-e-type=\"container\">\n\t\t<div class=\"elementor-element elementor-element-e4a8297 e-con-full e-flex e-con e-child\" data-id=\"e4a8297\" data-element_type=\"container\" data-e-type=\"container\">\n\t\t\t\t<div class=\"elementor-element elementor-element-571176a elementor-widget elementor-widget-text-editor\" data-id=\"571176a\" data-element_type=\"widget\" data-e-type=\"widget\" data-widget_type=\"text-editor.default\">\n\t\t\t\t<div class=\"elementor-widget-container\">\n\t\t\t\t\t\t\t\t\t<div class=\"flex-shrink-0 flex flex-col relative items-end\"><div class=\"pt-0\"><div class=\"gizmo-bot-avatar flex h-8 w-8 items-center justify-center overflow-hidden rounded-full\"><div class=\"relative p-1 rounded-sm flex items-center justify-center bg-token-main-surface-primary text-token-text-primary h-8 w-8\">El Lyc\u00e9e La Condamine ofrece dos tipos de becas para apoyar a las familias que necesitan. Estas becas tienen como objetivo proporcionar a todos los alumnos una educaci\u00f3n de calidad, teniendo en cuenta sus circunstancias econ\u00f3micas particulares. Para obtener m\u00e1s informaci\u00f3n sobre los criterios de elegibilidad y los procedimientos, lea los siguientes documentos.<\/div><\/div><\/div><\/div>\t\t\t\t\t\t\t\t<\/div>\n\t\t\t\t<\/div>\n\t\t\t\t<\/div>\n\t\t\t\t<\/div>\n\t\t<div class=\"elementor-element elementor-element-70827d8 e-con-full e-flex e-con e-parent\" data-id=\"70827d8\" data-element_type=\"container\" data-e-type=\"container\" data-settings=\"{&quot;background_background&quot;:&quot;classic&quot;}\">\n\t\t<div class=\"elementor-element elementor-element-65e7a25 e-con-full e-flex e-con e-child\" data-id=\"65e7a25\" data-element_type=\"container\" data-e-type=\"container\">\n\t\t\t\t<div class=\"elementor-element elementor-element-ce286db elementor-widget elementor-widget-heading\" data-id=\"ce286db\" data-element_type=\"widget\" data-e-type=\"widget\" data-widget_type=\"heading.default\">\n\t\t\t\t<div class=\"elementor-widget-container\">\n\t\t\t\t\t<h2 class=\"elementor-heading-title elementor-size-default\">Becas para familias no francesas<\/h2>\t\t\t\t<\/div>\n\t\t\t\t<\/div>\n\t\t\t\t<\/div>\n\t\t\t\t<\/div>\n\t\t<div class=\"elementor-element elementor-element-9719f74 e-con-full e-flex e-con e-parent\" data-id=\"9719f74\" data-element_type=\"container\" data-e-type=\"container\">\n\t\t<div class=\"elementor-element elementor-element-d44d6c2 e-con-full e-flex e-con e-child\" data-id=\"d44d6c2\" data-element_type=\"container\" data-e-type=\"container\">\n\t\t\t\t<div class=\"elementor-element elementor-element-b851d9f elementor-widget elementor-widget-text-editor\" data-id=\"b851d9f\" data-element_type=\"widget\" data-e-type=\"widget\" data-widget_type=\"text-editor.default\">\n\t\t\t\t<div class=\"elementor-widget-container\">\n\t\t\t\t\t\t\t\t\t<p>Ofrecemos becas completas o parciales a las familias no francesas con dificultades econ\u00f3micas. Estas becas no pueden concederse durante los dos primeros a\u00f1os de escolaridad, sea cual sea el nivel. Pueden concederse durante tres a\u00f1os lectivos, con posibilidad de un cuarto a\u00f1o para los alumnos de 3er a\u00f1o de Bachillerato, en condiciones excepcionales. La campa\u00f1a de becas se abre cada a\u00f1o en febrero.<\/p><p>\u00a0<\/p><p>Para solicitarla, deber\u00e1n entregar una carpeta que incluya los siguientes documentos:<br \/><br \/><\/p><ul><li>El formulario de solicitud de beca, debidamente completado y firmado.<\/li><li>Una carta de solicitud, en la que deber\u00e1 explicar los motivos por los cuales solicita la beca.<\/li><li>Toda la documentaci\u00f3n adicional solicitada.<\/li><\/ul><p><strong><br \/>Fecha l\u00edmite para la entrega:<\/strong><br \/>La solicitud y toda la documentaci\u00f3n requerida deber\u00e1n entregarse a m\u00e1s tardar el\u00a0<strong>viernes 11 de abril de 2025 incluido<\/strong>. No se aceptar\u00e1n solicitudes ni documentaci\u00f3n posterior a esta fecha.<br \/>Las solicitudes pueden presentarse de manera\u00a0<strong>presencial<\/strong>\u00a0en el liceo, en Administraci\u00f3n General, a la se\u00f1ora Ana Carolina Zambrano, o enviarse a la siguiente direcci\u00f3n de correo electr\u00f3nico:<br \/><a href=\"mailto:becas@condamine.edu.ec\" target=\"_blank\" rel=\"noopener\"><strong><span class=\"il\">becas<\/span>@condamine.edu.ec<\/strong><\/a>.<br \/><br \/><strong>Es importante tener en cuenta lo siguiente:<\/strong><\/p><ul><li>Todos los documentos deben ser entregados en un solo env\u00edo, ya que no se aceptar\u00e1n entregas parciales.<\/li><li>Las carpetas incompletas no ser\u00e1n evaluadas.<\/li><\/ul><p><br \/>Por favor, descargue los documentos necesarios a trav\u00e9s de los siguientes enlaces:<\/p>\t\t\t\t\t\t\t\t<\/div>\n\t\t\t\t<\/div>\n\t\t\t\t<\/div>\n\t\t\t\t<\/div>\n\t\t<div class=\"elementor-element elementor-element-b8354bd e-flex e-con-boxed e-con e-parent\" data-id=\"b8354bd\" data-element_type=\"container\" data-e-type=\"container\">\n\t\t\t\t\t<div class=\"e-con-inner\">\n\t\t<div class=\"elementor-element elementor-element-90f16d3 e-con-full e-flex e-con e-child\" data-id=\"90f16d3\" data-element_type=\"container\" data-e-type=\"container\">\n\t\t\t\t<div class=\"elementor-element elementor-element-84f9f55 elementor-widget elementor-widget-image\" data-id=\"84f9f55\" data-element_type=\"widget\" data-e-type=\"widget\" data-widget_type=\"image.default\">\n\t\t\t\t<div class=\"elementor-widget-container\">\n\t\t\t\t\t\t\t\t\t\t\t\t\t\t\t\t<a href=\"https:\/\/condamine.edu.ec\/wp-content\/uploads\/2025\/03\/Nota-informativa-2025-26-V2.pdf\" target=\"_blank\">\n\t\t\t\t\t\t\t<img decoding=\"async\" width=\"113\" height=\"152\" src=\"https:\/\/condamine.edu.ec\/wp-content\/uploads\/2023\/12\/pdf-web.png\" class=\"attachment-large size-large wp-image-1022\" alt=\"\" \/>\t\t\t\t\t\t\t\t<\/a>\n\t\t\t\t\t\t\t\t\t\t\t\t\t\t\t<\/div>\n\t\t\t\t<\/div>\n\t\t\t\t<div class=\"elementor-element elementor-element-514fa48 elementor-widget elementor-widget-heading\" data-id=\"514fa48\" data-element_type=\"widget\" data-e-type=\"widget\" data-widget_type=\"heading.default\">\n\t\t\t\t<div class=\"elementor-widget-container\">\n\t\t\t\t\t<h4 class=\"elementor-heading-title elementor-size-default\"><a href=\"https:\/\/condamine.edu.ec\/wp-content\/uploads\/2025\/03\/Nota-informativa-2025-26-V2.pdf\" target=\"_blank\">Documento informativo sobre las becas 2025-2026<\/a><\/h4>\t\t\t\t<\/div>\n\t\t\t\t<\/div>\n\t\t\t\t<\/div>\n\t\t<div class=\"elementor-element elementor-element-611295e e-con-full e-flex e-con e-child\" data-id=\"611295e\" data-element_type=\"container\" data-e-type=\"container\">\n\t\t\t\t<div class=\"elementor-element elementor-element-862d08a elementor-widget elementor-widget-image\" data-id=\"862d08a\" data-element_type=\"widget\" data-e-type=\"widget\" data-widget_type=\"image.default\">\n\t\t\t\t<div class=\"elementor-widget-container\">\n\t\t\t\t\t\t\t\t\t\t\t\t\t\t\t\t<a href=\"https:\/\/condamine.edu.ec\/wp-content\/uploads\/2025\/03\/Formulario-de-becas-2025-2026.pdf\">\n\t\t\t\t\t\t\t<img decoding=\"async\" width=\"113\" height=\"152\" src=\"https:\/\/condamine.edu.ec\/wp-content\/uploads\/2023\/12\/pdf-web.png\" class=\"attachment-large size-large wp-image-1022\" alt=\"\" \/>\t\t\t\t\t\t\t\t<\/a>\n\t\t\t\t\t\t\t\t\t\t\t\t\t\t\t<\/div>\n\t\t\t\t<\/div>\n\t\t\t\t<div class=\"elementor-element elementor-element-512d6b6 elementor-widget elementor-widget-heading\" data-id=\"512d6b6\" data-element_type=\"widget\" data-e-type=\"widget\" data-widget_type=\"heading.default\">\n\t\t\t\t<div class=\"elementor-widget-container\">\n\t\t\t\t\t<h4 class=\"elementor-heading-title elementor-size-default\"><a href=\"https:\/\/condamine.edu.ec\/wp-content\/uploads\/2025\/03\/Formulario-de-becas-2025-2026.pdf\">Formulario de solicitud de beca 2025-2026<\/a><\/h4>\t\t\t\t<\/div>\n\t\t\t\t<\/div>\n\t\t\t\t<\/div>\n\t\t\t\t\t<\/div>\n\t\t\t\t<\/div>\n\t\t<div class=\"elementor-element elementor-element-2f553eb e-flex e-con-boxed e-con e-parent\" data-id=\"2f553eb\" data-element_type=\"container\" data-e-type=\"container\">\n\t\t\t\t\t<div class=\"e-con-inner\">\n\t\t\t\t<div class=\"elementor-element elementor-element-0040309 elementor-widget elementor-widget-spacer\" data-id=\"0040309\" data-element_type=\"widget\" data-e-type=\"widget\" data-widget_type=\"spacer.default\">\n\t\t\t\t<div class=\"elementor-widget-container\">\n\t\t\t\t\t\t\t<div class=\"elementor-spacer\">\n\t\t\t<div class=\"elementor-spacer-inner\"><\/div>\n\t\t<\/div>\n\t\t\t\t\t\t<\/div>\n\t\t\t\t<\/div>\n\t\t\t\t\t<\/div>\n\t\t\t\t<\/div>\n\t\t<div class=\"elementor-element elementor-element-703cf41 e-con-full e-flex e-con e-parent\" data-id=\"703cf41\" data-element_type=\"container\" data-e-type=\"container\" data-settings=\"{&quot;background_background&quot;:&quot;classic&quot;}\">\n\t\t<div class=\"elementor-element elementor-element-c6c272b e-con-full e-flex e-con e-child\" data-id=\"c6c272b\" data-element_type=\"container\" data-e-type=\"container\">\n\t\t\t\t<div class=\"elementor-element elementor-element-10fab34 elementor-widget elementor-widget-heading\" data-id=\"10fab34\" data-element_type=\"widget\" data-e-type=\"widget\" data-widget_type=\"heading.default\">\n\t\t\t\t<div class=\"elementor-widget-container\">\n\t\t\t\t\t<h2 class=\"elementor-heading-title elementor-size-default\">Becas de la Embajada de Francia en Ecuador<\/h2>\t\t\t\t<\/div>\n\t\t\t\t<\/div>\n\t\t\t\t<\/div>\n\t\t\t\t<\/div>\n\t\t<div class=\"elementor-element elementor-element-014c720 e-con-full e-flex e-con e-parent\" data-id=\"014c720\" data-element_type=\"container\" data-e-type=\"container\">\n\t\t<div class=\"elementor-element elementor-element-e79255a e-con-full e-flex e-con e-child\" data-id=\"e79255a\" data-element_type=\"container\" data-e-type=\"container\">\n\t\t\t\t<div class=\"elementor-element elementor-element-a71caa8 elementor-widget elementor-widget-text-editor\" data-id=\"a71caa8\" data-element_type=\"widget\" data-e-type=\"widget\" data-widget_type=\"text-editor.default\">\n\t\t\t\t<div class=\"elementor-widget-container\">\n\t\t\t\t\t\t\t\t\t<p>Para los estudiantes franceses, la Embajada de Francia ofrece becas para el a\u00f1o lectivo 2026-2027.<\/p><p>El plazo de solicitud se abre el <strong>lunes 12 de enero de 2026<\/strong>\u00a0y la solicitud completa (formulario de solicitud y documentos justificativos) deber\u00e1 presentarse a m\u00e1s tardar el <strong>lunes 23 de febrero de 2026<\/strong>.<\/p><p>Est\u00e1 dirigida a los padres de ni\u00f1os franceses matriculados en el Liceo Franco-Ecuatoriano La Condamine para el curso 2026 y inscritos en el Registro de Franceses Residentes en el Extranjero.<\/p><p>\u00a0<\/p><p><strong>Toda solicitud incompleta o presentada fuera de plazo ser\u00e1 propuesta para aplazamiento o rechazo.<\/strong><\/p><p>\u00a0<\/p><p>Para m\u00e1s informaci\u00f3n, siga el enlace: <a href=\"https:\/\/ec.ambafrance.org\/Lancement-de-la-premiere-phase-de-bourses-scolaires-2026-2027-pour-les-enfants\">https:\/\/ec.ambafrance.org\/Lancement-de-la-premiere-phase-de-bourses-scolaires-2026-2027-pour-les-enfants<\/a> .<\/p>\t\t\t\t\t\t\t\t<\/div>\n\t\t\t\t<\/div>\n\t\t\t\t<\/div>\n\t\t\t\t<\/div>\n\t\t<div class=\"elementor-element elementor-element-d89eb20 e-flex e-con-boxed e-con e-parent\" data-id=\"d89eb20\" data-element_type=\"container\" data-e-type=\"container\">\n\t\t\t\t\t<div class=\"e-con-inner\">\n\t\t<div class=\"elementor-element elementor-element-cabb520 e-con-full e-flex e-con e-child\" data-id=\"cabb520\" data-element_type=\"container\" data-e-type=\"container\">\n\t\t\t\t<div class=\"elementor-element elementor-element-5a0086c elementor-widget elementor-widget-image\" data-id=\"5a0086c\" data-element_type=\"widget\" data-e-type=\"widget\" data-widget_type=\"image.default\">\n\t\t\t\t<div class=\"elementor-widget-container\">\n\t\t\t\t\t\t\t\t\t\t\t\t\t\t\t\t<a href=\"https:\/\/condamine.edu.ec\/wp-content\/uploads\/2026\/01\/Article-Condamine-Aide-a-la-scolarite-2026-27-phase-1.pdf\" target=\"_blank\">\n\t\t\t\t\t\t\t<img decoding=\"async\" width=\"113\" height=\"152\" src=\"https:\/\/condamine.edu.ec\/wp-content\/uploads\/2023\/12\/pdf-web.png\" class=\"attachment-large size-large wp-image-1022\" alt=\"\" \/>\t\t\t\t\t\t\t\t<\/a>\n\t\t\t\t\t\t\t\t\t\t\t\t\t\t\t<\/div>\n\t\t\t\t<\/div>\n\t\t\t\t<div class=\"elementor-element elementor-element-3324554 elementor-widget elementor-widget-heading\" data-id=\"3324554\" data-element_type=\"widget\" data-e-type=\"widget\" data-widget_type=\"heading.default\">\n\t\t\t\t<div class=\"elementor-widget-container\">\n\t\t\t\t\t<h4 class=\"elementor-heading-title elementor-size-default\"><a href=\"https:\/\/condamine.edu.ec\/wp-content\/uploads\/2026\/01\/Article-Condamine-Aide-a-la-scolarite-2026-27-phase-1.pdf\" target=\"_blank\">BECAS FRANCESAS 2026-2027 - PRIMERA FASE<\/a><\/h4>\t\t\t\t<\/div>\n\t\t\t\t<\/div>\n\t\t\t\t<\/div>\n\t\t<div class=\"elementor-element elementor-element-5bd8e73 e-con-full e-flex e-con e-child\" data-id=\"5bd8e73\" data-element_type=\"container\" data-e-type=\"container\">\n\t\t\t\t<div class=\"elementor-element elementor-element-ab27bcd elementor-widget elementor-widget-image\" data-id=\"ab27bcd\" data-element_type=\"widget\" data-e-type=\"widget\" data-widget_type=\"image.default\">\n\t\t\t\t<div class=\"elementor-widget-container\">\n\t\t\t\t\t\t\t\t\t\t\t\t\t\t\t\t<a href=\"https:\/\/condamine.edu.ec\/wp-content\/uploads\/2026\/01\/LISTE-DOCTS-A-FOURNIR-2026-2027.pdf\" target=\"_blank\">\n\t\t\t\t\t\t\t<img decoding=\"async\" width=\"113\" height=\"152\" src=\"https:\/\/condamine.edu.ec\/wp-content\/uploads\/2023\/12\/pdf-web.png\" class=\"attachment-large size-large wp-image-1022\" alt=\"\" \/>\t\t\t\t\t\t\t\t<\/a>\n\t\t\t\t\t\t\t\t\t\t\t\t\t\t\t<\/div>\n\t\t\t\t<\/div>\n\t\t\t\t<div class=\"elementor-element elementor-element-6e26a33 elementor-widget elementor-widget-heading\" data-id=\"6e26a33\" data-element_type=\"widget\" data-e-type=\"widget\" data-widget_type=\"heading.default\">\n\t\t\t\t<div class=\"elementor-widget-container\">\n\t\t\t\t\t<h4 class=\"elementor-heading-title elementor-size-default\"><a href=\"https:\/\/condamine.edu.ec\/wp-content\/uploads\/2026\/01\/LISTE-DOCTS-A-FOURNIR-2026-2027.pdf\" target=\"_blank\">LISTA DE DOCUMENTOS NECESARIOS PARA LAS BECAS FRANCESAS 2026-2027<\/a><\/h4>\t\t\t\t<\/div>\n\t\t\t\t<\/div>\n\t\t\t\t<\/div>\n\t\t<div class=\"elementor-element elementor-element-0a41484 e-con-full e-flex e-con e-child\" data-id=\"0a41484\" data-element_type=\"container\" data-e-type=\"container\">\n\t\t\t\t<div class=\"elementor-element elementor-element-aefd2d7 elementor-widget elementor-widget-image\" data-id=\"aefd2d7\" data-element_type=\"widget\" data-e-type=\"widget\" data-widget_type=\"image.default\">\n\t\t\t\t<div class=\"elementor-widget-container\">\n\t\t\t\t\t\t\t\t\t\t\t\t\t\t\t\t<a href=\"https:\/\/condamine.edu.ec\/wp-content\/uploads\/2026\/01\/formulaire_demande__de__bourse_2026-2027_QUITO.pdf\" target=\"_blank\">\n\t\t\t\t\t\t\t<img decoding=\"async\" width=\"113\" height=\"152\" src=\"https:\/\/condamine.edu.ec\/wp-content\/uploads\/2023\/12\/pdf-web.png\" class=\"attachment-large size-large wp-image-1022\" alt=\"\" \/>\t\t\t\t\t\t\t\t<\/a>\n\t\t\t\t\t\t\t\t\t\t\t\t\t\t\t<\/div>\n\t\t\t\t<\/div>\n\t\t\t\t<div class=\"elementor-element elementor-element-532965e elementor-widget elementor-widget-heading\" data-id=\"532965e\" data-element_type=\"widget\" data-e-type=\"widget\" data-widget_type=\"heading.default\">\n\t\t\t\t<div class=\"elementor-widget-container\">\n\t\t\t\t\t<h4 class=\"elementor-heading-title elementor-size-default\"><a href=\"https:\/\/condamine.edu.ec\/wp-content\/uploads\/2026\/01\/formulaire_demande__de__bourse_2026-2027_QUITO.pdf\" target=\"_blank\">Formulario de solicitud 2026-2027<\/a><\/h4>\t\t\t\t<\/div>\n\t\t\t\t<\/div>\n\t\t\t\t<\/div>\n\t\t\t\t\t<\/div>\n\t\t\t\t<\/div>\n\t\t<div class=\"elementor-element elementor-element-035429d e-con-full e-flex e-con e-parent\" data-id=\"035429d\" data-element_type=\"container\" data-e-type=\"container\">\n\t\t<div class=\"elementor-element elementor-element-32e5dcb e-con-full e-flex e-con e-child\" data-id=\"32e5dcb\" data-element_type=\"container\" data-e-type=\"container\">\n\t\t\t\t<div class=\"elementor-element elementor-element-95836f4 elementor-widget elementor-widget-text-editor\" data-id=\"95836f4\" data-element_type=\"widget\" data-e-type=\"widget\" data-widget_type=\"text-editor.default\">\n\t\t\t\t<div class=\"elementor-widget-container\">\n\t\t\t\t\t\t\t\t\t<div class=\"flex max-w-full flex-col flex-grow\"><div class=\"min-h-8 text-message flex w-full flex-col items-end gap-2 whitespace-normal break-words [.text-message+&amp;]:mt-5\" dir=\"auto\" data-message-author-role=\"assistant\" data-message-id=\"8c071f8f-58fd-475d-bc28-ee45eb731797\" data-message-model-slug=\"gpt-4o-mini\"><div class=\"flex w-full flex-col gap-1 empty:hidden first:pt-[3px]\"><div class=\"markdown prose w-full break-words dark:prose-invert light\"><p>Estas becas est\u00e1n orientadas a apoyar a diversas familias y garantizar el acceso a una educaci\u00f3n de calidad. Para m\u00e1s detalles, consulte nuestro documento informativo actualizado.<\/p><\/div><\/div><\/div><\/div>\t\t\t\t\t\t\t\t<\/div>\n\t\t\t\t<\/div>\n\t\t\t\t<\/div>\n\t\t\t\t<\/div>\n\t\t\t\t<\/div>\n\t\t","protected":false},"excerpt":{"rendered":"<p>Becas El Lyc\u00e9e La Condamine ofrece dos tipos de becas para apoyar a las familias que necesitan. Estas becas tienen como objetivo proporcionar a todos los alumnos una educaci\u00f3n de calidad, teniendo en cuenta sus circunstancias econ\u00f3micas particulares. Para obtener m\u00e1s informaci\u00f3n sobre los criterios de elegibilidad y los procedimientos, lea los siguientes documentos. Becas [&hellip;]<\/p>\n","protected":false},"author":2,"featured_media":0,"parent":0,"menu_order":0,"comment_status":"closed","ping_status":"closed","template":"","meta":{"footnotes":""},"class_list":["post-23827","page","type-page","status-publish","hentry"],"_links":{"self":[{"href":"https:\/\/condamine.edu.ec\/index.php?rest_route=\/wp\/v2\/pages\/23827","targetHints":{"allow":["GET"]}}],"collection":[{"href":"https:\/\/condamine.edu.ec\/index.php?rest_route=\/wp\/v2\/pages"}],"about":[{"href":"https:\/\/condamine.edu.ec\/index.php?rest_route=\/wp\/v2\/types\/page"}],"author":[{"embeddable":true,"href":"https:\/\/condamine.edu.ec\/index.php?rest_route=\/wp\/v2\/users\/2"}],"replies":[{"embeddable":true,"href":"https:\/\/condamine.edu.ec\/index.php?rest_route=%2Fwp%2Fv2%2Fcomments&post=23827"}],"version-history":[{"count":31,"href":"https:\/\/condamine.edu.ec\/index.php?rest_route=\/wp\/v2\/pages\/23827\/revisions"}],"predecessor-version":[{"id":46909,"href":"https:\/\/condamine.edu.ec\/index.php?rest_route=\/wp\/v2\/pages\/23827\/revisions\/46909"}],"wp:attachment":[{"href":"https:\/\/condamine.edu.ec\/index.php?rest_route=%2Fwp%2Fv2%2Fmedia&parent=23827"}],"curies":[{"name":"wp","href":"https:\/\/api.w.org\/{rel}","templated":true}]}}