{"id":23718,"date":"2024-10-23T19:11:51","date_gmt":"2024-10-24T00:11:51","guid":{"rendered":"https:\/\/condamine.edu.ec\/?page_id=23718"},"modified":"2025-11-27T10:46:17","modified_gmt":"2025-11-27T15:46:17","slug":"notre-reglement-interieur","status":"publish","type":"page","link":"https:\/\/condamine.edu.ec\/?page_id=23718&lang=es","title":{"rendered":"Nuestro reglamento interno"},"content":{"rendered":"\t\t<div data-elementor-type=\"wp-page\" data-elementor-id=\"23718\" class=\"elementor elementor-23718 elementor-21717\" data-elementor-post-type=\"page\">\n\t\t\t\t<div class=\"elementor-element elementor-element-6e5d2da e-flex e-con-boxed e-con e-parent\" data-id=\"6e5d2da\" data-element_type=\"container\" data-e-type=\"container\">\n\t\t\t\t\t<div class=\"e-con-inner\">\n\t\t\t\t<div class=\"elementor-element elementor-element-97f1126 elementor-widget elementor-widget-spacer\" data-id=\"97f1126\" data-element_type=\"widget\" data-e-type=\"widget\" data-widget_type=\"spacer.default\">\n\t\t\t\t<div class=\"elementor-widget-container\">\n\t\t\t\t\t\t\t<div class=\"elementor-spacer\">\n\t\t\t<div class=\"elementor-spacer-inner\"><\/div>\n\t\t<\/div>\n\t\t\t\t\t\t<\/div>\n\t\t\t\t<\/div>\n\t\t\t\t\t<\/div>\n\t\t\t\t<\/div>\n\t\t<div class=\"elementor-element elementor-element-1b409c2 e-con-full e-flex e-con e-parent\" data-id=\"1b409c2\" data-element_type=\"container\" data-e-type=\"container\">\n\t\t\t\t<div class=\"elementor-element elementor-element-b4280a7 elementor-widget elementor-widget-heading\" data-id=\"b4280a7\" data-element_type=\"widget\" data-e-type=\"widget\" data-widget_type=\"heading.default\">\n\t\t\t\t<div class=\"elementor-widget-container\">\n\t\t\t\t\t<h2 class=\"elementor-heading-title elementor-size-default\">Nuestro reglamento interno<\/h2>\t\t\t\t<\/div>\n\t\t\t\t<\/div>\n\t\t\t\t<\/div>\n\t\t<div class=\"elementor-element elementor-element-7b59a90 e-flex e-con-boxed e-con e-parent\" data-id=\"7b59a90\" data-element_type=\"container\" data-e-type=\"container\">\n\t\t\t\t\t<div class=\"e-con-inner\">\n\t\t\t\t<div class=\"elementor-element elementor-element-f314553 elementor-widget elementor-widget-spacer\" data-id=\"f314553\" data-element_type=\"widget\" data-e-type=\"widget\" data-widget_type=\"spacer.default\">\n\t\t\t\t<div class=\"elementor-widget-container\">\n\t\t\t\t\t\t\t<div class=\"elementor-spacer\">\n\t\t\t<div class=\"elementor-spacer-inner\"><\/div>\n\t\t<\/div>\n\t\t\t\t\t\t<\/div>\n\t\t\t\t<\/div>\n\t\t\t\t\t<\/div>\n\t\t\t\t<\/div>\n\t\t<div class=\"elementor-element elementor-element-a059aa9 e-con-full e-flex e-con e-parent\" data-id=\"a059aa9\" data-element_type=\"container\" data-e-type=\"container\">\n\t\t<div class=\"elementor-element elementor-element-872ef52 e-con-full e-flex e-con e-child\" data-id=\"872ef52\" data-element_type=\"container\" data-e-type=\"container\">\n\t\t\t\t<div class=\"elementor-element elementor-element-097034e elementor-widget elementor-widget-text-editor\" data-id=\"097034e\" data-element_type=\"widget\" data-e-type=\"widget\" data-widget_type=\"text-editor.default\">\n\t\t\t\t<div class=\"elementor-widget-container\">\n\t\t\t\t\t\t\t\t\t<p>A petici\u00f3n de los miembros de la comunidad educativa, una revisi\u00f3n del reglamento interno puede ser estudiada y sometida a votaci\u00f3n del Consejo de Establecimiento, si se ajusta a las leyes y convenciones vigentes en Francia y Ecuador. Esta versi\u00f3n actualizada fue adoptada por el Consejo de Establecimiento el 13 de febrero de 2023 y entra en vigor el 31 de agosto de 2023.<\/p><p>\u00a0<\/p><p>El colegio La Condamine es una comunidad educativa formada por alumnos, personal y padres. Su misi\u00f3n como servicio p\u00fablico de educaci\u00f3n se basa en valores y principios espec\u00edficos: la educabilidad de todos, la neutralidad, la laicidad, la laboriosidad, la asistencia regular y la puntualidad, el deber de tolerancia y respeto hacia los dem\u00e1s, la igualdad de oportunidades y de trato entre chicos y chicas, y las garant\u00edas de protecci\u00f3n contra cualquier violencia psicol\u00f3gica, f\u00edsica o moral. Los derechos y obligaciones se aplican a todos los miembros de la comunidad.<\/p><p>\u00a0<\/p><p>Elaboradas en concertaci\u00f3n, las normas escolares y su aplicaci\u00f3n sit\u00faan a los alumnos en una posici\u00f3n de aprendizaje de la vida en sociedad, de la ciudadan\u00eda y de la democracia, haci\u00e9ndoles responsables. La inscripci\u00f3n de un alumno en el colegio implica, para \u00e9l y su familia (o tutor legal), la aceptaci\u00f3n de las disposiciones del presente reglamento y el compromiso de cumplirlo \u00edntegramente.<\/p>\t\t\t\t\t\t\t\t<\/div>\n\t\t\t\t<\/div>\n\t\t\t\t<\/div>\n\t\t\t\t<\/div>\n\t\t<div class=\"elementor-element elementor-element-82c6df4 e-flex e-con-boxed e-con e-parent\" data-id=\"82c6df4\" data-element_type=\"container\" data-e-type=\"container\">\n\t\t\t\t\t<div class=\"e-con-inner\">\n\t\t\t\t<div class=\"elementor-element elementor-element-3ba5085 elementor-widget elementor-widget-spacer\" data-id=\"3ba5085\" data-element_type=\"widget\" data-e-type=\"widget\" data-widget_type=\"spacer.default\">\n\t\t\t\t<div class=\"elementor-widget-container\">\n\t\t\t\t\t\t\t<div class=\"elementor-spacer\">\n\t\t\t<div class=\"elementor-spacer-inner\"><\/div>\n\t\t<\/div>\n\t\t\t\t\t\t<\/div>\n\t\t\t\t<\/div>\n\t\t\t\t\t<\/div>\n\t\t\t\t<\/div>\n\t\t<div class=\"elementor-element elementor-element-70827d8 e-con-full e-flex e-con e-parent\" data-id=\"70827d8\" data-element_type=\"container\" data-e-type=\"container\" data-settings=\"{&quot;background_background&quot;:&quot;classic&quot;}\">\n\t\t<div class=\"elementor-element elementor-element-65e7a25 e-con-full e-flex e-con e-child\" data-id=\"65e7a25\" data-element_type=\"container\" data-e-type=\"container\">\n\t\t\t\t<div class=\"elementor-element elementor-element-ce286db elementor-widget elementor-widget-heading\" data-id=\"ce286db\" data-element_type=\"widget\" data-e-type=\"widget\" data-widget_type=\"heading.default\">\n\t\t\t\t<div class=\"elementor-widget-container\">\n\t\t\t\t\t<h2 class=\"elementor-heading-title elementor-size-default\">Descargue y lea el reglamento interno :<\/h2>\t\t\t\t<\/div>\n\t\t\t\t<\/div>\n\t\t\t\t<\/div>\n\t\t\t\t<\/div>\n\t\t<div class=\"elementor-element elementor-element-b8354bd e-flex e-con-boxed e-con e-parent\" data-id=\"b8354bd\" data-element_type=\"container\" data-e-type=\"container\">\n\t\t\t\t\t<div class=\"e-con-inner\">\n\t\t<div class=\"elementor-element elementor-element-90f16d3 e-con-full e-flex e-con e-child\" data-id=\"90f16d3\" data-element_type=\"container\" data-e-type=\"container\">\n\t\t\t\t<div class=\"elementor-element elementor-element-84f9f55 elementor-widget elementor-widget-image\" data-id=\"84f9f55\" data-element_type=\"widget\" data-e-type=\"widget\" data-widget_type=\"image.default\">\n\t\t\t\t<div class=\"elementor-widget-container\">\n\t\t\t\t\t\t\t\t\t\t\t\t\t\t\t\t<a href=\"https:\/\/condamine.edu.ec\/wp-content\/uploads\/2025\/06\/Reglement-interne-de-lecole-primaire.pdf\" target=\"_blank\">\n\t\t\t\t\t\t\t<img decoding=\"async\" width=\"113\" height=\"152\" src=\"https:\/\/condamine.edu.ec\/wp-content\/uploads\/2023\/12\/pdf-web.png\" class=\"attachment-large size-large wp-image-1022\" alt=\"\" \/>\t\t\t\t\t\t\t\t<\/a>\n\t\t\t\t\t\t\t\t\t\t\t\t\t\t\t<\/div>\n\t\t\t\t<\/div>\n\t\t\t\t<div class=\"elementor-element elementor-element-514fa48 elementor-widget elementor-widget-heading\" data-id=\"514fa48\" data-element_type=\"widget\" data-e-type=\"widget\" data-widget_type=\"heading.default\">\n\t\t\t\t<div class=\"elementor-widget-container\">\n\t\t\t\t\t<h4 class=\"elementor-heading-title elementor-size-default\"><a href=\"https:\/\/condamine.edu.ec\/wp-content\/uploads\/2025\/06\/Reglement-interne-de-lecole-primaire.pdf\" target=\"_blank\">Nuestro reglamento interno de Primaria<\/a><\/h4>\t\t\t\t<\/div>\n\t\t\t\t<\/div>\n\t\t\t\t<\/div>\n\t\t<div class=\"elementor-element elementor-element-611295e e-con-full e-flex e-con e-child\" data-id=\"611295e\" data-element_type=\"container\" data-e-type=\"container\">\n\t\t\t\t<div class=\"elementor-element elementor-element-862d08a elementor-widget elementor-widget-image\" data-id=\"862d08a\" data-element_type=\"widget\" data-e-type=\"widget\" data-widget_type=\"image.default\">\n\t\t\t\t<div class=\"elementor-widget-container\">\n\t\t\t\t\t\t\t\t\t\t\t\t\t\t\t\t<a href=\"https:\/\/condamine.edu.ec\/wp-content\/uploads\/2025\/09\/Reglement-Interieur-Secondaire-2025-2026.pdf\" target=\"_blank\">\n\t\t\t\t\t\t\t<img decoding=\"async\" width=\"113\" height=\"152\" src=\"https:\/\/condamine.edu.ec\/wp-content\/uploads\/2023\/12\/pdf-web.png\" class=\"attachment-large size-large wp-image-1022\" alt=\"\" \/>\t\t\t\t\t\t\t\t<\/a>\n\t\t\t\t\t\t\t\t\t\t\t\t\t\t\t<\/div>\n\t\t\t\t<\/div>\n\t\t\t\t<div class=\"elementor-element elementor-element-512d6b6 elementor-widget elementor-widget-heading\" data-id=\"512d6b6\" data-element_type=\"widget\" data-e-type=\"widget\" data-widget_type=\"heading.default\">\n\t\t\t\t<div class=\"elementor-widget-container\">\n\t\t\t\t\t<h4 class=\"elementor-heading-title elementor-size-default\"><a href=\"https:\/\/condamine.edu.ec\/wp-content\/uploads\/2025\/09\/Reglement-Interieur-Secondaire-2025-2026.pdf\" target=\"_blank\">Nuestro reglamento interno de Secundaria<\/a><\/h4>\t\t\t\t<\/div>\n\t\t\t\t<\/div>\n\t\t\t\t<\/div>\n\t\t<div class=\"elementor-element elementor-element-4a7ca09 e-con-full e-flex e-con e-child\" data-id=\"4a7ca09\" data-element_type=\"container\" data-e-type=\"container\">\n\t\t\t\t<div class=\"elementor-element elementor-element-eabfe6d elementor-widget elementor-widget-image\" data-id=\"eabfe6d\" data-element_type=\"widget\" data-e-type=\"widget\" data-widget_type=\"image.default\">\n\t\t\t\t<div class=\"elementor-widget-container\">\n\t\t\t\t\t\t\t\t\t\t\t\t\t\t\t\t<a href=\"https:\/\/condamine.edu.ec\/wp-content\/uploads\/2024\/10\/Reglement_Interieur_Secondaire_2024_2025.pdf\" target=\"_blank\">\n\t\t\t\t\t\t\t<img decoding=\"async\" width=\"113\" height=\"152\" src=\"https:\/\/condamine.edu.ec\/wp-content\/uploads\/2023\/12\/pdf-web.png\" class=\"attachment-large size-large wp-image-1022\" alt=\"\" \/>\t\t\t\t\t\t\t\t<\/a>\n\t\t\t\t\t\t\t\t\t\t\t\t\t\t\t<\/div>\n\t\t\t\t<\/div>\n\t\t\t\t<div class=\"elementor-element elementor-element-fc326eb elementor-widget elementor-widget-heading\" data-id=\"fc326eb\" data-element_type=\"widget\" data-e-type=\"widget\" data-widget_type=\"heading.default\">\n\t\t\t\t<div class=\"elementor-widget-container\">\n\t\t\t\t\t<h4 class=\"elementor-heading-title elementor-size-default\"><a href=\"https:\/\/condamine.edu.ec\/wp-content\/uploads\/2025\/04\/Registro-ministerial-del-Codigo-de-convivencia-2024-2028.pdf\" target=\"_blank\">C\u00f3digo de Convivencia<\/a><\/h4>\t\t\t\t<\/div>\n\t\t\t\t<\/div>\n\t\t\t\t<\/div>\n\t\t\t\t\t<\/div>\n\t\t\t\t<\/div>\n\t\t<div class=\"elementor-element elementor-element-802c6ba e-flex e-con-boxed e-con e-parent\" data-id=\"802c6ba\" data-element_type=\"container\" data-e-type=\"container\">\n\t\t\t\t\t<div class=\"e-con-inner\">\n\t\t\t\t<div class=\"elementor-element elementor-element-011a83e elementor-widget elementor-widget-spacer\" data-id=\"011a83e\" data-element_type=\"widget\" data-e-type=\"widget\" data-widget_type=\"spacer.default\">\n\t\t\t\t<div class=\"elementor-widget-container\">\n\t\t\t\t\t\t\t<div class=\"elementor-spacer\">\n\t\t\t<div class=\"elementor-spacer-inner\"><\/div>\n\t\t<\/div>\n\t\t\t\t\t\t<\/div>\n\t\t\t\t<\/div>\n\t\t\t\t\t<\/div>\n\t\t\t\t<\/div>\n\t\t<div class=\"elementor-element elementor-element-5b3a17e e-con-full e-flex e-con e-parent\" data-id=\"5b3a17e\" data-element_type=\"container\" data-e-type=\"container\" data-settings=\"{&quot;background_background&quot;:&quot;classic&quot;}\">\n\t\t<div class=\"elementor-element elementor-element-3fb8f8f e-con-full e-flex e-con e-child\" data-id=\"3fb8f8f\" data-element_type=\"container\" data-e-type=\"container\">\n\t\t\t\t<div class=\"elementor-element elementor-element-9b9f93f elementor-widget elementor-widget-heading\" data-id=\"9b9f93f\" data-element_type=\"widget\" data-e-type=\"widget\" data-widget_type=\"heading.default\">\n\t\t\t\t<div class=\"elementor-widget-container\">\n\t\t\t\t\t<h2 class=\"elementor-heading-title elementor-size-default\">REGLAMENTO FINANCIERO<\/h2>\t\t\t\t<\/div>\n\t\t\t\t<\/div>\n\t\t\t\t<\/div>\n\t\t\t\t<\/div>\n\t\t<div class=\"elementor-element elementor-element-e46169d e-flex e-con-boxed e-con e-parent\" data-id=\"e46169d\" data-element_type=\"container\" data-e-type=\"container\">\n\t\t\t\t\t<div class=\"e-con-inner\">\n\t\t<div class=\"elementor-element elementor-element-060397a e-con-full e-flex e-con e-child\" data-id=\"060397a\" data-element_type=\"container\" data-e-type=\"container\">\n\t\t\t\t<div class=\"elementor-element elementor-element-a12cb93 elementor-widget elementor-widget-image\" data-id=\"a12cb93\" data-element_type=\"widget\" data-e-type=\"widget\" data-widget_type=\"image.default\">\n\t\t\t\t<div class=\"elementor-widget-container\">\n\t\t\t\t\t\t\t\t\t\t\t\t\t\t\t\t<a href=\"https:\/\/condamine.edu.ec\/wp-content\/uploads\/2025\/11\/REGLAMENTOFINANCIEROSERVICIOS_FINANCIEROS_ES_2526.pdf\" target=\"_blank\">\n\t\t\t\t\t\t\t<img decoding=\"async\" width=\"113\" height=\"152\" src=\"https:\/\/condamine.edu.ec\/wp-content\/uploads\/2023\/12\/pdf-web.png\" class=\"attachment-large size-large wp-image-1022\" alt=\"\" \/>\t\t\t\t\t\t\t\t<\/a>\n\t\t\t\t\t\t\t\t\t\t\t\t\t\t\t<\/div>\n\t\t\t\t<\/div>\n\t\t\t\t<div class=\"elementor-element elementor-element-59d6d7f elementor-widget elementor-widget-heading\" data-id=\"59d6d7f\" data-element_type=\"widget\" data-e-type=\"widget\" data-widget_type=\"heading.default\">\n\t\t\t\t<div class=\"elementor-widget-container\">\n\t\t\t\t\t<h4 class=\"elementor-heading-title elementor-size-default\"><a href=\"https:\/\/condamine.edu.ec\/wp-content\/uploads\/2025\/11\/REGLAMENTOFINANCIEROSERVICIOS_FINANCIEROS_ES_2526.pdf\" target=\"_blank\">REGLAMENTO FINANCIERO 2025-2026<\/a><\/h4>\t\t\t\t<\/div>\n\t\t\t\t<\/div>\n\t\t\t\t<\/div>\n\t\t\t\t\t<\/div>\n\t\t\t\t<\/div>\n\t\t\t\t<\/div>\n\t\t","protected":false},"excerpt":{"rendered":"<p>Nuestro reglamento interno A petici\u00f3n de los miembros de la comunidad educativa, una revisi\u00f3n del reglamento interno puede ser estudiada y sometida a votaci\u00f3n del Consejo de Establecimiento, si se ajusta a las leyes y convenciones vigentes en Francia y Ecuador. Esta versi\u00f3n actualizada fue adoptada por el Consejo de Establecimiento el 13 de febrero [&hellip;]<\/p>\n","protected":false},"author":2,"featured_media":0,"parent":0,"menu_order":0,"comment_status":"closed","ping_status":"closed","template":"","meta":{"footnotes":""},"class_list":["post-23718","page","type-page","status-publish","hentry"],"_links":{"self":[{"href":"https:\/\/condamine.edu.ec\/index.php?rest_route=\/wp\/v2\/pages\/23718","targetHints":{"allow":["GET"]}}],"collection":[{"href":"https:\/\/condamine.edu.ec\/index.php?rest_route=\/wp\/v2\/pages"}],"about":[{"href":"https:\/\/condamine.edu.ec\/index.php?rest_route=\/wp\/v2\/types\/page"}],"author":[{"embeddable":true,"href":"https:\/\/condamine.edu.ec\/index.php?rest_route=\/wp\/v2\/users\/2"}],"replies":[{"embeddable":true,"href":"https:\/\/condamine.edu.ec\/index.php?rest_route=%2Fwp%2Fv2%2Fcomments&post=23718"}],"version-history":[{"count":28,"href":"https:\/\/condamine.edu.ec\/index.php?rest_route=\/wp\/v2\/pages\/23718\/revisions"}],"predecessor-version":[{"id":42843,"href":"https:\/\/condamine.edu.ec\/index.php?rest_route=\/wp\/v2\/pages\/23718\/revisions\/42843"}],"wp:attachment":[{"href":"https:\/\/condamine.edu.ec\/index.php?rest_route=%2Fwp%2Fv2%2Fmedia&parent=23718"}],"curies":[{"name":"wp","href":"https:\/\/api.w.org\/{rel}","templated":true}]}}