{"id":23652,"date":"2024-10-23T10:06:14","date_gmt":"2024-10-23T15:06:14","guid":{"rendered":"https:\/\/condamine.edu.ec\/?page_id=23652"},"modified":"2024-10-30T17:26:45","modified_gmt":"2024-10-30T22:26:45","slug":"le-reseau-mondial-de-laefe","status":"publish","type":"page","link":"https:\/\/condamine.edu.ec\/?page_id=23652&lang=es","title":{"rendered":"La red mundial de la AEFE"},"content":{"rendered":"\t\t<div data-elementor-type=\"wp-page\" data-elementor-id=\"23652\" class=\"elementor elementor-23652 elementor-21591\" data-elementor-post-type=\"page\">\n\t\t\t\t<div class=\"elementor-element elementor-element-6e5d2da e-flex e-con-boxed e-con e-parent\" data-id=\"6e5d2da\" data-element_type=\"container\" data-e-type=\"container\">\n\t\t\t\t\t<div class=\"e-con-inner\">\n\t\t\t\t<div class=\"elementor-element elementor-element-97f1126 elementor-widget elementor-widget-spacer\" data-id=\"97f1126\" data-element_type=\"widget\" data-e-type=\"widget\" data-widget_type=\"spacer.default\">\n\t\t\t\t<div class=\"elementor-widget-container\">\n\t\t\t\t\t\t\t<div class=\"elementor-spacer\">\n\t\t\t<div class=\"elementor-spacer-inner\"><\/div>\n\t\t<\/div>\n\t\t\t\t\t\t<\/div>\n\t\t\t\t<\/div>\n\t\t\t\t\t<\/div>\n\t\t\t\t<\/div>\n\t\t<div class=\"elementor-element elementor-element-1b409c2 e-con-full e-flex e-con e-parent\" data-id=\"1b409c2\" data-element_type=\"container\" data-e-type=\"container\">\n\t\t\t\t<div class=\"elementor-element elementor-element-b4280a7 elementor-widget elementor-widget-heading\" data-id=\"b4280a7\" data-element_type=\"widget\" data-e-type=\"widget\" data-widget_type=\"heading.default\">\n\t\t\t\t<div class=\"elementor-widget-container\">\n\t\t\t\t\t<h2 class=\"elementor-heading-title elementor-size-default\">La red mundial de la AEFE<\/h2>\t\t\t\t<\/div>\n\t\t\t\t<\/div>\n\t\t\t\t<\/div>\n\t\t<div class=\"elementor-element elementor-element-3f00144 e-con-full e-flex e-con e-parent\" data-id=\"3f00144\" data-element_type=\"container\" data-e-type=\"container\">\n\t\t<div class=\"elementor-element elementor-element-6ad05ec e-con-full e-flex e-con e-child\" data-id=\"6ad05ec\" data-element_type=\"container\" data-e-type=\"container\">\n\t\t\t\t<div class=\"elementor-element elementor-element-bc2d040 elementor-widget elementor-widget-image\" data-id=\"bc2d040\" data-element_type=\"widget\" data-e-type=\"widget\" data-settings=\"{&quot;motion_fx_motion_fx_scrolling&quot;:&quot;yes&quot;,&quot;motion_fx_translateY_effect&quot;:&quot;yes&quot;,&quot;motion_fx_translateY_speed&quot;:{&quot;unit&quot;:&quot;px&quot;,&quot;size&quot;:4,&quot;sizes&quot;:[]},&quot;motion_fx_translateY_affectedRange&quot;:{&quot;unit&quot;:&quot;%&quot;,&quot;size&quot;:&quot;&quot;,&quot;sizes&quot;:{&quot;start&quot;:0,&quot;end&quot;:100}},&quot;motion_fx_devices&quot;:[&quot;desktop&quot;,&quot;tablet&quot;,&quot;mobile&quot;]}\" data-widget_type=\"image.default\">\n\t\t\t\t<div class=\"elementor-widget-container\">\n\t\t\t\t\t\t\t\t\t\t\t\t\t\t\t<img decoding=\"async\" src=\"https:\/\/condamine.edu.ec\/wp-content\/uploads\/elementor\/thumbs\/LOGO-AEFE-WEB-qvzjnnoo4az4zkt3g3bwxxiz30m3esp8abcgue3l40.png\" title=\"LOGO-AEFE-WEB\" alt=\"LOGO-AEFE-WEB\" loading=\"lazy\" \/>\t\t\t\t\t\t\t\t\t\t\t\t\t\t\t<\/div>\n\t\t\t\t<\/div>\n\t\t\t\t<\/div>\n\t\t<div class=\"elementor-element elementor-element-43eeee2 e-con-full e-flex e-con e-child\" data-id=\"43eeee2\" data-element_type=\"container\" data-e-type=\"container\">\n\t\t\t\t<div class=\"elementor-element elementor-element-b68ce92 elementor-widget elementor-widget-text-editor\" data-id=\"b68ce92\" data-element_type=\"widget\" data-e-type=\"widget\" data-widget_type=\"text-editor.default\">\n\t\t\t\t<div class=\"elementor-widget-container\">\n\t\t\t\t\t\t\t\t\t<p>La Agencia de Ense\u00f1anza Francesa en el Extranjero (AEFE) es <strong>una red escolar \u00fanica en el mundo<\/strong>. En 2024, contar\u00e1 con 600 colegios homologados por el Ministerio de Educaci\u00f3n Franc\u00e9s, que pueden tener uno de estos tres estatus: colegios gestionados directamente por la AEFE (EGD), colegios en convenio, donde la AEFE asigna personal, o colegios asociados.<\/p><p>\u00a0<\/p><p>La red educativa francesa en el extranjero, coordinada por la AEFE, es \u00fanica en el mundo por su <strong>amplitud<\/strong>, <strong>coherencia<\/strong> y <strong>cohesi\u00f3n<\/strong>, pero tambi\u00e9n por su <strong>diversidad<\/strong>, gracias al arraigo local de sus establecimientos en <strong>139 pa\u00edses<\/strong>.<\/p><p>\u00a0<\/p><p>La AEFE coordina una red din\u00e1mica de colegios internacionales homologados, que ofrece una educaci\u00f3n de calidad que promueve el \u00e9xito y los valores humanistas, y atiende a <strong>392.000 alumnos<\/strong> desde inicial hasta el final de la ense\u00f1anza secundaria.<\/p>\t\t\t\t\t\t\t\t<\/div>\n\t\t\t\t<\/div>\n\t\t\t\t<\/div>\n\t\t\t\t<\/div>\n\t\t<div class=\"elementor-element elementor-element-d512df5 e-con-full e-flex e-con e-parent\" data-id=\"d512df5\" data-element_type=\"container\" data-e-type=\"container\">\n\t\t<div class=\"elementor-element elementor-element-eaec10f e-con-full e-flex e-con e-child\" data-id=\"eaec10f\" data-element_type=\"container\" data-e-type=\"container\">\n\t\t\t\t<div class=\"elementor-element elementor-element-3a23ea0 elementor-widget elementor-widget-text-editor\" data-id=\"3a23ea0\" data-element_type=\"widget\" data-e-type=\"widget\" data-widget_type=\"text-editor.default\">\n\t\t\t\t<div class=\"elementor-widget-container\">\n\t\t\t\t\t\t\t\t\t<p>La AEFE se asocia con socios clave para implicar a esta red en iniciativas innovadoras y eventos de talla mundial, como la <a href=\"https:\/\/aefe.gouv.fr\/fr\/reseau-scolaire-mondial\/des-projets-et-dispositifs-en-partage\/dossier-orchestre-et-choeur-des-lycees-francais-du-monde\">Orquesta de los Liceos Franceses del Mundo<\/a> y los <a href=\"https:\/\/aefe.gouv.fr\/fr\/reseau-scolaire-mondial\/des-projets-et-dispositifs-en-partage\/dossier-jeux-internationaux-de-la-jeunesse-jij#:~:text=Les%20Jeux%20internationaux%20de%20la,une%20exp%C3%A9rience%20unique%20au%20monde.\">Juegos Internacionales de la Juventud<\/a> (JIJ), entre otros.<\/p><p>\u00a0<\/p><p>Los centros educativos como el <strong>colegio franco-ecuatoriano La Condamine<\/strong> est\u00e1n, por tanto, bajo la supervisi\u00f3n del Ministerio de Europa y Asuntos Exteriores (MEAE) y en colaboraci\u00f3n con sus socios institucionales, en particular el Ministerio de Educaci\u00f3n Nacional y Juventud (MEN), que concede la autorizaci\u00f3n a los centros educativos franceses en el extranjero, la AEFE.<\/p><p>\u00a0<\/p><p>La ense\u00f1anza impartida en los colegios e institutos franceses en el extranjero es innovadora, abierta a la cultura y a la lengua de los pa\u00edses en los que se encuentran y garantiza, desde Inicial, un aprendizaje reforzado de las lenguas extranjeras. Prepara a los alumnos para su futuro como ciudadanos y miembros activos de sociedades abiertas, multiling\u00fces y multiculturales.<\/p>\t\t\t\t\t\t\t\t<\/div>\n\t\t\t\t<\/div>\n\t\t\t\t<\/div>\n\t\t<div class=\"elementor-element elementor-element-279b205 e-con-full e-flex e-con e-child\" data-id=\"279b205\" data-element_type=\"container\" data-e-type=\"container\">\n\t\t\t\t<div class=\"elementor-element elementor-element-b042994 elementor-widget elementor-widget-video\" data-id=\"b042994\" data-element_type=\"widget\" data-e-type=\"widget\" data-settings=\"{&quot;youtube_url&quot;:&quot;https:\\\/\\\/www.youtube.com\\\/watch?v=NZkcl-YdHFk&quot;,&quot;video_type&quot;:&quot;youtube&quot;,&quot;controls&quot;:&quot;yes&quot;}\" data-widget_type=\"video.default\">\n\t\t\t\t<div class=\"elementor-widget-container\">\n\t\t\t\t\t\t\t<div class=\"elementor-wrapper elementor-open-inline\">\n\t\t\t<div class=\"elementor-video\"><\/div>\t\t<\/div>\n\t\t\t\t\t\t<\/div>\n\t\t\t\t<\/div>\n\t\t\t\t<\/div>\n\t\t\t\t<\/div>\n\t\t<div class=\"elementor-element elementor-element-baa84dd e-con-full e-flex e-con e-parent\" data-id=\"baa84dd\" data-element_type=\"container\" data-e-type=\"container\">\n\t\t<div class=\"elementor-element elementor-element-f42860d e-con-full e-flex e-con e-child\" data-id=\"f42860d\" data-element_type=\"container\" data-e-type=\"container\">\n\t\t\t\t<div class=\"elementor-element elementor-element-17f3050 elementor-cta--layout-image-above elementor-cta--valign-middle elementor-cta--skin-classic elementor-animated-content elementor-bg-transform elementor-bg-transform-zoom-in elementor-widget elementor-widget-call-to-action\" data-id=\"17f3050\" data-element_type=\"widget\" data-e-type=\"widget\" data-widget_type=\"call-to-action.default\">\n\t\t\t\t<div class=\"elementor-widget-container\">\n\t\t\t\t\t\t\t<div class=\"elementor-cta\">\n\t\t\t\t\t<div class=\"elementor-cta__bg-wrapper\">\n\t\t\t\t<div class=\"elementor-cta__bg elementor-bg\" style=\"background-image: url(https:\/\/condamine.edu.ec\/wp-content\/uploads\/2024\/10\/carte-reseau-efe-annee-scolaire-2024-2025-1024x569.jpg);\" role=\"img\" aria-label=\"carte-reseau-efe-annee-scolaire-2024-2025\"><\/div>\n\t\t\t\t<div class=\"elementor-cta__bg-overlay\"><\/div>\n\t\t\t<\/div>\n\t\t\t\t\t\t\t<div class=\"elementor-cta__content\">\n\t\t\t\t\n\t\t\t\t\t\t\t\t\t<h2 class=\"elementor-cta__title elementor-cta__content-item elementor-content-item\">\n\t\t\t\t\t\tUna red \u00fanica en el mundo\t\t\t\t\t<\/h2>\n\t\t\t\t\n\t\t\t\t\t\t\t\t\t<div class=\"elementor-cta__description elementor-cta__content-item elementor-content-item\">\n\t\t\t\t\t\tMapa interactivo de las 600 colegios de 139 pa\u00edses de la red francesa de educaci\u00f3n en el extranjero.\t\t\t\t\t<\/div>\n\t\t\t\t\n\t\t\t\t\t\t\t\t\t<div class=\"elementor-cta__button-wrapper elementor-cta__content-item elementor-content-item \">\n\t\t\t\t\t<a class=\"elementor-cta__button elementor-button elementor-size-\" href=\"https:\/\/aefe.gouv.fr\/fr\/carte-des-etablissements\">\n\t\t\t\t\t\tClic aqu\u00ed\t\t\t\t\t<\/a>\n\t\t\t\t\t<\/div>\n\t\t\t\t\t\t\t<\/div>\n\t\t\t\t\t\t<\/div>\n\t\t\t\t\t\t<\/div>\n\t\t\t\t<\/div>\n\t\t\t\t<\/div>\n\t\t\t\t<\/div>\n\t\t<div class=\"elementor-element elementor-element-71a5a84 e-flex e-con-boxed e-con e-parent\" data-id=\"71a5a84\" data-element_type=\"container\" data-e-type=\"container\">\n\t\t\t\t\t<div class=\"e-con-inner\">\n\t\t<div class=\"elementor-element elementor-element-b8485a4 e-con-full e-flex e-con e-child\" data-id=\"b8485a4\" data-element_type=\"container\" data-e-type=\"container\">\n\t\t\t\t<div class=\"elementor-element elementor-element-c0d4489 elementor-widget elementor-widget-counter\" data-id=\"c0d4489\" data-element_type=\"widget\" data-e-type=\"widget\" data-widget_type=\"counter.default\">\n\t\t\t\t<div class=\"elementor-widget-container\">\n\t\t\t\t\t\t\t<div class=\"elementor-counter\">\n\t\t\t<div class=\"elementor-counter-title\">ESTABLECIMIENTOS HOMOLOGADOS<\/div>\t\t\t<div class=\"elementor-counter-number-wrapper\">\n\t\t\t\t<span class=\"elementor-counter-number-prefix\"><\/span>\n\t\t\t\t<span class=\"elementor-counter-number\" data-duration=\"2000\" data-to-value=\"580\" data-from-value=\"0\" data-delimiter=\",\">0<\/span>\n\t\t\t\t<span class=\"elementor-counter-number-suffix\"><\/span>\n\t\t\t<\/div>\n\t\t<\/div>\n\t\t\t\t\t\t<\/div>\n\t\t\t\t<\/div>\n\t\t\t\t<\/div>\n\t\t<div class=\"elementor-element elementor-element-ff467e6 e-con-full e-flex e-con e-child\" data-id=\"ff467e6\" data-element_type=\"container\" data-e-type=\"container\">\n\t\t\t\t<div class=\"elementor-element elementor-element-6d05504 elementor-widget elementor-widget-counter\" data-id=\"6d05504\" data-element_type=\"widget\" data-e-type=\"widget\" data-widget_type=\"counter.default\">\n\t\t\t\t<div class=\"elementor-widget-container\">\n\t\t\t\t\t\t\t<div class=\"elementor-counter\">\n\t\t\t<div class=\"elementor-counter-title\">ESTUDIANTES, DE LOS CUALES EL 30% SON FRANCESES<\/div>\t\t\t<div class=\"elementor-counter-number-wrapper\">\n\t\t\t\t<span class=\"elementor-counter-number-prefix\"><\/span>\n\t\t\t\t<span class=\"elementor-counter-number\" data-duration=\"2000\" data-to-value=\"392000\" data-from-value=\"0\" data-delimiter=\",\">0<\/span>\n\t\t\t\t<span class=\"elementor-counter-number-suffix\"><\/span>\n\t\t\t<\/div>\n\t\t<\/div>\n\t\t\t\t\t\t<\/div>\n\t\t\t\t<\/div>\n\t\t\t\t<\/div>\n\t\t<div class=\"elementor-element elementor-element-39717cf e-con-full e-flex e-con e-child\" data-id=\"39717cf\" data-element_type=\"container\" data-e-type=\"container\">\n\t\t\t\t<div class=\"elementor-element elementor-element-0afed6e elementor-widget elementor-widget-counter\" data-id=\"0afed6e\" data-element_type=\"widget\" data-e-type=\"widget\" data-widget_type=\"counter.default\">\n\t\t\t\t<div class=\"elementor-widget-container\">\n\t\t\t\t\t\t\t<div class=\"elementor-counter\">\n\t\t\t<div class=\"elementor-counter-title\">PA\u00cdSES<\/div>\t\t\t<div class=\"elementor-counter-number-wrapper\">\n\t\t\t\t<span class=\"elementor-counter-number-prefix\"><\/span>\n\t\t\t\t<span class=\"elementor-counter-number\" data-duration=\"2000\" data-to-value=\"139\" data-from-value=\"0\" data-delimiter=\",\">0<\/span>\n\t\t\t\t<span class=\"elementor-counter-number-suffix\"><\/span>\n\t\t\t<\/div>\n\t\t<\/div>\n\t\t\t\t\t\t<\/div>\n\t\t\t\t<\/div>\n\t\t\t\t<\/div>\n\t\t\t\t\t<\/div>\n\t\t\t\t<\/div>\n\t\t<div class=\"elementor-element elementor-element-a443599 e-con-full e-flex e-con e-parent\" data-id=\"a443599\" data-element_type=\"container\" data-e-type=\"container\">\n\t\t<div class=\"elementor-element elementor-element-b83e92a e-con-full e-flex e-con e-child\" data-id=\"b83e92a\" data-element_type=\"container\" data-e-type=\"container\">\n\t\t\t\t<div class=\"elementor-element elementor-element-f43e912 elementor-widget elementor-widget-heading\" data-id=\"f43e912\" data-element_type=\"widget\" data-e-type=\"widget\" data-widget_type=\"heading.default\">\n\t\t\t\t<div class=\"elementor-widget-container\">\n\t\t\t\t\t<h2 class=\"elementor-heading-title elementor-size-default\">Las misiones de la AEFE<\/h2>\t\t\t\t<\/div>\n\t\t\t\t<\/div>\n\t\t\t\t<div class=\"elementor-element elementor-element-929cc91 elementor-widget elementor-widget-text-editor\" data-id=\"929cc91\" data-element_type=\"widget\" data-e-type=\"widget\" data-widget_type=\"text-editor.default\">\n\t\t\t\t<div class=\"elementor-widget-container\">\n\t\t\t\t\t\t\t\t\t<p>La AEFE se cre\u00f3 para <strong>estructurar la red de centros de ense\u00f1anza franceses en el extranjero<\/strong>, es decir, los centros <a href=\"https:\/\/aefe.gouv.fr\/fr\/reseau-scolaire-mondial\/un-reseau-unique-au-monde\/lhomologation-et-le-suivi-dhomologation\">homologados<\/a> por el Ministerio de Educaci\u00f3n franc\u00e9s. Desde el principio, el papel de la AEFE como coordinadora de <strong>una red mundial \u00fanica<\/strong> de colegios se basa en la doble misi\u00f3n fundamental que se le ha confiado:<\/p><p>\u00a0<\/p><ul><li>una misi\u00f3n de <strong>servicio p\u00fablico educativo<\/strong> en beneficio de los ni\u00f1os franceses que viven fuera de Francia,<\/li><li>una contribuci\u00f3n, mediante la acogida de alumnos de otras nacionalidades en sus colegios, a la <strong>diplomacia de la influencia<\/strong>, a la proyecci\u00f3n de la lengua y la cultura francesas, al atractivo de Francia y a la difusi\u00f3n de sus valores humanistas y democr\u00e1ticos.<\/li><\/ul><p>\u00a0<\/p><p>En 1990, la red contaba con 165.000 alumnos. Desde entonces, no ha dejado de desarrollarse y crecer: <strong>en 2023-2024, la red contar\u00e1 con 392.000 alumnos<\/strong>.<\/p><p>\u00a0<\/p><p>El crecimiento de la red de escuelas francesas en el extranjero se ha convertido en el eje estrat\u00e9gico que gu\u00eda el trabajo de la AEFE desde el anuncio del <a href=\"https:\/\/aefe.gouv.fr\/fr\/reseau-scolaire-mondial\/un-reseau-en-developpement\/relever-les-defis-du-cap-2030\">Cap 2030<\/a>.<\/p>\t\t\t\t\t\t\t\t<\/div>\n\t\t\t\t<\/div>\n\t\t\t\t<div class=\"elementor-element elementor-element-20d0a76 elementor-align-center elementor-widget elementor-widget-button\" data-id=\"20d0a76\" data-element_type=\"widget\" data-e-type=\"widget\" data-widget_type=\"button.default\">\n\t\t\t\t<div class=\"elementor-widget-container\">\n\t\t\t\t\t\t\t\t\t<div class=\"elementor-button-wrapper\">\n\t\t\t\t\t<a class=\"elementor-button elementor-button-link elementor-size-sm\" href=\"https:\/\/aefe.gouv.fr\/fr\">\n\t\t\t\t\t\t<span class=\"elementor-button-content-wrapper\">\n\t\t\t\t\t\t\t\t\t<span class=\"elementor-button-text\">CONOCER M\u00c1S DE LA RED AEFE<\/span>\n\t\t\t\t\t<\/span>\n\t\t\t\t\t<\/a>\n\t\t\t\t<\/div>\n\t\t\t\t\t\t\t\t<\/div>\n\t\t\t\t<\/div>\n\t\t\t\t<\/div>\n\t\t\t\t<\/div>\n\t\t\t\t<\/div>\n\t\t","protected":false},"excerpt":{"rendered":"<p>La red mundial de la AEFE La Agencia de Ense\u00f1anza Francesa en el Extranjero (AEFE) es una red escolar \u00fanica en el mundo. En 2024, contar\u00e1 con 600 colegios homologados por el Ministerio de Educaci\u00f3n Franc\u00e9s, que pueden tener uno de estos tres estatus: colegios gestionados directamente por la AEFE (EGD), colegios en convenio, donde [&hellip;]<\/p>\n","protected":false},"author":2,"featured_media":0,"parent":0,"menu_order":0,"comment_status":"closed","ping_status":"closed","template":"","meta":{"footnotes":""},"class_list":["post-23652","page","type-page","status-publish","hentry"],"_links":{"self":[{"href":"https:\/\/condamine.edu.ec\/index.php?rest_route=\/wp\/v2\/pages\/23652","targetHints":{"allow":["GET"]}}],"collection":[{"href":"https:\/\/condamine.edu.ec\/index.php?rest_route=\/wp\/v2\/pages"}],"about":[{"href":"https:\/\/condamine.edu.ec\/index.php?rest_route=\/wp\/v2\/types\/page"}],"author":[{"embeddable":true,"href":"https:\/\/condamine.edu.ec\/index.php?rest_route=\/wp\/v2\/users\/2"}],"replies":[{"embeddable":true,"href":"https:\/\/condamine.edu.ec\/index.php?rest_route=%2Fwp%2Fv2%2Fcomments&post=23652"}],"version-history":[{"count":19,"href":"https:\/\/condamine.edu.ec\/index.php?rest_route=\/wp\/v2\/pages\/23652\/revisions"}],"predecessor-version":[{"id":23696,"href":"https:\/\/condamine.edu.ec\/index.php?rest_route=\/wp\/v2\/pages\/23652\/revisions\/23696"}],"wp:attachment":[{"href":"https:\/\/condamine.edu.ec\/index.php?rest_route=%2Fwp%2Fv2%2Fmedia&parent=23652"}],"curies":[{"name":"wp","href":"https:\/\/api.w.org\/{rel}","templated":true}]}}