{"id":22873,"date":"2024-10-23T09:13:13","date_gmt":"2024-10-23T14:13:13","guid":{"rendered":"https:\/\/condamine.edu.ec\/?page_id=22873"},"modified":"2025-09-24T08:15:10","modified_gmt":"2025-09-24T13:15:10","slug":"mot-du-proviseur","status":"publish","type":"page","link":"https:\/\/condamine.edu.ec\/?page_id=22873&lang=es","title":{"rendered":"Mensaje del Director General"},"content":{"rendered":"\t\t<div data-elementor-type=\"wp-page\" data-elementor-id=\"22873\" class=\"elementor elementor-22873 elementor-21570\" data-elementor-post-type=\"page\">\n\t\t\t\t<div class=\"elementor-element elementor-element-6e5d2da e-flex e-con-boxed e-con e-parent\" data-id=\"6e5d2da\" data-element_type=\"container\" data-e-type=\"container\">\n\t\t\t\t\t<div class=\"e-con-inner\">\n\t\t\t\t<div class=\"elementor-element elementor-element-97f1126 elementor-widget elementor-widget-spacer\" data-id=\"97f1126\" data-element_type=\"widget\" data-e-type=\"widget\" data-widget_type=\"spacer.default\">\n\t\t\t\t<div class=\"elementor-widget-container\">\n\t\t\t\t\t\t\t<div class=\"elementor-spacer\">\n\t\t\t<div class=\"elementor-spacer-inner\"><\/div>\n\t\t<\/div>\n\t\t\t\t\t\t<\/div>\n\t\t\t\t<\/div>\n\t\t\t\t\t<\/div>\n\t\t\t\t<\/div>\n\t\t<div class=\"elementor-element elementor-element-1b409c2 e-con-full e-flex e-con e-parent\" data-id=\"1b409c2\" data-element_type=\"container\" data-e-type=\"container\">\n\t\t\t\t<div class=\"elementor-element elementor-element-b4280a7 elementor-widget elementor-widget-heading\" data-id=\"b4280a7\" data-element_type=\"widget\" data-e-type=\"widget\" data-widget_type=\"heading.default\">\n\t\t\t\t<div class=\"elementor-widget-container\">\n\t\t\t\t\t<h2 class=\"elementor-heading-title elementor-size-default\">Mensaje del Director General<\/h2>\t\t\t\t<\/div>\n\t\t\t\t<\/div>\n\t\t\t\t<\/div>\n\t\t<div class=\"elementor-element elementor-element-3f00144 e-con-full e-flex e-con e-parent\" data-id=\"3f00144\" data-element_type=\"container\" data-e-type=\"container\">\n\t\t<div class=\"elementor-element elementor-element-6ad05ec e-con-full e-flex e-con e-child\" data-id=\"6ad05ec\" data-element_type=\"container\" data-e-type=\"container\">\n\t\t\t\t<div class=\"elementor-element elementor-element-bc2d040 elementor-widget elementor-widget-image\" data-id=\"bc2d040\" data-element_type=\"widget\" data-e-type=\"widget\" data-settings=\"{&quot;motion_fx_motion_fx_scrolling&quot;:&quot;yes&quot;,&quot;motion_fx_translateY_effect&quot;:&quot;yes&quot;,&quot;motion_fx_translateY_speed&quot;:{&quot;unit&quot;:&quot;px&quot;,&quot;size&quot;:4,&quot;sizes&quot;:[]},&quot;motion_fx_translateY_affectedRange&quot;:{&quot;unit&quot;:&quot;%&quot;,&quot;size&quot;:&quot;&quot;,&quot;sizes&quot;:{&quot;start&quot;:0,&quot;end&quot;:100}},&quot;motion_fx_devices&quot;:[&quot;desktop&quot;,&quot;tablet&quot;,&quot;mobile&quot;]}\" data-widget_type=\"image.default\">\n\t\t\t\t<div class=\"elementor-widget-container\">\n\t\t\t\t\t\t\t\t\t\t\t\t\t\t\t<img decoding=\"async\" src=\"https:\/\/condamine.edu.ec\/wp-content\/uploads\/elementor\/thumbs\/Philippe_Mouchet_Web-qxd05xxnpup1ioh1hffnbgaciqbry3g4nd9mw4xme8.png\" title=\"Philippe_Mouchet_Web\" alt=\"Philippe_Mouchet_Web\" loading=\"lazy\" \/>\t\t\t\t\t\t\t\t\t\t\t\t\t\t\t<\/div>\n\t\t\t\t<\/div>\n\t\t\t\t<div class=\"elementor-element elementor-element-b58437d elementor-widget elementor-widget-heading\" data-id=\"b58437d\" data-element_type=\"widget\" data-e-type=\"widget\" data-widget_type=\"heading.default\">\n\t\t\t\t<div class=\"elementor-widget-container\">\n\t\t\t\t\t<h2 class=\"elementor-heading-title elementor-size-default\">Sr. Philippe Mouchet<\/h2>\t\t\t\t<\/div>\n\t\t\t\t<\/div>\n\t\t\t\t<\/div>\n\t\t<div class=\"elementor-element elementor-element-43eeee2 e-con-full e-flex e-con e-child\" data-id=\"43eeee2\" data-element_type=\"container\" data-e-type=\"container\">\n\t\t\t\t<div class=\"elementor-element elementor-element-b68ce92 elementor-widget elementor-widget-text-editor\" data-id=\"b68ce92\" data-element_type=\"widget\" data-e-type=\"widget\" data-widget_type=\"text-editor.default\">\n\t\t\t\t<div class=\"elementor-widget-container\">\n\t\t\t\t\t\t\t\t\t<p>Estimados alumnos, estimados padres, estimados miembros de la comunidad educativa:<\/p><p>\u00a0<\/p><p>Es un gran orgullo para m\u00ed dirigirme a ustedes en este inicio de curso escolar, mientras nos preparamos para celebrar, en <strong>2027, los 60 a\u00f1os del Liceo La Condamine de Quito<\/strong>. Seis d\u00e9cadas de historia, compromiso y excelencia educativa dentro de la red <strong>AEFE<\/strong>, que hacen de nuestro centro un lugar \u00fanico de aprendizaje, intercambio y apertura al mundo.<\/p><p>\u00a0<\/p><p>Este a\u00f1o tambi\u00e9n est\u00e1 marcado por un hito hist\u00f3rico: acompa\u00f1amos con entusiasmo a la <strong>primera promoci\u00f3n de alumnos que se presentan al BFI (Bachillerato Franc\u00e9s Internacional)<\/strong>, un reconocimiento a nuestro compromiso con una educaci\u00f3n exigente y abierta al mundo.<\/p><p>\u00a0<\/p><p>A partir de <strong>julio de 2025<\/strong>, comenzar\u00e1n importantes <strong>obras de remodelaci\u00f3n<\/strong> con la construcci\u00f3n de una <strong>tercera planta en la escuela primaria y una primera planta en Maternal<\/strong>, con el fin de ofrecer a nuestros alumnos instalaciones modernas y aulas cada vez m\u00e1s adaptadas a sus necesidades.<\/p><p>\u00a0<\/p><p>Nuestro instituto tambi\u00e9n se anima con eventos que nos unen: en <strong>octubre, la Fiesta de las Nacionalidades<\/strong> celebrar\u00e1 la diversidad que nos une; en <strong>diciembre, el Mercado de Navidad<\/strong> aportar\u00e1 su magia y su cordialidad; <strong>enero<\/strong> estar\u00e1 marcado por nuestras <strong>jornadas de puertas abiertas<\/strong> y una <strong>velada dedicada a nuestros antiguos alumnos<\/strong>; en <strong>marzo, la Fiesta de la Francofon\u00eda<\/strong> rendir\u00e1 homenaje a la lengua francesa y a las culturas franc\u00f3fonas; y <strong>en junio, la Kermesse de fin de a\u00f1o<\/strong> cerrar\u00e1 este a\u00f1o escolar con alegr\u00eda y buen humor.<\/p><p>Quiero felicitar el compromiso diario de nuestros equipos educativos, administrativos y t\u00e9cnicos, cuya dedicaci\u00f3n es fundamental para el \u00e9xito de nuestros alumnos.<\/p><p>\u00a0<\/p><p>A los alumnos, les recuerdo que ustedes son los protagonistas de esta aventura: aprovechen cada oportunidad para desarrollarse y superarse.<\/p><p>\u00a0<\/p><p>Por \u00faltimo, gracias a los padres por su confianza y apoyo. Juntos formamos una comunidad unida, orientada hacia el futuro y decidida a ofrecer a cada alumno las herramientas para alcanzar el \u00e9xito.<\/p><p>\u00a0<\/p><p>En este a\u00f1o preparatorio para el 60 aniversario del Liceo La Condamine, sint\u00e1monos orgullosos de nuestro pasado, comprometidos con el presente y ambiciosos para el futuro.<\/p><p>\u00a0<\/p><p>Cordialmente,<\/p><p>\u00a0<\/p><p><strong>Philippe Mouchet<\/strong><br \/>Director del Liceo La Condamine de Quito<\/p>\t\t\t\t\t\t\t\t<\/div>\n\t\t\t\t<\/div>\n\t\t\t\t<\/div>\n\t\t\t\t<\/div>\n\t\t<div class=\"elementor-element elementor-element-baa84dd e-con-full e-flex e-con e-parent\" data-id=\"baa84dd\" data-element_type=\"container\" data-e-type=\"container\">\n\t\t<div class=\"elementor-element elementor-element-f42860d e-con-full e-flex e-con e-child\" data-id=\"f42860d\" data-element_type=\"container\" data-e-type=\"container\">\n\t\t\t\t<div class=\"elementor-element elementor-element-17f3050 elementor-cta--layout-image-above elementor-cta--valign-middle elementor-cta--skin-classic elementor-animated-content elementor-bg-transform elementor-bg-transform-zoom-in elementor-widget elementor-widget-call-to-action\" data-id=\"17f3050\" data-element_type=\"widget\" data-e-type=\"widget\" data-widget_type=\"call-to-action.default\">\n\t\t\t\t<div class=\"elementor-widget-container\">\n\t\t\t\t\t\t\t<div class=\"elementor-cta\">\n\t\t\t\t\t<div class=\"elementor-cta__bg-wrapper\">\n\t\t\t\t<div class=\"elementor-cta__bg elementor-bg\" style=\"background-image: url(https:\/\/condamine.edu.ec\/wp-content\/uploads\/2024\/10\/carte-reseau-efe-annee-scolaire-2024-2025-1024x569.jpg);\" role=\"img\" aria-label=\"carte-reseau-efe-annee-scolaire-2024-2025\"><\/div>\n\t\t\t\t<div class=\"elementor-cta__bg-overlay\"><\/div>\n\t\t\t<\/div>\n\t\t\t\t\t\t\t<div class=\"elementor-cta__content\">\n\t\t\t\t\n\t\t\t\t\t\t\t\t\t<h2 class=\"elementor-cta__title elementor-cta__content-item elementor-content-item\">\n\t\t\t\t\t\tUna red \u00fanica en el mundo\t\t\t\t\t<\/h2>\n\t\t\t\t\n\t\t\t\t\t\t\t\t\t<div class=\"elementor-cta__description elementor-cta__content-item elementor-content-item\">\n\t\t\t\t\t\tMapa interactivo de las 600 colegios de 139 pa\u00edses de la red francesa de educaci\u00f3n en el extranjero.\t\t\t\t\t<\/div>\n\t\t\t\t\n\t\t\t\t\t\t\t\t\t<div class=\"elementor-cta__button-wrapper elementor-cta__content-item elementor-content-item \">\n\t\t\t\t\t<a class=\"elementor-cta__button elementor-button elementor-size-\" href=\"https:\/\/aefe.gouv.fr\/fr\/carte-des-etablissements\">\n\t\t\t\t\t\tClic aqu\u00ed\t\t\t\t\t<\/a>\n\t\t\t\t\t<\/div>\n\t\t\t\t\t\t\t<\/div>\n\t\t\t\t\t\t<\/div>\n\t\t\t\t\t\t<\/div>\n\t\t\t\t<\/div>\n\t\t\t\t<\/div>\n\t\t\t\t<\/div>\n\t\t\t\t<\/div>\n\t\t","protected":false},"excerpt":{"rendered":"<p>Mensaje del Director General Sr. Philippe Mouchet Estimados alumnos, estimados padres, estimados miembros de la comunidad educativa: \u00a0 Es un gran orgullo para m\u00ed dirigirme a ustedes en este inicio de curso escolar, mientras nos preparamos para celebrar, en 2027, los 60 a\u00f1os del Liceo La Condamine de Quito. Seis d\u00e9cadas de historia, compromiso y [&hellip;]<\/p>\n","protected":false},"author":2,"featured_media":0,"parent":0,"menu_order":0,"comment_status":"closed","ping_status":"closed","template":"","meta":{"footnotes":""},"class_list":["post-22873","page","type-page","status-publish","hentry"],"_links":{"self":[{"href":"https:\/\/condamine.edu.ec\/index.php?rest_route=\/wp\/v2\/pages\/22873","targetHints":{"allow":["GET"]}}],"collection":[{"href":"https:\/\/condamine.edu.ec\/index.php?rest_route=\/wp\/v2\/pages"}],"about":[{"href":"https:\/\/condamine.edu.ec\/index.php?rest_route=\/wp\/v2\/types\/page"}],"author":[{"embeddable":true,"href":"https:\/\/condamine.edu.ec\/index.php?rest_route=\/wp\/v2\/users\/2"}],"replies":[{"embeddable":true,"href":"https:\/\/condamine.edu.ec\/index.php?rest_route=%2Fwp%2Fv2%2Fcomments&post=22873"}],"version-history":[{"count":16,"href":"https:\/\/condamine.edu.ec\/index.php?rest_route=\/wp\/v2\/pages\/22873\/revisions"}],"predecessor-version":[{"id":39507,"href":"https:\/\/condamine.edu.ec\/index.php?rest_route=\/wp\/v2\/pages\/22873\/revisions\/39507"}],"wp:attachment":[{"href":"https:\/\/condamine.edu.ec\/index.php?rest_route=%2Fwp%2Fv2%2Fmedia&parent=22873"}],"curies":[{"name":"wp","href":"https:\/\/api.w.org\/{rel}","templated":true}]}}