{"id":22691,"date":"2024-10-29T10:42:18","date_gmt":"2024-10-29T15:42:18","guid":{"rendered":"https:\/\/condamine.edu.ec\/?page_id=22691"},"modified":"2024-10-30T15:21:21","modified_gmt":"2024-10-30T20:21:21","slug":"college-6e-5e-4e-3e","status":"publish","type":"page","link":"https:\/\/condamine.edu.ec\/?page_id=22691&lang=es","title":{"rendered":"EDUCACI\u00d3N B\u00c1SICA SUPERIOR (7mo, 8vo, 9no, 10mo)"},"content":{"rendered":"\t\t<div data-elementor-type=\"wp-page\" data-elementor-id=\"22691\" class=\"elementor elementor-22691 elementor-22342\" data-elementor-post-type=\"page\">\n\t\t\t\t<div class=\"elementor-element elementor-element-6e5d2da e-flex e-con-boxed e-con e-parent\" data-id=\"6e5d2da\" data-element_type=\"container\" data-e-type=\"container\">\n\t\t\t\t\t<div class=\"e-con-inner\">\n\t\t\t\t<div class=\"elementor-element elementor-element-97f1126 elementor-widget elementor-widget-spacer\" data-id=\"97f1126\" data-element_type=\"widget\" data-e-type=\"widget\" data-widget_type=\"spacer.default\">\n\t\t\t\t<div class=\"elementor-widget-container\">\n\t\t\t\t\t\t\t<div class=\"elementor-spacer\">\n\t\t\t<div class=\"elementor-spacer-inner\"><\/div>\n\t\t<\/div>\n\t\t\t\t\t\t<\/div>\n\t\t\t\t<\/div>\n\t\t\t\t\t<\/div>\n\t\t\t\t<\/div>\n\t\t<div class=\"elementor-element elementor-element-1b409c2 e-con-full e-flex e-con e-parent\" data-id=\"1b409c2\" data-element_type=\"container\" data-e-type=\"container\">\n\t\t\t\t<div class=\"elementor-element elementor-element-b4280a7 elementor-widget elementor-widget-heading\" data-id=\"b4280a7\" data-element_type=\"widget\" data-e-type=\"widget\" data-widget_type=\"heading.default\">\n\t\t\t\t<div class=\"elementor-widget-container\">\n\t\t\t\t\t<h2 class=\"elementor-heading-title elementor-size-default\">EDUCACI\u00d3N B\u00c1SICA SUPERIOR (7mo, 8vo, 9no y 10mo)<\/h2>\t\t\t\t<\/div>\n\t\t\t\t<\/div>\n\t\t\t\t<\/div>\n\t\t<div class=\"elementor-element elementor-element-58bcb36 e-flex e-con-boxed e-con e-parent\" data-id=\"58bcb36\" data-element_type=\"container\" data-e-type=\"container\">\n\t\t\t\t\t<div class=\"e-con-inner\">\n\t\t<div class=\"elementor-element elementor-element-ec6051d e-con-full e-flex e-con e-child\" data-id=\"ec6051d\" data-element_type=\"container\" data-e-type=\"container\">\n\t\t\t\t<div class=\"elementor-element elementor-element-5947b5d elementor-widget elementor-widget-text-editor\" data-id=\"5947b5d\" data-element_type=\"widget\" data-e-type=\"widget\" data-widget_type=\"text-editor.default\">\n\t\t\t\t<div class=\"elementor-widget-container\">\n\t\t\t\t\t\t\t\t\t<h4 class=\"wp-block-heading\">Proporcionar a todos los estudiantes una s\u00f3lida educaci\u00f3n general<\/h4>\t\t\t\t\t\t\t\t<\/div>\n\t\t\t\t<\/div>\n\t\t\t\t<\/div>\n\t\t\t\t\t<\/div>\n\t\t\t\t<\/div>\n\t\t<div class=\"elementor-element elementor-element-aeeffb8 e-con-full e-flex e-con e-parent\" data-id=\"aeeffb8\" data-element_type=\"container\" data-e-type=\"container\">\n\t\t<div class=\"elementor-element elementor-element-4424925 e-con-full e-flex e-con e-child\" data-id=\"4424925\" data-element_type=\"container\" data-e-type=\"container\">\n\t\t\t\t<div class=\"elementor-element elementor-element-3bd8c50 elementor-widget elementor-widget-image\" data-id=\"3bd8c50\" data-element_type=\"widget\" data-e-type=\"widget\" data-widget_type=\"image.default\">\n\t\t\t\t<div class=\"elementor-widget-container\">\n\t\t\t\t\t\t\t\t\t\t\t\t\t\t\t<img fetchpriority=\"high\" decoding=\"async\" width=\"800\" height=\"519\" src=\"https:\/\/condamine.edu.ec\/wp-content\/uploads\/2024\/10\/college.jpg\" class=\"attachment-large size-large wp-image-22415\" alt=\"\" srcset=\"https:\/\/condamine.edu.ec\/wp-content\/uploads\/2024\/10\/college.jpg 900w, https:\/\/condamine.edu.ec\/wp-content\/uploads\/2024\/10\/college-300x195.jpg 300w, https:\/\/condamine.edu.ec\/wp-content\/uploads\/2024\/10\/college-768x498.jpg 768w, https:\/\/condamine.edu.ec\/wp-content\/uploads\/2024\/10\/college-370x240.jpg 370w, https:\/\/condamine.edu.ec\/wp-content\/uploads\/2024\/10\/college-709x460.jpg 709w\" sizes=\"(max-width: 800px) 100vw, 800px\" \/>\t\t\t\t\t\t\t\t\t\t\t\t\t\t\t<\/div>\n\t\t\t\t<\/div>\n\t\t\t\t<\/div>\n\t\t<div class=\"elementor-element elementor-element-951983e e-con-full e-flex e-con e-child\" data-id=\"951983e\" data-element_type=\"container\" data-e-type=\"container\">\n\t\t\t\t<div class=\"elementor-element elementor-element-b69f0a0 elementor-widget elementor-widget-text-editor\" data-id=\"b69f0a0\" data-element_type=\"widget\" data-e-type=\"widget\" data-widget_type=\"text-editor.default\">\n\t\t\t\t<div class=\"elementor-widget-container\">\n\t\t\t\t\t\t\t\t\t<p>El objetivo de los niveles de Educaci\u00f3n B\u00e1sica Superior (7mo, 8vo, 9no y 10mo grado) en el colegio La Condamine es ayudar a cada alumno a desarrollar las competencias necesarias para tener \u00e9xito en la escuela. En La Condamine, infundimos a nuestros alumnos <strong>confianza<\/strong>, <strong>pasi\u00f3n <\/strong>y <strong>ganas de triunfar<\/strong>. Los niveles de educaci\u00f3n b\u00e1sica superior animan a los alumnos a triunfar en la escuela, en su vida personal y como futuros ciudadanos activos.<\/p><p>\u00a0<\/p><p>El colegio La Condamine imparte una ense\u00f1anza conforme a los planes de estudios vigentes en Francia y Ecuador. La ense\u00f1anza se imparte en una \u00fanica secci\u00f3n <strong>biling\u00fce<\/strong> y <strong>bicultural<\/strong>, que lleva a todos los alumnos a prepararse para los <strong>bachilleratos franc\u00e9s y ecuatoriano<\/strong>.<\/p><p>\u00a0<\/p><p><strong>Los cuatro a\u00f1os, de 6\u00e8me a 3\u00e8me, se dividen de la siguiente manera:<\/strong><\/p><p>\u00a0<\/p><ul><li>6\u00e8me \/ 7mo\u00a0 ( 1er a\u00f1o de secundaria), \u00faltimo a\u00f1o del ciclo 3, denominado ciclo de consolidaci\u00f3n.<\/li><li>5\u00e8me, 4\u00e8me y 3\u00e8me \/ 8vo, 9no y 10mo (2ndo, 3er y 4to a\u00f1o de secundaria), los tres a\u00f1os del ciclo 4, denominado ciclo de profundizaci\u00f3n.<br \/><br \/><\/li><\/ul><p>El primer ciclo de secundaria permite a los alumnos consolidar sus conocimientos b\u00e1sicos al tiempo que ampl\u00edan sus horizontes culturales.<\/p><p>El horario semanal incluye franc\u00e9s, matem\u00e1ticas, ciencias (f\u00edsica-qu\u00edmica, ciencias de la vida y de la tierra, tecnolog\u00eda), dos lenguas modernas (ingl\u00e9s y espa\u00f1ol), historia-geograf\u00eda-educaci\u00f3n moral y c\u00edvica, educaci\u00f3n f\u00edsica y deportiva, m\u00fasica y arte.<\/p>\t\t\t\t\t\t\t\t<\/div>\n\t\t\t\t<\/div>\n\t\t\t\t<\/div>\n\t\t\t\t<\/div>\n\t\t<div class=\"elementor-element elementor-element-4b858ca e-flex e-con-boxed e-con e-parent\" data-id=\"4b858ca\" data-element_type=\"container\" data-e-type=\"container\">\n\t\t\t\t\t<div class=\"e-con-inner\">\n\t\t<div class=\"elementor-element elementor-element-6379cd6 e-con-full e-flex e-con e-child\" data-id=\"6379cd6\" data-element_type=\"container\" data-e-type=\"container\">\n\t\t\t\t<div class=\"elementor-element elementor-element-e3f4be8 elementor-widget elementor-widget-text-editor\" data-id=\"e3f4be8\" data-element_type=\"widget\" data-e-type=\"widget\" data-widget_type=\"text-editor.default\">\n\t\t\t\t<div class=\"elementor-widget-container\">\n\t\t\t\t\t\t\t\t\t<h3 class=\"is-style-blue wp-block-heading\">Seguimiento de los alumnos<\/h3><p>A lo largo de su escolaridad, nuestros alumnos son objeto de un seguimiento personalizado. Las familias est\u00e1n regularmente informadas del trabajo y los resultados de sus hijos, gracias al seguimiento a trav\u00e9s de la aplicaci\u00f3n Pronote, las reuniones de padres y profesores y los informes trimestrales, basados en debates multidisciplinares en los consejos de clase.<\/p>\t\t\t\t\t\t\t\t<\/div>\n\t\t\t\t<\/div>\n\t\t\t\t<\/div>\n\t\t\t\t\t<\/div>\n\t\t\t\t<\/div>\n\t\t<div class=\"elementor-element elementor-element-11c3bb2 e-con-full e-flex e-con e-parent\" data-id=\"11c3bb2\" data-element_type=\"container\" data-e-type=\"container\" data-settings=\"{&quot;background_background&quot;:&quot;classic&quot;}\">\n\t\t<div class=\"elementor-element elementor-element-d941e6d e-con-full e-flex e-con e-child\" data-id=\"d941e6d\" data-element_type=\"container\" data-e-type=\"container\">\n\t\t\t\t<div class=\"elementor-element elementor-element-53345d3 elementor-widget elementor-widget-heading\" data-id=\"53345d3\" data-element_type=\"widget\" data-e-type=\"widget\" data-widget_type=\"heading.default\">\n\t\t\t\t<div class=\"elementor-widget-container\">\n\t\t\t\t\t<h2 class=\"elementor-heading-title elementor-size-default\">Examen final y certificaciones<\/h2>\t\t\t\t<\/div>\n\t\t\t\t<\/div>\n\t\t\t\t<\/div>\n\t\t\t\t<\/div>\n\t\t<div class=\"elementor-element elementor-element-aa39b8b e-flex e-con-boxed e-con e-parent\" data-id=\"aa39b8b\" data-element_type=\"container\" data-e-type=\"container\">\n\t\t\t\t\t<div class=\"e-con-inner\">\n\t\t<div class=\"elementor-element elementor-element-9497340 e-grid e-con-full e-con e-child\" data-id=\"9497340\" data-element_type=\"container\" data-e-type=\"container\">\n\t\t\t\t<div class=\"elementor-element elementor-element-133e2d4 elementor-widget elementor-widget-text-editor\" data-id=\"133e2d4\" data-element_type=\"widget\" data-e-type=\"widget\" data-widget_type=\"text-editor.default\">\n\t\t\t\t<div class=\"elementor-widget-container\">\n\t\t\t\t\t\t\t\t\t<p>Al final de 3\u00e8me, los alumnos se presentan al \u00ab\u00a0<strong>Dipl\u00f4me National du Brevet<\/strong>\u00a0\u00bb (DNB), el primer examen del sistema educativo franc\u00e9s. As\u00ec mismo, al final de 3\u00e8me, reciben la certificaci\u00f3n de sus competencias digitales mediante la certificaci\u00f3n <strong>PIX<\/strong>.<\/p>\t\t\t\t\t\t\t\t<\/div>\n\t\t\t\t<\/div>\n\t\t\t\t<div class=\"elementor-element elementor-element-8341e5b elementor-widget elementor-widget-image\" data-id=\"8341e5b\" data-element_type=\"widget\" data-e-type=\"widget\" data-widget_type=\"image.default\">\n\t\t\t\t<div class=\"elementor-widget-container\">\n\t\t\t\t\t\t\t\t\t\t\t\t\t\t\t<img decoding=\"async\" width=\"675\" height=\"449\" src=\"https:\/\/condamine.edu.ec\/wp-content\/uploads\/2024\/10\/photo1700511355-7.jpg\" class=\"attachment-large size-large wp-image-22358\" alt=\"\" srcset=\"https:\/\/condamine.edu.ec\/wp-content\/uploads\/2024\/10\/photo1700511355-7.jpg 675w, https:\/\/condamine.edu.ec\/wp-content\/uploads\/2024\/10\/photo1700511355-7-300x200.jpg 300w, https:\/\/condamine.edu.ec\/wp-content\/uploads\/2024\/10\/photo1700511355-7-370x246.jpg 370w\" sizes=\"(max-width: 675px) 100vw, 675px\" \/>\t\t\t\t\t\t\t\t\t\t\t\t\t\t\t<\/div>\n\t\t\t\t<\/div>\n\t\t\t\t<\/div>\n\t\t\t\t\t<\/div>\n\t\t\t\t<\/div>\n\t\t<div class=\"elementor-element elementor-element-9c41575 e-flex e-con-boxed e-con e-parent\" data-id=\"9c41575\" data-element_type=\"container\" data-e-type=\"container\">\n\t\t\t\t\t<div class=\"e-con-inner\">\n\t\t\t\t<div class=\"elementor-element elementor-element-0d2158c elementor-widget elementor-widget-gallery\" data-id=\"0d2158c\" data-element_type=\"widget\" data-e-type=\"widget\" data-settings=\"{&quot;lazyload&quot;:&quot;yes&quot;,&quot;gallery_layout&quot;:&quot;grid&quot;,&quot;columns&quot;:4,&quot;columns_tablet&quot;:2,&quot;columns_mobile&quot;:1,&quot;gap&quot;:{&quot;unit&quot;:&quot;px&quot;,&quot;size&quot;:10,&quot;sizes&quot;:[]},&quot;gap_tablet&quot;:{&quot;unit&quot;:&quot;px&quot;,&quot;size&quot;:10,&quot;sizes&quot;:[]},&quot;gap_mobile&quot;:{&quot;unit&quot;:&quot;px&quot;,&quot;size&quot;:10,&quot;sizes&quot;:[]},&quot;link_to&quot;:&quot;file&quot;,&quot;aspect_ratio&quot;:&quot;3:2&quot;,&quot;overlay_background&quot;:&quot;yes&quot;,&quot;content_hover_animation&quot;:&quot;fade-in&quot;}\" data-widget_type=\"gallery.default\">\n\t\t\t\t<div class=\"elementor-widget-container\">\n\t\t\t\t\t\t\t<div class=\"elementor-gallery__container\">\n\t\t\t\t\t\t\t<a class=\"e-gallery-item elementor-gallery-item elementor-animated-content\" href=\"https:\/\/condamine.edu.ec\/wp-content\/uploads\/2024\/10\/IMG_4515.jpg\" data-elementor-open-lightbox=\"yes\" data-elementor-lightbox-slideshow=\"0d2158c\" data-elementor-lightbox-title=\"IMG_4515\" data-e-action-hash=\"#elementor-action%3Aaction%3Dlightbox%26settings%3DeyJpZCI6MjIzNzUsInVybCI6Imh0dHBzOlwvXC9jb25kYW1pbmUuZWR1LmVjXC93cC1jb250ZW50XC91cGxvYWRzXC8yMDI0XC8xMFwvSU1HXzQ1MTUuanBnIiwic2xpZGVzaG93IjoiMGQyMTU4YyJ9\">\n\t\t\t\t\t<div class=\"e-gallery-image elementor-gallery-item__image\" data-thumbnail=\"https:\/\/condamine.edu.ec\/wp-content\/uploads\/2024\/10\/IMG_4515-300x225.jpg\" data-width=\"300\" data-height=\"225\" aria-label=\"\" role=\"img\" ><\/div>\n\t\t\t\t\t\t\t\t\t\t\t<div class=\"elementor-gallery-item__overlay\"><\/div>\n\t\t\t\t\t\t\t\t\t\t\t\t\t\t<\/a>\n\t\t\t\t\t\t\t<a class=\"e-gallery-item elementor-gallery-item elementor-animated-content\" href=\"https:\/\/condamine.edu.ec\/wp-content\/uploads\/2024\/10\/IMG_E5132.jpg\" data-elementor-open-lightbox=\"yes\" data-elementor-lightbox-slideshow=\"0d2158c\" data-elementor-lightbox-title=\"IMG_E5132\" data-e-action-hash=\"#elementor-action%3Aaction%3Dlightbox%26settings%3DeyJpZCI6MjIzNzIsInVybCI6Imh0dHBzOlwvXC9jb25kYW1pbmUuZWR1LmVjXC93cC1jb250ZW50XC91cGxvYWRzXC8yMDI0XC8xMFwvSU1HX0U1MTMyLmpwZyIsInNsaWRlc2hvdyI6IjBkMjE1OGMifQ%3D%3D\">\n\t\t\t\t\t<div class=\"e-gallery-image elementor-gallery-item__image\" data-thumbnail=\"https:\/\/condamine.edu.ec\/wp-content\/uploads\/2024\/10\/IMG_E5132-300x199.jpg\" data-width=\"300\" data-height=\"199\" aria-label=\"\" role=\"img\" ><\/div>\n\t\t\t\t\t\t\t\t\t\t\t<div class=\"elementor-gallery-item__overlay\"><\/div>\n\t\t\t\t\t\t\t\t\t\t\t\t\t\t<\/a>\n\t\t\t\t\t\t\t<a class=\"e-gallery-item elementor-gallery-item elementor-animated-content\" href=\"https:\/\/condamine.edu.ec\/wp-content\/uploads\/2024\/10\/DSC_0500.jpg\" data-elementor-open-lightbox=\"yes\" data-elementor-lightbox-slideshow=\"0d2158c\" data-elementor-lightbox-title=\"DSC_0500\" data-e-action-hash=\"#elementor-action%3Aaction%3Dlightbox%26settings%3DeyJpZCI6MjIzNjksInVybCI6Imh0dHBzOlwvXC9jb25kYW1pbmUuZWR1LmVjXC93cC1jb250ZW50XC91cGxvYWRzXC8yMDI0XC8xMFwvRFNDXzA1MDAuanBnIiwic2xpZGVzaG93IjoiMGQyMTU4YyJ9\">\n\t\t\t\t\t<div class=\"e-gallery-image elementor-gallery-item__image\" data-thumbnail=\"https:\/\/condamine.edu.ec\/wp-content\/uploads\/2024\/10\/DSC_0500-300x199.jpg\" data-width=\"300\" data-height=\"199\" aria-label=\"\" role=\"img\" ><\/div>\n\t\t\t\t\t\t\t\t\t\t\t<div class=\"elementor-gallery-item__overlay\"><\/div>\n\t\t\t\t\t\t\t\t\t\t\t\t\t\t<\/a>\n\t\t\t\t\t\t\t<a class=\"e-gallery-item elementor-gallery-item elementor-animated-content\" href=\"https:\/\/condamine.edu.ec\/wp-content\/uploads\/2024\/10\/IMG_E4669.jpg\" data-elementor-open-lightbox=\"yes\" data-elementor-lightbox-slideshow=\"0d2158c\" data-elementor-lightbox-title=\"IMG_E4669\" data-e-action-hash=\"#elementor-action%3Aaction%3Dlightbox%26settings%3DeyJpZCI6MjIzNjYsInVybCI6Imh0dHBzOlwvXC9jb25kYW1pbmUuZWR1LmVjXC93cC1jb250ZW50XC91cGxvYWRzXC8yMDI0XC8xMFwvSU1HX0U0NjY5LmpwZyIsInNsaWRlc2hvdyI6IjBkMjE1OGMifQ%3D%3D\">\n\t\t\t\t\t<div class=\"e-gallery-image elementor-gallery-item__image\" data-thumbnail=\"https:\/\/condamine.edu.ec\/wp-content\/uploads\/2024\/10\/IMG_E4669-300x200.jpg\" data-width=\"300\" data-height=\"200\" aria-label=\"\" role=\"img\" ><\/div>\n\t\t\t\t\t\t\t\t\t\t\t<div class=\"elementor-gallery-item__overlay\"><\/div>\n\t\t\t\t\t\t\t\t\t\t\t\t\t\t<\/a>\n\t\t\t\t\t\t\t<a class=\"e-gallery-item elementor-gallery-item elementor-animated-content\" href=\"https:\/\/condamine.edu.ec\/wp-content\/uploads\/2024\/10\/IMG_1053.jpg\" data-elementor-open-lightbox=\"yes\" data-elementor-lightbox-slideshow=\"0d2158c\" data-elementor-lightbox-title=\"IMG_1053\" data-e-action-hash=\"#elementor-action%3Aaction%3Dlightbox%26settings%3DeyJpZCI6MjIzNjMsInVybCI6Imh0dHBzOlwvXC9jb25kYW1pbmUuZWR1LmVjXC93cC1jb250ZW50XC91cGxvYWRzXC8yMDI0XC8xMFwvSU1HXzEwNTMuanBnIiwic2xpZGVzaG93IjoiMGQyMTU4YyJ9\">\n\t\t\t\t\t<div class=\"e-gallery-image elementor-gallery-item__image\" data-thumbnail=\"https:\/\/condamine.edu.ec\/wp-content\/uploads\/2024\/10\/IMG_1053-300x225.jpg\" data-width=\"300\" data-height=\"225\" aria-label=\"\" role=\"img\" ><\/div>\n\t\t\t\t\t\t\t\t\t\t\t<div class=\"elementor-gallery-item__overlay\"><\/div>\n\t\t\t\t\t\t\t\t\t\t\t\t\t\t<\/a>\n\t\t\t\t\t<\/div>\n\t\t\t\t\t<\/div>\n\t\t\t\t<\/div>\n\t\t\t\t\t<\/div>\n\t\t\t\t<\/div>\n\t\t\t\t<\/div>\n\t\t","protected":false},"excerpt":{"rendered":"<p>EDUCACI\u00d3N B\u00c1SICA SUPERIOR (7mo, 8vo, 9no y 10mo) Proporcionar a todos los estudiantes una s\u00f3lida educaci\u00f3n general El objetivo de los niveles de Educaci\u00f3n B\u00e1sica Superior (7mo, 8vo, 9no y 10mo grado) en el colegio La Condamine es ayudar a cada alumno a desarrollar las competencias necesarias para tener \u00e9xito en la escuela. En La [&hellip;]<\/p>\n","protected":false},"author":2,"featured_media":0,"parent":0,"menu_order":0,"comment_status":"closed","ping_status":"closed","template":"","meta":{"footnotes":""},"class_list":["post-22691","page","type-page","status-publish","hentry"],"_links":{"self":[{"href":"https:\/\/condamine.edu.ec\/index.php?rest_route=\/wp\/v2\/pages\/22691","targetHints":{"allow":["GET"]}}],"collection":[{"href":"https:\/\/condamine.edu.ec\/index.php?rest_route=\/wp\/v2\/pages"}],"about":[{"href":"https:\/\/condamine.edu.ec\/index.php?rest_route=\/wp\/v2\/types\/page"}],"author":[{"embeddable":true,"href":"https:\/\/condamine.edu.ec\/index.php?rest_route=\/wp\/v2\/users\/2"}],"replies":[{"embeddable":true,"href":"https:\/\/condamine.edu.ec\/index.php?rest_route=%2Fwp%2Fv2%2Fcomments&post=22691"}],"version-history":[{"count":36,"href":"https:\/\/condamine.edu.ec\/index.php?rest_route=\/wp\/v2\/pages\/22691\/revisions"}],"predecessor-version":[{"id":22728,"href":"https:\/\/condamine.edu.ec\/index.php?rest_route=\/wp\/v2\/pages\/22691\/revisions\/22728"}],"wp:attachment":[{"href":"https:\/\/condamine.edu.ec\/index.php?rest_route=%2Fwp%2Fv2%2Fmedia&parent=22691"}],"curies":[{"name":"wp","href":"https:\/\/api.w.org\/{rel}","templated":true}]}}