{"id":22641,"date":"2024-10-30T11:25:57","date_gmt":"2024-10-30T16:25:57","guid":{"rendered":"https:\/\/condamine.edu.ec\/?page_id=22641"},"modified":"2025-01-08T07:36:08","modified_gmt":"2025-01-08T12:36:08","slug":"education-a-lorientation","status":"publish","type":"page","link":"https:\/\/condamine.edu.ec\/?page_id=22641","title":{"rendered":"\u00c9ducation \u00e0 l&rsquo;orientation"},"content":{"rendered":"\t\t<div data-elementor-type=\"wp-page\" data-elementor-id=\"22641\" class=\"elementor elementor-22641\" data-elementor-post-type=\"page\">\n\t\t\t\t<div class=\"elementor-element elementor-element-6e5d2da e-flex e-con-boxed e-con e-parent\" data-id=\"6e5d2da\" data-element_type=\"container\" data-e-type=\"container\">\n\t\t\t\t\t<div class=\"e-con-inner\">\n\t\t\t\t<div class=\"elementor-element elementor-element-97f1126 elementor-widget elementor-widget-spacer\" data-id=\"97f1126\" data-element_type=\"widget\" data-e-type=\"widget\" data-widget_type=\"spacer.default\">\n\t\t\t\t<div class=\"elementor-widget-container\">\n\t\t\t\t\t\t\t<div class=\"elementor-spacer\">\n\t\t\t<div class=\"elementor-spacer-inner\"><\/div>\n\t\t<\/div>\n\t\t\t\t\t\t<\/div>\n\t\t\t\t<\/div>\n\t\t\t\t\t<\/div>\n\t\t\t\t<\/div>\n\t\t<div class=\"elementor-element elementor-element-1b409c2 e-con-full e-flex e-con e-parent\" data-id=\"1b409c2\" data-element_type=\"container\" data-e-type=\"container\">\n\t\t\t\t<div class=\"elementor-element elementor-element-b4280a7 elementor-widget elementor-widget-heading\" data-id=\"b4280a7\" data-element_type=\"widget\" data-e-type=\"widget\" data-widget_type=\"heading.default\">\n\t\t\t\t<div class=\"elementor-widget-container\">\n\t\t\t\t\t<h2 class=\"elementor-heading-title elementor-size-default\">\u00c9ducation \u00e0 l'orientation<\/h2>\t\t\t\t<\/div>\n\t\t\t\t<\/div>\n\t\t\t\t<\/div>\n\t\t<div class=\"elementor-element elementor-element-7b59a90 e-flex e-con-boxed e-con e-parent\" data-id=\"7b59a90\" data-element_type=\"container\" data-e-type=\"container\">\n\t\t\t\t\t<div class=\"e-con-inner\">\n\t\t\t\t<div class=\"elementor-element elementor-element-f314553 elementor-widget elementor-widget-spacer\" data-id=\"f314553\" data-element_type=\"widget\" data-e-type=\"widget\" data-widget_type=\"spacer.default\">\n\t\t\t\t<div class=\"elementor-widget-container\">\n\t\t\t\t\t\t\t<div class=\"elementor-spacer\">\n\t\t\t<div class=\"elementor-spacer-inner\"><\/div>\n\t\t<\/div>\n\t\t\t\t\t\t<\/div>\n\t\t\t\t<\/div>\n\t\t\t\t\t<\/div>\n\t\t\t\t<\/div>\n\t\t<div class=\"elementor-element elementor-element-aeeffb8 e-con-full e-flex e-con e-parent\" data-id=\"aeeffb8\" data-element_type=\"container\" data-e-type=\"container\">\n\t\t<div class=\"elementor-element elementor-element-4424925 e-con-full e-flex e-con e-child\" data-id=\"4424925\" data-element_type=\"container\" data-e-type=\"container\">\n\t\t\t\t<div class=\"elementor-element elementor-element-9f2bf4e elementor-widget elementor-widget-text-editor\" data-id=\"9f2bf4e\" data-element_type=\"widget\" data-e-type=\"widget\" data-widget_type=\"text-editor.default\">\n\t\t\t\t<div class=\"elementor-widget-container\">\n\t\t\t\t\t\t\t\t\t<p>L&rsquo;orientation des \u00e9l\u00e8ves au Lyc\u00e9e La Condamine se construit d\u00e8s la classe de 5\u00e8me gr\u00e2ce \u00e0 la mise en place du <strong>parcours \u00ab\u00a0Avenir\u00a0\u00bb<\/strong> constitu\u00e9 d\u2019un ensemble d\u2019actions destin\u00e9es \u00e0 <strong>approfondir la connaissance de soi<\/strong> des jeunes, <strong>d\u00e9couvrir le monde professionnel<\/strong> et<strong> l\u2019ensemble des formations sup\u00e9rieures en France et dans le monde<\/strong>.<\/p><p>\u00a0<\/p><p>Le Lyc\u00e9e La Condamine , conscient de l\u2019importance de l\u2019orientation dans la formation des \u00e9l\u00e8ves de coll\u00e8ge et lyc\u00e9e, a mis en place depuis 2010, des <strong>ateliers d\u2019orientation hebdomadaires<\/strong> dans l\u2019emploi du temps des \u00e9l\u00e8ves de la 3<sup>\u00e8me<\/sup> \u00e0 la Terminale.<\/p>\t\t\t\t\t\t\t\t<\/div>\n\t\t\t\t<\/div>\n\t\t\t\t<\/div>\n\t\t<div class=\"elementor-element elementor-element-951983e e-con-full e-flex e-con e-child\" data-id=\"951983e\" data-element_type=\"container\" data-e-type=\"container\">\n\t\t\t\t<div class=\"elementor-element elementor-element-406c190 elementor-widget elementor-widget-image\" data-id=\"406c190\" data-element_type=\"widget\" data-e-type=\"widget\" data-widget_type=\"image.default\">\n\t\t\t\t<div class=\"elementor-widget-container\">\n\t\t\t\t\t\t\t\t\t\t\t\t\t\t\t<img fetchpriority=\"high\" decoding=\"async\" width=\"675\" height=\"450\" src=\"https:\/\/condamine.edu.ec\/wp-content\/uploads\/2024\/10\/eio_6.jpg\" class=\"attachment-large size-large wp-image-22649\" alt=\"\" srcset=\"https:\/\/condamine.edu.ec\/wp-content\/uploads\/2024\/10\/eio_6.jpg 675w, https:\/\/condamine.edu.ec\/wp-content\/uploads\/2024\/10\/eio_6-300x200.jpg 300w, https:\/\/condamine.edu.ec\/wp-content\/uploads\/2024\/10\/eio_6-370x247.jpg 370w\" sizes=\"(max-width: 675px) 100vw, 675px\" \/>\t\t\t\t\t\t\t\t\t\t\t\t\t\t\t<\/div>\n\t\t\t\t<\/div>\n\t\t\t\t<\/div>\n\t\t\t\t<\/div>\n\t\t<div class=\"elementor-element elementor-element-a116498 e-con-full e-flex e-con e-parent\" data-id=\"a116498\" data-element_type=\"container\" data-e-type=\"container\">\n\t\t<div class=\"elementor-element elementor-element-d6fdd37 e-con-full e-flex e-con e-child\" data-id=\"d6fdd37\" data-element_type=\"container\" data-e-type=\"container\">\n\t\t\t\t<div class=\"elementor-element elementor-element-1b0a66d elementor-widget elementor-widget-image\" data-id=\"1b0a66d\" data-element_type=\"widget\" data-e-type=\"widget\" data-settings=\"{&quot;motion_fx_motion_fx_scrolling&quot;:&quot;yes&quot;,&quot;motion_fx_translateY_effect&quot;:&quot;yes&quot;,&quot;motion_fx_translateY_speed&quot;:{&quot;unit&quot;:&quot;px&quot;,&quot;size&quot;:4,&quot;sizes&quot;:[]},&quot;motion_fx_translateY_affectedRange&quot;:{&quot;unit&quot;:&quot;%&quot;,&quot;size&quot;:&quot;&quot;,&quot;sizes&quot;:{&quot;start&quot;:0,&quot;end&quot;:100}},&quot;motion_fx_devices&quot;:[&quot;desktop&quot;,&quot;tablet&quot;,&quot;mobile&quot;]}\" data-widget_type=\"image.default\">\n\t\t\t\t<div class=\"elementor-widget-container\">\n\t\t\t\t\t\t\t\t\t\t\t\t\t\t\t<img decoding=\"async\" src=\"https:\/\/condamine.edu.ec\/wp-content\/uploads\/elementor\/thumbs\/lenin-villagomez-web-qwbuaib068l2fajr40p2wts56nrhkoyb4i3j0rc5uo.png\" title=\"lenin-villagomez-web\" alt=\"lenin-villagomez-web\" loading=\"lazy\" \/>\t\t\t\t\t\t\t\t\t\t\t\t\t\t\t<\/div>\n\t\t\t\t<\/div>\n\t\t\t\t<\/div>\n\t\t<div class=\"elementor-element elementor-element-5fdedf2 e-con-full e-flex e-con e-child\" data-id=\"5fdedf2\" data-element_type=\"container\" data-e-type=\"container\">\n\t\t\t\t<div class=\"elementor-element elementor-element-baf1ebf elementor-widget elementor-widget-text-editor\" data-id=\"baf1ebf\" data-element_type=\"widget\" data-e-type=\"widget\" data-widget_type=\"text-editor.default\">\n\t\t\t\t<div class=\"elementor-widget-container\">\n\t\t\t\t\t\t\t\t\t<p>Monsieur Villagomez, <strong>PRIO<\/strong> (Professeur Responsable d\u2019Information et Orientation) pilote les projets d\u2019orientation et anime les ateliers avec tous les acteurs de la communaut\u00e9 \u00e9ducative.<\/p><p>\u00a0<\/p><p>Parmi ces actions d\u2019orientation, nous pouvons citer les <strong>stages d\u2019observation professionnelle<\/strong> r\u00e9alis\u00e9s en 3<sup>\u00e8me<\/sup> et seconde, \u00a0les <strong>forums de m\u00e9tiers<\/strong>, les<strong> salons de formations<\/strong>, les <strong>r\u00e9unions d\u2019information avec les familles<\/strong>, les <strong>rencontres avec des anciens \u00e9l\u00e8ves<\/strong>, <strong>sorties p\u00e9dagogiques aux universit\u00e9s locales<\/strong> et entreprises et entretiens individuels permanents.<\/p>\t\t\t\t\t\t\t\t<\/div>\n\t\t\t\t<\/div>\n\t\t\t\t<\/div>\n\t\t\t\t<\/div>\n\t\t<div class=\"elementor-element elementor-element-74c913d e-con-full e-flex e-con e-parent\" data-id=\"74c913d\" data-element_type=\"container\" data-e-type=\"container\">\n\t\t<div class=\"elementor-element elementor-element-c35da11 e-con-full e-flex e-con e-child\" data-id=\"c35da11\" data-element_type=\"container\" data-e-type=\"container\">\n\t\t\t\t<div class=\"elementor-element elementor-element-8cddbc7 elementor-widget elementor-widget-text-editor\" data-id=\"8cddbc7\" data-element_type=\"widget\" data-e-type=\"widget\" data-widget_type=\"text-editor.default\">\n\t\t\t\t<div class=\"elementor-widget-container\">\n\t\t\t\t\t\t\t\t\t<p>Gr\u00e2ce au parcours Avenir, chaque \u00e9l\u00e8ve construit de fa\u00e7on progressive son projet d\u2019orientation individuel et sera accompagn\u00e9 dans ses choix au Lyc\u00e9e et \u00e0 l\u2019Universit\u00e9. La France reste la destination privil\u00e9gi\u00e9e de nos futurs \u00e9tudiants avec pr\u00e8s de 65% des \u00e9l\u00e8ves de Terminale, suivi de l\u2019\u00c9quateur avec pr\u00e8s de 30%. Gr\u00e2ce \u00e0 une solide formation scolaire et un accompagnement \u00e0 l\u2019orientation permanent, nos futurs \u00e9tudiants poss\u00e8dent les outils n\u00e9cessaires pour s\u2019assurer un avenir professionnel et personnel brillant.<\/p>\t\t\t\t\t\t\t\t<\/div>\n\t\t\t\t<\/div>\n\t\t\t\t<\/div>\n\t\t\t\t<\/div>\n\t\t<div class=\"elementor-element elementor-element-8af06fb e-flex e-con-boxed e-con e-parent\" data-id=\"8af06fb\" data-element_type=\"container\" data-e-type=\"container\">\n\t\t\t\t\t<div class=\"e-con-inner\">\n\t\t\t\t<div class=\"elementor-element elementor-element-1d5e621 elementor-align-center elementor-widget elementor-widget-button\" data-id=\"1d5e621\" data-element_type=\"widget\" data-e-type=\"widget\" data-widget_type=\"button.default\">\n\t\t\t\t<div class=\"elementor-widget-container\">\n\t\t\t\t\t\t\t\t\t<div class=\"elementor-button-wrapper\">\n\t\t\t\t\t<a class=\"elementor-button elementor-button-link elementor-size-sm\" href=\"mailto:villagomez.lenin@condamine.edu.ec\">\n\t\t\t\t\t\t<span class=\"elementor-button-content-wrapper\">\n\t\t\t\t\t\t\t\t\t<span class=\"elementor-button-text\">CONTACTEZ M. VILLAGOMEZ<\/span>\n\t\t\t\t\t<\/span>\n\t\t\t\t\t<\/a>\n\t\t\t\t<\/div>\n\t\t\t\t\t\t\t\t<\/div>\n\t\t\t\t<\/div>\n\t\t\t\t\t<\/div>\n\t\t\t\t<\/div>\n\t\t\t\t<\/div>\n\t\t","protected":false},"excerpt":{"rendered":"<p>\u00c9ducation \u00e0 l&rsquo;orientation L&rsquo;orientation des \u00e9l\u00e8ves au Lyc\u00e9e La Condamine se construit d\u00e8s la classe de 5\u00e8me gr\u00e2ce \u00e0 la mise en place du parcours \u00ab\u00a0Avenir\u00a0\u00bb constitu\u00e9 d\u2019un ensemble d\u2019actions destin\u00e9es \u00e0 approfondir la connaissance de soi des jeunes, d\u00e9couvrir le monde professionnel et l\u2019ensemble des formations sup\u00e9rieures en France et dans le monde. \u00a0 [&hellip;]<\/p>\n","protected":false},"author":2,"featured_media":0,"parent":0,"menu_order":0,"comment_status":"closed","ping_status":"closed","template":"","meta":{"footnotes":""},"class_list":["post-22641","page","type-page","status-publish","hentry"],"_links":{"self":[{"href":"https:\/\/condamine.edu.ec\/index.php?rest_route=\/wp\/v2\/pages\/22641","targetHints":{"allow":["GET"]}}],"collection":[{"href":"https:\/\/condamine.edu.ec\/index.php?rest_route=\/wp\/v2\/pages"}],"about":[{"href":"https:\/\/condamine.edu.ec\/index.php?rest_route=\/wp\/v2\/types\/page"}],"author":[{"embeddable":true,"href":"https:\/\/condamine.edu.ec\/index.php?rest_route=\/wp\/v2\/users\/2"}],"replies":[{"embeddable":true,"href":"https:\/\/condamine.edu.ec\/index.php?rest_route=%2Fwp%2Fv2%2Fcomments&post=22641"}],"version-history":[{"count":13,"href":"https:\/\/condamine.edu.ec\/index.php?rest_route=\/wp\/v2\/pages\/22641\/revisions"}],"predecessor-version":[{"id":27886,"href":"https:\/\/condamine.edu.ec\/index.php?rest_route=\/wp\/v2\/pages\/22641\/revisions\/27886"}],"wp:attachment":[{"href":"https:\/\/condamine.edu.ec\/index.php?rest_route=%2Fwp%2Fv2%2Fmedia&parent=22641"}],"curies":[{"name":"wp","href":"https:\/\/api.w.org\/{rel}","templated":true}]}}