{"id":22623,"date":"2024-10-30T11:13:27","date_gmt":"2024-10-30T16:13:27","guid":{"rendered":"https:\/\/condamine.edu.ec\/?page_id=22623"},"modified":"2024-10-30T15:41:16","modified_gmt":"2024-10-30T20:41:16","slug":"association-du-personnel","status":"publish","type":"page","link":"https:\/\/condamine.edu.ec\/?page_id=22623","title":{"rendered":"Association du personnel"},"content":{"rendered":"\t\t<div data-elementor-type=\"wp-page\" data-elementor-id=\"22623\" class=\"elementor elementor-22623\" data-elementor-post-type=\"page\">\n\t\t\t\t<div class=\"elementor-element elementor-element-6e5d2da e-flex e-con-boxed e-con e-parent\" data-id=\"6e5d2da\" data-element_type=\"container\" data-e-type=\"container\">\n\t\t\t\t\t<div class=\"e-con-inner\">\n\t\t\t\t<div class=\"elementor-element elementor-element-97f1126 elementor-widget elementor-widget-spacer\" data-id=\"97f1126\" data-element_type=\"widget\" data-e-type=\"widget\" data-widget_type=\"spacer.default\">\n\t\t\t\t<div class=\"elementor-widget-container\">\n\t\t\t\t\t\t\t<div class=\"elementor-spacer\">\n\t\t\t<div class=\"elementor-spacer-inner\"><\/div>\n\t\t<\/div>\n\t\t\t\t\t\t<\/div>\n\t\t\t\t<\/div>\n\t\t\t\t\t<\/div>\n\t\t\t\t<\/div>\n\t\t<div class=\"elementor-element elementor-element-1b409c2 e-con-full e-flex e-con e-parent\" data-id=\"1b409c2\" data-element_type=\"container\" data-e-type=\"container\">\n\t\t\t\t<div class=\"elementor-element elementor-element-b4280a7 elementor-widget elementor-widget-heading\" data-id=\"b4280a7\" data-element_type=\"widget\" data-e-type=\"widget\" data-widget_type=\"heading.default\">\n\t\t\t\t<div class=\"elementor-widget-container\">\n\t\t\t\t\t<h2 class=\"elementor-heading-title elementor-size-default\">Association du personnel<\/h2>\t\t\t\t<\/div>\n\t\t\t\t<\/div>\n\t\t\t\t<\/div>\n\t\t<div class=\"elementor-element elementor-element-4afeb0f e-con-full e-flex e-con e-parent\" data-id=\"4afeb0f\" data-element_type=\"container\" data-e-type=\"container\">\n\t\t<div class=\"elementor-element elementor-element-7f08615 e-con-full e-flex e-con e-child\" data-id=\"7f08615\" data-element_type=\"container\" data-e-type=\"container\">\n\t\t\t\t<div class=\"elementor-element elementor-element-5960e6d elementor-widget elementor-widget-text-editor\" data-id=\"5960e6d\" data-element_type=\"widget\" data-e-type=\"widget\" data-widget_type=\"text-editor.default\">\n\t\t\t\t<div class=\"elementor-widget-container\">\n\t\t\t\t\t\t\t\t\t<p>L&rsquo;Association des enseignants, employ\u00e9s et travailleurs du Lyc\u00e9e La Condamine est une entit\u00e9 qui regroupe les enseignants, les employ\u00e9s administratifs et le personnel de service des diff\u00e9rents d\u00e9partements de notre institution \u00e9ducative, dont la structure, l&rsquo;organisation, le fonctionnement, les objectifs, les devoirs et les droits sont d\u00e9termin\u00e9s dans des statuts l\u00e9galement enregistr\u00e9s aupr\u00e8s du minist\u00e8re du Travail de l&rsquo;\u00c9quateur. Les principaux objectifs de l&rsquo;Association sont de sauvegarder les int\u00e9r\u00eats de ses membres en mati\u00e8re de droits du travail, \u00e9conomiques et sociaux ; d&rsquo;encourager et de promouvoir la formation professionnelle de ses membres ; de renforcer l&rsquo;unit\u00e9 de ses membres en favorisant les liens de solidarit\u00e9, de fraternit\u00e9 et de dialogue; de guider ses membres vers l&rsquo;excellence professionnelle et de proposer des m\u00e9canismes de d\u00e9veloppement personnel et familial en collaboration avec des institutions ext\u00e9rieures \u00e0 l&rsquo;institution.<\/p>\t\t\t\t\t\t\t\t<\/div>\n\t\t\t\t<\/div>\n\t\t\t\t<\/div>\n\t\t<div class=\"elementor-element elementor-element-016ce24 e-con-full e-flex e-con e-child\" data-id=\"016ce24\" data-element_type=\"container\" data-e-type=\"container\">\n\t\t\t\t<div class=\"elementor-element elementor-element-b2c8d8b elementor-widget elementor-widget-image\" data-id=\"b2c8d8b\" data-element_type=\"widget\" data-e-type=\"widget\" data-widget_type=\"image.default\">\n\t\t\t\t<div class=\"elementor-widget-container\">\n\t\t\t\t\t\t\t\t\t\t\t\t\t\t\t<img fetchpriority=\"high\" decoding=\"async\" width=\"282\" height=\"181\" src=\"https:\/\/condamine.edu.ec\/wp-content\/uploads\/2024\/10\/Asociacion-de-Trabajadores_La-Condamine.png\" class=\"attachment-large size-large wp-image-22625\" alt=\"\" \/>\t\t\t\t\t\t\t\t\t\t\t\t\t\t\t<\/div>\n\t\t\t\t<\/div>\n\t\t\t\t<\/div>\n\t\t\t\t<\/div>\n\t\t<div class=\"elementor-element elementor-element-452e551 e-con-full e-flex e-con e-parent\" data-id=\"452e551\" data-element_type=\"container\" data-e-type=\"container\">\n\t\t<div class=\"elementor-element elementor-element-601cd65 e-con-full e-flex e-con e-child\" data-id=\"601cd65\" data-element_type=\"container\" data-e-type=\"container\">\n\t\t\t\t<div class=\"elementor-element elementor-element-748918a elementor-widget elementor-widget-text-editor\" data-id=\"748918a\" data-element_type=\"widget\" data-e-type=\"widget\" data-widget_type=\"text-editor.default\">\n\t\t\t\t<div class=\"elementor-widget-container\">\n\t\t\t\t\t\t\t\t\t<p>Depuis 1985, l&rsquo;Association, par l&rsquo;interm\u00e9diaire d&rsquo;un conseil d&rsquo;administration \u00e9lu p\u00e9riodiquement par le vote de ses membres, a d\u00e9velopp\u00e9 chaque ann\u00e9e des activit\u00e9s qui ont permis le d\u00e9veloppement professionnel et personnel de ses associ\u00e9s, en favorisant l&rsquo;esprit d&rsquo;unit\u00e9 et de collaboration qui caract\u00e9rise La Condamine. L&rsquo;Association compte actuellement 171 membres et sera pr\u00e9sid\u00e9e pendant deux ans par la professeure Isabel Ayala en tant que Secr\u00e9taire G\u00e9n\u00e9rale \u00e0 partir de novembre 2024, qui avec son \u00e9quipe poursuivra les activit\u00e9s men\u00e9es au profit du personnel travaillant dans l&rsquo;institution.<\/p>\t\t\t\t\t\t\t\t<\/div>\n\t\t\t\t<\/div>\n\t\t\t\t<\/div>\n\t\t\t\t<\/div>\n\t\t<div class=\"elementor-element elementor-element-6701a33 e-flex e-con-boxed e-con e-parent\" data-id=\"6701a33\" data-element_type=\"container\" data-e-type=\"container\">\n\t\t\t\t\t<div class=\"e-con-inner\">\n\t\t\t\t<div class=\"elementor-element elementor-element-ab509fe elementor-align-center elementor-widget elementor-widget-button\" data-id=\"ab509fe\" data-element_type=\"widget\" data-e-type=\"widget\" data-widget_type=\"button.default\">\n\t\t\t\t<div class=\"elementor-widget-container\">\n\t\t\t\t\t\t\t\t\t<div class=\"elementor-button-wrapper\">\n\t\t\t\t\t<a class=\"elementor-button elementor-button-link elementor-size-sm\" href=\"mailto:asociacion.trabajadores@condamine.edu.ec\">\n\t\t\t\t\t\t<span class=\"elementor-button-content-wrapper\">\n\t\t\t\t\t\t\t\t\t<span class=\"elementor-button-text\">CONTACTEZ L'ASSOCIATION<\/span>\n\t\t\t\t\t<\/span>\n\t\t\t\t\t<\/a>\n\t\t\t\t<\/div>\n\t\t\t\t\t\t\t\t<\/div>\n\t\t\t\t<\/div>\n\t\t\t\t\t<\/div>\n\t\t\t\t<\/div>\n\t\t\t\t<\/div>\n\t\t","protected":false},"excerpt":{"rendered":"<p>Association du personnel L&rsquo;Association des enseignants, employ\u00e9s et travailleurs du Lyc\u00e9e La Condamine est une entit\u00e9 qui regroupe les enseignants, les employ\u00e9s administratifs et le personnel de service des diff\u00e9rents d\u00e9partements de notre institution \u00e9ducative, dont la structure, l&rsquo;organisation, le fonctionnement, les objectifs, les devoirs et les droits sont d\u00e9termin\u00e9s dans des statuts l\u00e9galement enregistr\u00e9s [&hellip;]<\/p>\n","protected":false},"author":2,"featured_media":0,"parent":0,"menu_order":0,"comment_status":"closed","ping_status":"closed","template":"","meta":{"footnotes":""},"class_list":["post-22623","page","type-page","status-publish","hentry"],"_links":{"self":[{"href":"https:\/\/condamine.edu.ec\/index.php?rest_route=\/wp\/v2\/pages\/22623","targetHints":{"allow":["GET"]}}],"collection":[{"href":"https:\/\/condamine.edu.ec\/index.php?rest_route=\/wp\/v2\/pages"}],"about":[{"href":"https:\/\/condamine.edu.ec\/index.php?rest_route=\/wp\/v2\/types\/page"}],"author":[{"embeddable":true,"href":"https:\/\/condamine.edu.ec\/index.php?rest_route=\/wp\/v2\/users\/2"}],"replies":[{"embeddable":true,"href":"https:\/\/condamine.edu.ec\/index.php?rest_route=%2Fwp%2Fv2%2Fcomments&post=22623"}],"version-history":[{"count":7,"href":"https:\/\/condamine.edu.ec\/index.php?rest_route=\/wp\/v2\/pages\/22623\/revisions"}],"predecessor-version":[{"id":22757,"href":"https:\/\/condamine.edu.ec\/index.php?rest_route=\/wp\/v2\/pages\/22623\/revisions\/22757"}],"wp:attachment":[{"href":"https:\/\/condamine.edu.ec\/index.php?rest_route=%2Fwp%2Fv2%2Fmedia&parent=22623"}],"curies":[{"name":"wp","href":"https:\/\/api.w.org\/{rel}","templated":true}]}}