{"id":22552,"date":"2024-10-29T15:26:18","date_gmt":"2024-10-29T20:26:18","guid":{"rendered":"https:\/\/condamine.edu.ec\/?page_id=22552"},"modified":"2025-09-30T07:45:01","modified_gmt":"2025-09-30T12:45:01","slug":"examens-et-certifications","status":"publish","type":"page","link":"https:\/\/condamine.edu.ec\/?page_id=22552","title":{"rendered":"Examens et certifications"},"content":{"rendered":"\t\t<div data-elementor-type=\"wp-page\" data-elementor-id=\"22552\" class=\"elementor elementor-22552\" data-elementor-post-type=\"page\">\n\t\t\t\t<div class=\"elementor-element elementor-element-6e5d2da e-flex e-con-boxed e-con e-parent\" data-id=\"6e5d2da\" data-element_type=\"container\" data-e-type=\"container\">\n\t\t\t\t\t<div class=\"e-con-inner\">\n\t\t\t\t<div class=\"elementor-element elementor-element-97f1126 elementor-widget elementor-widget-spacer\" data-id=\"97f1126\" data-element_type=\"widget\" data-e-type=\"widget\" data-widget_type=\"spacer.default\">\n\t\t\t\t<div class=\"elementor-widget-container\">\n\t\t\t\t\t\t\t<div class=\"elementor-spacer\">\n\t\t\t<div class=\"elementor-spacer-inner\"><\/div>\n\t\t<\/div>\n\t\t\t\t\t\t<\/div>\n\t\t\t\t<\/div>\n\t\t\t\t\t<\/div>\n\t\t\t\t<\/div>\n\t\t<div class=\"elementor-element elementor-element-1b409c2 e-con-full e-flex e-con e-parent\" data-id=\"1b409c2\" data-element_type=\"container\" data-e-type=\"container\">\n\t\t\t\t<div class=\"elementor-element elementor-element-b4280a7 elementor-widget elementor-widget-heading\" data-id=\"b4280a7\" data-element_type=\"widget\" data-e-type=\"widget\" data-widget_type=\"heading.default\">\n\t\t\t\t<div class=\"elementor-widget-container\">\n\t\t\t\t\t<h2 class=\"elementor-heading-title elementor-size-default\">Examens et certifications<\/h2>\t\t\t\t<\/div>\n\t\t\t\t<\/div>\n\t\t\t\t<\/div>\n\t\t<div class=\"elementor-element elementor-element-7b59a90 e-flex e-con-boxed e-con e-parent\" data-id=\"7b59a90\" data-element_type=\"container\" data-e-type=\"container\">\n\t\t\t\t\t<div class=\"e-con-inner\">\n\t\t\t\t<div class=\"elementor-element elementor-element-f314553 elementor-widget elementor-widget-spacer\" data-id=\"f314553\" data-element_type=\"widget\" data-e-type=\"widget\" data-widget_type=\"spacer.default\">\n\t\t\t\t<div class=\"elementor-widget-container\">\n\t\t\t\t\t\t\t<div class=\"elementor-spacer\">\n\t\t\t<div class=\"elementor-spacer-inner\"><\/div>\n\t\t<\/div>\n\t\t\t\t\t\t<\/div>\n\t\t\t\t<\/div>\n\t\t\t\t\t<\/div>\n\t\t\t\t<\/div>\n\t\t<div class=\"elementor-element elementor-element-03b22e0 e-con-full e-flex e-con e-parent\" data-id=\"03b22e0\" data-element_type=\"container\" data-e-type=\"container\">\n\t\t<div class=\"elementor-element elementor-element-540c259 e-con-full e-flex e-con e-child\" data-id=\"540c259\" data-element_type=\"container\" data-e-type=\"container\">\n\t\t\t\t<div class=\"elementor-element elementor-element-32cad0c elementor-widget elementor-widget-text-editor\" data-id=\"32cad0c\" data-element_type=\"widget\" data-e-type=\"widget\" data-widget_type=\"text-editor.default\">\n\t\t\t\t<div class=\"elementor-widget-container\">\n\t\t\t\t\t\t\t\t\t<p>Les \u00e9l\u00e8ves des \u00e9tablissements d&rsquo;enseignement fran\u00e7ais \u00e0 l&rsquo;\u00e9tranger ont plusieurs \u00e9tapes importantes et charni\u00e8res au cours de leur scolarit\u00e9, en particulier deux examens : le <strong>dipl\u00f4me national du brevet (DNB)<\/strong>, qui atteste les connaissances et les comp\u00e9tences acquises \u00e0 la fin du coll\u00e8ge, et le <strong>baccalaur\u00e9at<\/strong>, qui marque la fin du lyc\u00e9e et plus g\u00e9n\u00e9ralement des \u00e9tudes secondaires, et ouvre l&rsquo;acc\u00e8s \u00e0 l&rsquo;enseignement sup\u00e9rieur.<\/p>\t\t\t\t\t\t\t\t<\/div>\n\t\t\t\t<\/div>\n\t\t\t\t<\/div>\n\t\t\t\t<\/div>\n\t\t<div class=\"elementor-element elementor-element-82c6df4 e-flex e-con-boxed e-con e-parent\" data-id=\"82c6df4\" data-element_type=\"container\" data-e-type=\"container\">\n\t\t\t\t\t<div class=\"e-con-inner\">\n\t\t\t\t<div class=\"elementor-element elementor-element-3ba5085 elementor-widget elementor-widget-spacer\" data-id=\"3ba5085\" data-element_type=\"widget\" data-e-type=\"widget\" data-widget_type=\"spacer.default\">\n\t\t\t\t<div class=\"elementor-widget-container\">\n\t\t\t\t\t\t\t<div class=\"elementor-spacer\">\n\t\t\t<div class=\"elementor-spacer-inner\"><\/div>\n\t\t<\/div>\n\t\t\t\t\t\t<\/div>\n\t\t\t\t<\/div>\n\t\t\t\t\t<\/div>\n\t\t\t\t<\/div>\n\t\t<div class=\"elementor-element elementor-element-b93e97c e-con-full e-flex e-con e-parent\" data-id=\"b93e97c\" data-element_type=\"container\" data-e-type=\"container\" data-settings=\"{&quot;background_background&quot;:&quot;classic&quot;}\">\n\t\t<div class=\"elementor-element elementor-element-f92ceb6 e-con-full e-flex e-con e-child\" data-id=\"f92ceb6\" data-element_type=\"container\" data-e-type=\"container\">\n\t\t\t\t<div class=\"elementor-element elementor-element-10544aa elementor-widget elementor-widget-heading\" data-id=\"10544aa\" data-element_type=\"widget\" data-e-type=\"widget\" data-widget_type=\"heading.default\">\n\t\t\t\t<div class=\"elementor-widget-container\">\n\t\t\t\t\t<h2 class=\"elementor-heading-title elementor-size-default\">Le Dipl\u00f4me National du Brevet<\/h2>\t\t\t\t<\/div>\n\t\t\t\t<\/div>\n\t\t\t\t<\/div>\n\t\t\t\t<\/div>\n\t\t<div class=\"elementor-element elementor-element-9202861 e-flex e-con-boxed e-con e-parent\" data-id=\"9202861\" data-element_type=\"container\" data-e-type=\"container\">\n\t\t\t\t\t<div class=\"e-con-inner\">\n\t\t\t\t<div class=\"elementor-element elementor-element-e8f6495 elementor-widget elementor-widget-spacer\" data-id=\"e8f6495\" data-element_type=\"widget\" data-e-type=\"widget\" data-widget_type=\"spacer.default\">\n\t\t\t\t<div class=\"elementor-widget-container\">\n\t\t\t\t\t\t\t<div class=\"elementor-spacer\">\n\t\t\t<div class=\"elementor-spacer-inner\"><\/div>\n\t\t<\/div>\n\t\t\t\t\t\t<\/div>\n\t\t\t\t<\/div>\n\t\t\t\t\t<\/div>\n\t\t\t\t<\/div>\n\t\t<div class=\"elementor-element elementor-element-a059aa9 e-con-full e-flex e-con e-parent\" data-id=\"a059aa9\" data-element_type=\"container\" data-e-type=\"container\">\n\t\t<div class=\"elementor-element elementor-element-872ef52 e-con-full e-flex e-con e-child\" data-id=\"872ef52\" data-element_type=\"container\" data-e-type=\"container\">\n\t\t\t\t<div class=\"elementor-element elementor-element-097034e elementor-widget elementor-widget-text-editor\" data-id=\"097034e\" data-element_type=\"widget\" data-e-type=\"widget\" data-widget_type=\"text-editor.default\">\n\t\t\t\t<div class=\"elementor-widget-container\">\n\t\t\t\t\t\t\t\t\t<p>Le <strong>dipl\u00f4me national du brevet<\/strong> atteste les connaissances et les comp\u00e9tences acquises \u00e0 la fin du coll\u00e8ge. Il est compos\u00e9 d\u2019un contr\u00f4le continu et des \u00e9preuves en fin d\u2019ann\u00e9e dans les conditions d\u2019examen. Le DNB est le premier examen que passe un \u00e9l\u00e8ve dans sa scolarit\u00e9, c\u2019est donc un moment fort et important \u00e0 l\u2019issue duquel elles et ils obtiennent leur premier dipl\u00f4me !<\/p><p>\u00a0<\/p><p>En cours d\u2019ann\u00e9e de 3\u00e8me, les \u00e9l\u00e8ves passent \u00e9galement des \u00e9preuves attestant leur niveau de comp\u00e9tences num\u00e9riques (Attestations PIX), en anglais (Test Evalang), et s\u00e9curit\u00e9 routi\u00e8re (Attestation ASSR). Ils passent \u00e9galement une formation aux premiers gestes qui sauvent (Attestation GQS).<\/p>\t\t\t\t\t\t\t\t<\/div>\n\t\t\t\t<\/div>\n\t\t\t\t<\/div>\n\t\t\t\t<\/div>\n\t\t<div class=\"elementor-element elementor-element-dc495f8 e-flex e-con-boxed e-con e-parent\" data-id=\"dc495f8\" data-element_type=\"container\" data-e-type=\"container\">\n\t\t\t\t\t<div class=\"e-con-inner\">\n\t\t<div class=\"elementor-element elementor-element-307bc00 e-con-full e-flex e-con e-child\" data-id=\"307bc00\" data-element_type=\"container\" data-e-type=\"container\">\n\t\t\t\t<div class=\"elementor-element elementor-element-4e15344 elementor-widget elementor-widget-image\" data-id=\"4e15344\" data-element_type=\"widget\" data-e-type=\"widget\" data-widget_type=\"image.default\">\n\t\t\t\t<div class=\"elementor-widget-container\">\n\t\t\t\t\t\t\t\t\t\t\t\t\t\t\t\t<a href=\"https:\/\/condamine.edu.ec\/wp-content\/uploads\/2025\/09\/Modalites_dattribution_du_Diplome_National_du_Brevet_session_2026.pdf\" target=\"_blank\">\n\t\t\t\t\t\t\t<img decoding=\"async\" width=\"113\" height=\"152\" src=\"https:\/\/condamine.edu.ec\/wp-content\/uploads\/2023\/12\/pdf-web.png\" class=\"attachment-large size-large wp-image-1021\" alt=\"\" \/>\t\t\t\t\t\t\t\t<\/a>\n\t\t\t\t\t\t\t\t\t\t\t\t\t\t\t<\/div>\n\t\t\t\t<\/div>\n\t\t\t\t<div class=\"elementor-element elementor-element-25c2d8b elementor-widget elementor-widget-heading\" data-id=\"25c2d8b\" data-element_type=\"widget\" data-e-type=\"widget\" data-widget_type=\"heading.default\">\n\t\t\t\t<div class=\"elementor-widget-container\">\n\t\t\t\t\t<h4 class=\"elementor-heading-title elementor-size-default\"><a href=\"https:\/\/condamine.edu.ec\/wp-content\/uploads\/2025\/09\/Modalites_dattribution_du_Diplome_National_du_Brevet_session_2026.pdf\" target=\"_blank\">Modalit\u00e9s d\u2019\u00e9valuation et d\u2019obtention du Dipl\u00f4me National du Brevet\n(DNB) pour la session 2026<\/a><\/h4>\t\t\t\t<\/div>\n\t\t\t\t<\/div>\n\t\t\t\t<\/div>\n\t\t\t\t\t<\/div>\n\t\t\t\t<\/div>\n\t\t<div class=\"elementor-element elementor-element-71d52d2 e-flex e-con-boxed e-con e-parent\" data-id=\"71d52d2\" data-element_type=\"container\" data-e-type=\"container\">\n\t\t\t\t\t<div class=\"e-con-inner\">\n\t\t\t\t<div class=\"elementor-element elementor-element-2556980 elementor-widget elementor-widget-spacer\" data-id=\"2556980\" data-element_type=\"widget\" data-e-type=\"widget\" data-widget_type=\"spacer.default\">\n\t\t\t\t<div class=\"elementor-widget-container\">\n\t\t\t\t\t\t\t<div class=\"elementor-spacer\">\n\t\t\t<div class=\"elementor-spacer-inner\"><\/div>\n\t\t<\/div>\n\t\t\t\t\t\t<\/div>\n\t\t\t\t<\/div>\n\t\t\t\t\t<\/div>\n\t\t\t\t<\/div>\n\t\t<div class=\"elementor-element elementor-element-70827d8 e-con-full e-flex e-con e-parent\" data-id=\"70827d8\" data-element_type=\"container\" data-e-type=\"container\" data-settings=\"{&quot;background_background&quot;:&quot;classic&quot;}\">\n\t\t<div class=\"elementor-element elementor-element-65e7a25 e-con-full e-flex e-con e-child\" data-id=\"65e7a25\" data-element_type=\"container\" data-e-type=\"container\">\n\t\t\t\t<div class=\"elementor-element elementor-element-ce286db elementor-widget elementor-widget-heading\" data-id=\"ce286db\" data-element_type=\"widget\" data-e-type=\"widget\" data-widget_type=\"heading.default\">\n\t\t\t\t<div class=\"elementor-widget-container\">\n\t\t\t\t\t<h2 class=\"elementor-heading-title elementor-size-default\">Le Dipl\u00f4me du Baccalaur\u00e9at<\/h2>\t\t\t\t<\/div>\n\t\t\t\t<\/div>\n\t\t\t\t<\/div>\n\t\t\t\t<\/div>\n\t\t<div class=\"elementor-element elementor-element-3f10913 e-flex e-con-boxed e-con e-parent\" data-id=\"3f10913\" data-element_type=\"container\" data-e-type=\"container\">\n\t\t\t\t\t<div class=\"e-con-inner\">\n\t\t\t\t<div class=\"elementor-element elementor-element-7e7ae39 elementor-widget elementor-widget-spacer\" data-id=\"7e7ae39\" data-element_type=\"widget\" data-e-type=\"widget\" data-widget_type=\"spacer.default\">\n\t\t\t\t<div class=\"elementor-widget-container\">\n\t\t\t\t\t\t\t<div class=\"elementor-spacer\">\n\t\t\t<div class=\"elementor-spacer-inner\"><\/div>\n\t\t<\/div>\n\t\t\t\t\t\t<\/div>\n\t\t\t\t<\/div>\n\t\t\t\t\t<\/div>\n\t\t\t\t<\/div>\n\t\t<div class=\"elementor-element elementor-element-0457a07 e-con-full e-flex e-con e-parent\" data-id=\"0457a07\" data-element_type=\"container\" data-e-type=\"container\">\n\t\t<div class=\"elementor-element elementor-element-552c9f4 e-con-full e-flex e-con e-child\" data-id=\"552c9f4\" data-element_type=\"container\" data-e-type=\"container\">\n\t\t\t\t<div class=\"elementor-element elementor-element-4946f03 elementor-widget elementor-widget-heading\" data-id=\"4946f03\" data-element_type=\"widget\" data-e-type=\"widget\" data-widget_type=\"heading.default\">\n\t\t\t\t<div class=\"elementor-widget-container\">\n\t\t\t\t\t<h2 class=\"elementor-heading-title elementor-size-default\">Le baccalaur\u00e9at : quelques informations<\/h2>\t\t\t\t<\/div>\n\t\t\t\t<\/div>\n\t\t\t\t<div class=\"elementor-element elementor-element-3334505 elementor-widget elementor-widget-text-editor\" data-id=\"3334505\" data-element_type=\"widget\" data-e-type=\"widget\" data-widget_type=\"text-editor.default\">\n\t\t\t\t<div class=\"elementor-widget-container\">\n\t\t\t\t\t\t\t\t\t<p>Le baccalaur\u00e9at est l&rsquo;examen que passent les \u00e9l\u00e8ves au lyc\u00e9e. Il marque<strong> la fin des \u00e9tudes secondaires<\/strong> et est le <strong>passeport pour la poursuite d\u2019\u00e9tudes sup\u00e9rieures<\/strong>, principalement en universit\u00e9 ou en classes pr\u00e9paratoires.<\/p><p>\u00a0<\/p><p>Le baccalaur\u00e9at est d\u00e9livr\u00e9 sur la base des r\u00e9sultats de l&rsquo;\u00e9l\u00e8ve durant son cycle terminal. La note finale comprend le contr\u00f4le continu, comptant pour 40% , et le r\u00e9sultats des \u00e9preuves terminales comptant pour 60% de la note finale. En cas de note inf\u00e9rieure \u00e0 10\/20, l&rsquo;\u00e9l\u00e8ve peut passer des \u00e9preuves de rattrapage.<\/p><p>\u00a0<\/p><p>Les \u00e9l\u00e8ves de lyc\u00e9e peuvent pr\u00e9senter des options ou \u00eatre dans des fili\u00e8res sp\u00e9cifiques. C&rsquo;est notamment le cas du \u00ab\u00a0<strong>baccalaur\u00e9at fran\u00e7ais international<\/strong>\u00a0\u00bb qui permet aux candidates et candidats de mieux valoriser leurs comp\u00e9tences en langues. Ce \u00ab\u00a0BFI\u00a0\u00bb est particuli\u00e8rement adapt\u00e9 pour les \u00e9l\u00e8ves des lyc\u00e9es internationaux fran\u00e7ais qui y excellent.\u00a0<\/p>\t\t\t\t\t\t\t\t<\/div>\n\t\t\t\t<\/div>\n\t\t\t\t<div class=\"elementor-element elementor-element-09c453b elementor-widget elementor-widget-heading\" data-id=\"09c453b\" data-element_type=\"widget\" data-e-type=\"widget\" data-widget_type=\"heading.default\">\n\t\t\t\t<div class=\"elementor-widget-container\">\n\t\t\t\t\t<h2 class=\"elementor-heading-title elementor-size-default\">Le bac dans les lyc\u00e9es fran\u00e7ais du monde : des r\u00e9sultats exceptionnels<\/h2>\t\t\t\t<\/div>\n\t\t\t\t<\/div>\n\t\t\t\t<div class=\"elementor-element elementor-element-4a95006 elementor-widget elementor-widget-text-editor\" data-id=\"4a95006\" data-element_type=\"widget\" data-e-type=\"widget\" data-widget_type=\"text-editor.default\">\n\t\t\t\t<div class=\"elementor-widget-container\">\n\t\t\t\t\t\t\t\t\t<p>Les \u00e9l\u00e8ves des lyc\u00e9es fran\u00e7ais du monde obtiennent chaque ann\u00e9e des r\u00e9sultats exceptionnels au baccalaur\u00e9at, avec un taux global approchant les 100%, selon les ann\u00e9es entre 97 et 98,5%, un taux sup\u00e9rieur aux r\u00e9sultats en France. Par ailleurs, le taux de mentions est particuli\u00e8rement \u00e9lev\u00e9 pour les bacheli\u00e8res et bacheliers de ces \u00e9tablissements du monde, autour de 80%.\u00a0<\/p><p>\u00a0<\/p><p>Ces r\u00e9sultats exceptionnels d\u00e9montrent et rappellent combien<strong> les \u00e9tablissements d&rsquo;enseignement fran\u00e7ais \u00e0 l&rsquo;\u00e9tranger proposent un enseignement de qualit\u00e9<\/strong> au sein desquels les \u00e9l\u00e8ves <strong>apprennent<\/strong> et <strong>s&rsquo;\u00e9panouissent<\/strong>.<\/p><p>\u00a0<\/p><p>Les bacheli\u00e8res et bacheliers poursuivent ensuite leurs \u00e9tudes sup\u00e9rieures dans les \u00e9tablissements sup\u00e9rieurs qu&rsquo;ils souhaitent,<strong> en France et partout dans le monde<\/strong> !<\/p>\t\t\t\t\t\t\t\t<\/div>\n\t\t\t\t<\/div>\n\t\t\t\t<\/div>\n\t\t\t\t<\/div>\n\t\t\t\t<\/div>\n\t\t","protected":false},"excerpt":{"rendered":"<p>Examens et certifications Les \u00e9l\u00e8ves des \u00e9tablissements d&rsquo;enseignement fran\u00e7ais \u00e0 l&rsquo;\u00e9tranger ont plusieurs \u00e9tapes importantes et charni\u00e8res au cours de leur scolarit\u00e9, en particulier deux examens : le dipl\u00f4me national du brevet (DNB), qui atteste les connaissances et les comp\u00e9tences acquises \u00e0 la fin du coll\u00e8ge, et le baccalaur\u00e9at, qui marque la fin du lyc\u00e9e [&hellip;]<\/p>\n","protected":false},"author":2,"featured_media":0,"parent":0,"menu_order":0,"comment_status":"closed","ping_status":"closed","template":"","meta":{"footnotes":""},"class_list":["post-22552","page","type-page","status-publish","hentry"],"_links":{"self":[{"href":"https:\/\/condamine.edu.ec\/index.php?rest_route=\/wp\/v2\/pages\/22552","targetHints":{"allow":["GET"]}}],"collection":[{"href":"https:\/\/condamine.edu.ec\/index.php?rest_route=\/wp\/v2\/pages"}],"about":[{"href":"https:\/\/condamine.edu.ec\/index.php?rest_route=\/wp\/v2\/types\/page"}],"author":[{"embeddable":true,"href":"https:\/\/condamine.edu.ec\/index.php?rest_route=\/wp\/v2\/users\/2"}],"replies":[{"embeddable":true,"href":"https:\/\/condamine.edu.ec\/index.php?rest_route=%2Fwp%2Fv2%2Fcomments&post=22552"}],"version-history":[{"count":34,"href":"https:\/\/condamine.edu.ec\/index.php?rest_route=\/wp\/v2\/pages\/22552\/revisions"}],"predecessor-version":[{"id":39841,"href":"https:\/\/condamine.edu.ec\/index.php?rest_route=\/wp\/v2\/pages\/22552\/revisions\/39841"}],"wp:attachment":[{"href":"https:\/\/condamine.edu.ec\/index.php?rest_route=%2Fwp%2Fv2%2Fmedia&parent=22552"}],"curies":[{"name":"wp","href":"https:\/\/api.w.org\/{rel}","templated":true}]}}