{"id":22534,"date":"2024-10-29T15:05:51","date_gmt":"2024-10-29T20:05:51","guid":{"rendered":"https:\/\/condamine.edu.ec\/?page_id=22534"},"modified":"2025-01-08T06:25:12","modified_gmt":"2025-01-08T11:25:12","slug":"certification-e3d","status":"publish","type":"page","link":"https:\/\/condamine.edu.ec\/?page_id=22534","title":{"rendered":"Label EFE3D"},"content":{"rendered":"\t\t<div data-elementor-type=\"wp-page\" data-elementor-id=\"22534\" class=\"elementor elementor-22534\" data-elementor-post-type=\"page\">\n\t\t\t\t<div class=\"elementor-element elementor-element-6e5d2da e-flex e-con-boxed e-con e-parent\" data-id=\"6e5d2da\" data-element_type=\"container\" data-e-type=\"container\">\n\t\t\t\t\t<div class=\"e-con-inner\">\n\t\t\t\t<div class=\"elementor-element elementor-element-97f1126 elementor-widget elementor-widget-spacer\" data-id=\"97f1126\" data-element_type=\"widget\" data-e-type=\"widget\" data-widget_type=\"spacer.default\">\n\t\t\t\t<div class=\"elementor-widget-container\">\n\t\t\t\t\t\t\t<div class=\"elementor-spacer\">\n\t\t\t<div class=\"elementor-spacer-inner\"><\/div>\n\t\t<\/div>\n\t\t\t\t\t\t<\/div>\n\t\t\t\t<\/div>\n\t\t\t\t\t<\/div>\n\t\t\t\t<\/div>\n\t\t<div class=\"elementor-element elementor-element-1b409c2 e-con-full e-flex e-con e-parent\" data-id=\"1b409c2\" data-element_type=\"container\" data-e-type=\"container\">\n\t\t\t\t<div class=\"elementor-element elementor-element-b4280a7 elementor-widget elementor-widget-heading\" data-id=\"b4280a7\" data-element_type=\"widget\" data-e-type=\"widget\" data-widget_type=\"heading.default\">\n\t\t\t\t<div class=\"elementor-widget-container\">\n\t\t\t\t\t<h2 class=\"elementor-heading-title elementor-size-default\">Label EFE3D<\/h2>\t\t\t\t<\/div>\n\t\t\t\t<\/div>\n\t\t\t\t<\/div>\n\t\t<div class=\"elementor-element elementor-element-44bdce5 e-con-full e-flex e-con e-parent\" data-id=\"44bdce5\" data-element_type=\"container\" data-e-type=\"container\">\n\t\t<div class=\"elementor-element elementor-element-5981b2d e-con-full e-flex e-con e-child\" data-id=\"5981b2d\" data-element_type=\"container\" data-e-type=\"container\">\n\t\t\t\t<div class=\"elementor-element elementor-element-ff8211c elementor-widget elementor-widget-text-editor\" data-id=\"ff8211c\" data-element_type=\"widget\" data-e-type=\"widget\" data-widget_type=\"text-editor.default\">\n\t\t\t\t<div class=\"elementor-widget-container\">\n\t\t\t\t\t\t\t\t\t<h3 class=\"entry-title\">Le Lyc\u00e9e La Condamine obtient le label E3D pour son engagement dans le d\u00e9veloppement durable<\/h3>\t\t\t\t\t\t\t\t<\/div>\n\t\t\t\t<\/div>\n\t\t\t\t<\/div>\n\t\t\t\t<\/div>\n\t\t<div class=\"elementor-element elementor-element-4afeb0f e-con-full e-flex e-con e-parent\" data-id=\"4afeb0f\" data-element_type=\"container\" data-e-type=\"container\">\n\t\t<div class=\"elementor-element elementor-element-7f08615 e-con-full e-flex e-con e-child\" data-id=\"7f08615\" data-element_type=\"container\" data-e-type=\"container\">\n\t\t\t\t<div class=\"elementor-element elementor-element-5960e6d elementor-widget elementor-widget-text-editor\" data-id=\"5960e6d\" data-element_type=\"widget\" data-e-type=\"widget\" data-widget_type=\"text-editor.default\">\n\t\t\t\t<div class=\"elementor-widget-container\">\n\t\t\t\t\t\t\t\t\t<p>En effet, gr\u00e2ce aux nombreuses actions entreprises par le Lyc\u00e9e pour s\u2019inscrire dans une d\u00e9marche globale de d\u00e9veloppement durable,<strong> le comit\u00e9 EDD de l\u2019AEFE<\/strong> a valid\u00e9 l\u2019attribution du label <strong>E3D niveau expert<\/strong>\u00a0pour notre \u00e9tablissement binational avec un avis tr\u00e8s favorable.<br \/><br \/><\/p><p>Le Lyc\u00e9e La Condamine est l\u2019un des deux seuls \u00e9tablissements du r\u00e9seau \u00e0 obtenir cette labellisation dans la zone \u00ab\u00a0AMLANORD\u00a0\u00bb.<\/p><p><strong>Cette labellisation E3D reconna\u00eet l\u2019engagement de notre \u00e9tablissement dans une d\u00e9marche de d\u00e9veloppement durable.<br \/><br \/><\/strong><\/p><p>Nous allons consolider notre d\u00e9marche, notamment en renfor\u00e7ant l\u2019implication de nos \u00e9co-d\u00e9l\u00e9gu\u00e9s aux actions E3D.<\/p>\t\t\t\t\t\t\t\t<\/div>\n\t\t\t\t<\/div>\n\t\t\t\t<\/div>\n\t\t<div class=\"elementor-element elementor-element-016ce24 e-con-full e-flex e-con e-child\" data-id=\"016ce24\" data-element_type=\"container\" data-e-type=\"container\">\n\t\t\t\t<div class=\"elementor-element elementor-element-b2c8d8b elementor-widget elementor-widget-image\" data-id=\"b2c8d8b\" data-element_type=\"widget\" data-e-type=\"widget\" data-widget_type=\"image.default\">\n\t\t\t\t<div class=\"elementor-widget-container\">\n\t\t\t\t\t\t\t\t\t\t\t\t\t\t\t<img fetchpriority=\"high\" decoding=\"async\" width=\"800\" height=\"420\" src=\"https:\/\/condamine.edu.ec\/wp-content\/uploads\/2024\/10\/LABEL-E3D.jpg\" class=\"attachment-large size-large wp-image-22536\" alt=\"\" srcset=\"https:\/\/condamine.edu.ec\/wp-content\/uploads\/2024\/10\/LABEL-E3D.jpg 800w, https:\/\/condamine.edu.ec\/wp-content\/uploads\/2024\/10\/LABEL-E3D-300x158.jpg 300w, https:\/\/condamine.edu.ec\/wp-content\/uploads\/2024\/10\/LABEL-E3D-768x403.jpg 768w, https:\/\/condamine.edu.ec\/wp-content\/uploads\/2024\/10\/LABEL-E3D-370x194.jpg 370w, https:\/\/condamine.edu.ec\/wp-content\/uploads\/2024\/10\/LABEL-E3D-770x404.jpg 770w\" sizes=\"(max-width: 800px) 100vw, 800px\" \/>\t\t\t\t\t\t\t\t\t\t\t\t\t\t\t<\/div>\n\t\t\t\t<\/div>\n\t\t\t\t<\/div>\n\t\t\t\t<\/div>\n\t\t<div class=\"elementor-element elementor-element-f23d385 e-flex e-con-boxed e-con e-parent\" data-id=\"f23d385\" data-element_type=\"container\" data-e-type=\"container\">\n\t\t\t\t\t<div class=\"e-con-inner\">\n\t\t\t\t<div class=\"elementor-element elementor-element-0ac356b elementor-widget elementor-widget-image\" data-id=\"0ac356b\" data-element_type=\"widget\" data-e-type=\"widget\" data-widget_type=\"image.default\">\n\t\t\t\t<div class=\"elementor-widget-container\">\n\t\t\t\t\t\t\t\t\t\t\t\t\t\t\t<img decoding=\"async\" width=\"768\" height=\"543\" src=\"https:\/\/condamine.edu.ec\/wp-content\/uploads\/2024\/10\/EFE3D-attestation-Equateur-Quito-LaCondamine_page-0001-768x543-1.jpg\" class=\"attachment-large size-large wp-image-22539\" alt=\"\" srcset=\"https:\/\/condamine.edu.ec\/wp-content\/uploads\/2024\/10\/EFE3D-attestation-Equateur-Quito-LaCondamine_page-0001-768x543-1.jpg 768w, https:\/\/condamine.edu.ec\/wp-content\/uploads\/2024\/10\/EFE3D-attestation-Equateur-Quito-LaCondamine_page-0001-768x543-1-300x212.jpg 300w, https:\/\/condamine.edu.ec\/wp-content\/uploads\/2024\/10\/EFE3D-attestation-Equateur-Quito-LaCondamine_page-0001-768x543-1-370x262.jpg 370w, https:\/\/condamine.edu.ec\/wp-content\/uploads\/2024\/10\/EFE3D-attestation-Equateur-Quito-LaCondamine_page-0001-768x543-1-651x460.jpg 651w\" sizes=\"(max-width: 768px) 100vw, 768px\" \/>\t\t\t\t\t\t\t\t\t\t\t\t\t\t\t<\/div>\n\t\t\t\t<\/div>\n\t\t\t\t\t<\/div>\n\t\t\t\t<\/div>\n\t\t<div class=\"elementor-element elementor-element-076196c e-flex e-con-boxed e-con e-parent\" data-id=\"076196c\" data-element_type=\"container\" data-e-type=\"container\">\n\t\t\t\t\t<div class=\"e-con-inner\">\n\t\t\t\t<div class=\"elementor-element elementor-element-4037999 elementor-widget elementor-widget-spacer\" data-id=\"4037999\" data-element_type=\"widget\" data-e-type=\"widget\" data-widget_type=\"spacer.default\">\n\t\t\t\t<div class=\"elementor-widget-container\">\n\t\t\t\t\t\t\t<div class=\"elementor-spacer\">\n\t\t\t<div class=\"elementor-spacer-inner\"><\/div>\n\t\t<\/div>\n\t\t\t\t\t\t<\/div>\n\t\t\t\t<\/div>\n\t\t\t\t\t<\/div>\n\t\t\t\t<\/div>\n\t\t<div class=\"elementor-element elementor-element-452e551 e-con-full e-flex e-con e-parent\" data-id=\"452e551\" data-element_type=\"container\" data-e-type=\"container\">\n\t\t<div class=\"elementor-element elementor-element-601cd65 e-con-full e-flex e-con e-child\" data-id=\"601cd65\" data-element_type=\"container\" data-e-type=\"container\">\n\t\t\t\t<div class=\"elementor-element elementor-element-748918a elementor-widget elementor-widget-text-editor\" data-id=\"748918a\" data-element_type=\"widget\" data-e-type=\"widget\" data-widget_type=\"text-editor.default\">\n\t\t\t\t<div class=\"elementor-widget-container\">\n\t\t\t\t\t\t\t\t\t<p>Un grand bravo \u00e0 tous les acteurs de l\u2019\u00e9tablissement scolaire franco-\u00e9quatorien La Condamine qui ont particip\u00e9s et contribu\u00e9s largement \u00e0 l\u2019obtention de ce pr\u00e9cieux label E3D !<\/p>\t\t\t\t\t\t\t\t<\/div>\n\t\t\t\t<\/div>\n\t\t\t\t<\/div>\n\t\t\t\t<\/div>\n\t\t\t\t<\/div>\n\t\t","protected":false},"excerpt":{"rendered":"<p>Label EFE3D Le Lyc\u00e9e La Condamine obtient le label E3D pour son engagement dans le d\u00e9veloppement durable En effet, gr\u00e2ce aux nombreuses actions entreprises par le Lyc\u00e9e pour s\u2019inscrire dans une d\u00e9marche globale de d\u00e9veloppement durable, le comit\u00e9 EDD de l\u2019AEFE a valid\u00e9 l\u2019attribution du label E3D niveau expert\u00a0pour notre \u00e9tablissement binational avec un avis [&hellip;]<\/p>\n","protected":false},"author":2,"featured_media":0,"parent":0,"menu_order":0,"comment_status":"closed","ping_status":"closed","template":"","meta":{"footnotes":""},"class_list":["post-22534","page","type-page","status-publish","hentry"],"_links":{"self":[{"href":"https:\/\/condamine.edu.ec\/index.php?rest_route=\/wp\/v2\/pages\/22534","targetHints":{"allow":["GET"]}}],"collection":[{"href":"https:\/\/condamine.edu.ec\/index.php?rest_route=\/wp\/v2\/pages"}],"about":[{"href":"https:\/\/condamine.edu.ec\/index.php?rest_route=\/wp\/v2\/types\/page"}],"author":[{"embeddable":true,"href":"https:\/\/condamine.edu.ec\/index.php?rest_route=\/wp\/v2\/users\/2"}],"replies":[{"embeddable":true,"href":"https:\/\/condamine.edu.ec\/index.php?rest_route=%2Fwp%2Fv2%2Fcomments&post=22534"}],"version-history":[{"count":14,"href":"https:\/\/condamine.edu.ec\/index.php?rest_route=\/wp\/v2\/pages\/22534\/revisions"}],"predecessor-version":[{"id":27879,"href":"https:\/\/condamine.edu.ec\/index.php?rest_route=\/wp\/v2\/pages\/22534\/revisions\/27879"}],"wp:attachment":[{"href":"https:\/\/condamine.edu.ec\/index.php?rest_route=%2Fwp%2Fv2%2Fmedia&parent=22534"}],"curies":[{"name":"wp","href":"https:\/\/api.w.org\/{rel}","templated":true}]}}