{"id":22297,"date":"2024-10-29T09:41:06","date_gmt":"2024-10-29T14:41:06","guid":{"rendered":"https:\/\/condamine.edu.ec\/?page_id=22297"},"modified":"2024-10-29T10:15:05","modified_gmt":"2024-10-29T15:15:05","slug":"elementaire-cp-ce1-ce2-cm1-cm2","status":"publish","type":"page","link":"https:\/\/condamine.edu.ec\/?page_id=22297","title":{"rendered":"\u00c9L\u00c9MENTAIRE (CP, CE1, CE2, CM1, CM2)"},"content":{"rendered":"\t\t<div data-elementor-type=\"wp-page\" data-elementor-id=\"22297\" class=\"elementor elementor-22297\" data-elementor-post-type=\"page\">\n\t\t\t\t<div class=\"elementor-element elementor-element-6e5d2da e-flex e-con-boxed e-con e-parent\" data-id=\"6e5d2da\" data-element_type=\"container\" data-e-type=\"container\">\n\t\t\t\t\t<div class=\"e-con-inner\">\n\t\t\t\t<div class=\"elementor-element elementor-element-97f1126 elementor-widget elementor-widget-spacer\" data-id=\"97f1126\" data-element_type=\"widget\" data-e-type=\"widget\" data-widget_type=\"spacer.default\">\n\t\t\t\t<div class=\"elementor-widget-container\">\n\t\t\t\t\t\t\t<div class=\"elementor-spacer\">\n\t\t\t<div class=\"elementor-spacer-inner\"><\/div>\n\t\t<\/div>\n\t\t\t\t\t\t<\/div>\n\t\t\t\t<\/div>\n\t\t\t\t\t<\/div>\n\t\t\t\t<\/div>\n\t\t<div class=\"elementor-element elementor-element-1b409c2 e-con-full e-flex e-con e-parent\" data-id=\"1b409c2\" data-element_type=\"container\" data-e-type=\"container\">\n\t\t\t\t<div class=\"elementor-element elementor-element-b4280a7 elementor-widget elementor-widget-heading\" data-id=\"b4280a7\" data-element_type=\"widget\" data-e-type=\"widget\" data-widget_type=\"heading.default\">\n\t\t\t\t<div class=\"elementor-widget-container\">\n\t\t\t\t\t<h2 class=\"elementor-heading-title elementor-size-default\">\u00c9L\u00c9MENTAIRE (CP, CE1, CE2, CM1, CM2)<\/h2>\t\t\t\t<\/div>\n\t\t\t\t<\/div>\n\t\t\t\t<\/div>\n\t\t<div class=\"elementor-element elementor-element-58bcb36 e-flex e-con-boxed e-con e-parent\" data-id=\"58bcb36\" data-element_type=\"container\" data-e-type=\"container\">\n\t\t\t\t\t<div class=\"e-con-inner\">\n\t\t\t\t<div class=\"elementor-element elementor-element-5eee1df elementor-widget elementor-widget-spacer\" data-id=\"5eee1df\" data-element_type=\"widget\" data-e-type=\"widget\" data-widget_type=\"spacer.default\">\n\t\t\t\t<div class=\"elementor-widget-container\">\n\t\t\t\t\t\t\t<div class=\"elementor-spacer\">\n\t\t\t<div class=\"elementor-spacer-inner\"><\/div>\n\t\t<\/div>\n\t\t\t\t\t\t<\/div>\n\t\t\t\t<\/div>\n\t\t<div class=\"elementor-element elementor-element-ec6051d e-con-full e-flex e-con e-child\" data-id=\"ec6051d\" data-element_type=\"container\" data-e-type=\"container\">\n\t\t\t\t<div class=\"elementor-element elementor-element-5947b5d elementor-widget elementor-widget-text-editor\" data-id=\"5947b5d\" data-element_type=\"widget\" data-e-type=\"widget\" data-widget_type=\"text-editor.default\">\n\t\t\t\t<div class=\"elementor-widget-container\">\n\t\t\t\t\t\t\t\t\t<h4>Construire les fondamentaux. Fournir une base solide pour la connaissance, la recherche et la r\u00e9ussite scolaire<\/h4>\t\t\t\t\t\t\t\t<\/div>\n\t\t\t\t<\/div>\n\t\t\t\t<\/div>\n\t\t\t\t\t<\/div>\n\t\t\t\t<\/div>\n\t\t<div class=\"elementor-element elementor-element-aeeffb8 e-con-full e-flex e-con e-parent\" data-id=\"aeeffb8\" data-element_type=\"container\" data-e-type=\"container\">\n\t\t<div class=\"elementor-element elementor-element-4424925 e-con-full e-flex e-con e-child\" data-id=\"4424925\" data-element_type=\"container\" data-e-type=\"container\">\n\t\t\t\t<div class=\"elementor-element elementor-element-3bd8c50 elementor-widget elementor-widget-image\" data-id=\"3bd8c50\" data-element_type=\"widget\" data-e-type=\"widget\" data-widget_type=\"image.default\">\n\t\t\t\t<div class=\"elementor-widget-container\">\n\t\t\t\t\t\t\t\t\t\t\t\t\t\t\t<img fetchpriority=\"high\" decoding=\"async\" width=\"675\" height=\"449\" src=\"https:\/\/condamine.edu.ec\/wp-content\/uploads\/2024\/10\/DSC_0429.jpg\" class=\"attachment-large size-large wp-image-22318\" alt=\"\" srcset=\"https:\/\/condamine.edu.ec\/wp-content\/uploads\/2024\/10\/DSC_0429.jpg 675w, https:\/\/condamine.edu.ec\/wp-content\/uploads\/2024\/10\/DSC_0429-300x200.jpg 300w, https:\/\/condamine.edu.ec\/wp-content\/uploads\/2024\/10\/DSC_0429-370x246.jpg 370w\" sizes=\"(max-width: 675px) 100vw, 675px\" \/>\t\t\t\t\t\t\t\t\t\t\t\t\t\t\t<\/div>\n\t\t\t\t<\/div>\n\t\t\t\t<\/div>\n\t\t<div class=\"elementor-element elementor-element-951983e e-con-full e-flex e-con e-child\" data-id=\"951983e\" data-element_type=\"container\" data-e-type=\"container\">\n\t\t\t\t<div class=\"elementor-element elementor-element-b69f0a0 elementor-widget elementor-widget-text-editor\" data-id=\"b69f0a0\" data-element_type=\"widget\" data-e-type=\"widget\" data-widget_type=\"text-editor.default\">\n\t\t\t\t<div class=\"elementor-widget-container\">\n\t\t\t\t\t\t\t\t\t<p>L\u2019\u00e9cole \u00e9l\u00e9mentaire comporte cinq niveaux, du CP au CM2 (6 \u00e0 11 ans), qui vont permettre aux \u00e9l\u00e8ves de d\u00e9velopper progressivement leur ma\u00eetrise des outils fondamentaux.<br \/><br \/><\/p><p>Le Lyc\u00e9e La Condamine fournit aux \u00e9l\u00e8ves une solide base de <strong>comp\u00e9tences acad\u00e9miques<\/strong> comme lire, \u00e9crire, compter, calculer, r\u00e9soudre des probl\u00e8mes et parler plusieurs langues (fran\u00e7ais, anglais et espagnole), mais \u00e9galement des <strong>comp\u00e9tences sociales<\/strong>. Respecter ses semblables pour \u00e9tudier dans un environnement bienveillant et apprendre \u00e0 vivre ensemble dans une communaut\u00e9 multilingue et pluriculturelle.<\/p><p>\u00a0<\/p><p>Les cours sont dispens\u00e9s par une \u00e9quipe d\u2019enseignants internationaux d\u00e9vou\u00e9s et passionn\u00e9s. Le but de l\u2019\u00e9cole \u00e9l\u00e9mentaire est de donner \u00e0 tous nos \u00e9l\u00e8ves une solide base en langue (lecture et \u00e9criture) et en math\u00e9matiques (comptage, calcul, r\u00e9solution de probl\u00e8mes), tout en s\u2019adaptant au rythme d\u2019apprentissage et aux besoins de chaque enfant.<\/p><p>\u00a0<\/p><p>Notre volont\u00e9 est d\u2019\u00e9veiller le plaisir des \u00e9l\u00e8ves pour les apprentissages et de leur faire acqu\u00e9rir progressivement les connaissances, l\u2019approche et le langage acad\u00e9miques n\u00e9cessaires pour \u00e9voluer dans le monde.<\/p><p>\u00a0<\/p>\t\t\t\t\t\t\t\t<\/div>\n\t\t\t\t<\/div>\n\t\t\t\t<\/div>\n\t\t\t\t<\/div>\n\t\t<div class=\"elementor-element elementor-element-11c3bb2 e-con-full e-flex e-con e-parent\" data-id=\"11c3bb2\" data-element_type=\"container\" data-e-type=\"container\" data-settings=\"{&quot;background_background&quot;:&quot;classic&quot;}\">\n\t\t<div class=\"elementor-element elementor-element-d941e6d e-con-full e-flex e-con e-child\" data-id=\"d941e6d\" data-element_type=\"container\" data-e-type=\"container\">\n\t\t\t\t<div class=\"elementor-element elementor-element-53345d3 elementor-widget elementor-widget-heading\" data-id=\"53345d3\" data-element_type=\"widget\" data-e-type=\"widget\" data-widget_type=\"heading.default\">\n\t\t\t\t<div class=\"elementor-widget-container\">\n\t\t\t\t\t<h2 class=\"elementor-heading-title elementor-size-default\">Les classes flexibles<\/h2>\t\t\t\t<\/div>\n\t\t\t\t<\/div>\n\t\t\t\t<\/div>\n\t\t\t\t<\/div>\n\t\t<div class=\"elementor-element elementor-element-aa39b8b e-flex e-con-boxed e-con e-parent\" data-id=\"aa39b8b\" data-element_type=\"container\" data-e-type=\"container\">\n\t\t\t\t\t<div class=\"e-con-inner\">\n\t\t<div class=\"elementor-element elementor-element-9497340 e-grid e-con-full e-con e-child\" data-id=\"9497340\" data-element_type=\"container\" data-e-type=\"container\">\n\t\t\t\t<div class=\"elementor-element elementor-element-133e2d4 elementor-widget elementor-widget-text-editor\" data-id=\"133e2d4\" data-element_type=\"widget\" data-e-type=\"widget\" data-widget_type=\"text-editor.default\">\n\t\t\t\t<div class=\"elementor-widget-container\">\n\t\t\t\t\t\t\t\t\t<p>La classe flexible se caract\u00e9rise par un am\u00e9nagement de l&rsquo;espace qui permets aux \u00e9l\u00e8ves de travailler selon diff\u00e9rentes mosalit\u00e9s (autonomie, groupe, collaboratif). Cet am\u00e9nagement engage l&rsquo;enseignat \u00e0 utiliser plusieeurs types de p\u00e9dagogie.<\/p><p>\u00a0<\/p><h5 class=\"title\" style=\"font-size: 2rem; font-weight: bold; color: var(--color-main); margin: 21px 0px; font-family: Roboto, Arial, Helvetica, sans-serif;\">Sur les pratiques p\u00e9dagogiques<\/h5><ul><li>Favoriser l\u2019autonomie et la diff\u00e9renciation p\u00e9dagogique<\/li><li>Encourager l\u2019entraide et la coop\u00e9ration<\/li><li>Renforcer l\u2019estime de soi en valorisant le travail et les progr\u00e8s des \u00e9l\u00e8ves.<\/li><\/ul><p class=\"title\" style=\"font-size: 2rem; font-weight: bold; color: var(--color-main); margin: 21px 0px; font-family: Roboto, Arial, Helvetica, sans-serif;\">Sur le climat scolaire<\/p><p>Les \u00e9l\u00e8ves, autoris\u00e9s \u00e0 bouger, apprennent \u00e0 se g\u00e9rer et \u00e0 se r\u00e9guler. Le climat scolaire est en am\u00e9lior\u00e9, plus apais\u00e9. Plus besoin de d\u00e9charger l\u2019\u00e9nergie contr\u00f4l\u00e9e.<\/p>\t\t\t\t\t\t\t\t<\/div>\n\t\t\t\t<\/div>\n\t\t\t\t<div class=\"elementor-element elementor-element-8341e5b elementor-widget elementor-widget-image\" data-id=\"8341e5b\" data-element_type=\"widget\" data-e-type=\"widget\" data-widget_type=\"image.default\">\n\t\t\t\t<div class=\"elementor-widget-container\">\n\t\t\t\t\t\t\t\t\t\t\t\t\t\t\t<img decoding=\"async\" width=\"675\" height=\"506\" src=\"https:\/\/condamine.edu.ec\/wp-content\/uploads\/2024\/10\/IMG_1006.jpg\" class=\"attachment-large size-large wp-image-22306\" alt=\"\" srcset=\"https:\/\/condamine.edu.ec\/wp-content\/uploads\/2024\/10\/IMG_1006.jpg 675w, https:\/\/condamine.edu.ec\/wp-content\/uploads\/2024\/10\/IMG_1006-300x225.jpg 300w, https:\/\/condamine.edu.ec\/wp-content\/uploads\/2024\/10\/IMG_1006-370x277.jpg 370w, https:\/\/condamine.edu.ec\/wp-content\/uploads\/2024\/10\/IMG_1006-614x460.jpg 614w\" sizes=\"(max-width: 675px) 100vw, 675px\" \/>\t\t\t\t\t\t\t\t\t\t\t\t\t\t\t<\/div>\n\t\t\t\t<\/div>\n\t\t\t\t<\/div>\n\t\t\t\t\t<\/div>\n\t\t\t\t<\/div>\n\t\t<div class=\"elementor-element elementor-element-82c6df4 e-flex e-con-boxed e-con e-parent\" data-id=\"82c6df4\" data-element_type=\"container\" data-e-type=\"container\">\n\t\t\t\t\t<div class=\"e-con-inner\">\n\t\t\t\t<div class=\"elementor-element elementor-element-95606ca elementor-widget elementor-widget-gallery\" data-id=\"95606ca\" data-element_type=\"widget\" data-e-type=\"widget\" data-settings=\"{&quot;lazyload&quot;:&quot;yes&quot;,&quot;gallery_layout&quot;:&quot;grid&quot;,&quot;columns&quot;:4,&quot;columns_tablet&quot;:2,&quot;columns_mobile&quot;:1,&quot;gap&quot;:{&quot;unit&quot;:&quot;px&quot;,&quot;size&quot;:10,&quot;sizes&quot;:[]},&quot;gap_tablet&quot;:{&quot;unit&quot;:&quot;px&quot;,&quot;size&quot;:10,&quot;sizes&quot;:[]},&quot;gap_mobile&quot;:{&quot;unit&quot;:&quot;px&quot;,&quot;size&quot;:10,&quot;sizes&quot;:[]},&quot;link_to&quot;:&quot;file&quot;,&quot;aspect_ratio&quot;:&quot;3:2&quot;,&quot;overlay_background&quot;:&quot;yes&quot;,&quot;content_hover_animation&quot;:&quot;fade-in&quot;}\" data-widget_type=\"gallery.default\">\n\t\t\t\t<div class=\"elementor-widget-container\">\n\t\t\t\t\t\t\t<div class=\"elementor-gallery__container\">\n\t\t\t\t\t\t\t<a class=\"e-gallery-item elementor-gallery-item elementor-animated-content\" href=\"https:\/\/condamine.edu.ec\/wp-content\/uploads\/2024\/10\/DSC_1332.jpg\" data-elementor-open-lightbox=\"yes\" data-elementor-lightbox-slideshow=\"95606ca\" data-elementor-lightbox-title=\"DSC_1332\" data-e-action-hash=\"#elementor-action%3Aaction%3Dlightbox%26settings%3DeyJpZCI6MjIzMjQsInVybCI6Imh0dHBzOlwvXC9jb25kYW1pbmUuZWR1LmVjXC93cC1jb250ZW50XC91cGxvYWRzXC8yMDI0XC8xMFwvRFNDXzEzMzIuanBnIiwic2xpZGVzaG93IjoiOTU2MDZjYSJ9\">\n\t\t\t\t\t<div class=\"e-gallery-image elementor-gallery-item__image\" data-thumbnail=\"https:\/\/condamine.edu.ec\/wp-content\/uploads\/2024\/10\/DSC_1332-300x200.jpg\" data-width=\"300\" data-height=\"200\" aria-label=\"\" role=\"img\" ><\/div>\n\t\t\t\t\t\t\t\t\t\t\t<div class=\"elementor-gallery-item__overlay\"><\/div>\n\t\t\t\t\t\t\t\t\t\t\t\t\t\t<\/a>\n\t\t\t\t\t\t\t<a class=\"e-gallery-item elementor-gallery-item elementor-animated-content\" href=\"https:\/\/condamine.edu.ec\/wp-content\/uploads\/2024\/10\/DSC_0854.jpg\" data-elementor-open-lightbox=\"yes\" data-elementor-lightbox-slideshow=\"95606ca\" data-elementor-lightbox-title=\"DSC_0854\" data-e-action-hash=\"#elementor-action%3Aaction%3Dlightbox%26settings%3DeyJpZCI6MjIzMjEsInVybCI6Imh0dHBzOlwvXC9jb25kYW1pbmUuZWR1LmVjXC93cC1jb250ZW50XC91cGxvYWRzXC8yMDI0XC8xMFwvRFNDXzA4NTQuanBnIiwic2xpZGVzaG93IjoiOTU2MDZjYSJ9\">\n\t\t\t\t\t<div class=\"e-gallery-image elementor-gallery-item__image\" data-thumbnail=\"https:\/\/condamine.edu.ec\/wp-content\/uploads\/2024\/10\/DSC_0854-300x200.jpg\" data-width=\"300\" data-height=\"200\" aria-label=\"\" role=\"img\" ><\/div>\n\t\t\t\t\t\t\t\t\t\t\t<div class=\"elementor-gallery-item__overlay\"><\/div>\n\t\t\t\t\t\t\t\t\t\t\t\t\t\t<\/a>\n\t\t\t\t\t\t\t<a class=\"e-gallery-item elementor-gallery-item elementor-animated-content\" href=\"https:\/\/condamine.edu.ec\/wp-content\/uploads\/2024\/10\/DSC_0419.jpg\" data-elementor-open-lightbox=\"yes\" data-elementor-lightbox-slideshow=\"95606ca\" data-elementor-lightbox-title=\"DSC_0419\" data-e-action-hash=\"#elementor-action%3Aaction%3Dlightbox%26settings%3DeyJpZCI6MjIzMTUsInVybCI6Imh0dHBzOlwvXC9jb25kYW1pbmUuZWR1LmVjXC93cC1jb250ZW50XC91cGxvYWRzXC8yMDI0XC8xMFwvRFNDXzA0MTkuanBnIiwic2xpZGVzaG93IjoiOTU2MDZjYSJ9\">\n\t\t\t\t\t<div class=\"e-gallery-image elementor-gallery-item__image\" data-thumbnail=\"https:\/\/condamine.edu.ec\/wp-content\/uploads\/2024\/10\/DSC_0419-300x200.jpg\" data-width=\"300\" data-height=\"200\" aria-label=\"\" role=\"img\" ><\/div>\n\t\t\t\t\t\t\t\t\t\t\t<div class=\"elementor-gallery-item__overlay\"><\/div>\n\t\t\t\t\t\t\t\t\t\t\t\t\t\t<\/a>\n\t\t\t\t\t\t\t<a class=\"e-gallery-item elementor-gallery-item elementor-animated-content\" href=\"https:\/\/condamine.edu.ec\/wp-content\/uploads\/2024\/10\/DSC_0345.jpg\" data-elementor-open-lightbox=\"yes\" data-elementor-lightbox-slideshow=\"95606ca\" data-elementor-lightbox-title=\"DSC_0345\" data-e-action-hash=\"#elementor-action%3Aaction%3Dlightbox%26settings%3DeyJpZCI6MjIzMTIsInVybCI6Imh0dHBzOlwvXC9jb25kYW1pbmUuZWR1LmVjXC93cC1jb250ZW50XC91cGxvYWRzXC8yMDI0XC8xMFwvRFNDXzAzNDUuanBnIiwic2xpZGVzaG93IjoiOTU2MDZjYSJ9\">\n\t\t\t\t\t<div class=\"e-gallery-image elementor-gallery-item__image\" data-thumbnail=\"https:\/\/condamine.edu.ec\/wp-content\/uploads\/2024\/10\/DSC_0345-300x200.jpg\" data-width=\"300\" data-height=\"200\" aria-label=\"\" role=\"img\" ><\/div>\n\t\t\t\t\t\t\t\t\t\t\t<div class=\"elementor-gallery-item__overlay\"><\/div>\n\t\t\t\t\t\t\t\t\t\t\t\t\t\t<\/a>\n\t\t\t\t\t\t\t<a class=\"e-gallery-item elementor-gallery-item elementor-animated-content\" href=\"https:\/\/condamine.edu.ec\/wp-content\/uploads\/2024\/10\/2024-pases.jpg\" data-elementor-open-lightbox=\"yes\" data-elementor-lightbox-slideshow=\"95606ca\" data-elementor-lightbox-title=\"2024 pases\" data-e-action-hash=\"#elementor-action%3Aaction%3Dlightbox%26settings%3DeyJpZCI6MjIzMDksInVybCI6Imh0dHBzOlwvXC9jb25kYW1pbmUuZWR1LmVjXC93cC1jb250ZW50XC91cGxvYWRzXC8yMDI0XC8xMFwvMjAyNC1wYXNlcy5qcGciLCJzbGlkZXNob3ciOiI5NTYwNmNhIn0%3D\">\n\t\t\t\t\t<div class=\"e-gallery-image elementor-gallery-item__image\" data-thumbnail=\"https:\/\/condamine.edu.ec\/wp-content\/uploads\/2024\/10\/2024-pases-300x169.jpg\" data-width=\"300\" data-height=\"169\" aria-label=\"\" role=\"img\" ><\/div>\n\t\t\t\t\t\t\t\t\t\t\t<div class=\"elementor-gallery-item__overlay\"><\/div>\n\t\t\t\t\t\t\t\t\t\t\t\t\t\t<\/a>\n\t\t\t\t\t\t\t<a class=\"e-gallery-item elementor-gallery-item elementor-animated-content\" href=\"https:\/\/condamine.edu.ec\/wp-content\/uploads\/2024\/10\/DSC_1375.jpg\" data-elementor-open-lightbox=\"yes\" data-elementor-lightbox-slideshow=\"95606ca\" data-elementor-lightbox-title=\"DSC_1375\" data-e-action-hash=\"#elementor-action%3Aaction%3Dlightbox%26settings%3DeyJpZCI6MjIzMjcsInVybCI6Imh0dHBzOlwvXC9jb25kYW1pbmUuZWR1LmVjXC93cC1jb250ZW50XC91cGxvYWRzXC8yMDI0XC8xMFwvRFNDXzEzNzUuanBnIiwic2xpZGVzaG93IjoiOTU2MDZjYSJ9\">\n\t\t\t\t\t<div class=\"e-gallery-image elementor-gallery-item__image\" data-thumbnail=\"https:\/\/condamine.edu.ec\/wp-content\/uploads\/2024\/10\/DSC_1375-300x200.jpg\" data-width=\"300\" data-height=\"200\" aria-label=\"\" role=\"img\" ><\/div>\n\t\t\t\t\t\t\t\t\t\t\t<div class=\"elementor-gallery-item__overlay\"><\/div>\n\t\t\t\t\t\t\t\t\t\t\t\t\t\t<\/a>\n\t\t\t\t\t\t\t<a class=\"e-gallery-item elementor-gallery-item elementor-animated-content\" href=\"https:\/\/condamine.edu.ec\/wp-content\/uploads\/2024\/10\/DSC_1479.jpg\" data-elementor-open-lightbox=\"yes\" data-elementor-lightbox-slideshow=\"95606ca\" data-elementor-lightbox-title=\"DSC_1479\" data-e-action-hash=\"#elementor-action%3Aaction%3Dlightbox%26settings%3DeyJpZCI6MjIzMDMsInVybCI6Imh0dHBzOlwvXC9jb25kYW1pbmUuZWR1LmVjXC93cC1jb250ZW50XC91cGxvYWRzXC8yMDI0XC8xMFwvRFNDXzE0NzkuanBnIiwic2xpZGVzaG93IjoiOTU2MDZjYSJ9\">\n\t\t\t\t\t<div class=\"e-gallery-image elementor-gallery-item__image\" data-thumbnail=\"https:\/\/condamine.edu.ec\/wp-content\/uploads\/2024\/10\/DSC_1479-300x200.jpg\" data-width=\"300\" data-height=\"200\" aria-label=\"\" role=\"img\" ><\/div>\n\t\t\t\t\t\t\t\t\t\t\t<div class=\"elementor-gallery-item__overlay\"><\/div>\n\t\t\t\t\t\t\t\t\t\t\t\t\t\t<\/a>\n\t\t\t\t\t<\/div>\n\t\t\t\t\t<\/div>\n\t\t\t\t<\/div>\n\t\t\t\t\t<\/div>\n\t\t\t\t<\/div>\n\t\t\t\t<\/div>\n\t\t","protected":false},"excerpt":{"rendered":"<p>\u00c9L\u00c9MENTAIRE (CP, CE1, CE2, CM1, CM2) Construire les fondamentaux. Fournir une base solide pour la connaissance, la recherche et la r\u00e9ussite scolaire L\u2019\u00e9cole \u00e9l\u00e9mentaire comporte cinq niveaux, du CP au CM2 (6 \u00e0 11 ans), qui vont permettre aux \u00e9l\u00e8ves de d\u00e9velopper progressivement leur ma\u00eetrise des outils fondamentaux. Le Lyc\u00e9e La Condamine fournit aux \u00e9l\u00e8ves [&hellip;]<\/p>\n","protected":false},"author":2,"featured_media":0,"parent":0,"menu_order":0,"comment_status":"closed","ping_status":"closed","template":"","meta":{"footnotes":""},"class_list":["post-22297","page","type-page","status-publish","hentry"],"_links":{"self":[{"href":"https:\/\/condamine.edu.ec\/index.php?rest_route=\/wp\/v2\/pages\/22297","targetHints":{"allow":["GET"]}}],"collection":[{"href":"https:\/\/condamine.edu.ec\/index.php?rest_route=\/wp\/v2\/pages"}],"about":[{"href":"https:\/\/condamine.edu.ec\/index.php?rest_route=\/wp\/v2\/types\/page"}],"author":[{"embeddable":true,"href":"https:\/\/condamine.edu.ec\/index.php?rest_route=\/wp\/v2\/users\/2"}],"replies":[{"embeddable":true,"href":"https:\/\/condamine.edu.ec\/index.php?rest_route=%2Fwp%2Fv2%2Fcomments&post=22297"}],"version-history":[{"count":7,"href":"https:\/\/condamine.edu.ec\/index.php?rest_route=\/wp\/v2\/pages\/22297\/revisions"}],"predecessor-version":[{"id":22335,"href":"https:\/\/condamine.edu.ec\/index.php?rest_route=\/wp\/v2\/pages\/22297\/revisions\/22335"}],"wp:attachment":[{"href":"https:\/\/condamine.edu.ec\/index.php?rest_route=%2Fwp%2Fv2%2Fmedia&parent=22297"}],"curies":[{"name":"wp","href":"https:\/\/api.w.org\/{rel}","templated":true}]}}