{"id":22117,"date":"2024-10-28T14:11:22","date_gmt":"2024-10-28T19:11:22","guid":{"rendered":"https:\/\/condamine.edu.ec\/?page_id=22117"},"modified":"2024-11-27T10:26:21","modified_gmt":"2024-11-27T15:26:21","slug":"parcours-adaptes-et-renforces-en-langues-etrangeres-parle","status":"publish","type":"page","link":"https:\/\/condamine.edu.ec\/?page_id=22117","title":{"rendered":"Parcours Adapt\u00e9s et Renforc\u00e9s en Langues \u00c9trang\u00e8res (PARLE)"},"content":{"rendered":"\t\t<div data-elementor-type=\"wp-page\" data-elementor-id=\"22117\" class=\"elementor elementor-22117\" data-elementor-post-type=\"page\">\n\t\t\t\t<div class=\"elementor-element elementor-element-6e5d2da e-flex e-con-boxed e-con e-parent\" data-id=\"6e5d2da\" data-element_type=\"container\" data-e-type=\"container\">\n\t\t\t\t\t<div class=\"e-con-inner\">\n\t\t\t\t<div class=\"elementor-element elementor-element-97f1126 elementor-widget elementor-widget-spacer\" data-id=\"97f1126\" data-element_type=\"widget\" data-e-type=\"widget\" data-widget_type=\"spacer.default\">\n\t\t\t\t<div class=\"elementor-widget-container\">\n\t\t\t\t\t\t\t<div class=\"elementor-spacer\">\n\t\t\t<div class=\"elementor-spacer-inner\"><\/div>\n\t\t<\/div>\n\t\t\t\t\t\t<\/div>\n\t\t\t\t<\/div>\n\t\t\t\t\t<\/div>\n\t\t\t\t<\/div>\n\t\t<div class=\"elementor-element elementor-element-1b409c2 e-con-full e-flex e-con e-parent\" data-id=\"1b409c2\" data-element_type=\"container\" data-e-type=\"container\">\n\t\t\t\t<div class=\"elementor-element elementor-element-b4280a7 elementor-widget elementor-widget-heading\" data-id=\"b4280a7\" data-element_type=\"widget\" data-e-type=\"widget\" data-widget_type=\"heading.default\">\n\t\t\t\t<div class=\"elementor-widget-container\">\n\t\t\t\t\t<h2 class=\"elementor-heading-title elementor-size-default\">Parcours Adapt\u00e9s et Renforc\u00e9s en Langues \u00c9trang\u00e8res (PARLE)<\/h2>\t\t\t\t<\/div>\n\t\t\t\t<\/div>\n\t\t\t\t<\/div>\n\t\t<div class=\"elementor-element elementor-element-7b59a90 e-flex e-con-boxed e-con e-parent\" data-id=\"7b59a90\" data-element_type=\"container\" data-e-type=\"container\">\n\t\t\t\t\t<div class=\"e-con-inner\">\n\t\t\t\t<div class=\"elementor-element elementor-element-f314553 elementor-widget elementor-widget-spacer\" data-id=\"f314553\" data-element_type=\"widget\" data-e-type=\"widget\" data-widget_type=\"spacer.default\">\n\t\t\t\t<div class=\"elementor-widget-container\">\n\t\t\t\t\t\t\t<div class=\"elementor-spacer\">\n\t\t\t<div class=\"elementor-spacer-inner\"><\/div>\n\t\t<\/div>\n\t\t\t\t\t\t<\/div>\n\t\t\t\t<\/div>\n\t\t\t\t\t<\/div>\n\t\t\t\t<\/div>\n\t\t<div class=\"elementor-element elementor-element-eb848f2 e-flex e-con-boxed e-con e-parent\" data-id=\"eb848f2\" data-element_type=\"container\" data-e-type=\"container\">\n\t\t\t\t\t<div class=\"e-con-inner\">\n\t\t<div class=\"elementor-element elementor-element-12d2932 e-con-full e-flex e-con e-child\" data-id=\"12d2932\" data-element_type=\"container\" data-e-type=\"container\">\n\t\t\t\t<div class=\"elementor-element elementor-element-f07a976 elementor-widget elementor-widget-image\" data-id=\"f07a976\" data-element_type=\"widget\" data-e-type=\"widget\" data-widget_type=\"image.default\">\n\t\t\t\t<div class=\"elementor-widget-container\">\n\t\t\t\t\t\t\t\t\t\t\t\t\t\t\t<img fetchpriority=\"high\" decoding=\"async\" width=\"800\" height=\"224\" src=\"https:\/\/condamine.edu.ec\/wp-content\/uploads\/2024\/10\/PARLE_LOGOAEFE_LOGO-1024x287.png\" class=\"attachment-large size-large wp-image-22119\" alt=\"\" srcset=\"https:\/\/condamine.edu.ec\/wp-content\/uploads\/2024\/10\/PARLE_LOGOAEFE_LOGO-1024x287.png 1024w, https:\/\/condamine.edu.ec\/wp-content\/uploads\/2024\/10\/PARLE_LOGOAEFE_LOGO-300x84.png 300w, https:\/\/condamine.edu.ec\/wp-content\/uploads\/2024\/10\/PARLE_LOGOAEFE_LOGO-768x215.png 768w, https:\/\/condamine.edu.ec\/wp-content\/uploads\/2024\/10\/PARLE_LOGOAEFE_LOGO-370x104.png 370w, https:\/\/condamine.edu.ec\/wp-content\/uploads\/2024\/10\/PARLE_LOGOAEFE_LOGO-770x216.png 770w, https:\/\/condamine.edu.ec\/wp-content\/uploads\/2024\/10\/PARLE_LOGOAEFE_LOGO.png 1191w\" sizes=\"(max-width: 800px) 100vw, 800px\" \/>\t\t\t\t\t\t\t\t\t\t\t\t\t\t\t<\/div>\n\t\t\t\t<\/div>\n\t\t\t\t<\/div>\n\t\t<div class=\"elementor-element elementor-element-9f28aec e-con-full e-flex e-con e-child\" data-id=\"9f28aec\" data-element_type=\"container\" data-e-type=\"container\">\n\t\t\t\t<div class=\"elementor-element elementor-element-60ac279 elementor-widget elementor-widget-text-editor\" data-id=\"60ac279\" data-element_type=\"widget\" data-e-type=\"widget\" data-widget_type=\"text-editor.default\">\n\t\t\t\t<div class=\"elementor-widget-container\">\n\t\t\t\t\t\t\t\t\t<p>L\u2019apprentissage renforc\u00e9 des langues vivantes d\u00e8s l\u2019\u00e9cole primaire et la promotion d\u2019une \u00e9ducation plurilingue sont au c\u0153ur du projet d\u2019enseignement fran\u00e7ais \u00e0 l\u2019\u00e9tranger. Ils participent \u00e0 l\u2019excellence de notre \u00e9tablissements et r\u00e9pondent aux attentes des familles.<u><\/u><\/p><p>\u00a0<\/p><p>L\u2019AEFE promeut l\u2019enseignement du fran\u00e7ais et en fran\u00e7ais dans une parfaite compl\u00e9mentarit\u00e9 avec l\u2019apprentissage d\u2019autres langues vivantes afin de former des \u00e9l\u00e8ves plurilingues ouverts \u00e0 la diversit\u00e9 culturelle.<\/p>\t\t\t\t\t\t\t\t<\/div>\n\t\t\t\t<\/div>\n\t\t\t\t<\/div>\n\t\t\t\t\t<\/div>\n\t\t\t\t<\/div>\n\t\t<div class=\"elementor-element elementor-element-74c913d e-con-full e-flex e-con e-parent\" data-id=\"74c913d\" data-element_type=\"container\" data-e-type=\"container\">\n\t\t<div class=\"elementor-element elementor-element-c35da11 e-con-full e-flex e-con e-child\" data-id=\"c35da11\" data-element_type=\"container\" data-e-type=\"container\">\n\t\t\t\t<div class=\"elementor-element elementor-element-8cddbc7 elementor-widget elementor-widget-text-editor\" data-id=\"8cddbc7\" data-element_type=\"widget\" data-e-type=\"widget\" data-widget_type=\"text-editor.default\">\n\t\t\t\t<div class=\"elementor-widget-container\">\n\t\t\t\t\t\t\t\t\t<p>La p\u00e9dagogie mise en \u0153uvre vise \u00e0 renforcer la ma\u00eetrise, par tous les \u00e9l\u00e8ves, d\u2019au moins trois langues en plus du fran\u00e7ais afin de les pr\u00e9parer au mieux \u00e0 leurs parcours d\u2019\u00e9tudes sup\u00e9rieures, leurs projets professionnels et leur avenir de citoyen dans un monde ouvert.<\/p><p>\u00a0<\/p><p>En lien avec le minist\u00e8re de l\u2019\u00c9ducation nationale et de la Jeunesse, l\u2019Agence d\u00e9veloppe\u00a0 ainsi des dispositifs d\u2019excellence dans le r\u00e9seau comme la Section Internationale Am\u00e9ricaine du Lyc\u00e9e La Condamine.<\/p><p>\u00a0<\/p><p>Elle met \u00e9galement en \u0153uvre depuis 2018 des parcours adapt\u00e9s et renforc\u00e9s en langues \u00e9trang\u00e8res (dispositif PARLE) qui favorisent cette ouverture linguistique. PARLE permet une plus grande exposition aux langues vivantes choisies par l\u2019\u00e9l\u00e8ve et sa famille dans le cadre d\u2019un projet personnel, afin que la scolarit\u00e9 dans un lyc\u00e9e fran\u00e7ais du monde soit un\u00a0 atout pourla vie.<\/p>\t\t\t\t\t\t\t\t<\/div>\n\t\t\t\t<\/div>\n\t\t\t\t<\/div>\n\t\t\t\t<\/div>\n\t\t<div class=\"elementor-element elementor-element-82c6df4 e-flex e-con-boxed e-con e-parent\" data-id=\"82c6df4\" data-element_type=\"container\" data-e-type=\"container\">\n\t\t\t\t\t<div class=\"e-con-inner\">\n\t\t\t\t<div class=\"elementor-element elementor-element-3ba5085 elementor-widget elementor-widget-spacer\" data-id=\"3ba5085\" data-element_type=\"widget\" data-e-type=\"widget\" data-widget_type=\"spacer.default\">\n\t\t\t\t<div class=\"elementor-widget-container\">\n\t\t\t\t\t\t\t<div class=\"elementor-spacer\">\n\t\t\t<div class=\"elementor-spacer-inner\"><\/div>\n\t\t<\/div>\n\t\t\t\t\t\t<\/div>\n\t\t\t\t<\/div>\n\t\t\t\t\t<\/div>\n\t\t\t\t<\/div>\n\t\t<div class=\"elementor-element elementor-element-70827d8 e-con-full e-flex e-con e-parent\" data-id=\"70827d8\" data-element_type=\"container\" data-e-type=\"container\" data-settings=\"{&quot;background_background&quot;:&quot;classic&quot;}\">\n\t\t<div class=\"elementor-element elementor-element-65e7a25 e-con-full e-flex e-con e-child\" data-id=\"65e7a25\" data-element_type=\"container\" data-e-type=\"container\">\n\t\t\t\t<div class=\"elementor-element elementor-element-ce286db elementor-widget elementor-widget-heading\" data-id=\"ce286db\" data-element_type=\"widget\" data-e-type=\"widget\" data-widget_type=\"heading.default\">\n\t\t\t\t<div class=\"elementor-widget-container\">\n\t\t\t\t\t<h2 class=\"elementor-heading-title elementor-size-default\">LE PARCOURS EN MATERNELLE<\/h2>\t\t\t\t<\/div>\n\t\t\t\t<\/div>\n\t\t\t\t<\/div>\n\t\t\t\t<\/div>\n\t\t<div class=\"elementor-element elementor-element-9243a59 e-con-full e-flex e-con e-parent\" data-id=\"9243a59\" data-element_type=\"container\" data-e-type=\"container\">\n\t\t<div class=\"elementor-element elementor-element-5f1e120 e-con-full e-flex e-con e-child\" data-id=\"5f1e120\" data-element_type=\"container\" data-e-type=\"container\">\n\t\t\t\t<div class=\"elementor-element elementor-element-0a11df5 elementor-widget elementor-widget-text-editor\" data-id=\"0a11df5\" data-element_type=\"widget\" data-e-type=\"widget\" data-widget_type=\"text-editor.default\">\n\t\t\t\t<div class=\"elementor-widget-container\">\n\t\t\t\t\t\t\t\t\t<p>L\u2019exposition aux langues est une caract\u00e9ristique essentielle de la <strong>politique des langues de notre Lyc\u00e9e<\/strong>. La langue fran\u00e7aise, primordiale, langue principale d\u2019enseignement dans notre enseignement. Puis, la langue du pays h\u00f4te (\u00c9quateur) est propre \u00e0 l\u2019environnement proche de l\u2019\u00e9tablissement et\u00a0 entendue fr\u00e9quemment par les enfants hors la classe. Enfin, une autre langue\u00ab \u00e9trang\u00e8re \u00bb est possible : l&rsquo;anglais.<\/p><p>\u00a0<\/p><p>Les fondements de ces parcours langues d\u00e8s la maternelle peuvent s\u2019articuler autour de trois axes :<\/p><p>\u00a0<\/p><p>\u2022 la ma\u00eetrise de la <strong>langue fran\u00e7aise<\/strong>, <strong>langue de communication et de partage<\/strong> au sein de l\u2019\u00e9tablissement, <strong>langue d\u2019enseignement<\/strong> ;<br \/>\u2022 une n\u00e9cessaire (re)connaissance de <strong>la langue du pays h\u00f4te : l&rsquo;espagnole<\/strong> ;<br \/>\u2022 <strong>Initiation<\/strong> \u00e0 une troisi\u00e8me langue: <strong>l&rsquo;anglais<\/strong>.<\/p>\t\t\t\t\t\t\t\t<\/div>\n\t\t\t\t<\/div>\n\t\t\t\t<\/div>\n\t\t<div class=\"elementor-element elementor-element-5e9771f e-con-full e-flex e-con e-child\" data-id=\"5e9771f\" data-element_type=\"container\" data-e-type=\"container\">\n\t\t\t\t<div class=\"elementor-element elementor-element-fb9d706 elementor-widget__width-initial elementor-widget elementor-widget-image\" data-id=\"fb9d706\" data-element_type=\"widget\" data-e-type=\"widget\" data-widget_type=\"image.default\">\n\t\t\t\t<div class=\"elementor-widget-container\">\n\t\t\t\t\t\t\t\t\t\t\t\t\t\t\t<img decoding=\"async\" src=\"https:\/\/condamine.edu.ec\/wp-content\/uploads\/elementor\/thumbs\/PARLE_1-qw8lfcgskv60ujrydn54lcou5p524uzugiu31d3grk.jpg\" title=\"PARLE_1\" alt=\"PARLE_1\" loading=\"lazy\" \/>\t\t\t\t\t\t\t\t\t\t\t\t\t\t\t<\/div>\n\t\t\t\t<\/div>\n\t\t\t\t<\/div>\n\t\t\t\t<\/div>\n\t\t<div class=\"elementor-element elementor-element-2f553eb e-flex e-con-boxed e-con e-parent\" data-id=\"2f553eb\" data-element_type=\"container\" data-e-type=\"container\">\n\t\t\t\t\t<div class=\"e-con-inner\">\n\t\t\t\t<div class=\"elementor-element elementor-element-0040309 elementor-widget elementor-widget-spacer\" data-id=\"0040309\" data-element_type=\"widget\" data-e-type=\"widget\" data-widget_type=\"spacer.default\">\n\t\t\t\t<div class=\"elementor-widget-container\">\n\t\t\t\t\t\t\t<div class=\"elementor-spacer\">\n\t\t\t<div class=\"elementor-spacer-inner\"><\/div>\n\t\t<\/div>\n\t\t\t\t\t\t<\/div>\n\t\t\t\t<\/div>\n\t\t\t\t\t<\/div>\n\t\t\t\t<\/div>\n\t\t<div class=\"elementor-element elementor-element-703cf41 e-con-full e-flex e-con e-parent\" data-id=\"703cf41\" data-element_type=\"container\" data-e-type=\"container\" data-settings=\"{&quot;background_background&quot;:&quot;classic&quot;}\">\n\t\t<div class=\"elementor-element elementor-element-c6c272b e-con-full e-flex e-con e-child\" data-id=\"c6c272b\" data-element_type=\"container\" data-e-type=\"container\">\n\t\t\t\t<div class=\"elementor-element elementor-element-10fab34 elementor-widget elementor-widget-heading\" data-id=\"10fab34\" data-element_type=\"widget\" data-e-type=\"widget\" data-widget_type=\"heading.default\">\n\t\t\t\t<div class=\"elementor-widget-container\">\n\t\t\t\t\t<h2 class=\"elementor-heading-title elementor-size-default\">LE PARCOURS EN \u00c9L\u00c9MENTAIRE<\/h2>\t\t\t\t<\/div>\n\t\t\t\t<\/div>\n\t\t\t\t<\/div>\n\t\t\t\t<\/div>\n\t\t<div class=\"elementor-element elementor-element-66838dd e-con-full e-flex e-con e-parent\" data-id=\"66838dd\" data-element_type=\"container\" data-e-type=\"container\">\n\t\t<div class=\"elementor-element elementor-element-ec5ee2e e-con-full e-flex e-con e-child\" data-id=\"ec5ee2e\" data-element_type=\"container\" data-e-type=\"container\">\n\t\t\t\t<div class=\"elementor-element elementor-element-d2e10cb elementor-widget__width-initial elementor-widget elementor-widget-image\" data-id=\"d2e10cb\" data-element_type=\"widget\" data-e-type=\"widget\" data-widget_type=\"image.default\">\n\t\t\t\t<div class=\"elementor-widget-container\">\n\t\t\t\t\t\t\t\t\t\t\t\t\t\t\t<img decoding=\"async\" src=\"https:\/\/condamine.edu.ec\/wp-content\/uploads\/elementor\/thumbs\/kids-classroom-taking-english-class-qw8n29yj1xu6qg6d9m63ezc6wcohppy0w78z6vpwo0.jpg\" title=\"kids-classroom-taking-english-class\" alt=\"kids-classroom-taking-english-class\" loading=\"lazy\" \/>\t\t\t\t\t\t\t\t\t\t\t\t\t\t\t<\/div>\n\t\t\t\t<\/div>\n\t\t\t\t<\/div>\n\t\t<div class=\"elementor-element elementor-element-60dc4cb e-con-full e-flex e-con e-child\" data-id=\"60dc4cb\" data-element_type=\"container\" data-e-type=\"container\">\n\t\t\t\t<div class=\"elementor-element elementor-element-172c094 elementor-widget elementor-widget-text-editor\" data-id=\"172c094\" data-element_type=\"widget\" data-e-type=\"widget\" data-widget_type=\"text-editor.default\">\n\t\t\t\t<div class=\"elementor-widget-container\">\n\t\t\t\t\t\t\t\t\t<p>Au d\u00e9but du cycle 2 (CP), les enfants \u00e9voluent dans au moins deux langues, le fran\u00e7ais et la langue du pays h\u00f4te (espagnole), et conform\u00e9ment aux programmes du MEN (minist\u00e8re de l\u2019\u00c9ducation nationale) fran\u00e7ais, ils peuvent en d\u00e9buter une troisi\u00e8me (anglais).<br \/><br \/>Cette langue suppl\u00e9mentaire peut-\u00eatre \u00e9galement int\u00e9gr\u00e9e dans l\u2019enseignement des mati\u00e8res [<strong>EMILE<\/strong>] pour renforcer l\u2019exposition \u00e0 la langue, dans le cadre, \u00e9ventuellement, d\u2019un <strong>parcours PARLE<\/strong> (5h par semaine par \u00e9l\u00e8ve maximum, dont 2h de langue vivante principale et 3h d\u2019EMILE ).<br \/><br \/>\u00c0 ce stade, les \u00e9l\u00e8ves peuvent aussi int\u00e9grer la <strong>Section Internationale Am\u00e9ricaine<\/strong> niveau \u00e9l\u00e9mentaire qui dispense des enseignements de langue et en langue.<br \/>Les enseignants en charge de la Section Internationale sont <strong>locuteurs natifs<\/strong> afin d\u2019assurer une dimension culturelle forte, \u00e0 la fois dans la tradition p\u00e9dagogique mais \u00e9galement dans les activit\u00e9s p\u00e9riscolaires propos\u00e9es, fortement li\u00e9es \u00e0 la culture du pays.<\/p>\t\t\t\t\t\t\t\t<\/div>\n\t\t\t\t<\/div>\n\t\t\t\t<\/div>\n\t\t\t\t<\/div>\n\t\t<div class=\"elementor-element elementor-element-f681a33 e-flex e-con-boxed e-con e-parent\" data-id=\"f681a33\" data-element_type=\"container\" data-e-type=\"container\">\n\t\t\t\t\t<div class=\"e-con-inner\">\n\t\t\t\t<div class=\"elementor-element elementor-element-7563558 elementor-widget elementor-widget-spacer\" data-id=\"7563558\" data-element_type=\"widget\" data-e-type=\"widget\" data-widget_type=\"spacer.default\">\n\t\t\t\t<div class=\"elementor-widget-container\">\n\t\t\t\t\t\t\t<div class=\"elementor-spacer\">\n\t\t\t<div class=\"elementor-spacer-inner\"><\/div>\n\t\t<\/div>\n\t\t\t\t\t\t<\/div>\n\t\t\t\t<\/div>\n\t\t\t\t\t<\/div>\n\t\t\t\t<\/div>\n\t\t<div class=\"elementor-element elementor-element-f7ca2f5 e-con-full e-flex e-con e-parent\" data-id=\"f7ca2f5\" data-element_type=\"container\" data-e-type=\"container\" data-settings=\"{&quot;background_background&quot;:&quot;classic&quot;}\">\n\t\t<div class=\"elementor-element elementor-element-da3ea2b e-con-full e-flex e-con e-child\" data-id=\"da3ea2b\" data-element_type=\"container\" data-e-type=\"container\">\n\t\t\t\t<div class=\"elementor-element elementor-element-1026967 elementor-widget elementor-widget-heading\" data-id=\"1026967\" data-element_type=\"widget\" data-e-type=\"widget\" data-widget_type=\"heading.default\">\n\t\t\t\t<div class=\"elementor-widget-container\">\n\t\t\t\t\t<h2 class=\"elementor-heading-title elementor-size-default\">LE PARCOURS AU COLL\u00c8GE<\/h2>\t\t\t\t<\/div>\n\t\t\t\t<\/div>\n\t\t\t\t<\/div>\n\t\t\t\t<\/div>\n\t\t<div class=\"elementor-element elementor-element-27eec17 e-con-full e-flex e-con e-parent\" data-id=\"27eec17\" data-element_type=\"container\" data-e-type=\"container\">\n\t\t<div class=\"elementor-element elementor-element-300252f e-con-full e-flex e-con e-child\" data-id=\"300252f\" data-element_type=\"container\" data-e-type=\"container\">\n\t\t\t\t<div class=\"elementor-element elementor-element-f972bbd elementor-widget elementor-widget-text-editor\" data-id=\"f972bbd\" data-element_type=\"widget\" data-e-type=\"widget\" data-widget_type=\"text-editor.default\">\n\t\t\t\t<div class=\"elementor-widget-container\">\n\t\t\t\t\t\t\t\t\t<p>\u00c0 l\u2019entr\u00e9e en 6\u00e8me, l\u2019\u00e9l\u00e8ve peut choisir un des parcours suivants selon son projet personnel et familial. Il peut :<\/p><p>\u00a0<\/p><p>\u2022 Poursuivre en <strong>Section Internationale Am\u00e9ricaine<\/strong>. S\u2019il a d\u00e9but\u00e9 le parcours au cycle 2, il pourra suivre un enseignement de la langue de la section auquel s\u2019ajoute un enseignement en <strong>DNL<\/strong> (histoire-g\u00e9ographie).<\/p><p>\u00a0<\/p><p>\u2022 Poursuivre un parcours <strong>PARLE<\/strong> commenc\u00e9 en cycle 2 ou 3.<\/p><p>\u00a0<\/p><p>\u2022 Poursuivre l\u2019\u00e9tude de la langue commenc\u00e9e au cycle 2, \u00e0 raison de 4h par semaine.<\/p><p>\u00a0<\/p><p>Enfin, il est possible de suivre un enseignement d\u2019une discipline non linguistique dans les langues \u00e9tudi\u00e9es (hors Parcours PARLE). Toutes les disciplines sontconcern\u00e9es, mais l\u2019horaire d\u00e9di\u00e9 en langue \u00e9trang\u00e8re ne peut exc\u00e9der 50 % de l\u2019horaire statutaire.<\/p>\t\t\t\t\t\t\t\t<\/div>\n\t\t\t\t<\/div>\n\t\t\t\t<\/div>\n\t\t<div class=\"elementor-element elementor-element-87ffac9 e-con-full e-flex e-con e-child\" data-id=\"87ffac9\" data-element_type=\"container\" data-e-type=\"container\">\n\t\t\t\t<div class=\"elementor-element elementor-element-01c916f elementor-widget__width-initial elementor-widget elementor-widget-image\" data-id=\"01c916f\" data-element_type=\"widget\" data-e-type=\"widget\" data-widget_type=\"image.default\">\n\t\t\t\t<div class=\"elementor-widget-container\">\n\t\t\t\t\t\t\t\t\t\t\t\t\t\t\t<img decoding=\"async\" src=\"https:\/\/condamine.edu.ec\/wp-content\/uploads\/elementor\/thumbs\/PARLE_3-qw8lfri7m7qm0b63xtn5p8w7nv2xk0njul9upsh600.png\" title=\"PARLE_3\" alt=\"PARLE_3\" loading=\"lazy\" \/>\t\t\t\t\t\t\t\t\t\t\t\t\t\t\t<\/div>\n\t\t\t\t<\/div>\n\t\t\t\t<\/div>\n\t\t\t\t<\/div>\n\t\t<div class=\"elementor-element elementor-element-c06c08d e-flex e-con-boxed e-con e-parent\" data-id=\"c06c08d\" data-element_type=\"container\" data-e-type=\"container\">\n\t\t\t\t\t<div class=\"e-con-inner\">\n\t\t\t\t<div class=\"elementor-element elementor-element-23a2fd1 elementor-widget elementor-widget-spacer\" data-id=\"23a2fd1\" data-element_type=\"widget\" data-e-type=\"widget\" data-widget_type=\"spacer.default\">\n\t\t\t\t<div class=\"elementor-widget-container\">\n\t\t\t\t\t\t\t<div class=\"elementor-spacer\">\n\t\t\t<div class=\"elementor-spacer-inner\"><\/div>\n\t\t<\/div>\n\t\t\t\t\t\t<\/div>\n\t\t\t\t<\/div>\n\t\t\t\t\t<\/div>\n\t\t\t\t<\/div>\n\t\t<div class=\"elementor-element elementor-element-0cf0d49 e-con-full e-flex e-con e-parent\" data-id=\"0cf0d49\" data-element_type=\"container\" data-e-type=\"container\" data-settings=\"{&quot;background_background&quot;:&quot;classic&quot;}\">\n\t\t<div class=\"elementor-element elementor-element-83eb737 e-con-full e-flex e-con e-child\" data-id=\"83eb737\" data-element_type=\"container\" data-e-type=\"container\">\n\t\t\t\t<div class=\"elementor-element elementor-element-84cb041 elementor-widget elementor-widget-heading\" data-id=\"84cb041\" data-element_type=\"widget\" data-e-type=\"widget\" data-widget_type=\"heading.default\">\n\t\t\t\t<div class=\"elementor-widget-container\">\n\t\t\t\t\t<h2 class=\"elementor-heading-title elementor-size-default\">LE PARCOURS AU LYC\u00c9E<\/h2>\t\t\t\t<\/div>\n\t\t\t\t<\/div>\n\t\t\t\t<\/div>\n\t\t\t\t<\/div>\n\t\t<div class=\"elementor-element elementor-element-eae5958 e-con-full e-flex e-con e-parent\" data-id=\"eae5958\" data-element_type=\"container\" data-e-type=\"container\">\n\t\t<div class=\"elementor-element elementor-element-53b8c94 e-con-full e-flex e-con e-child\" data-id=\"53b8c94\" data-element_type=\"container\" data-e-type=\"container\">\n\t\t\t\t<div class=\"elementor-element elementor-element-4a8833e elementor-widget__width-initial elementor-widget elementor-widget-image\" data-id=\"4a8833e\" data-element_type=\"widget\" data-e-type=\"widget\" data-widget_type=\"image.default\">\n\t\t\t\t<div class=\"elementor-widget-container\">\n\t\t\t\t\t\t\t\t\t\t\t\t\t\t\t<img decoding=\"async\" src=\"https:\/\/condamine.edu.ec\/wp-content\/uploads\/elementor\/thumbs\/PARLE_4-qw8lfi3tpvdqs7jrgpkw0b9lq0d9f1m8haqzx0v3q8.png\" title=\"PARLE_4\" alt=\"PARLE_4\" loading=\"lazy\" \/>\t\t\t\t\t\t\t\t\t\t\t\t\t\t\t<\/div>\n\t\t\t\t<\/div>\n\t\t\t\t<\/div>\n\t\t<div class=\"elementor-element elementor-element-fc0c4dc e-con-full e-flex e-con e-child\" data-id=\"fc0c4dc\" data-element_type=\"container\" data-e-type=\"container\">\n\t\t\t\t<div class=\"elementor-element elementor-element-e40c30a elementor-widget elementor-widget-text-editor\" data-id=\"e40c30a\" data-element_type=\"widget\" data-e-type=\"widget\" data-widget_type=\"text-editor.default\">\n\t\t\t\t<div class=\"elementor-widget-container\">\n\t\t\t\t\t\t\t\t\t<p>C\u2019est aussi au lyc\u00e9e que les \u00e9l\u00e8ves peuvent commencer l\u2019apprentissage d\u2019une autre langue qui vent s\u2019ajouter \u00e0 celles qu\u2019ils manipulent d\u00e9j\u00e0.<br \/>\u00c0 l\u2019entr\u00e9e en seconde, plusieurs offres sont possibles selon les \u00e9tablissements :<br \/><br \/>\u2022 <strong>Section Internationale Am\u00e9ricaine :<\/strong> dans la poursuite du coll\u00e8ge, elles m\u00e8nent \u00e0 l\u2019<strong>OIB<\/strong> (option internationale du baccalaur\u00e9at) en cycle terminal, avec des enseignements sp\u00e9cifiques en langue et litt\u00e9rature (4h hebdomadaires) et en DNL (discipline non linguistique) (2h hebdomadaires en histoire-g\u00e9ographie), qui font l\u2019objet d\u2019\u00e9preuves au baccalaur\u00e9at. L\u2019OIB jouit d\u2019une reconnaissance qui va en s\u2019accroissant, notamment aupr\u00e8s des universit\u00e9s \u00e9trang\u00e8res.<\/p>\t\t\t\t\t\t\t\t<\/div>\n\t\t\t\t<\/div>\n\t\t\t\t<\/div>\n\t\t\t\t<\/div>\n\t\t\t\t<\/div>\n\t\t","protected":false},"excerpt":{"rendered":"<p>Parcours Adapt\u00e9s et Renforc\u00e9s en Langues \u00c9trang\u00e8res (PARLE) L\u2019apprentissage renforc\u00e9 des langues vivantes d\u00e8s l\u2019\u00e9cole primaire et la promotion d\u2019une \u00e9ducation plurilingue sont au c\u0153ur du projet d\u2019enseignement fran\u00e7ais \u00e0 l\u2019\u00e9tranger. Ils participent \u00e0 l\u2019excellence de notre \u00e9tablissements et r\u00e9pondent aux attentes des familles. \u00a0 L\u2019AEFE promeut l\u2019enseignement du fran\u00e7ais et en fran\u00e7ais dans une [&hellip;]<\/p>\n","protected":false},"author":2,"featured_media":0,"parent":0,"menu_order":0,"comment_status":"closed","ping_status":"closed","template":"","meta":{"footnotes":""},"class_list":["post-22117","page","type-page","status-publish","hentry"],"_links":{"self":[{"href":"https:\/\/condamine.edu.ec\/index.php?rest_route=\/wp\/v2\/pages\/22117","targetHints":{"allow":["GET"]}}],"collection":[{"href":"https:\/\/condamine.edu.ec\/index.php?rest_route=\/wp\/v2\/pages"}],"about":[{"href":"https:\/\/condamine.edu.ec\/index.php?rest_route=\/wp\/v2\/types\/page"}],"author":[{"embeddable":true,"href":"https:\/\/condamine.edu.ec\/index.php?rest_route=\/wp\/v2\/users\/2"}],"replies":[{"embeddable":true,"href":"https:\/\/condamine.edu.ec\/index.php?rest_route=%2Fwp%2Fv2%2Fcomments&post=22117"}],"version-history":[{"count":31,"href":"https:\/\/condamine.edu.ec\/index.php?rest_route=\/wp\/v2\/pages\/22117\/revisions"}],"predecessor-version":[{"id":24765,"href":"https:\/\/condamine.edu.ec\/index.php?rest_route=\/wp\/v2\/pages\/22117\/revisions\/24765"}],"wp:attachment":[{"href":"https:\/\/condamine.edu.ec\/index.php?rest_route=%2Fwp%2Fv2%2Fmedia&parent=22117"}],"curies":[{"name":"wp","href":"https:\/\/api.w.org\/{rel}","templated":true}]}}