{"id":21697,"date":"2024-10-23T11:55:33","date_gmt":"2024-10-23T16:55:33","guid":{"rendered":"https:\/\/condamine.edu.ec\/?page_id=21697"},"modified":"2026-01-13T15:06:37","modified_gmt":"2026-01-13T20:06:37","slug":"bourses","status":"publish","type":"page","link":"https:\/\/condamine.edu.ec\/?page_id=21697","title":{"rendered":"Bourses"},"content":{"rendered":"\t\t<div data-elementor-type=\"wp-page\" data-elementor-id=\"21697\" class=\"elementor elementor-21697\" data-elementor-post-type=\"page\">\n\t\t\t\t<div class=\"elementor-element elementor-element-6e5d2da e-flex e-con-boxed e-con e-parent\" data-id=\"6e5d2da\" data-element_type=\"container\" data-e-type=\"container\">\n\t\t\t\t\t<div class=\"e-con-inner\">\n\t\t\t\t<div class=\"elementor-element elementor-element-97f1126 elementor-widget elementor-widget-spacer\" data-id=\"97f1126\" data-element_type=\"widget\" data-e-type=\"widget\" data-widget_type=\"spacer.default\">\n\t\t\t\t<div class=\"elementor-widget-container\">\n\t\t\t\t\t\t\t<div class=\"elementor-spacer\">\n\t\t\t<div class=\"elementor-spacer-inner\"><\/div>\n\t\t<\/div>\n\t\t\t\t\t\t<\/div>\n\t\t\t\t<\/div>\n\t\t\t\t\t<\/div>\n\t\t\t\t<\/div>\n\t\t<div class=\"elementor-element elementor-element-1b409c2 e-con-full e-flex e-con e-parent\" data-id=\"1b409c2\" data-element_type=\"container\" data-e-type=\"container\">\n\t\t\t\t<div class=\"elementor-element elementor-element-b4280a7 elementor-widget elementor-widget-heading\" data-id=\"b4280a7\" data-element_type=\"widget\" data-e-type=\"widget\" data-widget_type=\"heading.default\">\n\t\t\t\t<div class=\"elementor-widget-container\">\n\t\t\t\t\t<h2 class=\"elementor-heading-title elementor-size-default\">Bourses <\/h2>\t\t\t\t<\/div>\n\t\t\t\t<\/div>\n\t\t\t\t<\/div>\n\t\t<div class=\"elementor-element elementor-element-e78f427 e-con-full e-flex e-con e-parent\" data-id=\"e78f427\" data-element_type=\"container\" data-e-type=\"container\">\n\t\t<div class=\"elementor-element elementor-element-e4a8297 e-con-full e-flex e-con e-child\" data-id=\"e4a8297\" data-element_type=\"container\" data-e-type=\"container\">\n\t\t\t\t<div class=\"elementor-element elementor-element-571176a elementor-widget elementor-widget-text-editor\" data-id=\"571176a\" data-element_type=\"widget\" data-e-type=\"widget\" data-widget_type=\"text-editor.default\">\n\t\t\t\t<div class=\"elementor-widget-container\">\n\t\t\t\t\t\t\t\t\t<div class=\"flex-shrink-0 flex flex-col relative items-end\"><div><div class=\"pt-0\"><div class=\"gizmo-bot-avatar flex h-8 w-8 items-center justify-center overflow-hidden rounded-full\"><div class=\"relative p-1 rounded-sm flex items-center justify-center bg-token-main-surface-primary text-token-text-primary h-8 w-8\">Le Lyc\u00e9e La Condamine propose deux types de bourses pour soutenir les familles dans le besoin. Ces aides financi\u00e8res visent \u00e0 offrir \u00e0 tous les \u00e9l\u00e8ves une \u00e9ducation de qualit\u00e9, en tenant compte des situations \u00e9conomiques particuli\u00e8res. Pour plus d&rsquo;informations sur les crit\u00e8res d&rsquo;\u00e9ligibilit\u00e9 et les d\u00e9marches, veuillez prendre conaissance des suivants documents.<\/div><\/div><\/div><\/div><\/div>\t\t\t\t\t\t\t\t<\/div>\n\t\t\t\t<\/div>\n\t\t\t\t<\/div>\n\t\t\t\t<\/div>\n\t\t<div class=\"elementor-element elementor-element-703cf41 e-con-full e-flex e-con e-parent\" data-id=\"703cf41\" data-element_type=\"container\" data-e-type=\"container\" data-settings=\"{&quot;background_background&quot;:&quot;classic&quot;}\">\n\t\t<div class=\"elementor-element elementor-element-c6c272b e-con-full e-flex e-con e-child\" data-id=\"c6c272b\" data-element_type=\"container\" data-e-type=\"container\">\n\t\t\t\t<div class=\"elementor-element elementor-element-10fab34 elementor-widget elementor-widget-heading\" data-id=\"10fab34\" data-element_type=\"widget\" data-e-type=\"widget\" data-widget_type=\"heading.default\">\n\t\t\t\t<div class=\"elementor-widget-container\">\n\t\t\t\t\t<h2 class=\"elementor-heading-title elementor-size-default\">Bourses de l'Ambassade de France en \u00c9quateur<\/h2>\t\t\t\t<\/div>\n\t\t\t\t<\/div>\n\t\t\t\t<\/div>\n\t\t\t\t<\/div>\n\t\t<div class=\"elementor-element elementor-element-014c720 e-con-full e-flex e-con e-parent\" data-id=\"014c720\" data-element_type=\"container\" data-e-type=\"container\">\n\t\t<div class=\"elementor-element elementor-element-e79255a e-con-full e-flex e-con e-child\" data-id=\"e79255a\" data-element_type=\"container\" data-e-type=\"container\">\n\t\t\t\t<div class=\"elementor-element elementor-element-a71caa8 elementor-widget elementor-widget-text-editor\" data-id=\"a71caa8\" data-element_type=\"widget\" data-e-type=\"widget\" data-widget_type=\"text-editor.default\">\n\t\t\t\t<div class=\"elementor-widget-container\">\n\t\t\t\t\t\t\t\t\t<p>Pour les \u00e9l\u00e8ves fran\u00e7ais, l&rsquo;Ambassade de France propose des bourses pour l&rsquo;ann\u00e9e scolaire <strong>2026-2027<\/strong>. La p\u00e9riode de d\u00e9p\u00f4t des dossiers est ouverte \u00e0 partir du <strong>lundi 12 janvier 2026<\/strong>\u00a0et le d\u00e9p\u00f4t du dossier complet (formulaire de demande et justificatifs requis) devra s\u2019effectuer au plus tard le <strong>lundi 23 f\u00e9vrier 2026<\/strong>.<\/p><p>\u00a0<\/p><p>Elle concerne les parents d\u2019enfants fran\u00e7ais, scolaris\u00e9s au Lyc\u00e9e franco-\u00e9quatorien La Condamine \u00e0 la rentr\u00e9e 2026 et inscrits au Registre des fran\u00e7ais \u00e9tablis hors de France.<\/p><p>\u00a0<\/p><p><strong>Tout dossier incomplet ou d\u00e9pos\u00e9 hors d\u00e9lais sera propos\u00e9 \u00e0 l\u2019ajournement ou au rejet.<\/strong><\/p><p>\u00a0<\/p><p>Plus d\u2019informations en suivant le lien : <a href=\"https:\/\/ec.ambafrance.org\/Lancement-de-la-premiere-phase-de-bourses-scolaires-2026-2027-pour-les-enfants\">https:\/\/ec.ambafrance.org\/Lancement-de-la-premiere-phase-de-bourses-scolaires-2026-2027-pour-les-enfants<\/a> .<\/p>\t\t\t\t\t\t\t\t<\/div>\n\t\t\t\t<\/div>\n\t\t\t\t<\/div>\n\t\t\t\t<\/div>\n\t\t<div class=\"elementor-element elementor-element-d89eb20 e-flex e-con-boxed e-con e-parent\" data-id=\"d89eb20\" data-element_type=\"container\" data-e-type=\"container\">\n\t\t\t\t\t<div class=\"e-con-inner\">\n\t\t<div class=\"elementor-element elementor-element-cabb520 e-con-full e-flex e-con e-child\" data-id=\"cabb520\" data-element_type=\"container\" data-e-type=\"container\">\n\t\t\t\t<div class=\"elementor-element elementor-element-5a0086c elementor-widget elementor-widget-image\" data-id=\"5a0086c\" data-element_type=\"widget\" data-e-type=\"widget\" data-widget_type=\"image.default\">\n\t\t\t\t<div class=\"elementor-widget-container\">\n\t\t\t\t\t\t\t\t\t\t\t\t\t\t\t\t<a href=\"https:\/\/condamine.edu.ec\/wp-content\/uploads\/2026\/01\/Article-Condamine-Aide-a-la-scolarite-2026-27-phase-1.pdf\" target=\"_blank\">\n\t\t\t\t\t\t\t<img decoding=\"async\" width=\"113\" height=\"152\" src=\"https:\/\/condamine.edu.ec\/wp-content\/uploads\/2023\/12\/pdf-web.png\" class=\"attachment-large size-large wp-image-1021\" alt=\"\" \/>\t\t\t\t\t\t\t\t<\/a>\n\t\t\t\t\t\t\t\t\t\t\t\t\t\t\t<\/div>\n\t\t\t\t<\/div>\n\t\t\t\t<div class=\"elementor-element elementor-element-3324554 elementor-widget elementor-widget-heading\" data-id=\"3324554\" data-element_type=\"widget\" data-e-type=\"widget\" data-widget_type=\"heading.default\">\n\t\t\t\t<div class=\"elementor-widget-container\">\n\t\t\t\t\t<h4 class=\"elementor-heading-title elementor-size-default\"><a href=\"https:\/\/condamine.edu.ec\/wp-content\/uploads\/2026\/01\/Article-Condamine-Aide-a-la-scolarite-2026-27-phase-1.pdf\" target=\"_blank\">AIDE \u00c0 LA SCOLARIT\u00c9 BOURSES FRAN\u00c7AISES 2026-2027 - PHASE 1<\/a><\/h4>\t\t\t\t<\/div>\n\t\t\t\t<\/div>\n\t\t\t\t<\/div>\n\t\t<div class=\"elementor-element elementor-element-5bd8e73 e-con-full e-flex e-con e-child\" data-id=\"5bd8e73\" data-element_type=\"container\" data-e-type=\"container\">\n\t\t\t\t<div class=\"elementor-element elementor-element-ab27bcd elementor-widget elementor-widget-image\" data-id=\"ab27bcd\" data-element_type=\"widget\" data-e-type=\"widget\" data-widget_type=\"image.default\">\n\t\t\t\t<div class=\"elementor-widget-container\">\n\t\t\t\t\t\t\t\t\t\t\t\t\t\t\t\t<a href=\"https:\/\/condamine.edu.ec\/wp-content\/uploads\/2026\/01\/LISTE-DOCTS-A-FOURNIR-2026-2027.pdf\" target=\"_blank\">\n\t\t\t\t\t\t\t<img decoding=\"async\" width=\"113\" height=\"152\" src=\"https:\/\/condamine.edu.ec\/wp-content\/uploads\/2023\/12\/pdf-web.png\" class=\"attachment-large size-large wp-image-1021\" alt=\"\" \/>\t\t\t\t\t\t\t\t<\/a>\n\t\t\t\t\t\t\t\t\t\t\t\t\t\t\t<\/div>\n\t\t\t\t<\/div>\n\t\t\t\t<div class=\"elementor-element elementor-element-6e26a33 elementor-widget elementor-widget-heading\" data-id=\"6e26a33\" data-element_type=\"widget\" data-e-type=\"widget\" data-widget_type=\"heading.default\">\n\t\t\t\t<div class=\"elementor-widget-container\">\n\t\t\t\t\t<h4 class=\"elementor-heading-title elementor-size-default\"><a href=\"https:\/\/condamine.edu.ec\/wp-content\/uploads\/2026\/01\/LISTE-DOCTS-A-FOURNIR-2026-2027.pdf\" target=\"_blank\">LISTE DES PIECES \u00c0 FOURNIR BOURSES FRAN\u00c7AISES 2026-2027<\/a><\/h4>\t\t\t\t<\/div>\n\t\t\t\t<\/div>\n\t\t\t\t<\/div>\n\t\t<div class=\"elementor-element elementor-element-0a41484 e-con-full e-flex e-con e-child\" data-id=\"0a41484\" data-element_type=\"container\" data-e-type=\"container\">\n\t\t\t\t<div class=\"elementor-element elementor-element-aefd2d7 elementor-widget elementor-widget-image\" data-id=\"aefd2d7\" data-element_type=\"widget\" data-e-type=\"widget\" data-widget_type=\"image.default\">\n\t\t\t\t<div class=\"elementor-widget-container\">\n\t\t\t\t\t\t\t\t\t\t\t\t\t\t\t\t<a href=\"https:\/\/condamine.edu.ec\/wp-content\/uploads\/2026\/01\/formulaire_demande__de__bourse_2026-2027_QUITO.pdf\" target=\"_blank\">\n\t\t\t\t\t\t\t<img decoding=\"async\" width=\"113\" height=\"152\" src=\"https:\/\/condamine.edu.ec\/wp-content\/uploads\/2023\/12\/pdf-web.png\" class=\"attachment-large size-large wp-image-1021\" alt=\"\" \/>\t\t\t\t\t\t\t\t<\/a>\n\t\t\t\t\t\t\t\t\t\t\t\t\t\t\t<\/div>\n\t\t\t\t<\/div>\n\t\t\t\t<div class=\"elementor-element elementor-element-532965e elementor-widget elementor-widget-heading\" data-id=\"532965e\" data-element_type=\"widget\" data-e-type=\"widget\" data-widget_type=\"heading.default\">\n\t\t\t\t<div class=\"elementor-widget-container\">\n\t\t\t\t\t<h4 class=\"elementor-heading-title elementor-size-default\"><a href=\"https:\/\/condamine.edu.ec\/wp-content\/uploads\/2026\/01\/formulaire_demande__de__bourse_2026-2027_QUITO.pdf\" target=\"_blank\">Formulaire de Demande 2026-2027<\/a><\/h4>\t\t\t\t<\/div>\n\t\t\t\t<\/div>\n\t\t\t\t<\/div>\n\t\t\t\t\t<\/div>\n\t\t\t\t<\/div>\n\t\t<div class=\"elementor-element elementor-element-035429d e-con-full e-flex e-con e-parent\" data-id=\"035429d\" data-element_type=\"container\" data-e-type=\"container\">\n\t\t<div class=\"elementor-element elementor-element-32e5dcb e-con-full e-flex e-con e-child\" data-id=\"32e5dcb\" data-element_type=\"container\" data-e-type=\"container\">\n\t\t\t\t<div class=\"elementor-element elementor-element-95836f4 elementor-widget elementor-widget-text-editor\" data-id=\"95836f4\" data-element_type=\"widget\" data-e-type=\"widget\" data-widget_type=\"text-editor.default\">\n\t\t\t\t<div class=\"elementor-widget-container\">\n\t\t\t\t\t\t\t\t\t<div class=\"flex max-w-full flex-col flex-grow\"><div class=\"min-h-8 text-message flex w-full flex-col items-end gap-2 whitespace-normal break-words [.text-message+&amp;]:mt-5\" dir=\"auto\" data-message-author-role=\"assistant\" data-message-id=\"8c071f8f-58fd-475d-bc28-ee45eb731797\" data-message-model-slug=\"gpt-4o-mini\"><div class=\"flex w-full flex-col gap-1 empty:hidden first:pt-[3px]\"><div class=\"markdown prose w-full break-words dark:prose-invert light\"><p>Ces bourses visent \u00e0 soutenir diverses familles et \u00e0 garantir un acc\u00e8s \u00e0 l&rsquo;\u00e9ducation de qualit\u00e9. Pour plus de d\u00e9tails, nous vous invitons \u00e0 consulter notre document d&rsquo;information mis \u00e0 jour.<\/p><\/div><\/div><\/div><\/div>\t\t\t\t\t\t\t\t<\/div>\n\t\t\t\t<\/div>\n\t\t\t\t<\/div>\n\t\t\t\t<\/div>\n\t\t<div class=\"elementor-element elementor-element-2f553eb e-flex e-con-boxed e-con e-parent\" data-id=\"2f553eb\" data-element_type=\"container\" data-e-type=\"container\">\n\t\t\t\t\t<div class=\"e-con-inner\">\n\t\t\t\t<div class=\"elementor-element elementor-element-0040309 elementor-widget elementor-widget-spacer\" data-id=\"0040309\" data-element_type=\"widget\" data-e-type=\"widget\" data-widget_type=\"spacer.default\">\n\t\t\t\t<div class=\"elementor-widget-container\">\n\t\t\t\t\t\t\t<div class=\"elementor-spacer\">\n\t\t\t<div class=\"elementor-spacer-inner\"><\/div>\n\t\t<\/div>\n\t\t\t\t\t\t<\/div>\n\t\t\t\t<\/div>\n\t\t\t\t\t<\/div>\n\t\t\t\t<\/div>\n\t\t<div class=\"elementor-element elementor-element-70827d8 e-con-full e-flex e-con e-parent\" data-id=\"70827d8\" data-element_type=\"container\" data-e-type=\"container\" data-settings=\"{&quot;background_background&quot;:&quot;classic&quot;}\">\n\t\t<div class=\"elementor-element elementor-element-65e7a25 e-con-full e-flex e-con e-child\" data-id=\"65e7a25\" data-element_type=\"container\" data-e-type=\"container\">\n\t\t\t\t<div class=\"elementor-element elementor-element-ce286db elementor-widget elementor-widget-heading\" data-id=\"ce286db\" data-element_type=\"widget\" data-e-type=\"widget\" data-widget_type=\"heading.default\">\n\t\t\t\t<div class=\"elementor-widget-container\">\n\t\t\t\t\t<h2 class=\"elementor-heading-title elementor-size-default\">Bourses pour familles non fran\u00e7aises<\/h2>\t\t\t\t<\/div>\n\t\t\t\t<\/div>\n\t\t\t\t<\/div>\n\t\t\t\t<\/div>\n\t\t<div class=\"elementor-element elementor-element-9719f74 e-con-full e-flex e-con e-parent\" data-id=\"9719f74\" data-element_type=\"container\" data-e-type=\"container\">\n\t\t<div class=\"elementor-element elementor-element-d44d6c2 e-con-full e-flex e-con e-child\" data-id=\"d44d6c2\" data-element_type=\"container\" data-e-type=\"container\">\n\t\t\t\t<div class=\"elementor-element elementor-element-b851d9f elementor-widget elementor-widget-text-editor\" data-id=\"b851d9f\" data-element_type=\"widget\" data-e-type=\"widget\" data-widget_type=\"text-editor.default\">\n\t\t\t\t<div class=\"elementor-widget-container\">\n\t\t\t\t\t\t\t\t\t<p>Nous proposons des bourses totales ou partielles pour les familles non fran\u00e7aises rencontrant des difficult\u00e9s \u00e9conomiques. Ces bourses ne peuvent \u00eatre accord\u00e9es durant les deux premi\u00e8res ann\u00e9es de scolarit\u00e9, quel que soit le niveau. Elles peuvent \u00eatre attribu\u00e9es pour trois ann\u00e9es scolaires, avec possibilit\u00e9 d&rsquo;une quatri\u00e8me ann\u00e9e pour les \u00e9l\u00e8ves en terminale, sous conditions exceptionnelles. La campagne de bourses s&rsquo;ouvre chaque ann\u00e9e en f\u00e9vrier. Pour postuler, les familles doivent soumettre un dossier complet, comprenant les documents suivants :<br \/>\u00a0<\/p><ul><li>Le formulaire de demande de bourse, d\u00fbment compl\u00e9t\u00e9 et sign\u00e9.<\/li><li>Une lettre de candidature expliquant les raisons pour lesquelles vous postulez \u00e0 la bourse.<\/li><li>Tous les documents suppl\u00e9mentaires demand\u00e9s.<\/li><\/ul><p><br \/><strong>Date limite d&rsquo;envoi :<\/strong><br \/>La candidature et tous les documents requis doivent \u00eatre soumis au plus tard\u00a0<strong>le vendredi 11 avril 2025 inclus<\/strong>. Les candidatures et la documentation ne seront pas accept\u00e9es apr\u00e8s cette date.<br \/>Les candidatures peuvent \u00eatre d\u00e9pos\u00e9es en personne au Lyc\u00e9e, \u00e0 l&rsquo;administration, aupr\u00e8s de Mme Ana Carolina Zambrano, ou envoy\u00e9es \u00e0 l&rsquo;adresse \u00e9lectronique suivante :<br \/><a href=\"mailto:becas@condamine.edu.ec\" target=\"_blank\" rel=\"noopener\"><strong><span class=\"il\">becas<\/span>@condamine.edu.ec<\/strong><\/a>.<br \/><br \/>Il est important de noter ce qui suit :<\/p><ul><li>Tous les documents doivent \u00eatre soumis en une seule fois, car les soumissions partielles ne seront pas accept\u00e9es.<\/li><li>Les dossiers incomplets ne seront pas \u00e9valu\u00e9s.<br \/><br \/><\/li><\/ul><p>Veuillez t\u00e9l\u00e9charger les documents requis via les liens suivants :<\/p>\t\t\t\t\t\t\t\t<\/div>\n\t\t\t\t<\/div>\n\t\t\t\t<\/div>\n\t\t\t\t<\/div>\n\t\t<div class=\"elementor-element elementor-element-b8354bd e-flex e-con-boxed e-con e-parent\" data-id=\"b8354bd\" data-element_type=\"container\" data-e-type=\"container\">\n\t\t\t\t\t<div class=\"e-con-inner\">\n\t\t<div class=\"elementor-element elementor-element-90f16d3 e-con-full e-flex e-con e-child\" data-id=\"90f16d3\" data-element_type=\"container\" data-e-type=\"container\">\n\t\t\t\t<div class=\"elementor-element elementor-element-84f9f55 elementor-widget elementor-widget-image\" data-id=\"84f9f55\" data-element_type=\"widget\" data-e-type=\"widget\" data-widget_type=\"image.default\">\n\t\t\t\t<div class=\"elementor-widget-container\">\n\t\t\t\t\t\t\t\t\t\t\t\t\t\t\t\t<a href=\"https:\/\/condamine.edu.ec\/wp-content\/uploads\/2025\/03\/Nota-informativa-2025-26-V2.pdf\" target=\"_blank\">\n\t\t\t\t\t\t\t<img decoding=\"async\" width=\"113\" height=\"152\" src=\"https:\/\/condamine.edu.ec\/wp-content\/uploads\/2023\/12\/pdf-web.png\" class=\"attachment-large size-large wp-image-1021\" alt=\"\" \/>\t\t\t\t\t\t\t\t<\/a>\n\t\t\t\t\t\t\t\t\t\t\t\t\t\t\t<\/div>\n\t\t\t\t<\/div>\n\t\t\t\t<div class=\"elementor-element elementor-element-514fa48 elementor-widget elementor-widget-heading\" data-id=\"514fa48\" data-element_type=\"widget\" data-e-type=\"widget\" data-widget_type=\"heading.default\">\n\t\t\t\t<div class=\"elementor-widget-container\">\n\t\t\t\t\t<h4 class=\"elementor-heading-title elementor-size-default\"><a href=\"https:\/\/condamine.edu.ec\/wp-content\/uploads\/2025\/03\/Nota-informativa-2025-26-V2.pdf\" target=\"_blank\">Document d'information sur les bourses d'\u00e9tudes 2025-2026<\/a><\/h4>\t\t\t\t<\/div>\n\t\t\t\t<\/div>\n\t\t\t\t<\/div>\n\t\t<div class=\"elementor-element elementor-element-611295e e-con-full e-flex e-con e-child\" data-id=\"611295e\" data-element_type=\"container\" data-e-type=\"container\">\n\t\t\t\t<div class=\"elementor-element elementor-element-862d08a elementor-widget elementor-widget-image\" data-id=\"862d08a\" data-element_type=\"widget\" data-e-type=\"widget\" data-widget_type=\"image.default\">\n\t\t\t\t<div class=\"elementor-widget-container\">\n\t\t\t\t\t\t\t\t\t\t\t\t\t\t\t\t<a href=\"https:\/\/condamine.edu.ec\/wp-content\/uploads\/2025\/03\/Formulario-de-becas-2025-2026.pdf\" target=\"_blank\">\n\t\t\t\t\t\t\t<img decoding=\"async\" width=\"113\" height=\"152\" src=\"https:\/\/condamine.edu.ec\/wp-content\/uploads\/2023\/12\/pdf-web.png\" class=\"attachment-large size-large wp-image-1021\" alt=\"\" \/>\t\t\t\t\t\t\t\t<\/a>\n\t\t\t\t\t\t\t\t\t\t\t\t\t\t\t<\/div>\n\t\t\t\t<\/div>\n\t\t\t\t<div class=\"elementor-element elementor-element-512d6b6 elementor-widget elementor-widget-heading\" data-id=\"512d6b6\" data-element_type=\"widget\" data-e-type=\"widget\" data-widget_type=\"heading.default\">\n\t\t\t\t<div class=\"elementor-widget-container\">\n\t\t\t\t\t<h4 class=\"elementor-heading-title elementor-size-default\"><a href=\"https:\/\/condamine.edu.ec\/wp-content\/uploads\/2025\/03\/Formulario-de-becas-2025-2026.pdf\" target=\"_blank\">Formulaire de Demande de bourse d'\u00e9tudes 2025-2026<\/a><\/h4>\t\t\t\t<\/div>\n\t\t\t\t<\/div>\n\t\t\t\t<\/div>\n\t\t\t\t\t<\/div>\n\t\t\t\t<\/div>\n\t\t\t\t<\/div>\n\t\t","protected":false},"excerpt":{"rendered":"<p>Bourses Le Lyc\u00e9e La Condamine propose deux types de bourses pour soutenir les familles dans le besoin. Ces aides financi\u00e8res visent \u00e0 offrir \u00e0 tous les \u00e9l\u00e8ves une \u00e9ducation de qualit\u00e9, en tenant compte des situations \u00e9conomiques particuli\u00e8res. Pour plus d&rsquo;informations sur les crit\u00e8res d&rsquo;\u00e9ligibilit\u00e9 et les d\u00e9marches, veuillez prendre conaissance des suivants documents. Bourses [&hellip;]<\/p>\n","protected":false},"author":2,"featured_media":0,"parent":0,"menu_order":0,"comment_status":"closed","ping_status":"closed","template":"","meta":{"footnotes":""},"class_list":["post-21697","page","type-page","status-publish","hentry"],"_links":{"self":[{"href":"https:\/\/condamine.edu.ec\/index.php?rest_route=\/wp\/v2\/pages\/21697","targetHints":{"allow":["GET"]}}],"collection":[{"href":"https:\/\/condamine.edu.ec\/index.php?rest_route=\/wp\/v2\/pages"}],"about":[{"href":"https:\/\/condamine.edu.ec\/index.php?rest_route=\/wp\/v2\/types\/page"}],"author":[{"embeddable":true,"href":"https:\/\/condamine.edu.ec\/index.php?rest_route=\/wp\/v2\/users\/2"}],"replies":[{"embeddable":true,"href":"https:\/\/condamine.edu.ec\/index.php?rest_route=%2Fwp%2Fv2%2Fcomments&post=21697"}],"version-history":[{"count":37,"href":"https:\/\/condamine.edu.ec\/index.php?rest_route=\/wp\/v2\/pages\/21697\/revisions"}],"predecessor-version":[{"id":46902,"href":"https:\/\/condamine.edu.ec\/index.php?rest_route=\/wp\/v2\/pages\/21697\/revisions\/46902"}],"wp:attachment":[{"href":"https:\/\/condamine.edu.ec\/index.php?rest_route=%2Fwp%2Fv2%2Fmedia&parent=21697"}],"curies":[{"name":"wp","href":"https:\/\/api.w.org\/{rel}","templated":true}]}}