{"id":21570,"date":"2024-10-23T09:13:13","date_gmt":"2024-10-23T14:13:13","guid":{"rendered":"https:\/\/condamine.edu.ec\/?page_id=21570"},"modified":"2025-09-24T08:07:47","modified_gmt":"2025-09-24T13:07:47","slug":"mot-du-proviseur","status":"publish","type":"page","link":"https:\/\/condamine.edu.ec\/?page_id=21570","title":{"rendered":"Le Mot du Proviseur"},"content":{"rendered":"\t\t<div data-elementor-type=\"wp-page\" data-elementor-id=\"21570\" class=\"elementor elementor-21570\" data-elementor-post-type=\"page\">\n\t\t\t\t<div class=\"elementor-element elementor-element-6e5d2da e-flex e-con-boxed e-con e-parent\" data-id=\"6e5d2da\" data-element_type=\"container\" data-e-type=\"container\">\n\t\t\t\t\t<div class=\"e-con-inner\">\n\t\t\t\t<div class=\"elementor-element elementor-element-97f1126 elementor-widget elementor-widget-spacer\" data-id=\"97f1126\" data-element_type=\"widget\" data-e-type=\"widget\" data-widget_type=\"spacer.default\">\n\t\t\t\t<div class=\"elementor-widget-container\">\n\t\t\t\t\t\t\t<div class=\"elementor-spacer\">\n\t\t\t<div class=\"elementor-spacer-inner\"><\/div>\n\t\t<\/div>\n\t\t\t\t\t\t<\/div>\n\t\t\t\t<\/div>\n\t\t\t\t\t<\/div>\n\t\t\t\t<\/div>\n\t\t<div class=\"elementor-element elementor-element-1b409c2 e-con-full e-flex e-con e-parent\" data-id=\"1b409c2\" data-element_type=\"container\" data-e-type=\"container\">\n\t\t\t\t<div class=\"elementor-element elementor-element-b4280a7 elementor-widget elementor-widget-heading\" data-id=\"b4280a7\" data-element_type=\"widget\" data-e-type=\"widget\" data-widget_type=\"heading.default\">\n\t\t\t\t<div class=\"elementor-widget-container\">\n\t\t\t\t\t<h2 class=\"elementor-heading-title elementor-size-default\">Le Mot du Proviseur<\/h2>\t\t\t\t<\/div>\n\t\t\t\t<\/div>\n\t\t\t\t<\/div>\n\t\t<div class=\"elementor-element elementor-element-3f00144 e-con-full e-flex e-con e-parent\" data-id=\"3f00144\" data-element_type=\"container\" data-e-type=\"container\">\n\t\t<div class=\"elementor-element elementor-element-6ad05ec e-con-full e-flex e-con e-child\" data-id=\"6ad05ec\" data-element_type=\"container\" data-e-type=\"container\">\n\t\t\t\t<div class=\"elementor-element elementor-element-bc2d040 elementor-widget elementor-widget-image\" data-id=\"bc2d040\" data-element_type=\"widget\" data-e-type=\"widget\" data-settings=\"{&quot;motion_fx_motion_fx_scrolling&quot;:&quot;yes&quot;,&quot;motion_fx_translateY_effect&quot;:&quot;yes&quot;,&quot;motion_fx_translateY_speed&quot;:{&quot;unit&quot;:&quot;px&quot;,&quot;size&quot;:4,&quot;sizes&quot;:[]},&quot;motion_fx_translateY_affectedRange&quot;:{&quot;unit&quot;:&quot;%&quot;,&quot;size&quot;:&quot;&quot;,&quot;sizes&quot;:{&quot;start&quot;:0,&quot;end&quot;:100}},&quot;motion_fx_devices&quot;:[&quot;desktop&quot;,&quot;tablet&quot;,&quot;mobile&quot;]}\" data-widget_type=\"image.default\">\n\t\t\t\t<div class=\"elementor-widget-container\">\n\t\t\t\t\t\t\t\t\t\t\t\t\t\t\t<img decoding=\"async\" src=\"https:\/\/condamine.edu.ec\/wp-content\/uploads\/elementor\/thumbs\/Philippe_Mouchet_Web-qxd05xxnpup1ioh1hffnbgaciqbry3g4nd9mw4xme8.png\" title=\"Philippe_Mouchet_Web\" alt=\"Philippe_Mouchet_Web\" loading=\"lazy\" \/>\t\t\t\t\t\t\t\t\t\t\t\t\t\t\t<\/div>\n\t\t\t\t<\/div>\n\t\t\t\t<div class=\"elementor-element elementor-element-f282eee elementor-widget elementor-widget-heading\" data-id=\"f282eee\" data-element_type=\"widget\" data-e-type=\"widget\" data-widget_type=\"heading.default\">\n\t\t\t\t<div class=\"elementor-widget-container\">\n\t\t\t\t\t<h2 class=\"elementor-heading-title elementor-size-default\">M. Philippe Mouchet<\/h2>\t\t\t\t<\/div>\n\t\t\t\t<\/div>\n\t\t\t\t<\/div>\n\t\t<div class=\"elementor-element elementor-element-43eeee2 e-con-full e-flex e-con e-child\" data-id=\"43eeee2\" data-element_type=\"container\" data-e-type=\"container\">\n\t\t\t\t<div class=\"elementor-element elementor-element-b68ce92 elementor-widget elementor-widget-text-editor\" data-id=\"b68ce92\" data-element_type=\"widget\" data-e-type=\"widget\" data-widget_type=\"text-editor.default\">\n\t\t\t\t<div class=\"elementor-widget-container\">\n\t\t\t\t\t\t\t\t\t<p>Chers \u00e9l\u00e8ves, chers parents, chers membres de la communaut\u00e9 \u00e9ducative,<\/p><p>\u00a0<\/p><p>C\u2019est avec une immense fiert\u00e9 que je m\u2019adresse \u00e0 vous en cette rentr\u00e9e scolaire, alors que nous nous pr\u00e9parons \u00e0 c\u00e9l\u00e9brer, en\u00a0<strong>2027, les 60 ans du Lyc\u00e9e La Condamine de Quito<\/strong>. Six d\u00e9cennies d\u2019histoire, d\u2019engagement et d\u2019excellence \u00e9ducative au sein du r\u00e9seau\u00a0<strong>AEFE<\/strong>, qui font de notre \u00e9tablissement un lieu unique d\u2019apprentissage, de partage et d\u2019ouverture sur le monde.<\/p><p>\u00a0<\/p><p>Cette ann\u00e9e est \u00e9galement marqu\u00e9e par une \u00e9tape historique : nous accompagnons avec enthousiasme la\u00a0<strong>premi\u00e8re promotion d\u2019\u00e9l\u00e8ves \u00e0 passer le BFI (Baccalaur\u00e9at Fran\u00e7ais International)<\/strong>, une reconnaissance de notre engagement pour une \u00e9ducation exigeante et ouverte sur le monde.<\/p><p>\u00a0<\/p><p>D\u00e8s\u00a0<strong>juillet 2025<\/strong>, d\u2019importants\u00a0<strong>travaux d\u2019am\u00e9nagement<\/strong>\u00a0d\u00e9buteront avec la construction d\u2019un\u00a0<strong>3\u00e8me \u00e9tage \u00e0 l\u2019\u00e9cole \u00e9l\u00e9mentaire<\/strong>\u00a0et d\u2019un\u00a0<strong>premier \u00e9tage \u00e0 la maternelle<\/strong>, afin d\u2019offrir \u00e0 nos \u00e9l\u00e8ves des \u00e9quipements modernes et des salles de classe toujours plus adapt\u00e9es \u00e0 leurs besoins.<\/p><p>\u00a0<\/p><p>Notre lyc\u00e9e s\u2019anime aussi autour d\u2019\u00e9v\u00e9nements f\u00e9d\u00e9rateurs : en\u00a0<strong>octobre<\/strong>, la\u00a0<strong>F\u00eate des nationalit\u00e9s<\/strong>\u00a0c\u00e9l\u00e9brera la diversit\u00e9 qui nous unit ; en\u00a0<strong>d\u00e9cembre<\/strong>, le\u00a0<strong>March\u00e9 de No\u00ebl<\/strong>\u00a0apportera sa magie et sa convivialit\u00e9 ;\u00a0<strong>janvier<\/strong>\u00a0sera marqu\u00e9 par nos\u00a0<strong>portes ouvertes<\/strong>\u00a0et une\u00a0<strong>soir\u00e9e d\u00e9di\u00e9e \u00e0 nos anciens \u00e9l\u00e8ves<\/strong>\u00a0; en\u00a0<strong>mars<\/strong>, la\u00a0<strong>F\u00eate de la Francophonie<\/strong>\u00a0mettra \u00e0 l\u2019honneur la langue fran\u00e7aise et les cultures francophones ; et en\u00a0<strong>juin<\/strong>, la\u00a0<strong>Kermesse de fin d\u2019ann\u00e9e<\/strong>\u00a0cl\u00f4turera cette ann\u00e9e scolaire dans la joie et la bonne humeur.<\/p><p>\u00a0<\/p><p>Je tiens \u00e0 saluer l\u2019engagement quotidien de nos \u00e9quipes \u00e9ducatives, administratives et techniques, dont le d\u00e9vouement est au c\u0153ur de la r\u00e9ussite de nos \u00e9l\u00e8ves.<\/p><p>\u00a0<\/p><p>\u00a0Aux \u00e9l\u00e8ves, je rappelle que vous \u00eates les acteurs principaux de cette aventure : saisissez chaque opportunit\u00e9 pour vous \u00e9panouir et vous d\u00e9passer.<\/p><p>\u00a0<\/p><p>Enfin, merci aux parents pour leur confiance et leur soutien. Ensemble, nous formons une communaut\u00e9 soud\u00e9e, tourn\u00e9e vers l\u2019avenir et d\u00e9termin\u00e9e \u00e0 offrir \u00e0 chaque \u00e9l\u00e8ve les outils pour r\u00e9ussir.<\/p><p>\u00a0<\/p><p>En cette ann\u00e9e pr\u00e9paratoire aux 60 ans du Lyc\u00e9e La Condamine, soyons fiers de notre pass\u00e9, engag\u00e9s dans le pr\u00e9sent et ambitieux pour l\u2019avenir.<\/p><p>\u00a0<\/p><p>Bien cordialement,<\/p><p>\u00a0<\/p><p><strong>Philippe Mouchet<br \/><\/strong>Proviseur du Lyc\u00e9e La Condamine de Quito<\/p>\t\t\t\t\t\t\t\t<\/div>\n\t\t\t\t<\/div>\n\t\t\t\t<\/div>\n\t\t\t\t<\/div>\n\t\t<div class=\"elementor-element elementor-element-baa84dd e-con-full e-flex e-con e-parent\" data-id=\"baa84dd\" data-element_type=\"container\" data-e-type=\"container\">\n\t\t<div class=\"elementor-element elementor-element-f42860d e-con-full e-flex e-con e-child\" data-id=\"f42860d\" data-element_type=\"container\" data-e-type=\"container\">\n\t\t\t\t<div class=\"elementor-element elementor-element-17f3050 elementor-cta--layout-image-above elementor-cta--valign-middle elementor-cta--skin-classic elementor-animated-content elementor-bg-transform elementor-bg-transform-zoom-in elementor-widget elementor-widget-call-to-action\" data-id=\"17f3050\" data-element_type=\"widget\" data-e-type=\"widget\" data-widget_type=\"call-to-action.default\">\n\t\t\t\t<div class=\"elementor-widget-container\">\n\t\t\t\t\t\t\t<div class=\"elementor-cta\">\n\t\t\t\t\t<div class=\"elementor-cta__bg-wrapper\">\n\t\t\t\t<div class=\"elementor-cta__bg elementor-bg\" style=\"background-image: url(https:\/\/condamine.edu.ec\/wp-content\/uploads\/2024\/10\/carte-reseau-efe-annee-scolaire-2024-2025-1024x569.jpg);\" role=\"img\" aria-label=\"carte-reseau-efe-annee-scolaire-2024-2025\"><\/div>\n\t\t\t\t<div class=\"elementor-cta__bg-overlay\"><\/div>\n\t\t\t<\/div>\n\t\t\t\t\t\t\t<div class=\"elementor-cta__content\">\n\t\t\t\t\n\t\t\t\t\t\t\t\t\t<h2 class=\"elementor-cta__title elementor-cta__content-item elementor-content-item\">\n\t\t\t\t\t\tUn r\u00e9seau unique au monde\t\t\t\t\t<\/h2>\n\t\t\t\t\n\t\t\t\t\t\t\t\t\t<div class=\"elementor-cta__description elementor-cta__content-item elementor-content-item\">\n\t\t\t\t\t\tCarte interactif des 600 \u00e9tablissements scolaires, dans 139 pays, du r\u00e9seau d'enseignement fran\u00e7ais \u00e0 l'\u00e9tranger.\t\t\t\t\t<\/div>\n\t\t\t\t\n\t\t\t\t\t\t\t\t\t<div class=\"elementor-cta__button-wrapper elementor-cta__content-item elementor-content-item \">\n\t\t\t\t\t<a class=\"elementor-cta__button elementor-button elementor-size-\" href=\"https:\/\/aefe.gouv.fr\/fr\/carte-des-etablissements\">\n\t\t\t\t\t\tCliquer ici\t\t\t\t\t<\/a>\n\t\t\t\t\t<\/div>\n\t\t\t\t\t\t\t<\/div>\n\t\t\t\t\t\t<\/div>\n\t\t\t\t\t\t<\/div>\n\t\t\t\t<\/div>\n\t\t\t\t<\/div>\n\t\t\t\t<\/div>\n\t\t\t\t<\/div>\n\t\t","protected":false},"excerpt":{"rendered":"<p>Le Mot du Proviseur M. Philippe Mouchet Chers \u00e9l\u00e8ves, chers parents, chers membres de la communaut\u00e9 \u00e9ducative, \u00a0 C\u2019est avec une immense fiert\u00e9 que je m\u2019adresse \u00e0 vous en cette rentr\u00e9e scolaire, alors que nous nous pr\u00e9parons \u00e0 c\u00e9l\u00e9brer, en\u00a02027, les 60 ans du Lyc\u00e9e La Condamine de Quito. Six d\u00e9cennies d\u2019histoire, d\u2019engagement et d\u2019excellence [&hellip;]<\/p>\n","protected":false},"author":2,"featured_media":0,"parent":0,"menu_order":0,"comment_status":"closed","ping_status":"closed","template":"","meta":{"footnotes":""},"class_list":["post-21570","page","type-page","status-publish","hentry"],"_links":{"self":[{"href":"https:\/\/condamine.edu.ec\/index.php?rest_route=\/wp\/v2\/pages\/21570","targetHints":{"allow":["GET"]}}],"collection":[{"href":"https:\/\/condamine.edu.ec\/index.php?rest_route=\/wp\/v2\/pages"}],"about":[{"href":"https:\/\/condamine.edu.ec\/index.php?rest_route=\/wp\/v2\/types\/page"}],"author":[{"embeddable":true,"href":"https:\/\/condamine.edu.ec\/index.php?rest_route=\/wp\/v2\/users\/2"}],"replies":[{"embeddable":true,"href":"https:\/\/condamine.edu.ec\/index.php?rest_route=%2Fwp%2Fv2%2Fcomments&post=21570"}],"version-history":[{"count":68,"href":"https:\/\/condamine.edu.ec\/index.php?rest_route=\/wp\/v2\/pages\/21570\/revisions"}],"predecessor-version":[{"id":39504,"href":"https:\/\/condamine.edu.ec\/index.php?rest_route=\/wp\/v2\/pages\/21570\/revisions\/39504"}],"wp:attachment":[{"href":"https:\/\/condamine.edu.ec\/index.php?rest_route=%2Fwp%2Fv2%2Fmedia&parent=21570"}],"curies":[{"name":"wp","href":"https:\/\/api.w.org\/{rel}","templated":true}]}}