{"id":21542,"date":"2024-10-23T08:53:20","date_gmt":"2024-10-23T13:53:20","guid":{"rendered":"https:\/\/condamine.edu.ec\/?page_id=21542"},"modified":"2025-09-03T10:14:14","modified_gmt":"2025-09-03T15:14:14","slug":"assurance","status":"publish","type":"page","link":"https:\/\/condamine.edu.ec\/?page_id=21542","title":{"rendered":"Assurance"},"content":{"rendered":"\t\t<div data-elementor-type=\"wp-page\" data-elementor-id=\"21542\" class=\"elementor elementor-21542\" data-elementor-post-type=\"page\">\n\t\t\t\t<div class=\"elementor-element elementor-element-6e5d2da e-flex e-con-boxed e-con e-parent\" data-id=\"6e5d2da\" data-element_type=\"container\" data-e-type=\"container\">\n\t\t\t\t\t<div class=\"e-con-inner\">\n\t\t\t\t<div class=\"elementor-element elementor-element-97f1126 elementor-widget elementor-widget-spacer\" data-id=\"97f1126\" data-element_type=\"widget\" data-e-type=\"widget\" data-widget_type=\"spacer.default\">\n\t\t\t\t<div class=\"elementor-widget-container\">\n\t\t\t\t\t\t\t<div class=\"elementor-spacer\">\n\t\t\t<div class=\"elementor-spacer-inner\"><\/div>\n\t\t<\/div>\n\t\t\t\t\t\t<\/div>\n\t\t\t\t<\/div>\n\t\t\t\t\t<\/div>\n\t\t\t\t<\/div>\n\t\t<div class=\"elementor-element elementor-element-1b409c2 e-con-full e-flex e-con e-parent\" data-id=\"1b409c2\" data-element_type=\"container\" data-e-type=\"container\">\n\t\t\t\t<div class=\"elementor-element elementor-element-b4280a7 elementor-widget elementor-widget-heading\" data-id=\"b4280a7\" data-element_type=\"widget\" data-e-type=\"widget\" data-widget_type=\"heading.default\">\n\t\t\t\t<div class=\"elementor-widget-container\">\n\t\t\t\t\t<h2 class=\"elementor-heading-title elementor-size-default\">Assurance<\/h2>\t\t\t\t<\/div>\n\t\t\t\t<\/div>\n\t\t\t\t<\/div>\n\t\t<div class=\"elementor-element elementor-element-7b59a90 e-flex e-con-boxed e-con e-parent\" data-id=\"7b59a90\" data-element_type=\"container\" data-e-type=\"container\">\n\t\t\t\t\t<div class=\"e-con-inner\">\n\t\t\t\t<div class=\"elementor-element elementor-element-f314553 elementor-widget elementor-widget-spacer\" data-id=\"f314553\" data-element_type=\"widget\" data-e-type=\"widget\" data-widget_type=\"spacer.default\">\n\t\t\t\t<div class=\"elementor-widget-container\">\n\t\t\t\t\t\t\t<div class=\"elementor-spacer\">\n\t\t\t<div class=\"elementor-spacer-inner\"><\/div>\n\t\t<\/div>\n\t\t\t\t\t\t<\/div>\n\t\t\t\t<\/div>\n\t\t\t\t\t<\/div>\n\t\t\t\t<\/div>\n\t\t<div class=\"elementor-element elementor-element-0d18916 e-grid e-con-boxed e-con e-parent\" data-id=\"0d18916\" data-element_type=\"container\" data-e-type=\"container\">\n\t\t\t\t\t<div class=\"e-con-inner\">\n\t\t\t\t<div class=\"elementor-element elementor-element-d1d8640 elementor-widget elementor-widget-image\" data-id=\"d1d8640\" data-element_type=\"widget\" data-e-type=\"widget\" data-widget_type=\"image.default\">\n\t\t\t\t<div class=\"elementor-widget-container\">\n\t\t\t\t\t\t\t\t\t\t\t\t\t\t\t<img fetchpriority=\"high\" decoding=\"async\" width=\"492\" height=\"102\" src=\"https:\/\/condamine.edu.ec\/wp-content\/uploads\/2024\/10\/MULTIAPOYO.jpg\" class=\"attachment-large size-large wp-image-21544\" alt=\"\" srcset=\"https:\/\/condamine.edu.ec\/wp-content\/uploads\/2024\/10\/MULTIAPOYO.jpg 492w, https:\/\/condamine.edu.ec\/wp-content\/uploads\/2024\/10\/MULTIAPOYO-300x62.jpg 300w, https:\/\/condamine.edu.ec\/wp-content\/uploads\/2024\/10\/MULTIAPOYO-370x77.jpg 370w\" sizes=\"(max-width: 492px) 100vw, 492px\" \/>\t\t\t\t\t\t\t\t\t\t\t\t\t\t\t<\/div>\n\t\t\t\t<\/div>\n\t\t\t\t<div class=\"elementor-element elementor-element-6b9b983 elementor-widget elementor-widget-image\" data-id=\"6b9b983\" data-element_type=\"widget\" data-e-type=\"widget\" data-widget_type=\"image.default\">\n\t\t\t\t<div class=\"elementor-widget-container\">\n\t\t\t\t\t\t\t\t\t\t\t\t\t\t\t<img decoding=\"async\" width=\"408\" height=\"152\" src=\"https:\/\/condamine.edu.ec\/wp-content\/uploads\/2025\/09\/logo_pichincha-1.png\" class=\"attachment-large size-large wp-image-38636\" alt=\"\" srcset=\"https:\/\/condamine.edu.ec\/wp-content\/uploads\/2025\/09\/logo_pichincha-1.png 408w, https:\/\/condamine.edu.ec\/wp-content\/uploads\/2025\/09\/logo_pichincha-1-300x112.png 300w, https:\/\/condamine.edu.ec\/wp-content\/uploads\/2025\/09\/logo_pichincha-1-370x138.png 370w\" sizes=\"(max-width: 408px) 100vw, 408px\" \/>\t\t\t\t\t\t\t\t\t\t\t\t\t\t\t<\/div>\n\t\t\t\t<\/div>\n\t\t\t\t\t<\/div>\n\t\t\t\t<\/div>\n\t\t<div class=\"elementor-element elementor-element-fdb2a6a e-con-full e-flex e-con e-parent\" data-id=\"fdb2a6a\" data-element_type=\"container\" data-e-type=\"container\">\n\t\t<div class=\"elementor-element elementor-element-0d904f8 e-con-full e-flex e-con e-child\" data-id=\"0d904f8\" data-element_type=\"container\" data-e-type=\"container\">\n\t\t\t\t<div class=\"elementor-element elementor-element-dc9fa45 elementor-widget elementor-widget-text-editor\" data-id=\"dc9fa45\" data-element_type=\"widget\" data-e-type=\"widget\" data-widget_type=\"text-editor.default\">\n\t\t\t\t<div class=\"elementor-widget-container\">\n\t\t\t\t\t\t\t\t\t<p>Au Lyc\u00e9e La Condamine, la s\u00e9curit\u00e9 de nos \u00e9l\u00e8ves est une priorit\u00e9. C&rsquo;est pourquoi tous nos \u00e9l\u00e8ves b\u00e9n\u00e9ficient d&rsquo;une assurance accidents, garantissant une protection optimale en cas d&rsquo;incident. Nous nous engageons \u00e0 veiller \u00e0 leur bien-\u00eatre tout au long de leur parcours \u00e9ducatif.<\/p><p>\u00a0<\/p><p>Pour cette nouvelle ann\u00e9e scolaire 2025-2026, nous disposons du service d&rsquo;assurance accident avec <u><strong>Seguros\u00a0<span class=\"il\">Pichincha<\/span>, par l&rsquo;interm\u00e9diaire du courtier Multiapoyo.<\/strong><\/u><\/p>\t\t\t\t\t\t\t\t<\/div>\n\t\t\t\t<\/div>\n\t\t\t\t<\/div>\n\t\t\t\t<\/div>\n\t\t<div class=\"elementor-element elementor-element-82c6df4 e-flex e-con-boxed e-con e-parent\" data-id=\"82c6df4\" data-element_type=\"container\" data-e-type=\"container\">\n\t\t\t\t\t<div class=\"e-con-inner\">\n\t\t\t\t<div class=\"elementor-element elementor-element-3ba5085 elementor-widget elementor-widget-spacer\" data-id=\"3ba5085\" data-element_type=\"widget\" data-e-type=\"widget\" data-widget_type=\"spacer.default\">\n\t\t\t\t<div class=\"elementor-widget-container\">\n\t\t\t\t\t\t\t<div class=\"elementor-spacer\">\n\t\t\t<div class=\"elementor-spacer-inner\"><\/div>\n\t\t<\/div>\n\t\t\t\t\t\t<\/div>\n\t\t\t\t<\/div>\n\t\t\t\t\t<\/div>\n\t\t\t\t<\/div>\n\t\t<div class=\"elementor-element elementor-element-70827d8 e-con-full e-flex e-con e-parent\" data-id=\"70827d8\" data-element_type=\"container\" data-e-type=\"container\" data-settings=\"{&quot;background_background&quot;:&quot;classic&quot;}\">\n\t\t<div class=\"elementor-element elementor-element-65e7a25 e-con-full e-flex e-con e-child\" data-id=\"65e7a25\" data-element_type=\"container\" data-e-type=\"container\">\n\t\t\t\t<div class=\"elementor-element elementor-element-ce286db elementor-widget elementor-widget-heading\" data-id=\"ce286db\" data-element_type=\"widget\" data-e-type=\"widget\" data-widget_type=\"heading.default\">\n\t\t\t\t<div class=\"elementor-widget-container\">\n\t\t\t\t\t<h2 class=\"elementor-heading-title elementor-size-default\">Assurance d'accidents pour les \u00e9l\u00e8ves<\/h2>\t\t\t\t<\/div>\n\t\t\t\t<\/div>\n\t\t\t\t<\/div>\n\t\t\t\t<\/div>\n\t\t<div class=\"elementor-element elementor-element-e78f427 e-con-full e-flex e-con e-parent\" data-id=\"e78f427\" data-element_type=\"container\" data-e-type=\"container\">\n\t\t<div class=\"elementor-element elementor-element-e4a8297 e-con-full e-flex e-con e-child\" data-id=\"e4a8297\" data-element_type=\"container\" data-e-type=\"container\">\n\t\t\t\t<div class=\"elementor-element elementor-element-571176a elementor-widget elementor-widget-text-editor\" data-id=\"571176a\" data-element_type=\"widget\" data-e-type=\"widget\" data-widget_type=\"text-editor.default\">\n\t\t\t\t<div class=\"elementor-widget-container\">\n\t\t\t\t\t\t\t\t\t<p>Veuillez trouver ci-dessous toutes les informations concernant l\u2019assurance d\u2019accidents des \u00e9l\u00e8ves pour l\u2019ann\u00e9e scolaire 2025-2026 :<\/p>\t\t\t\t\t\t\t\t<\/div>\n\t\t\t\t<\/div>\n\t\t\t\t<\/div>\n\t\t\t\t<\/div>\n\t\t<div class=\"elementor-element elementor-element-b8354bd e-flex e-con-boxed e-con e-parent\" data-id=\"b8354bd\" data-element_type=\"container\" data-e-type=\"container\">\n\t\t\t\t\t<div class=\"e-con-inner\">\n\t\t<div class=\"elementor-element elementor-element-90f16d3 e-con-full e-flex e-con e-child\" data-id=\"90f16d3\" data-element_type=\"container\" data-e-type=\"container\">\n\t\t\t\t<div class=\"elementor-element elementor-element-84f9f55 elementor-widget elementor-widget-image\" data-id=\"84f9f55\" data-element_type=\"widget\" data-e-type=\"widget\" data-widget_type=\"image.default\">\n\t\t\t\t<div class=\"elementor-widget-container\">\n\t\t\t\t\t\t\t\t\t\t\t\t\t\t\t\t<a href=\"https:\/\/condamine.edu.ec\/wp-content\/uploads\/2025\/09\/CONDAMINE-AP-PERIODO-2025-2026-ESTUDIANTES-.pdf\" target=\"_blank\">\n\t\t\t\t\t\t\t<img decoding=\"async\" width=\"113\" height=\"152\" src=\"https:\/\/condamine.edu.ec\/wp-content\/uploads\/2023\/12\/pdf-web.png\" class=\"attachment-large size-large wp-image-1021\" alt=\"\" \/>\t\t\t\t\t\t\t\t<\/a>\n\t\t\t\t\t\t\t\t\t\t\t\t\t\t\t<\/div>\n\t\t\t\t<\/div>\n\t\t\t\t<div class=\"elementor-element elementor-element-514fa48 elementor-widget elementor-widget-heading\" data-id=\"514fa48\" data-element_type=\"widget\" data-e-type=\"widget\" data-widget_type=\"heading.default\">\n\t\t\t\t<div class=\"elementor-widget-container\">\n\t\t\t\t\t<h4 class=\"elementor-heading-title elementor-size-default\"><a href=\"https:\/\/condamine.edu.ec\/wp-content\/uploads\/2025\/09\/CONDAMINE-AP-PERIODO-2025-2026-ESTUDIANTES-.pdf\" target=\"_blank\">Information G\u00e9n\u00e9rale<\/a><\/h4>\t\t\t\t<\/div>\n\t\t\t\t<\/div>\n\t\t\t\t<\/div>\n\t\t<div class=\"elementor-element elementor-element-611295e e-con-full e-flex e-con e-child\" data-id=\"611295e\" data-element_type=\"container\" data-e-type=\"container\">\n\t\t\t\t<div class=\"elementor-element elementor-element-862d08a elementor-widget elementor-widget-image\" data-id=\"862d08a\" data-element_type=\"widget\" data-e-type=\"widget\" data-widget_type=\"image.default\">\n\t\t\t\t<div class=\"elementor-widget-container\">\n\t\t\t\t\t\t\t\t\t\t\t\t\t\t\t\t<a href=\"https:\/\/condamine.edu.ec\/wp-content\/uploads\/2025\/09\/NUEVO-FORMULARIO-DE-RECLAMACION-RAMO-DE-VIDA-5-1.pdf\" target=\"_blank\">\n\t\t\t\t\t\t\t<img decoding=\"async\" width=\"113\" height=\"152\" src=\"https:\/\/condamine.edu.ec\/wp-content\/uploads\/2023\/12\/pdf-web.png\" class=\"attachment-large size-large wp-image-1021\" alt=\"\" \/>\t\t\t\t\t\t\t\t<\/a>\n\t\t\t\t\t\t\t\t\t\t\t\t\t\t\t<\/div>\n\t\t\t\t<\/div>\n\t\t\t\t<div class=\"elementor-element elementor-element-512d6b6 elementor-widget elementor-widget-heading\" data-id=\"512d6b6\" data-element_type=\"widget\" data-e-type=\"widget\" data-widget_type=\"heading.default\">\n\t\t\t\t<div class=\"elementor-widget-container\">\n\t\t\t\t\t<h4 class=\"elementor-heading-title elementor-size-default\"><a href=\"https:\/\/condamine.edu.ec\/wp-content\/uploads\/2025\/09\/NUEVO-FORMULARIO-DE-RECLAMACION-RAMO-DE-VIDA-5-1.pdf\" target=\"_blank\">Formulaire de Demande<\/a><\/h4>\t\t\t\t<\/div>\n\t\t\t\t<\/div>\n\t\t\t\t<\/div>\n\t\t\t\t\t<\/div>\n\t\t\t\t<\/div>\n\t\t<div class=\"elementor-element elementor-element-2f553eb e-flex e-con-boxed e-con e-parent\" data-id=\"2f553eb\" data-element_type=\"container\" data-e-type=\"container\">\n\t\t\t\t\t<div class=\"e-con-inner\">\n\t\t\t\t<div class=\"elementor-element elementor-element-0040309 elementor-widget elementor-widget-spacer\" data-id=\"0040309\" data-element_type=\"widget\" data-e-type=\"widget\" data-widget_type=\"spacer.default\">\n\t\t\t\t<div class=\"elementor-widget-container\">\n\t\t\t\t\t\t\t<div class=\"elementor-spacer\">\n\t\t\t<div class=\"elementor-spacer-inner\"><\/div>\n\t\t<\/div>\n\t\t\t\t\t\t<\/div>\n\t\t\t\t<\/div>\n\t\t\t\t\t<\/div>\n\t\t\t\t<\/div>\n\t\t<div class=\"elementor-element elementor-element-703cf41 e-con-full e-flex e-con e-parent\" data-id=\"703cf41\" data-element_type=\"container\" data-e-type=\"container\" data-settings=\"{&quot;background_background&quot;:&quot;classic&quot;}\">\n\t\t<div class=\"elementor-element elementor-element-c6c272b e-con-full e-flex e-con e-child\" data-id=\"c6c272b\" data-element_type=\"container\" data-e-type=\"container\">\n\t\t\t\t<div class=\"elementor-element elementor-element-10fab34 elementor-widget elementor-widget-heading\" data-id=\"10fab34\" data-element_type=\"widget\" data-e-type=\"widget\" data-widget_type=\"heading.default\">\n\t\t\t\t<div class=\"elementor-widget-container\">\n\t\t\t\t\t<h2 class=\"elementor-heading-title elementor-size-default\">Assurance d'accidents pour le personnel<\/h2>\t\t\t\t<\/div>\n\t\t\t\t<\/div>\n\t\t\t\t<\/div>\n\t\t\t\t<\/div>\n\t\t<div class=\"elementor-element elementor-element-014c720 e-con-full e-flex e-con e-parent\" data-id=\"014c720\" data-element_type=\"container\" data-e-type=\"container\">\n\t\t<div class=\"elementor-element elementor-element-e79255a e-con-full e-flex e-con e-child\" data-id=\"e79255a\" data-element_type=\"container\" data-e-type=\"container\">\n\t\t\t\t<div class=\"elementor-element elementor-element-a71caa8 elementor-widget elementor-widget-text-editor\" data-id=\"a71caa8\" data-element_type=\"widget\" data-e-type=\"widget\" data-widget_type=\"text-editor.default\">\n\t\t\t\t<div class=\"elementor-widget-container\">\n\t\t\t\t\t\t\t\t\t<p>Veuillez trouver ci-dessous toutes les informations concernant l\u2019assurance d\u2019accidents des personnels pour l\u2019ann\u00e9e scolaire 2025-2026 :<\/p>\t\t\t\t\t\t\t\t<\/div>\n\t\t\t\t<\/div>\n\t\t\t\t<\/div>\n\t\t\t\t<\/div>\n\t\t<div class=\"elementor-element elementor-element-d89eb20 e-flex e-con-boxed e-con e-parent\" data-id=\"d89eb20\" data-element_type=\"container\" data-e-type=\"container\">\n\t\t\t\t\t<div class=\"e-con-inner\">\n\t\t<div class=\"elementor-element elementor-element-6083a82 e-con-full e-flex e-con e-child\" data-id=\"6083a82\" data-element_type=\"container\" data-e-type=\"container\">\n\t\t\t\t<div class=\"elementor-element elementor-element-df966ac elementor-widget elementor-widget-image\" data-id=\"df966ac\" data-element_type=\"widget\" data-e-type=\"widget\" data-widget_type=\"image.default\">\n\t\t\t\t<div class=\"elementor-widget-container\">\n\t\t\t\t\t\t\t\t\t\t\t\t\t\t\t\t<a href=\"https:\/\/condamine.edu.ec\/wp-content\/uploads\/2025\/09\/CONDAMINE-AP-PERIODO-2025-2026-DOCENTES.pdf\" target=\"_blank\">\n\t\t\t\t\t\t\t<img decoding=\"async\" width=\"113\" height=\"152\" src=\"https:\/\/condamine.edu.ec\/wp-content\/uploads\/2023\/12\/pdf-web.png\" class=\"attachment-large size-large wp-image-1021\" alt=\"\" \/>\t\t\t\t\t\t\t\t<\/a>\n\t\t\t\t\t\t\t\t\t\t\t\t\t\t\t<\/div>\n\t\t\t\t<\/div>\n\t\t\t\t<div class=\"elementor-element elementor-element-d48abed elementor-widget elementor-widget-heading\" data-id=\"d48abed\" data-element_type=\"widget\" data-e-type=\"widget\" data-widget_type=\"heading.default\">\n\t\t\t\t<div class=\"elementor-widget-container\">\n\t\t\t\t\t<h4 class=\"elementor-heading-title elementor-size-default\"><a href=\"https:\/\/condamine.edu.ec\/wp-content\/uploads\/2025\/09\/CONDAMINE-AP-PERIODO-2025-2026-DOCENTES.pdf\" target=\"_blank\">Information G\u00e9n\u00e9rale<\/a><\/h4>\t\t\t\t<\/div>\n\t\t\t\t<\/div>\n\t\t\t\t<\/div>\n\t\t<div class=\"elementor-element elementor-element-5bd8e73 e-con-full e-flex e-con e-child\" data-id=\"5bd8e73\" data-element_type=\"container\" data-e-type=\"container\">\n\t\t\t\t<div class=\"elementor-element elementor-element-ab27bcd elementor-widget elementor-widget-image\" data-id=\"ab27bcd\" data-element_type=\"widget\" data-e-type=\"widget\" data-widget_type=\"image.default\">\n\t\t\t\t<div class=\"elementor-widget-container\">\n\t\t\t\t\t\t\t\t\t\t\t\t\t\t\t\t<a href=\"https:\/\/condamine.edu.ec\/wp-content\/uploads\/2025\/09\/NUEVO-FORMULARIO-DE-RECLAMACION-RAMO-DE-VIDA-5-1.pdf\" target=\"_blank\">\n\t\t\t\t\t\t\t<img decoding=\"async\" width=\"113\" height=\"152\" src=\"https:\/\/condamine.edu.ec\/wp-content\/uploads\/2023\/12\/pdf-web.png\" class=\"attachment-large size-large wp-image-1021\" alt=\"\" \/>\t\t\t\t\t\t\t\t<\/a>\n\t\t\t\t\t\t\t\t\t\t\t\t\t\t\t<\/div>\n\t\t\t\t<\/div>\n\t\t\t\t<div class=\"elementor-element elementor-element-6e26a33 elementor-widget elementor-widget-heading\" data-id=\"6e26a33\" data-element_type=\"widget\" data-e-type=\"widget\" data-widget_type=\"heading.default\">\n\t\t\t\t<div class=\"elementor-widget-container\">\n\t\t\t\t\t<h4 class=\"elementor-heading-title elementor-size-default\"><a href=\"https:\/\/condamine.edu.ec\/wp-content\/uploads\/2025\/09\/NUEVO-FORMULARIO-DE-RECLAMACION-RAMO-DE-VIDA-5-1.pdf\" target=\"_blank\">Formulaire de Demande<\/a><\/h4>\t\t\t\t<\/div>\n\t\t\t\t<\/div>\n\t\t\t\t<\/div>\n\t\t\t\t\t<\/div>\n\t\t\t\t<\/div>\n\t\t\t\t<\/div>\n\t\t","protected":false},"excerpt":{"rendered":"<p>Assurance Au Lyc\u00e9e La Condamine, la s\u00e9curit\u00e9 de nos \u00e9l\u00e8ves est une priorit\u00e9. C&rsquo;est pourquoi tous nos \u00e9l\u00e8ves b\u00e9n\u00e9ficient d&rsquo;une assurance accidents, garantissant une protection optimale en cas d&rsquo;incident. Nous nous engageons \u00e0 veiller \u00e0 leur bien-\u00eatre tout au long de leur parcours \u00e9ducatif. \u00a0 Pour cette nouvelle ann\u00e9e scolaire 2025-2026, nous disposons du service [&hellip;]<\/p>\n","protected":false},"author":2,"featured_media":0,"parent":0,"menu_order":0,"comment_status":"closed","ping_status":"closed","template":"","meta":{"footnotes":""},"class_list":["post-21542","page","type-page","status-publish","hentry"],"_links":{"self":[{"href":"https:\/\/condamine.edu.ec\/index.php?rest_route=\/wp\/v2\/pages\/21542","targetHints":{"allow":["GET"]}}],"collection":[{"href":"https:\/\/condamine.edu.ec\/index.php?rest_route=\/wp\/v2\/pages"}],"about":[{"href":"https:\/\/condamine.edu.ec\/index.php?rest_route=\/wp\/v2\/types\/page"}],"author":[{"embeddable":true,"href":"https:\/\/condamine.edu.ec\/index.php?rest_route=\/wp\/v2\/users\/2"}],"replies":[{"embeddable":true,"href":"https:\/\/condamine.edu.ec\/index.php?rest_route=%2Fwp%2Fv2%2Fcomments&post=21542"}],"version-history":[{"count":40,"href":"https:\/\/condamine.edu.ec\/index.php?rest_route=\/wp\/v2\/pages\/21542\/revisions"}],"predecessor-version":[{"id":38642,"href":"https:\/\/condamine.edu.ec\/index.php?rest_route=\/wp\/v2\/pages\/21542\/revisions\/38642"}],"wp:attachment":[{"href":"https:\/\/condamine.edu.ec\/index.php?rest_route=%2Fwp%2Fv2%2Fmedia&parent=21542"}],"curies":[{"name":"wp","href":"https:\/\/api.w.org\/{rel}","templated":true}]}}