{"id":21246,"date":"2024-10-21T10:01:56","date_gmt":"2024-10-21T15:01:56","guid":{"rendered":"https:\/\/condamine.edu.ec\/?page_id=21246"},"modified":"2024-11-20T19:59:43","modified_gmt":"2024-11-21T00:59:43","slug":"equipe-de-direction","status":"publish","type":"page","link":"https:\/\/condamine.edu.ec\/?page_id=21246","title":{"rendered":"\u00c9quipe de Direction"},"content":{"rendered":"\t\t<div data-elementor-type=\"wp-page\" data-elementor-id=\"21246\" class=\"elementor elementor-21246\" data-elementor-post-type=\"page\">\n\t\t\t\t<div class=\"elementor-element elementor-element-6e5d2da e-flex e-con-boxed e-con e-parent\" data-id=\"6e5d2da\" data-element_type=\"container\" data-e-type=\"container\">\n\t\t\t\t\t<div class=\"e-con-inner\">\n\t\t\t\t<div class=\"elementor-element elementor-element-97f1126 elementor-widget elementor-widget-spacer\" data-id=\"97f1126\" data-element_type=\"widget\" data-e-type=\"widget\" data-widget_type=\"spacer.default\">\n\t\t\t\t<div class=\"elementor-widget-container\">\n\t\t\t\t\t\t\t<div class=\"elementor-spacer\">\n\t\t\t<div class=\"elementor-spacer-inner\"><\/div>\n\t\t<\/div>\n\t\t\t\t\t\t<\/div>\n\t\t\t\t<\/div>\n\t\t\t\t\t<\/div>\n\t\t\t\t<\/div>\n\t\t<div class=\"elementor-element elementor-element-1b409c2 e-con-full e-flex e-con e-parent\" data-id=\"1b409c2\" data-element_type=\"container\" data-e-type=\"container\">\n\t\t\t\t<div class=\"elementor-element elementor-element-b4280a7 elementor-widget elementor-widget-heading\" data-id=\"b4280a7\" data-element_type=\"widget\" data-e-type=\"widget\" data-widget_type=\"heading.default\">\n\t\t\t\t<div class=\"elementor-widget-container\">\n\t\t\t\t\t<h2 class=\"elementor-heading-title elementor-size-default\">\u00c9quipe de Direction<\/h2>\t\t\t\t<\/div>\n\t\t\t\t<\/div>\n\t\t\t\t<\/div>\n\t\t<div class=\"elementor-element elementor-element-15b84b0 e-con-full e-flex e-con e-parent\" data-id=\"15b84b0\" data-element_type=\"container\" data-e-type=\"container\">\n\t\t<div class=\"elementor-element elementor-element-7f4e0e8 e-con-full e-flex e-con e-child\" data-id=\"7f4e0e8\" data-element_type=\"container\" data-e-type=\"container\">\n\t\t\t\t<div class=\"elementor-element elementor-element-b68ce92 elementor-widget elementor-widget-text-editor\" data-id=\"b68ce92\" data-element_type=\"widget\" data-e-type=\"widget\" data-widget_type=\"text-editor.default\">\n\t\t\t\t<div class=\"elementor-widget-container\">\n\t\t\t\t\t\t\t\t\t<p>Au Lyc\u00e9e franco-\u00e9quatorien La Condamine, notre \u00e9quipe de direction est au service de l&rsquo;excellence \u00e9ducative et du bien-\u00eatre de nos \u00e9l\u00e8ves et de toute la communaut\u00e9 scolaire.<br \/><br \/><\/p><ul><li><strong>Proviseur<\/strong> : \u00c0 la t\u00eate de l&rsquo;\u00e9tablissement, il veille \u00e0 la qualit\u00e9 de l&rsquo;enseignement et \u00e0 la r\u00e9ussite de chaque \u00e9l\u00e8ve.<\/li><li><strong>Proviseure Adjointe<\/strong> : Elle assiste le Proviseur dans la gestion quotidienne et l&rsquo;animation de la vie scolaire. Elle g\u00e8re aussi toutes les \u00e9quipes du secondaire, garantissant un environnement d&rsquo;apprentissage dynamique et coh\u00e9rent.<\/li><li><strong>Directrice du Primaire<\/strong> : Responsable du cycle primaire, elle cr\u00e9e un environnement d&rsquo;apprentissage stimulant d\u00e8s le d\u00e9but de la scolarit\u00e9.<\/li><li><strong>Directeur Administratif et Financier<\/strong> : Il g\u00e8re les aspects administratifs et financiers, garantissant le bon fonctionnement de l\u2019\u00e9tablissement.<\/li><li><strong>Recteur \u00c9quatorien<\/strong> : Il repr\u00e9sente le Lyc\u00e9e en \u00c9quateur, renfor\u00e7ant les liens culturels et \u00e9ducatifs entre la France et l&rsquo;\u00c9quateur.<\/li><\/ul><p><br \/>Conventionn\u00e9 par l&rsquo;Agence pour l&rsquo;Enseignement du Fran\u00e7ais \u00e0 l&rsquo;\u00c9tranger (AEFE), notre lyc\u00e9e s&rsquo;engage \u00e0 offrir une \u00e9ducation de qualit\u00e9, alliant rigueur acad\u00e9mique et ouverture sur le monde.<\/p>\t\t\t\t\t\t\t\t<\/div>\n\t\t\t\t<\/div>\n\t\t\t\t<\/div>\n\t\t\t\t<\/div>\n\t\t<div class=\"elementor-element elementor-element-0ee6a39 e-flex e-con-boxed e-con e-parent\" data-id=\"0ee6a39\" data-element_type=\"container\" data-e-type=\"container\">\n\t\t\t\t\t<div class=\"e-con-inner\">\n\t\t\t\t<div class=\"elementor-element elementor-element-1ee68da elementor-widget elementor-widget-spacer\" data-id=\"1ee68da\" data-element_type=\"widget\" data-e-type=\"widget\" data-widget_type=\"spacer.default\">\n\t\t\t\t<div class=\"elementor-widget-container\">\n\t\t\t\t\t\t\t<div class=\"elementor-spacer\">\n\t\t\t<div class=\"elementor-spacer-inner\"><\/div>\n\t\t<\/div>\n\t\t\t\t\t\t<\/div>\n\t\t\t\t<\/div>\n\t\t\t\t\t<\/div>\n\t\t\t\t<\/div>\n\t\t<div class=\"elementor-element elementor-element-9bb96ae e-con-full e-flex e-con e-parent\" data-id=\"9bb96ae\" data-element_type=\"container\" data-e-type=\"container\">\n\t\t<div class=\"elementor-element elementor-element-2b17286 e-con-full e-flex e-con e-child\" data-id=\"2b17286\" data-element_type=\"container\" data-e-type=\"container\">\n\t\t\t\t<div class=\"elementor-element elementor-element-d533132 elementor-widget elementor-widget-text-editor\" data-id=\"d533132\" data-element_type=\"widget\" data-e-type=\"widget\" data-widget_type=\"text-editor.default\">\n\t\t\t\t<div class=\"elementor-widget-container\">\n\t\t\t\t\t\t\t\t\t<h4><strong>PROVISEUR<\/strong><\/h4><p>M. Philippe MOUCHET<\/p>\t\t\t\t\t\t\t\t<\/div>\n\t\t\t\t<\/div>\n\t\t\t\t<div class=\"elementor-element elementor-element-5fa04d7 elementor-widget elementor-widget-image\" data-id=\"5fa04d7\" data-element_type=\"widget\" data-e-type=\"widget\" data-settings=\"{&quot;motion_fx_motion_fx_scrolling&quot;:&quot;yes&quot;,&quot;motion_fx_translateY_effect&quot;:&quot;yes&quot;,&quot;motion_fx_motion_fx_mouse&quot;:&quot;yes&quot;,&quot;motion_fx_translateY_speed&quot;:{&quot;unit&quot;:&quot;px&quot;,&quot;size&quot;:4,&quot;sizes&quot;:[]},&quot;motion_fx_translateY_affectedRange&quot;:{&quot;unit&quot;:&quot;%&quot;,&quot;size&quot;:&quot;&quot;,&quot;sizes&quot;:{&quot;start&quot;:0,&quot;end&quot;:100}},&quot;motion_fx_devices&quot;:[&quot;desktop&quot;,&quot;tablet&quot;,&quot;mobile&quot;]}\" data-widget_type=\"image.default\">\n\t\t\t\t<div class=\"elementor-widget-container\">\n\t\t\t\t\t\t\t\t\t\t\t\t\t\t\t<img fetchpriority=\"high\" decoding=\"async\" width=\"700\" height=\"700\" src=\"https:\/\/condamine.edu.ec\/wp-content\/uploads\/2024\/11\/Philippe_Mouchet_Web.png\" class=\"attachment-large size-large wp-image-24548\" alt=\"\" srcset=\"https:\/\/condamine.edu.ec\/wp-content\/uploads\/2024\/11\/Philippe_Mouchet_Web.png 700w, https:\/\/condamine.edu.ec\/wp-content\/uploads\/2024\/11\/Philippe_Mouchet_Web-300x300.png 300w, https:\/\/condamine.edu.ec\/wp-content\/uploads\/2024\/11\/Philippe_Mouchet_Web-150x150.png 150w, https:\/\/condamine.edu.ec\/wp-content\/uploads\/2024\/11\/Philippe_Mouchet_Web-370x370.png 370w, https:\/\/condamine.edu.ec\/wp-content\/uploads\/2024\/11\/Philippe_Mouchet_Web-460x460.png 460w, https:\/\/condamine.edu.ec\/wp-content\/uploads\/2024\/11\/elementor\/thumbs\/Philippe_Mouchet_Web-qxd05xxnpup1ioh1hffnbgaciqbry3g4nd9mw4xme8.png 400w\" sizes=\"(max-width: 700px) 100vw, 700px\" \/>\t\t\t\t\t\t\t\t\t\t\t\t\t\t\t<\/div>\n\t\t\t\t<\/div>\n\t\t\t\t<\/div>\n\t\t<div class=\"elementor-element elementor-element-f4055fa e-con-full e-flex e-con e-child\" data-id=\"f4055fa\" data-element_type=\"container\" data-e-type=\"container\">\n\t\t\t\t<div class=\"elementor-element elementor-element-d00bd33 elementor-widget elementor-widget-text-editor\" data-id=\"d00bd33\" data-element_type=\"widget\" data-e-type=\"widget\" data-widget_type=\"text-editor.default\">\n\t\t\t\t<div class=\"elementor-widget-container\">\n\t\t\t\t\t\t\t\t\t<h4><strong>PROVISEURE ADJOINTE<\/strong><\/h4><p>Mme Sophie D\u00c9MARET<\/p>\t\t\t\t\t\t\t\t<\/div>\n\t\t\t\t<\/div>\n\t\t\t\t<div class=\"elementor-element elementor-element-f37f259 elementor-widget elementor-widget-image\" data-id=\"f37f259\" data-element_type=\"widget\" data-e-type=\"widget\" data-settings=\"{&quot;motion_fx_motion_fx_scrolling&quot;:&quot;yes&quot;,&quot;motion_fx_translateY_effect&quot;:&quot;yes&quot;,&quot;motion_fx_motion_fx_mouse&quot;:&quot;yes&quot;,&quot;motion_fx_translateY_speed&quot;:{&quot;unit&quot;:&quot;px&quot;,&quot;size&quot;:4,&quot;sizes&quot;:[]},&quot;motion_fx_translateY_affectedRange&quot;:{&quot;unit&quot;:&quot;%&quot;,&quot;size&quot;:&quot;&quot;,&quot;sizes&quot;:{&quot;start&quot;:0,&quot;end&quot;:100}},&quot;motion_fx_devices&quot;:[&quot;desktop&quot;,&quot;tablet&quot;,&quot;mobile&quot;]}\" data-widget_type=\"image.default\">\n\t\t\t\t<div class=\"elementor-widget-container\">\n\t\t\t\t\t\t\t\t\t\t\t\t\t\t\t<img decoding=\"async\" width=\"700\" height=\"700\" src=\"https:\/\/condamine.edu.ec\/wp-content\/uploads\/2024\/10\/Sophie-Demaret.png\" class=\"attachment-large size-large wp-image-21261\" alt=\"\" srcset=\"https:\/\/condamine.edu.ec\/wp-content\/uploads\/2024\/10\/Sophie-Demaret.png 700w, https:\/\/condamine.edu.ec\/wp-content\/uploads\/2024\/10\/Sophie-Demaret-300x300.png 300w, https:\/\/condamine.edu.ec\/wp-content\/uploads\/2024\/10\/Sophie-Demaret-150x150.png 150w, https:\/\/condamine.edu.ec\/wp-content\/uploads\/2024\/10\/Sophie-Demaret-370x370.png 370w, https:\/\/condamine.edu.ec\/wp-content\/uploads\/2024\/10\/Sophie-Demaret-460x460.png 460w\" sizes=\"(max-width: 700px) 100vw, 700px\" \/>\t\t\t\t\t\t\t\t\t\t\t\t\t\t\t<\/div>\n\t\t\t\t<\/div>\n\t\t\t\t<\/div>\n\t\t<div class=\"elementor-element elementor-element-71432d8 e-con-full e-flex e-con e-child\" data-id=\"71432d8\" data-element_type=\"container\" data-e-type=\"container\">\n\t\t\t\t<div class=\"elementor-element elementor-element-910ef48 elementor-widget elementor-widget-text-editor\" data-id=\"910ef48\" data-element_type=\"widget\" data-e-type=\"widget\" data-widget_type=\"text-editor.default\">\n\t\t\t\t<div class=\"elementor-widget-container\">\n\t\t\t\t\t\t\t\t\t<h4><strong>DIRECTRICE DU PRIMAIRE<\/strong><\/h4><p>Mme Marie-Laure SMIRS<\/p>\t\t\t\t\t\t\t\t<\/div>\n\t\t\t\t<\/div>\n\t\t\t\t<div class=\"elementor-element elementor-element-a0afdea elementor-widget elementor-widget-image\" data-id=\"a0afdea\" data-element_type=\"widget\" data-e-type=\"widget\" data-settings=\"{&quot;motion_fx_motion_fx_scrolling&quot;:&quot;yes&quot;,&quot;motion_fx_translateY_effect&quot;:&quot;yes&quot;,&quot;motion_fx_translateY_speed&quot;:{&quot;unit&quot;:&quot;px&quot;,&quot;size&quot;:4,&quot;sizes&quot;:[]},&quot;motion_fx_translateY_affectedRange&quot;:{&quot;unit&quot;:&quot;%&quot;,&quot;size&quot;:&quot;&quot;,&quot;sizes&quot;:{&quot;start&quot;:0,&quot;end&quot;:100}},&quot;motion_fx_devices&quot;:[&quot;desktop&quot;,&quot;tablet&quot;,&quot;mobile&quot;]}\" data-widget_type=\"image.default\">\n\t\t\t\t<div class=\"elementor-widget-container\">\n\t\t\t\t\t\t\t\t\t\t\t\t\t\t\t<img decoding=\"async\" width=\"700\" height=\"700\" src=\"https:\/\/condamine.edu.ec\/wp-content\/uploads\/2024\/10\/Marie-Laure-Smirs.png\" class=\"attachment-large size-large wp-image-21252\" alt=\"\" srcset=\"https:\/\/condamine.edu.ec\/wp-content\/uploads\/2024\/10\/Marie-Laure-Smirs.png 700w, https:\/\/condamine.edu.ec\/wp-content\/uploads\/2024\/10\/Marie-Laure-Smirs-300x300.png 300w, https:\/\/condamine.edu.ec\/wp-content\/uploads\/2024\/10\/Marie-Laure-Smirs-150x150.png 150w, https:\/\/condamine.edu.ec\/wp-content\/uploads\/2024\/10\/Marie-Laure-Smirs-370x370.png 370w, https:\/\/condamine.edu.ec\/wp-content\/uploads\/2024\/10\/Marie-Laure-Smirs-460x460.png 460w\" sizes=\"(max-width: 700px) 100vw, 700px\" \/>\t\t\t\t\t\t\t\t\t\t\t\t\t\t\t<\/div>\n\t\t\t\t<\/div>\n\t\t\t\t<\/div>\n\t\t<div class=\"elementor-element elementor-element-af0afbe e-con-full e-flex e-con e-child\" data-id=\"af0afbe\" data-element_type=\"container\" data-e-type=\"container\">\n\t\t\t\t<div class=\"elementor-element elementor-element-8bfc433 elementor-widget elementor-widget-text-editor\" data-id=\"8bfc433\" data-element_type=\"widget\" data-e-type=\"widget\" data-widget_type=\"text-editor.default\">\n\t\t\t\t<div class=\"elementor-widget-container\">\n\t\t\t\t\t\t\t\t\t<h5><strong>DIRECTEUR ADMINISTRATIF ET FINANCIER (DAF)<\/strong><\/h5><p>Nicol\u00e1s WALLYN<\/p>\t\t\t\t\t\t\t\t<\/div>\n\t\t\t\t<\/div>\n\t\t\t\t<div class=\"elementor-element elementor-element-b8ecae9 elementor-widget elementor-widget-image\" data-id=\"b8ecae9\" data-element_type=\"widget\" data-e-type=\"widget\" data-settings=\"{&quot;motion_fx_motion_fx_scrolling&quot;:&quot;yes&quot;,&quot;motion_fx_translateY_effect&quot;:&quot;yes&quot;,&quot;motion_fx_motion_fx_mouse&quot;:&quot;yes&quot;,&quot;motion_fx_translateY_speed&quot;:{&quot;unit&quot;:&quot;px&quot;,&quot;size&quot;:4,&quot;sizes&quot;:[]},&quot;motion_fx_translateY_affectedRange&quot;:{&quot;unit&quot;:&quot;%&quot;,&quot;size&quot;:&quot;&quot;,&quot;sizes&quot;:{&quot;start&quot;:0,&quot;end&quot;:100}},&quot;motion_fx_devices&quot;:[&quot;desktop&quot;,&quot;tablet&quot;,&quot;mobile&quot;]}\" data-widget_type=\"image.default\">\n\t\t\t\t<div class=\"elementor-widget-container\">\n\t\t\t\t\t\t\t\t\t\t\t\t\t\t\t<img loading=\"lazy\" decoding=\"async\" width=\"700\" height=\"700\" src=\"https:\/\/condamine.edu.ec\/wp-content\/uploads\/2024\/10\/Nicolas-Wallyn.png\" class=\"attachment-large size-large wp-image-21255\" alt=\"\" srcset=\"https:\/\/condamine.edu.ec\/wp-content\/uploads\/2024\/10\/Nicolas-Wallyn.png 700w, https:\/\/condamine.edu.ec\/wp-content\/uploads\/2024\/10\/Nicolas-Wallyn-300x300.png 300w, https:\/\/condamine.edu.ec\/wp-content\/uploads\/2024\/10\/Nicolas-Wallyn-150x150.png 150w, https:\/\/condamine.edu.ec\/wp-content\/uploads\/2024\/10\/Nicolas-Wallyn-370x370.png 370w, https:\/\/condamine.edu.ec\/wp-content\/uploads\/2024\/10\/Nicolas-Wallyn-460x460.png 460w\" sizes=\"(max-width: 700px) 100vw, 700px\" \/>\t\t\t\t\t\t\t\t\t\t\t\t\t\t\t<\/div>\n\t\t\t\t<\/div>\n\t\t\t\t<\/div>\n\t\t<div class=\"elementor-element elementor-element-28501be e-con-full e-flex e-con e-child\" data-id=\"28501be\" data-element_type=\"container\" data-e-type=\"container\">\n\t\t\t\t<div class=\"elementor-element elementor-element-58e59d6 elementor-widget elementor-widget-text-editor\" data-id=\"58e59d6\" data-element_type=\"widget\" data-e-type=\"widget\" data-widget_type=\"text-editor.default\">\n\t\t\t\t<div class=\"elementor-widget-container\">\n\t\t\t\t\t\t\t\t\t<h4><strong>RECTEUR \u00c9QUATORIEN<\/strong><\/h4><p>M. Stalyn RUALES COROZO\u00a0<\/p>\t\t\t\t\t\t\t\t<\/div>\n\t\t\t\t<\/div>\n\t\t\t\t<div class=\"elementor-element elementor-element-e70c108 elementor-widget elementor-widget-image\" data-id=\"e70c108\" data-element_type=\"widget\" data-e-type=\"widget\" data-settings=\"{&quot;motion_fx_motion_fx_scrolling&quot;:&quot;yes&quot;,&quot;motion_fx_translateY_effect&quot;:&quot;yes&quot;,&quot;motion_fx_motion_fx_mouse&quot;:&quot;yes&quot;,&quot;motion_fx_translateY_speed&quot;:{&quot;unit&quot;:&quot;px&quot;,&quot;size&quot;:4,&quot;sizes&quot;:[]},&quot;motion_fx_translateY_affectedRange&quot;:{&quot;unit&quot;:&quot;%&quot;,&quot;size&quot;:&quot;&quot;,&quot;sizes&quot;:{&quot;start&quot;:0,&quot;end&quot;:100}},&quot;motion_fx_devices&quot;:[&quot;desktop&quot;,&quot;tablet&quot;,&quot;mobile&quot;]}\" data-widget_type=\"image.default\">\n\t\t\t\t<div class=\"elementor-widget-container\">\n\t\t\t\t\t\t\t\t\t\t\t\t\t\t\t<img loading=\"lazy\" decoding=\"async\" width=\"700\" height=\"700\" src=\"https:\/\/condamine.edu.ec\/wp-content\/uploads\/2024\/10\/Stalyn-Ruales.png\" class=\"attachment-large size-large wp-image-21249\" alt=\"\" srcset=\"https:\/\/condamine.edu.ec\/wp-content\/uploads\/2024\/10\/Stalyn-Ruales.png 700w, https:\/\/condamine.edu.ec\/wp-content\/uploads\/2024\/10\/Stalyn-Ruales-300x300.png 300w, https:\/\/condamine.edu.ec\/wp-content\/uploads\/2024\/10\/Stalyn-Ruales-150x150.png 150w, https:\/\/condamine.edu.ec\/wp-content\/uploads\/2024\/10\/Stalyn-Ruales-370x370.png 370w, https:\/\/condamine.edu.ec\/wp-content\/uploads\/2024\/10\/Stalyn-Ruales-460x460.png 460w\" sizes=\"(max-width: 700px) 100vw, 700px\" \/>\t\t\t\t\t\t\t\t\t\t\t\t\t\t\t<\/div>\n\t\t\t\t<\/div>\n\t\t\t\t<\/div>\n\t\t\t\t<\/div>\n\t\t\t\t<\/div>\n\t\t","protected":false},"excerpt":{"rendered":"<p>\u00c9quipe de Direction Au Lyc\u00e9e franco-\u00e9quatorien La Condamine, notre \u00e9quipe de direction est au service de l&rsquo;excellence \u00e9ducative et du bien-\u00eatre de nos \u00e9l\u00e8ves et de toute la communaut\u00e9 scolaire. Proviseur : \u00c0 la t\u00eate de l&rsquo;\u00e9tablissement, il veille \u00e0 la qualit\u00e9 de l&rsquo;enseignement et \u00e0 la r\u00e9ussite de chaque \u00e9l\u00e8ve. Proviseure Adjointe : Elle [&hellip;]<\/p>\n","protected":false},"author":2,"featured_media":0,"parent":0,"menu_order":0,"comment_status":"closed","ping_status":"closed","template":"","meta":{"footnotes":""},"class_list":["post-21246","page","type-page","status-publish","hentry"],"_links":{"self":[{"href":"https:\/\/condamine.edu.ec\/index.php?rest_route=\/wp\/v2\/pages\/21246","targetHints":{"allow":["GET"]}}],"collection":[{"href":"https:\/\/condamine.edu.ec\/index.php?rest_route=\/wp\/v2\/pages"}],"about":[{"href":"https:\/\/condamine.edu.ec\/index.php?rest_route=\/wp\/v2\/types\/page"}],"author":[{"embeddable":true,"href":"https:\/\/condamine.edu.ec\/index.php?rest_route=\/wp\/v2\/users\/2"}],"replies":[{"embeddable":true,"href":"https:\/\/condamine.edu.ec\/index.php?rest_route=%2Fwp%2Fv2%2Fcomments&post=21246"}],"version-history":[{"count":40,"href":"https:\/\/condamine.edu.ec\/index.php?rest_route=\/wp\/v2\/pages\/21246\/revisions"}],"predecessor-version":[{"id":24553,"href":"https:\/\/condamine.edu.ec\/index.php?rest_route=\/wp\/v2\/pages\/21246\/revisions\/24553"}],"wp:attachment":[{"href":"https:\/\/condamine.edu.ec\/index.php?rest_route=%2Fwp%2Fv2%2Fmedia&parent=21246"}],"curies":[{"name":"wp","href":"https:\/\/api.w.org\/{rel}","templated":true}]}}