{"id":10903,"date":"2024-01-12T20:25:37","date_gmt":"2024-01-13T01:25:37","guid":{"rendered":"https:\/\/condamine.edu.ec\/?page_id=10903"},"modified":"2025-10-03T07:54:24","modified_gmt":"2025-10-03T12:54:24","slug":"dece","status":"publish","type":"page","link":"https:\/\/condamine.edu.ec\/?page_id=10903","title":{"rendered":"D\u00c9PARTEMENT DE CONSEIL AUX \u00c9TUDIANTS (DECE)"},"content":{"rendered":"\t\t<div data-elementor-type=\"wp-page\" data-elementor-id=\"10903\" class=\"elementor elementor-10903\" data-elementor-post-type=\"page\">\n\t\t\t\t<div class=\"elementor-element elementor-element-6e5d2da e-flex e-con-boxed e-con e-parent\" data-id=\"6e5d2da\" data-element_type=\"container\" data-e-type=\"container\">\n\t\t\t\t\t<div class=\"e-con-inner\">\n\t\t\t\t<div class=\"elementor-element elementor-element-97f1126 elementor-widget elementor-widget-spacer\" data-id=\"97f1126\" data-element_type=\"widget\" data-e-type=\"widget\" data-widget_type=\"spacer.default\">\n\t\t\t\t<div class=\"elementor-widget-container\">\n\t\t\t\t\t\t\t<div class=\"elementor-spacer\">\n\t\t\t<div class=\"elementor-spacer-inner\"><\/div>\n\t\t<\/div>\n\t\t\t\t\t\t<\/div>\n\t\t\t\t<\/div>\n\t\t\t\t\t<\/div>\n\t\t\t\t<\/div>\n\t\t<div class=\"elementor-element elementor-element-1b409c2 e-con-full e-flex e-con e-parent\" data-id=\"1b409c2\" data-element_type=\"container\" data-e-type=\"container\">\n\t\t\t\t<div class=\"elementor-element elementor-element-b4280a7 elementor-widget elementor-widget-heading\" data-id=\"b4280a7\" data-element_type=\"widget\" data-e-type=\"widget\" data-widget_type=\"heading.default\">\n\t\t\t\t<div class=\"elementor-widget-container\">\n\t\t\t\t\t<h2 class=\"elementor-heading-title elementor-size-default\">D\u00c9PARTEMENT DE CONSEIL AUX \u00c9TUDIANTS (DECE)<\/h2>\t\t\t\t<\/div>\n\t\t\t\t<\/div>\n\t\t\t\t<\/div>\n\t\t<div class=\"elementor-element elementor-element-6249b73 e-con-full e-flex e-con e-parent\" data-id=\"6249b73\" data-element_type=\"container\" data-e-type=\"container\">\n\t\t\t\t<div class=\"elementor-element elementor-element-d50754f elementor-widget elementor-widget-image\" data-id=\"d50754f\" data-element_type=\"widget\" data-e-type=\"widget\" data-widget_type=\"image.default\">\n\t\t\t\t<div class=\"elementor-widget-container\">\n\t\t\t\t\t\t\t\t\t\t\t\t\t\t\t<img fetchpriority=\"high\" decoding=\"async\" width=\"800\" height=\"158\" src=\"https:\/\/condamine.edu.ec\/wp-content\/uploads\/2024\/01\/2019-03-11-11_25_41-dece-1024x202.png\" class=\"attachment-large size-large wp-image-10905\" alt=\"\" srcset=\"https:\/\/condamine.edu.ec\/wp-content\/uploads\/2024\/01\/2019-03-11-11_25_41-dece-1024x202.png 1024w, https:\/\/condamine.edu.ec\/wp-content\/uploads\/2024\/01\/2019-03-11-11_25_41-dece-300x59.png 300w, https:\/\/condamine.edu.ec\/wp-content\/uploads\/2024\/01\/2019-03-11-11_25_41-dece-768x152.png 768w, https:\/\/condamine.edu.ec\/wp-content\/uploads\/2024\/01\/2019-03-11-11_25_41-dece-370x73.png 370w, https:\/\/condamine.edu.ec\/wp-content\/uploads\/2024\/01\/2019-03-11-11_25_41-dece-770x152.png 770w, https:\/\/condamine.edu.ec\/wp-content\/uploads\/2024\/01\/2019-03-11-11_25_41-dece-1536x303.png 1536w, https:\/\/condamine.edu.ec\/wp-content\/uploads\/2024\/01\/2019-03-11-11_25_41-dece.png 1576w\" sizes=\"(max-width: 800px) 100vw, 800px\" \/>\t\t\t\t\t\t\t\t\t\t\t\t\t\t\t<\/div>\n\t\t\t\t<\/div>\n\t\t\t\t<\/div>\n\t\t<div class=\"elementor-element elementor-element-2d15633 e-flex e-con-boxed e-con e-parent\" data-id=\"2d15633\" data-element_type=\"container\" data-e-type=\"container\">\n\t\t\t\t\t<div class=\"e-con-inner\">\n\t\t\t\t<div class=\"elementor-element elementor-element-d3e116a elementor-widget elementor-widget-spacer\" data-id=\"d3e116a\" data-element_type=\"widget\" data-e-type=\"widget\" data-widget_type=\"spacer.default\">\n\t\t\t\t<div class=\"elementor-widget-container\">\n\t\t\t\t\t\t\t<div class=\"elementor-spacer\">\n\t\t\t<div class=\"elementor-spacer-inner\"><\/div>\n\t\t<\/div>\n\t\t\t\t\t\t<\/div>\n\t\t\t\t<\/div>\n\t\t\t\t\t<\/div>\n\t\t\t\t<\/div>\n\t\t<div class=\"elementor-element elementor-element-aed3492 e-flex e-con-boxed e-con e-parent\" data-id=\"aed3492\" data-element_type=\"container\" data-e-type=\"container\">\n\t\t\t\t\t<div class=\"e-con-inner\">\n\t\t\t\t<div class=\"elementor-element elementor-element-27e1bc5 elementor-widget elementor-widget-heading\" data-id=\"27e1bc5\" data-element_type=\"widget\" data-e-type=\"widget\" data-widget_type=\"heading.default\">\n\t\t\t\t<div class=\"elementor-widget-container\">\n\t\t\t\t\t<h2 class=\"elementor-heading-title elementor-size-default\">\u00c9QUIPE<\/h2>\t\t\t\t<\/div>\n\t\t\t\t<\/div>\n\t\t\t\t\t<\/div>\n\t\t\t\t<\/div>\n\t\t<div class=\"elementor-element elementor-element-c212281 e-con-full e-flex e-con e-parent\" data-id=\"c212281\" data-element_type=\"container\" data-e-type=\"container\">\n\t\t<div class=\"elementor-element elementor-element-54a6e6a e-con-full e-flex e-con e-child\" data-id=\"54a6e6a\" data-element_type=\"container\" data-e-type=\"container\">\n\t\t\t\t<div class=\"elementor-element elementor-element-3817dd5 elementor-widget elementor-widget-text-editor\" data-id=\"3817dd5\" data-element_type=\"widget\" data-e-type=\"widget\" data-widget_type=\"text-editor.default\">\n\t\t\t\t<div class=\"elementor-widget-container\">\n\t\t\t\t\t\t\t\t\t<h4><strong>MARCELA PARRE\u00d1O<\/strong><\/h4><p>Coordinatrice DECE et Psychologue du Lyc\u00e9e<\/p>\t\t\t\t\t\t\t\t<\/div>\n\t\t\t\t<\/div>\n\t\t\t\t<div class=\"elementor-element elementor-element-af93ed8 elementor-widget elementor-widget-image\" data-id=\"af93ed8\" data-element_type=\"widget\" data-e-type=\"widget\" data-settings=\"{&quot;motion_fx_motion_fx_scrolling&quot;:&quot;yes&quot;,&quot;motion_fx_translateY_effect&quot;:&quot;yes&quot;,&quot;motion_fx_motion_fx_mouse&quot;:&quot;yes&quot;,&quot;motion_fx_translateY_speed&quot;:{&quot;unit&quot;:&quot;px&quot;,&quot;size&quot;:4,&quot;sizes&quot;:[]},&quot;motion_fx_translateY_affectedRange&quot;:{&quot;unit&quot;:&quot;%&quot;,&quot;size&quot;:&quot;&quot;,&quot;sizes&quot;:{&quot;start&quot;:0,&quot;end&quot;:100}},&quot;motion_fx_devices&quot;:[&quot;desktop&quot;,&quot;tablet&quot;,&quot;mobile&quot;]}\" data-widget_type=\"image.default\">\n\t\t\t\t<div class=\"elementor-widget-container\">\n\t\t\t\t\t\t\t\t\t\t\t\t\t\t\t<img decoding=\"async\" width=\"700\" height=\"700\" src=\"https:\/\/condamine.edu.ec\/wp-content\/uploads\/2024\/10\/Marcela_Parreno.png\" class=\"attachment-large size-large wp-image-21317\" alt=\"\" srcset=\"https:\/\/condamine.edu.ec\/wp-content\/uploads\/2024\/10\/Marcela_Parreno.png 700w, https:\/\/condamine.edu.ec\/wp-content\/uploads\/2024\/10\/Marcela_Parreno-300x300.png 300w, https:\/\/condamine.edu.ec\/wp-content\/uploads\/2024\/10\/Marcela_Parreno-150x150.png 150w, https:\/\/condamine.edu.ec\/wp-content\/uploads\/2024\/10\/Marcela_Parreno-370x370.png 370w, https:\/\/condamine.edu.ec\/wp-content\/uploads\/2024\/10\/Marcela_Parreno-460x460.png 460w\" sizes=\"(max-width: 700px) 100vw, 700px\" \/>\t\t\t\t\t\t\t\t\t\t\t\t\t\t\t<\/div>\n\t\t\t\t<\/div>\n\t\t\t\t<\/div>\n\t\t<div class=\"elementor-element elementor-element-cff6f2b e-con-full e-flex e-con e-child\" data-id=\"cff6f2b\" data-element_type=\"container\" data-e-type=\"container\">\n\t\t\t\t<div class=\"elementor-element elementor-element-ffa0553 elementor-widget elementor-widget-text-editor\" data-id=\"ffa0553\" data-element_type=\"widget\" data-e-type=\"widget\" data-widget_type=\"text-editor.default\">\n\t\t\t\t<div class=\"elementor-widget-container\">\n\t\t\t\t\t\t\t\t\t<h4><strong>NATHALIE S\u00c1NCHEZ<\/strong><\/h4><p>Psychologue de la TPS, Maternelle et du CP<\/p>\t\t\t\t\t\t\t\t<\/div>\n\t\t\t\t<\/div>\n\t\t\t\t<div class=\"elementor-element elementor-element-107a604 elementor-widget elementor-widget-image\" data-id=\"107a604\" data-element_type=\"widget\" data-e-type=\"widget\" data-settings=\"{&quot;motion_fx_motion_fx_scrolling&quot;:&quot;yes&quot;,&quot;motion_fx_translateY_effect&quot;:&quot;yes&quot;,&quot;motion_fx_motion_fx_mouse&quot;:&quot;yes&quot;,&quot;motion_fx_translateY_speed&quot;:{&quot;unit&quot;:&quot;px&quot;,&quot;size&quot;:4,&quot;sizes&quot;:[]},&quot;motion_fx_translateY_affectedRange&quot;:{&quot;unit&quot;:&quot;%&quot;,&quot;size&quot;:&quot;&quot;,&quot;sizes&quot;:{&quot;start&quot;:0,&quot;end&quot;:100}},&quot;motion_fx_devices&quot;:[&quot;desktop&quot;,&quot;tablet&quot;,&quot;mobile&quot;]}\" data-widget_type=\"image.default\">\n\t\t\t\t<div class=\"elementor-widget-container\">\n\t\t\t\t\t\t\t\t\t\t\t\t\t\t\t<img decoding=\"async\" width=\"700\" height=\"700\" src=\"https:\/\/condamine.edu.ec\/wp-content\/uploads\/2024\/10\/Nathalie_Sanchez.png\" class=\"attachment-large size-large wp-image-21320\" alt=\"\" srcset=\"https:\/\/condamine.edu.ec\/wp-content\/uploads\/2024\/10\/Nathalie_Sanchez.png 700w, https:\/\/condamine.edu.ec\/wp-content\/uploads\/2024\/10\/Nathalie_Sanchez-300x300.png 300w, https:\/\/condamine.edu.ec\/wp-content\/uploads\/2024\/10\/Nathalie_Sanchez-150x150.png 150w, https:\/\/condamine.edu.ec\/wp-content\/uploads\/2024\/10\/Nathalie_Sanchez-370x370.png 370w, https:\/\/condamine.edu.ec\/wp-content\/uploads\/2024\/10\/Nathalie_Sanchez-460x460.png 460w\" sizes=\"(max-width: 700px) 100vw, 700px\" \/>\t\t\t\t\t\t\t\t\t\t\t\t\t\t\t<\/div>\n\t\t\t\t<\/div>\n\t\t\t\t<\/div>\n\t\t<div class=\"elementor-element elementor-element-94da4ef e-con-full e-flex e-con e-child\" data-id=\"94da4ef\" data-element_type=\"container\" data-e-type=\"container\">\n\t\t\t\t<div class=\"elementor-element elementor-element-bcf0c67 elementor-widget elementor-widget-text-editor\" data-id=\"bcf0c67\" data-element_type=\"widget\" data-e-type=\"widget\" data-widget_type=\"text-editor.default\">\n\t\t\t\t<div class=\"elementor-widget-container\">\n\t\t\t\t\t\t\t\t\t<h4><strong>ANA MAR\u00cdA CARDOSO<\/strong><\/h4><p>Psychologue du Coll\u00e8ge (6\u00e8me \u00e0 3\u00e8me)<\/p>\t\t\t\t\t\t\t\t<\/div>\n\t\t\t\t<\/div>\n\t\t\t\t<div class=\"elementor-element elementor-element-e2a70d9 elementor-widget elementor-widget-image\" data-id=\"e2a70d9\" data-element_type=\"widget\" data-e-type=\"widget\" data-settings=\"{&quot;motion_fx_motion_fx_scrolling&quot;:&quot;yes&quot;,&quot;motion_fx_translateY_effect&quot;:&quot;yes&quot;,&quot;motion_fx_translateY_speed&quot;:{&quot;unit&quot;:&quot;px&quot;,&quot;size&quot;:4,&quot;sizes&quot;:[]},&quot;motion_fx_translateY_affectedRange&quot;:{&quot;unit&quot;:&quot;%&quot;,&quot;size&quot;:&quot;&quot;,&quot;sizes&quot;:{&quot;start&quot;:0,&quot;end&quot;:100}},&quot;motion_fx_devices&quot;:[&quot;desktop&quot;,&quot;tablet&quot;,&quot;mobile&quot;]}\" data-widget_type=\"image.default\">\n\t\t\t\t<div class=\"elementor-widget-container\">\n\t\t\t\t\t\t\t\t\t\t\t\t\t\t\t<img loading=\"lazy\" decoding=\"async\" width=\"700\" height=\"700\" src=\"https:\/\/condamine.edu.ec\/wp-content\/uploads\/2024\/10\/Ana_Maria_Cardoso.png\" class=\"attachment-large size-large wp-image-21314\" alt=\"\" srcset=\"https:\/\/condamine.edu.ec\/wp-content\/uploads\/2024\/10\/Ana_Maria_Cardoso.png 700w, https:\/\/condamine.edu.ec\/wp-content\/uploads\/2024\/10\/Ana_Maria_Cardoso-300x300.png 300w, https:\/\/condamine.edu.ec\/wp-content\/uploads\/2024\/10\/Ana_Maria_Cardoso-150x150.png 150w, https:\/\/condamine.edu.ec\/wp-content\/uploads\/2024\/10\/Ana_Maria_Cardoso-370x370.png 370w, https:\/\/condamine.edu.ec\/wp-content\/uploads\/2024\/10\/Ana_Maria_Cardoso-460x460.png 460w\" sizes=\"(max-width: 700px) 100vw, 700px\" \/>\t\t\t\t\t\t\t\t\t\t\t\t\t\t\t<\/div>\n\t\t\t\t<\/div>\n\t\t\t\t<\/div>\n\t\t<div class=\"elementor-element elementor-element-ed57436 e-con-full e-flex e-con e-child\" data-id=\"ed57436\" data-element_type=\"container\" data-e-type=\"container\">\n\t\t\t\t<div class=\"elementor-element elementor-element-f0551bf elementor-widget elementor-widget-text-editor\" data-id=\"f0551bf\" data-element_type=\"widget\" data-e-type=\"widget\" data-widget_type=\"text-editor.default\">\n\t\t\t\t<div class=\"elementor-widget-container\">\n\t\t\t\t\t\t\t\t\t<h5><strong>DIANA PALACIOS<\/strong><\/h5><p>Psychologue du Primaire (CE1 \u00e0 CM2)<\/p>\t\t\t\t\t\t\t\t<\/div>\n\t\t\t\t<\/div>\n\t\t\t\t<div class=\"elementor-element elementor-element-919b491 elementor-widget elementor-widget-image\" data-id=\"919b491\" data-element_type=\"widget\" data-e-type=\"widget\" data-settings=\"{&quot;motion_fx_motion_fx_scrolling&quot;:&quot;yes&quot;,&quot;motion_fx_translateY_effect&quot;:&quot;yes&quot;,&quot;motion_fx_motion_fx_mouse&quot;:&quot;yes&quot;,&quot;motion_fx_translateY_speed&quot;:{&quot;unit&quot;:&quot;px&quot;,&quot;size&quot;:4,&quot;sizes&quot;:[]},&quot;motion_fx_translateY_affectedRange&quot;:{&quot;unit&quot;:&quot;%&quot;,&quot;size&quot;:&quot;&quot;,&quot;sizes&quot;:{&quot;start&quot;:0,&quot;end&quot;:100}},&quot;motion_fx_devices&quot;:[&quot;desktop&quot;,&quot;tablet&quot;,&quot;mobile&quot;]}\" data-widget_type=\"image.default\">\n\t\t\t\t<div class=\"elementor-widget-container\">\n\t\t\t\t\t\t\t\t\t\t\t\t\t\t\t<img loading=\"lazy\" decoding=\"async\" width=\"700\" height=\"700\" src=\"https:\/\/condamine.edu.ec\/wp-content\/uploads\/2025\/09\/PALACIOS-DIANA.png\" class=\"attachment-large size-large wp-image-39412\" alt=\"\" srcset=\"https:\/\/condamine.edu.ec\/wp-content\/uploads\/2025\/09\/PALACIOS-DIANA.png 700w, https:\/\/condamine.edu.ec\/wp-content\/uploads\/2025\/09\/PALACIOS-DIANA-300x300.png 300w, https:\/\/condamine.edu.ec\/wp-content\/uploads\/2025\/09\/PALACIOS-DIANA-150x150.png 150w, https:\/\/condamine.edu.ec\/wp-content\/uploads\/2025\/09\/PALACIOS-DIANA-370x370.png 370w, https:\/\/condamine.edu.ec\/wp-content\/uploads\/2025\/09\/PALACIOS-DIANA-460x460.png 460w\" sizes=\"(max-width: 700px) 100vw, 700px\" \/>\t\t\t\t\t\t\t\t\t\t\t\t\t\t\t<\/div>\n\t\t\t\t<\/div>\n\t\t\t\t<\/div>\n\t\t\t\t<\/div>\n\t\t<div class=\"elementor-element elementor-element-c14f4f9 e-flex e-con-boxed e-con e-parent\" data-id=\"c14f4f9\" data-element_type=\"container\" data-e-type=\"container\">\n\t\t\t\t\t<div class=\"e-con-inner\">\n\t\t\t\t<div class=\"elementor-element elementor-element-42b2c1a elementor-widget elementor-widget-spacer\" data-id=\"42b2c1a\" data-element_type=\"widget\" data-e-type=\"widget\" data-widget_type=\"spacer.default\">\n\t\t\t\t<div class=\"elementor-widget-container\">\n\t\t\t\t\t\t\t<div class=\"elementor-spacer\">\n\t\t\t<div class=\"elementor-spacer-inner\"><\/div>\n\t\t<\/div>\n\t\t\t\t\t\t<\/div>\n\t\t\t\t<\/div>\n\t\t\t\t\t<\/div>\n\t\t\t\t<\/div>\n\t\t<div class=\"elementor-element elementor-element-e6c75a3 e-con-full e-flex e-con e-parent\" data-id=\"e6c75a3\" data-element_type=\"container\" data-e-type=\"container\">\n\t\t\t\t<div class=\"elementor-element elementor-element-3e68180 elementor-widget elementor-widget-heading\" data-id=\"3e68180\" data-element_type=\"widget\" data-e-type=\"widget\" data-widget_type=\"heading.default\">\n\t\t\t\t<div class=\"elementor-widget-container\">\n\t\t\t\t\t<h2 class=\"elementor-heading-title elementor-size-default\">FONCTIONS<\/h2>\t\t\t\t<\/div>\n\t\t\t\t<\/div>\n\t\t\t\t<\/div>\n\t\t<div class=\"elementor-element elementor-element-44bdce5 e-flex e-con-boxed e-con e-parent\" data-id=\"44bdce5\" data-element_type=\"container\" data-e-type=\"container\">\n\t\t\t\t\t<div class=\"e-con-inner\">\n\t\t<div class=\"elementor-element elementor-element-5981b2d e-con-full e-flex e-con e-child\" data-id=\"5981b2d\" data-element_type=\"container\" data-e-type=\"container\">\n\t\t\t\t<div class=\"elementor-element elementor-element-ff8211c elementor-widget elementor-widget-text-editor\" data-id=\"ff8211c\" data-element_type=\"widget\" data-e-type=\"widget\" data-widget_type=\"text-editor.default\">\n\t\t\t\t<div class=\"elementor-widget-container\">\n\t\t\t\t\t\t\t\t\t<ol class=\"n8H08c BKnRcf\"><li id=\"h.p_LvL8pMhy1MpA\" class=\"zfr3Q TYR86d\"><strong>Fonction pr\u00e9ventive<\/strong><\/li><li id=\"h.p_ceZ_zCWc1NUZ\" class=\"zfr3Q TYR86d\"><strong>Fonction d\u2019attention<\/strong><\/li><li id=\"h.p_Wmhz2JA_1NUf\" class=\"zfr3Q TYR86d\"><strong>Fonction de coordination<\/strong><\/li><li id=\"h.p_S03pdT9l1NUi\" class=\"zfr3Q TYR86d\"><strong>Fonction de m\u00e9diation<\/strong><\/li><li id=\"h.p_lwQgCe0Y1NUl\" class=\"zfr3Q TYR86d\"><strong>Fonction de suivi<\/strong><\/li><li id=\"h.p_mYGfDHFk1NUq\" class=\"zfr3Q TYR86d\"><strong>Fonction de supervision et d\u2019\u00e9valuation<\/strong><\/li><li id=\"h.p_VuTkr07F1NUt\" class=\"zfr3Q TYR86d\"><strong>Fonction de formation et d\u2019investigation.<\/strong><\/li><\/ol>\t\t\t\t\t\t\t\t<\/div>\n\t\t\t\t<\/div>\n\t\t\t\t<\/div>\n\t\t\t\t\t<\/div>\n\t\t\t\t<\/div>\n\t\t<div class=\"elementor-element elementor-element-a443599 e-flex e-con-boxed e-con e-parent\" data-id=\"a443599\" data-element_type=\"container\" data-e-type=\"container\">\n\t\t\t\t\t<div class=\"e-con-inner\">\n\t\t<div class=\"elementor-element elementor-element-b83e92a e-con-full e-flex e-con e-child\" data-id=\"b83e92a\" data-element_type=\"container\" data-e-type=\"container\">\n\t\t\t\t<div class=\"elementor-element elementor-element-929cc91 elementor-widget elementor-widget-text-editor\" data-id=\"929cc91\" data-element_type=\"widget\" data-e-type=\"widget\" data-widget_type=\"text-editor.default\">\n\t\t\t\t<div class=\"elementor-widget-container\">\n\t\t\t\t\t\t\t\t\t<p><strong>Le service de psychologie ou d\u00e9partement de conseil aux \u00e9tudiants (DECE)<\/strong>\u00a0est un service con\u00e7u pour remplir diverses fonctions au sein d\u2019un \u00e9tablissement scolaire.<\/p><p>\u00a0<\/p><p>L\u2019objectif de base d\u00e9sign\u00e9 par le Minist\u00e8re de l\u2019\u00c9ducation \u00e9quatorien pour le DECE est le suivant :\u00a0<strong>surveiller le bien-\u00eatre psychologique, cognitif et \u00e9motionnel des \u00e9l\u00e8ves.<\/strong><\/p><p>\u00a0<\/p><p>Pour cela, il faut garder \u00e0 l\u2019esprit les sept points suivants :<br \/><br \/><\/p><ol><li id=\"h.p_LvL8pMhy1MpA\" class=\"zfr3Q TYR86d\">Fonction pr\u00e9ventive<\/li><li id=\"h.p_ceZ_zCWc1NUZ\" class=\"zfr3Q TYR86d\">Fonction d\u2019attention<\/li><li id=\"h.p_Wmhz2JA_1NUf\" class=\"zfr3Q TYR86d\">Fonction de coordination<\/li><li id=\"h.p_S03pdT9l1NUi\" class=\"zfr3Q TYR86d\">Fonction de m\u00e9diation<\/li><li id=\"h.p_lwQgCe0Y1NUl\" class=\"zfr3Q TYR86d\">Fonction de suivi<\/li><li id=\"h.p_mYGfDHFk1NUq\" class=\"zfr3Q TYR86d\">Fonction de supervision et d\u2019\u00e9valuation<\/li><li id=\"h.p_VuTkr07F1NUt\" class=\"zfr3Q TYR86d\">Fonction de formation et d\u2019investigation.<\/li><\/ol><p>\u00a0<\/p><p><strong>La DECE n\u2019effectue pas de th\u00e9rapies au sein de l\u2019institution \u00e9ducative ni d\u2019\u00e9valuations psychop\u00e9dagogiques ou neuropsychologiques.<\/strong><br \/>D\u00e8s la d\u00e9tection d\u2019une difficult\u00e9, votre obligation est de faire appel \u00e0 un professionnel externe et de maintenir un contact r\u00e9gulier avec lui.<br \/>Transmettre les recommandations \u00e0 mettre en \u0153uvre en classe et \u00e0 son tour transmettre au professionnel les avanc\u00e9es ou les points de difficult\u00e9 de l\u2019\u00e9l\u00e8ve d\u00e8s le d\u00e9but du traitement.<\/p><p>\u00a0<\/p><p>L\u2019\u00e9coute attentive, respectueuse et active des diff\u00e9rents acteurs de la communaut\u00e9 \u00e9ducative permettant de passer la parole de mani\u00e8re fluide et efficace est notre priorit\u00e9.<\/p><p>\u00a0<\/p><p>Le DECE est compos\u00e9 de quatre professionnels dipl\u00f4m\u00e9s en psychologie :<br \/><br \/><\/p><ul><li>Nathalie S\u00c1NCHEZ :\u00a0 \u00a0 \u00a0 \u00a0 \u00a0 \u00a0 \u00a0TPS, Maternelle et CP (<a href=\"mailto:sanchez.nathalie@condamine.edu.ec\">sanchez.nathalie@condamine.edu.ec<\/a>)<\/li><li>Diana PALACIOS :\u00a0 \u00a0 \u00a0 \u00a0 \u00a0 \u00a0 \u00a0 \u00a0 \u00a0CE1 au CM2 \u00a0(<a href=\"mailto:palacios.diana@condamine.edu.ec\">palacios.diana@condamine.edu.ec<\/a>)<\/li><li>Ana Mar\u00eda CARDOSO :\u00a0 \u00a0 \u00a0 \u00a0 6e \u00e0 la 3e (<a href=\"mailto:cardoso.anamaria@condamine.edu.ec\">cardoso.anamaria@condamine.edu.ec<\/a>)<\/li><li>Marcela PARRE\u00d1O :\u00a0 \u00a0 \u00a0 \u00a0 \u00a0 \u00a0 \u00a0 2de \u00e0 la Terminale (<a href=\"mailto:parreno.marcela@condamine.edu.ec\">parreno.marcela@condamine.edu.ec<\/a>)<\/li><\/ul><p>\u00a0<\/p><p>Vous pouvez demander un rendez-vous par t\u00e9l\u00e9phone ou par courrier \u00e9lectronique.<\/p>\t\t\t\t\t\t\t\t<\/div>\n\t\t\t\t<\/div>\n\t\t\t\t<\/div>\n\t\t\t\t\t<\/div>\n\t\t\t\t<\/div>\n\t\t<div class=\"elementor-element elementor-element-e97d317 e-con-full e-flex e-con e-parent\" data-id=\"e97d317\" data-element_type=\"container\" data-e-type=\"container\">\n\t\t<div class=\"elementor-element elementor-element-8925d75 e-con-full e-flex e-con e-child\" data-id=\"8925d75\" data-element_type=\"container\" data-e-type=\"container\">\n\t\t\t\t<div class=\"elementor-element elementor-element-3be56ce elementor-widget elementor-widget-image\" data-id=\"3be56ce\" data-element_type=\"widget\" data-e-type=\"widget\" data-widget_type=\"image.default\">\n\t\t\t\t<div class=\"elementor-widget-container\">\n\t\t\t\t\t\t\t\t\t\t\t\t\t\t\t\t<a href=\"https:\/\/condamine.edu.ec\/wp-content\/uploads\/2025\/10\/CAPACITACION-RIESGOS-PSICOSOCIALES-FINAL.pdf\" target=\"_blank\">\n\t\t\t\t\t\t\t<img loading=\"lazy\" decoding=\"async\" width=\"113\" height=\"152\" src=\"https:\/\/condamine.edu.ec\/wp-content\/uploads\/2023\/12\/pdf-web.png\" class=\"attachment-large size-large wp-image-1021\" alt=\"\" \/>\t\t\t\t\t\t\t\t<\/a>\n\t\t\t\t\t\t\t\t\t\t\t\t\t\t\t<\/div>\n\t\t\t\t<\/div>\n\t\t\t\t<div class=\"elementor-element elementor-element-25ffcf2 elementor-widget elementor-widget-heading\" data-id=\"25ffcf2\" data-element_type=\"widget\" data-e-type=\"widget\" data-widget_type=\"heading.default\">\n\t\t\t\t<div class=\"elementor-widget-container\">\n\t\t\t\t\t<h4 class=\"elementor-heading-title elementor-size-default\"><a href=\"https:\/\/condamine.edu.ec\/wp-content\/uploads\/2025\/10\/CAPACITACION-RIESGOS-PSICOSOCIALES-FINAL.pdf\" target=\"_blank\">Rutas Ministeriales<\/a><\/h4>\t\t\t\t<\/div>\n\t\t\t\t<\/div>\n\t\t\t\t<\/div>\n\t\t\t\t<\/div>\n\t\t\t\t<\/div>\n\t\t","protected":false},"excerpt":{"rendered":"<p>D\u00c9PARTEMENT DE CONSEIL AUX \u00c9TUDIANTS (DECE) \u00c9QUIPE MARCELA PARRE\u00d1O Coordinatrice DECE et Psychologue du Lyc\u00e9e NATHALIE S\u00c1NCHEZ Psychologue de la TPS, Maternelle et du CP ANA MAR\u00cdA CARDOSO Psychologue du Coll\u00e8ge (6\u00e8me \u00e0 3\u00e8me) DIANA PALACIOS Psychologue du Primaire (CE1 \u00e0 CM2) FONCTIONS Fonction pr\u00e9ventive Fonction d\u2019attention Fonction de coordination Fonction de m\u00e9diation Fonction de [&hellip;]<\/p>\n","protected":false},"author":1,"featured_media":0,"parent":0,"menu_order":0,"comment_status":"closed","ping_status":"closed","template":"","meta":{"footnotes":""},"class_list":["post-10903","page","type-page","status-publish","hentry"],"_links":{"self":[{"href":"https:\/\/condamine.edu.ec\/index.php?rest_route=\/wp\/v2\/pages\/10903","targetHints":{"allow":["GET"]}}],"collection":[{"href":"https:\/\/condamine.edu.ec\/index.php?rest_route=\/wp\/v2\/pages"}],"about":[{"href":"https:\/\/condamine.edu.ec\/index.php?rest_route=\/wp\/v2\/types\/page"}],"author":[{"embeddable":true,"href":"https:\/\/condamine.edu.ec\/index.php?rest_route=\/wp\/v2\/users\/1"}],"replies":[{"embeddable":true,"href":"https:\/\/condamine.edu.ec\/index.php?rest_route=%2Fwp%2Fv2%2Fcomments&post=10903"}],"version-history":[{"count":26,"href":"https:\/\/condamine.edu.ec\/index.php?rest_route=\/wp\/v2\/pages\/10903\/revisions"}],"predecessor-version":[{"id":39884,"href":"https:\/\/condamine.edu.ec\/index.php?rest_route=\/wp\/v2\/pages\/10903\/revisions\/39884"}],"wp:attachment":[{"href":"https:\/\/condamine.edu.ec\/index.php?rest_route=%2Fwp%2Fv2%2Fmedia&parent=10903"}],"curies":[{"name":"wp","href":"https:\/\/api.w.org\/{rel}","templated":true}]}}