{"id":10889,"date":"2024-01-12T19:39:53","date_gmt":"2024-01-13T00:39:53","guid":{"rendered":"https:\/\/condamine.edu.ec\/?page_id=10889"},"modified":"2024-11-19T07:59:01","modified_gmt":"2024-11-19T12:59:01","slug":"service-medical","status":"publish","type":"page","link":"https:\/\/condamine.edu.ec\/?page_id=10889&lang=es","title":{"rendered":"Servicio M\u00e9dico"},"content":{"rendered":"\t\t<div data-elementor-type=\"wp-page\" data-elementor-id=\"10889\" class=\"elementor elementor-10889 elementor-10843\" data-elementor-post-type=\"page\">\n\t\t\t\t<div class=\"elementor-element elementor-element-6e5d2da e-flex e-con-boxed e-con e-parent\" data-id=\"6e5d2da\" data-element_type=\"container\" data-e-type=\"container\">\n\t\t\t\t\t<div class=\"e-con-inner\">\n\t\t\t\t<div class=\"elementor-element elementor-element-97f1126 elementor-widget elementor-widget-spacer\" data-id=\"97f1126\" data-element_type=\"widget\" data-e-type=\"widget\" data-widget_type=\"spacer.default\">\n\t\t\t\t<div class=\"elementor-widget-container\">\n\t\t\t\t\t\t\t<div class=\"elementor-spacer\">\n\t\t\t<div class=\"elementor-spacer-inner\"><\/div>\n\t\t<\/div>\n\t\t\t\t\t\t<\/div>\n\t\t\t\t<\/div>\n\t\t\t\t\t<\/div>\n\t\t\t\t<\/div>\n\t\t<div class=\"elementor-element elementor-element-1b409c2 e-con-full e-flex e-con e-parent\" data-id=\"1b409c2\" data-element_type=\"container\" data-e-type=\"container\">\n\t\t\t\t<div class=\"elementor-element elementor-element-b4280a7 elementor-widget elementor-widget-heading\" data-id=\"b4280a7\" data-element_type=\"widget\" data-e-type=\"widget\" data-widget_type=\"heading.default\">\n\t\t\t\t<div class=\"elementor-widget-container\">\n\t\t\t\t\t<h2 class=\"elementor-heading-title elementor-size-default\">Servicio M\u00e9dico<\/h2>\t\t\t\t<\/div>\n\t\t\t\t<\/div>\n\t\t\t\t<\/div>\n\t\t<div class=\"elementor-element elementor-element-c865c3d e-con-full e-flex e-con e-parent\" data-id=\"c865c3d\" data-element_type=\"container\" data-e-type=\"container\">\n\t\t<div class=\"elementor-element elementor-element-3c9153d e-con-full e-flex e-con e-child\" data-id=\"3c9153d\" data-element_type=\"container\" data-e-type=\"container\">\n\t\t\t\t<div class=\"elementor-element elementor-element-8586c2e elementor-widget elementor-widget-text-editor\" data-id=\"8586c2e\" data-element_type=\"widget\" data-e-type=\"widget\" data-widget_type=\"text-editor.default\">\n\t\t\t\t<div class=\"elementor-widget-container\">\n\t\t\t\t\t\t\t\t\t<p>La labor del Servicio M\u00e9dico Escolar est\u00e1 vinculada a los objetivos esenciales de la salud en la escuela a trav\u00e9s de la prevenci\u00f3n y promoci\u00f3n de la salud.<\/p><p>Nuestra misi\u00f3n es:<\/p><p>\u00a0<\/p><ul><li><strong>E<\/strong>structurar intervenciones que nos permitan anticipar el riesgo de enfermedades o accidentes a trav\u00e9s de la promoci\u00f3n y prevenci\u00f3n.<\/li><li><strong>D<\/strong>erivar de manera adecuada los problemas m\u00e9dicos encontrados a trav\u00e9s de los distintos instrumentos de salud.<\/li><li><strong>U<\/strong>tilizar herramientas que permitan incentivar la pr\u00e1ctica deportiva atrav\u00e9s de la prevenci\u00f3n y adaptaci\u00f3n al deporte y alimentaci\u00f3n saludable.<\/li><li><strong>C<\/strong>olaborar en la elaboraci\u00f3n de Protocolos de Atenci\u00f3n Individualizada (P.A.I.) o Protocolos especiales.<\/li><li><strong>A<\/strong>coger al alumno o trabajador que necesita cuidados f\u00edsicos, psicol\u00f3gicos o relacionales durante su estancia en el Colegio.<\/li><li><strong>R<\/strong>ol de asesora en materia de prevenci\u00f3n, educaci\u00f3n para la salud, higiene y seguridad con los directores del Colegio y jefaturas de establecimiento.<\/li><\/ul><p>\u00a0<\/p><p>Nuestra visi\u00f3n como Servicio M\u00e9dico, es ofrecer la mejor calidad y calidez de atenci\u00f3n dirigido de manera integral al estudiante y trabajador.<\/p>\t\t\t\t\t\t\t\t<\/div>\n\t\t\t\t<\/div>\n\t\t\t\t<\/div>\n\t\t\t\t<\/div>\n\t\t<div class=\"elementor-element elementor-element-7b59a90 e-flex e-con-boxed e-con e-parent\" data-id=\"7b59a90\" data-element_type=\"container\" data-e-type=\"container\">\n\t\t\t\t\t<div class=\"e-con-inner\">\n\t\t\t\t<div class=\"elementor-element elementor-element-f314553 elementor-widget elementor-widget-spacer\" data-id=\"f314553\" data-element_type=\"widget\" data-e-type=\"widget\" data-widget_type=\"spacer.default\">\n\t\t\t\t<div class=\"elementor-widget-container\">\n\t\t\t\t\t\t\t<div class=\"elementor-spacer\">\n\t\t\t<div class=\"elementor-spacer-inner\"><\/div>\n\t\t<\/div>\n\t\t\t\t\t\t<\/div>\n\t\t\t\t<\/div>\n\t\t\t\t\t<\/div>\n\t\t\t\t<\/div>\n\t\t<div class=\"elementor-element elementor-element-55603dc e-con-full e-flex e-con e-parent\" data-id=\"55603dc\" data-element_type=\"container\" data-e-type=\"container\">\n\t\t\t\t<div class=\"elementor-element elementor-element-443dec7 elementor-widget elementor-widget-heading\" data-id=\"443dec7\" data-element_type=\"widget\" data-e-type=\"widget\" data-widget_type=\"heading.default\">\n\t\t\t\t<div class=\"elementor-widget-container\">\n\t\t\t\t\t<h2 class=\"elementor-heading-title elementor-size-default\">Equipo<\/h2>\t\t\t\t<\/div>\n\t\t\t\t<\/div>\n\t\t\t\t<\/div>\n\t\t<div class=\"elementor-element elementor-element-720ab47 e-con-full e-flex e-con e-parent\" data-id=\"720ab47\" data-element_type=\"container\" data-e-type=\"container\">\n\t\t<div class=\"elementor-element elementor-element-4100b62 e-con-full e-flex e-con e-child\" data-id=\"4100b62\" data-element_type=\"container\" data-e-type=\"container\">\n\t\t\t\t<div class=\"elementor-element elementor-element-d6a39bc elementor-widget elementor-widget-text-editor\" data-id=\"d6a39bc\" data-element_type=\"widget\" data-e-type=\"widget\" data-widget_type=\"text-editor.default\">\n\t\t\t\t<div class=\"elementor-widget-container\">\n\t\t\t\t\t\t\t\t\t<h4><strong>MAR\u00cdA FERNANDA ROSERO<\/strong><\/h4><p>Responsable del servicio m\u00e9dico escolar<\/p>\t\t\t\t\t\t\t\t<\/div>\n\t\t\t\t<\/div>\n\t\t\t\t<div class=\"elementor-element elementor-element-0c565b3 elementor-widget elementor-widget-image\" data-id=\"0c565b3\" data-element_type=\"widget\" data-e-type=\"widget\" data-settings=\"{&quot;motion_fx_motion_fx_scrolling&quot;:&quot;yes&quot;,&quot;motion_fx_translateY_effect&quot;:&quot;yes&quot;,&quot;motion_fx_motion_fx_mouse&quot;:&quot;yes&quot;,&quot;motion_fx_translateY_speed&quot;:{&quot;unit&quot;:&quot;px&quot;,&quot;size&quot;:4,&quot;sizes&quot;:[]},&quot;motion_fx_translateY_affectedRange&quot;:{&quot;unit&quot;:&quot;%&quot;,&quot;size&quot;:&quot;&quot;,&quot;sizes&quot;:{&quot;start&quot;:0,&quot;end&quot;:100}},&quot;motion_fx_devices&quot;:[&quot;desktop&quot;,&quot;tablet&quot;,&quot;mobile&quot;]}\" data-widget_type=\"image.default\">\n\t\t\t\t<div class=\"elementor-widget-container\">\n\t\t\t\t\t\t\t\t\t\t\t\t\t\t\t<img fetchpriority=\"high\" decoding=\"async\" width=\"700\" height=\"700\" src=\"https:\/\/condamine.edu.ec\/wp-content\/uploads\/2024\/10\/Maria_Fernanda_Rosero.png\" class=\"attachment-large size-large wp-image-21506\" alt=\"\" srcset=\"https:\/\/condamine.edu.ec\/wp-content\/uploads\/2024\/10\/Maria_Fernanda_Rosero.png 700w, https:\/\/condamine.edu.ec\/wp-content\/uploads\/2024\/10\/Maria_Fernanda_Rosero-300x300.png 300w, https:\/\/condamine.edu.ec\/wp-content\/uploads\/2024\/10\/Maria_Fernanda_Rosero-150x150.png 150w, https:\/\/condamine.edu.ec\/wp-content\/uploads\/2024\/10\/Maria_Fernanda_Rosero-370x370.png 370w, https:\/\/condamine.edu.ec\/wp-content\/uploads\/2024\/10\/Maria_Fernanda_Rosero-460x460.png 460w\" sizes=\"(max-width: 700px) 100vw, 700px\" \/>\t\t\t\t\t\t\t\t\t\t\t\t\t\t\t<\/div>\n\t\t\t\t<\/div>\n\t\t\t\t<\/div>\n\t\t<div class=\"elementor-element elementor-element-9ac53a8 e-con-full e-flex e-con e-child\" data-id=\"9ac53a8\" data-element_type=\"container\" data-e-type=\"container\">\n\t\t\t\t<div class=\"elementor-element elementor-element-5c7bd19 elementor-widget elementor-widget-text-editor\" data-id=\"5c7bd19\" data-element_type=\"widget\" data-e-type=\"widget\" data-widget_type=\"text-editor.default\">\n\t\t\t\t<div class=\"elementor-widget-container\">\n\t\t\t\t\t\t\t\t\t<h4><strong>DANIELA MONTENEGRO<\/strong><\/h4><p>Responsable del servicio m\u00e9dico ocupacional<\/p>\t\t\t\t\t\t\t\t<\/div>\n\t\t\t\t<\/div>\n\t\t\t\t<div class=\"elementor-element elementor-element-6864095 elementor-widget elementor-widget-image\" data-id=\"6864095\" data-element_type=\"widget\" data-e-type=\"widget\" data-settings=\"{&quot;motion_fx_motion_fx_scrolling&quot;:&quot;yes&quot;,&quot;motion_fx_translateY_effect&quot;:&quot;yes&quot;,&quot;motion_fx_motion_fx_mouse&quot;:&quot;yes&quot;,&quot;motion_fx_translateY_speed&quot;:{&quot;unit&quot;:&quot;px&quot;,&quot;size&quot;:4,&quot;sizes&quot;:[]},&quot;motion_fx_translateY_affectedRange&quot;:{&quot;unit&quot;:&quot;%&quot;,&quot;size&quot;:&quot;&quot;,&quot;sizes&quot;:{&quot;start&quot;:0,&quot;end&quot;:100}},&quot;motion_fx_devices&quot;:[&quot;desktop&quot;,&quot;tablet&quot;,&quot;mobile&quot;]}\" data-widget_type=\"image.default\">\n\t\t\t\t<div class=\"elementor-widget-container\">\n\t\t\t\t\t\t\t\t\t\t\t\t\t\t\t<img decoding=\"async\" width=\"700\" height=\"700\" src=\"https:\/\/condamine.edu.ec\/wp-content\/uploads\/2024\/10\/Daniela_Montenegro.png\" class=\"attachment-large size-large wp-image-21500\" alt=\"\" srcset=\"https:\/\/condamine.edu.ec\/wp-content\/uploads\/2024\/10\/Daniela_Montenegro.png 700w, https:\/\/condamine.edu.ec\/wp-content\/uploads\/2024\/10\/Daniela_Montenegro-300x300.png 300w, https:\/\/condamine.edu.ec\/wp-content\/uploads\/2024\/10\/Daniela_Montenegro-150x150.png 150w, https:\/\/condamine.edu.ec\/wp-content\/uploads\/2024\/10\/Daniela_Montenegro-370x370.png 370w, https:\/\/condamine.edu.ec\/wp-content\/uploads\/2024\/10\/Daniela_Montenegro-460x460.png 460w\" sizes=\"(max-width: 700px) 100vw, 700px\" \/>\t\t\t\t\t\t\t\t\t\t\t\t\t\t\t<\/div>\n\t\t\t\t<\/div>\n\t\t\t\t<\/div>\n\t\t<div class=\"elementor-element elementor-element-5a090ed e-con-full e-flex e-con e-child\" data-id=\"5a090ed\" data-element_type=\"container\" data-e-type=\"container\">\n\t\t\t\t<div class=\"elementor-element elementor-element-3d231a1 elementor-widget elementor-widget-text-editor\" data-id=\"3d231a1\" data-element_type=\"widget\" data-e-type=\"widget\" data-widget_type=\"text-editor.default\">\n\t\t\t\t<div class=\"elementor-widget-container\">\n\t\t\t\t\t\t\t\t\t<h4><strong>JENNY FREIRE<\/strong><\/h4><p>Enfermera del servicio m\u00e9dico escolar<\/p>\t\t\t\t\t\t\t\t<\/div>\n\t\t\t\t<\/div>\n\t\t\t\t<div class=\"elementor-element elementor-element-28b59a9 elementor-widget elementor-widget-image\" data-id=\"28b59a9\" data-element_type=\"widget\" data-e-type=\"widget\" data-settings=\"{&quot;motion_fx_motion_fx_scrolling&quot;:&quot;yes&quot;,&quot;motion_fx_translateY_effect&quot;:&quot;yes&quot;,&quot;motion_fx_translateY_speed&quot;:{&quot;unit&quot;:&quot;px&quot;,&quot;size&quot;:4,&quot;sizes&quot;:[]},&quot;motion_fx_translateY_affectedRange&quot;:{&quot;unit&quot;:&quot;%&quot;,&quot;size&quot;:&quot;&quot;,&quot;sizes&quot;:{&quot;start&quot;:0,&quot;end&quot;:100}},&quot;motion_fx_devices&quot;:[&quot;desktop&quot;,&quot;tablet&quot;,&quot;mobile&quot;]}\" data-widget_type=\"image.default\">\n\t\t\t\t<div class=\"elementor-widget-container\">\n\t\t\t\t\t\t\t\t\t\t\t\t\t\t\t<img decoding=\"async\" width=\"700\" height=\"700\" src=\"https:\/\/condamine.edu.ec\/wp-content\/uploads\/2024\/10\/Jenny_Freire.png\" class=\"attachment-large size-large wp-image-21503\" alt=\"\" srcset=\"https:\/\/condamine.edu.ec\/wp-content\/uploads\/2024\/10\/Jenny_Freire.png 700w, https:\/\/condamine.edu.ec\/wp-content\/uploads\/2024\/10\/Jenny_Freire-300x300.png 300w, https:\/\/condamine.edu.ec\/wp-content\/uploads\/2024\/10\/Jenny_Freire-150x150.png 150w, https:\/\/condamine.edu.ec\/wp-content\/uploads\/2024\/10\/Jenny_Freire-370x370.png 370w, https:\/\/condamine.edu.ec\/wp-content\/uploads\/2024\/10\/Jenny_Freire-460x460.png 460w\" sizes=\"(max-width: 700px) 100vw, 700px\" \/>\t\t\t\t\t\t\t\t\t\t\t\t\t\t\t<\/div>\n\t\t\t\t<\/div>\n\t\t\t\t<\/div>\n\t\t<div class=\"elementor-element elementor-element-3908505 e-con-full e-flex e-con e-child\" data-id=\"3908505\" data-element_type=\"container\" data-e-type=\"container\">\n\t\t\t\t<div class=\"elementor-element elementor-element-24556a6 elementor-widget elementor-widget-text-editor\" data-id=\"24556a6\" data-element_type=\"widget\" data-e-type=\"widget\" data-widget_type=\"text-editor.default\">\n\t\t\t\t<div class=\"elementor-widget-container\">\n\t\t\t\t\t\t\t\t\t<h5><strong>VIRGINIA ANDRADE<\/strong><\/h5><p>Enfermera del servicio m\u00e9dico ocupacional<\/p>\t\t\t\t\t\t\t\t<\/div>\n\t\t\t\t<\/div>\n\t\t\t\t<div class=\"elementor-element elementor-element-6f6c4ee elementor-widget elementor-widget-image\" data-id=\"6f6c4ee\" data-element_type=\"widget\" data-e-type=\"widget\" data-settings=\"{&quot;motion_fx_motion_fx_scrolling&quot;:&quot;yes&quot;,&quot;motion_fx_translateY_effect&quot;:&quot;yes&quot;,&quot;motion_fx_motion_fx_mouse&quot;:&quot;yes&quot;,&quot;motion_fx_translateY_speed&quot;:{&quot;unit&quot;:&quot;px&quot;,&quot;size&quot;:4,&quot;sizes&quot;:[]},&quot;motion_fx_translateY_affectedRange&quot;:{&quot;unit&quot;:&quot;%&quot;,&quot;size&quot;:&quot;&quot;,&quot;sizes&quot;:{&quot;start&quot;:0,&quot;end&quot;:100}},&quot;motion_fx_devices&quot;:[&quot;desktop&quot;,&quot;tablet&quot;,&quot;mobile&quot;]}\" data-widget_type=\"image.default\">\n\t\t\t\t<div class=\"elementor-widget-container\">\n\t\t\t\t\t\t\t\t\t\t\t\t\t\t\t<img loading=\"lazy\" decoding=\"async\" width=\"700\" height=\"700\" src=\"https:\/\/condamine.edu.ec\/wp-content\/uploads\/2024\/10\/Virginia_Andrade.png\" class=\"attachment-large size-large wp-image-21497\" alt=\"\" srcset=\"https:\/\/condamine.edu.ec\/wp-content\/uploads\/2024\/10\/Virginia_Andrade.png 700w, https:\/\/condamine.edu.ec\/wp-content\/uploads\/2024\/10\/Virginia_Andrade-300x300.png 300w, https:\/\/condamine.edu.ec\/wp-content\/uploads\/2024\/10\/Virginia_Andrade-150x150.png 150w, https:\/\/condamine.edu.ec\/wp-content\/uploads\/2024\/10\/Virginia_Andrade-370x370.png 370w, https:\/\/condamine.edu.ec\/wp-content\/uploads\/2024\/10\/Virginia_Andrade-460x460.png 460w\" sizes=\"(max-width: 700px) 100vw, 700px\" \/>\t\t\t\t\t\t\t\t\t\t\t\t\t\t\t<\/div>\n\t\t\t\t<\/div>\n\t\t\t\t<\/div>\n\t\t\t\t<\/div>\n\t\t<div class=\"elementor-element elementor-element-82c6df4 e-flex e-con-boxed e-con e-parent\" data-id=\"82c6df4\" data-element_type=\"container\" data-e-type=\"container\">\n\t\t\t\t\t<div class=\"e-con-inner\">\n\t\t\t\t<div class=\"elementor-element elementor-element-3ba5085 elementor-widget elementor-widget-spacer\" data-id=\"3ba5085\" data-element_type=\"widget\" data-e-type=\"widget\" data-widget_type=\"spacer.default\">\n\t\t\t\t<div class=\"elementor-widget-container\">\n\t\t\t\t\t\t\t<div class=\"elementor-spacer\">\n\t\t\t<div class=\"elementor-spacer-inner\"><\/div>\n\t\t<\/div>\n\t\t\t\t\t\t<\/div>\n\t\t\t\t<\/div>\n\t\t\t\t\t<\/div>\n\t\t\t\t<\/div>\n\t\t<div class=\"elementor-element elementor-element-c5260c4 e-flex e-con-boxed e-con e-parent\" data-id=\"c5260c4\" data-element_type=\"container\" data-e-type=\"container\" data-settings=\"{&quot;background_background&quot;:&quot;classic&quot;}\">\n\t\t\t\t\t<div class=\"e-con-inner\">\n\t\t<div class=\"elementor-element elementor-element-6926cee e-con-full e-flex e-con e-child\" data-id=\"6926cee\" data-element_type=\"container\" data-e-type=\"container\">\n\t\t\t\t<div class=\"elementor-element elementor-element-b89b97d elementor-widget elementor-widget-heading\" data-id=\"b89b97d\" data-element_type=\"widget\" data-e-type=\"widget\" data-widget_type=\"heading.default\">\n\t\t\t\t<div class=\"elementor-widget-container\">\n\t\t\t\t\t<h2 class=\"elementor-heading-title elementor-size-default\">Contactar al servicio m\u00e9dico:<\/h2>\t\t\t\t<\/div>\n\t\t\t\t<\/div>\n\t\t\t\t<\/div>\n\t\t<div class=\"elementor-element elementor-element-04f51b5 e-con-full e-flex e-con e-child\" data-id=\"04f51b5\" data-element_type=\"container\" data-e-type=\"container\">\n\t\t\t\t<div class=\"elementor-element elementor-element-1bd3f80 elementor-widget elementor-widget-heading\" data-id=\"1bd3f80\" data-element_type=\"widget\" data-e-type=\"widget\" data-widget_type=\"heading.default\">\n\t\t\t\t<div class=\"elementor-widget-container\">\n\t\t\t\t\t<h2 class=\"elementor-heading-title elementor-size-default\"><a href=\"mailto:service.medical@condamine.edu.ec\">service.medical@condamine.edu.ec<\/a><\/h2>\t\t\t\t<\/div>\n\t\t\t\t<\/div>\n\t\t\t\t<\/div>\n\t\t\t\t\t<\/div>\n\t\t\t\t<\/div>\n\t\t<div class=\"elementor-element elementor-element-681dcf3 e-flex e-con-boxed e-con e-parent\" data-id=\"681dcf3\" data-element_type=\"container\" data-e-type=\"container\">\n\t\t\t\t\t<div class=\"e-con-inner\">\n\t\t\t\t<div class=\"elementor-element elementor-element-26b525a elementor-widget elementor-widget-spacer\" data-id=\"26b525a\" data-element_type=\"widget\" data-e-type=\"widget\" data-widget_type=\"spacer.default\">\n\t\t\t\t<div class=\"elementor-widget-container\">\n\t\t\t\t\t\t\t<div class=\"elementor-spacer\">\n\t\t\t<div class=\"elementor-spacer-inner\"><\/div>\n\t\t<\/div>\n\t\t\t\t\t\t<\/div>\n\t\t\t\t<\/div>\n\t\t\t\t\t<\/div>\n\t\t\t\t<\/div>\n\t\t<div class=\"elementor-element elementor-element-70827d8 e-con-full e-flex e-con e-parent\" data-id=\"70827d8\" data-element_type=\"container\" data-e-type=\"container\" data-settings=\"{&quot;background_background&quot;:&quot;classic&quot;}\">\n\t\t<div class=\"elementor-element elementor-element-65e7a25 e-con-full e-flex e-con e-child\" data-id=\"65e7a25\" data-element_type=\"container\" data-e-type=\"container\">\n\t\t\t\t<div class=\"elementor-element elementor-element-ce286db elementor-widget elementor-widget-heading\" data-id=\"ce286db\" data-element_type=\"widget\" data-e-type=\"widget\" data-widget_type=\"heading.default\">\n\t\t\t\t<div class=\"elementor-widget-container\">\n\t\t\t\t\t<h2 class=\"elementor-heading-title elementor-size-default\">Medicina Escolar<\/h2>\t\t\t\t<\/div>\n\t\t\t\t<\/div>\n\t\t\t\t<\/div>\n\t\t\t\t<\/div>\n\t\t<div class=\"elementor-element elementor-element-2f553eb e-flex e-con-boxed e-con e-parent\" data-id=\"2f553eb\" data-element_type=\"container\" data-e-type=\"container\">\n\t\t\t\t\t<div class=\"e-con-inner\">\n\t\t\t\t<div class=\"elementor-element elementor-element-0040309 elementor-widget elementor-widget-spacer\" data-id=\"0040309\" data-element_type=\"widget\" data-e-type=\"widget\" data-widget_type=\"spacer.default\">\n\t\t\t\t<div class=\"elementor-widget-container\">\n\t\t\t\t\t\t\t<div class=\"elementor-spacer\">\n\t\t\t<div class=\"elementor-spacer-inner\"><\/div>\n\t\t<\/div>\n\t\t\t\t\t\t<\/div>\n\t\t\t\t<\/div>\n\t\t\t\t\t<\/div>\n\t\t\t\t<\/div>\n\t\t<div class=\"elementor-element elementor-element-a7741f4 e-con-full e-flex e-con e-parent\" data-id=\"a7741f4\" data-element_type=\"container\" data-e-type=\"container\">\n\t\t\t\t<div class=\"elementor-element elementor-element-b457cb1 elementor-widget elementor-widget-heading\" data-id=\"b457cb1\" data-element_type=\"widget\" data-e-type=\"widget\" data-widget_type=\"heading.default\">\n\t\t\t\t<div class=\"elementor-widget-container\">\n\t\t\t\t\t<h2 class=\"elementor-heading-title elementor-size-default\">Protocolo para la Covid-19<\/h2>\t\t\t\t<\/div>\n\t\t\t\t<\/div>\n\t\t\t\t<\/div>\n\t\t<div class=\"elementor-element elementor-element-2d6908f e-flex e-con-boxed e-con e-parent\" data-id=\"2d6908f\" data-element_type=\"container\" data-e-type=\"container\">\n\t\t\t\t\t<div class=\"e-con-inner\">\n\t\t<div class=\"elementor-element elementor-element-ded6400 e-con-full e-flex e-con e-child\" data-id=\"ded6400\" data-element_type=\"container\" data-e-type=\"container\">\n\t\t\t\t<div class=\"elementor-element elementor-element-f553a20 elementor-widget elementor-widget-image\" data-id=\"f553a20\" data-element_type=\"widget\" data-e-type=\"widget\" data-widget_type=\"image.default\">\n\t\t\t\t<div class=\"elementor-widget-container\">\n\t\t\t\t\t\t\t\t\t\t\t\t\t\t\t\t<a href=\"https:\/\/condamine.edu.ec\/wp-content\/uploads\/2024\/01\/PROTOCOLO-PARA-LA-COVID_ALUMNOS.pdf\">\n\t\t\t\t\t\t\t<img loading=\"lazy\" decoding=\"async\" width=\"113\" height=\"152\" src=\"https:\/\/condamine.edu.ec\/wp-content\/uploads\/2023\/12\/pdf-web.png\" class=\"attachment-large size-large wp-image-1022\" alt=\"\" \/>\t\t\t\t\t\t\t\t<\/a>\n\t\t\t\t\t\t\t\t\t\t\t\t\t\t\t<\/div>\n\t\t\t\t<\/div>\n\t\t\t\t<div class=\"elementor-element elementor-element-3953122 elementor-widget elementor-widget-heading\" data-id=\"3953122\" data-element_type=\"widget\" data-e-type=\"widget\" data-widget_type=\"heading.default\">\n\t\t\t\t<div class=\"elementor-widget-container\">\n\t\t\t\t\t<h4 class=\"elementor-heading-title elementor-size-default\">PROTOCOLO COVID-19<\/h4>\t\t\t\t<\/div>\n\t\t\t\t<\/div>\n\t\t\t\t<\/div>\n\t\t\t\t\t<\/div>\n\t\t\t\t<\/div>\n\t\t<div class=\"elementor-element elementor-element-75f1803 e-flex e-con-boxed e-con e-parent\" data-id=\"75f1803\" data-element_type=\"container\" data-e-type=\"container\">\n\t\t\t\t\t<div class=\"e-con-inner\">\n\t\t\t\t<div class=\"elementor-element elementor-element-ec56f14 elementor-widget elementor-widget-spacer\" data-id=\"ec56f14\" data-element_type=\"widget\" data-e-type=\"widget\" data-widget_type=\"spacer.default\">\n\t\t\t\t<div class=\"elementor-widget-container\">\n\t\t\t\t\t\t\t<div class=\"elementor-spacer\">\n\t\t\t<div class=\"elementor-spacer-inner\"><\/div>\n\t\t<\/div>\n\t\t\t\t\t\t<\/div>\n\t\t\t\t<\/div>\n\t\t\t\t\t<\/div>\n\t\t\t\t<\/div>\n\t\t<div class=\"elementor-element elementor-element-2a7e41e e-con-full e-flex e-con e-parent\" data-id=\"2a7e41e\" data-element_type=\"container\" data-e-type=\"container\">\n\t\t\t\t<div class=\"elementor-element elementor-element-94eb3a8 elementor-widget elementor-widget-heading\" data-id=\"94eb3a8\" data-element_type=\"widget\" data-e-type=\"widget\" data-widget_type=\"heading.default\">\n\t\t\t\t<div class=\"elementor-widget-container\">\n\t\t\t\t\t<h2 class=\"elementor-heading-title elementor-size-default\">Medidas preventivas para la viruela del mono<\/h2>\t\t\t\t<\/div>\n\t\t\t\t<\/div>\n\t\t\t\t<\/div>\n\t\t<div class=\"elementor-element elementor-element-d5be2ba e-flex e-con-boxed e-con e-parent\" data-id=\"d5be2ba\" data-element_type=\"container\" data-e-type=\"container\">\n\t\t\t\t\t<div class=\"e-con-inner\">\n\t\t<div class=\"elementor-element elementor-element-e5a9e32 e-con-full e-flex e-con e-child\" data-id=\"e5a9e32\" data-element_type=\"container\" data-e-type=\"container\">\n\t\t\t\t<div class=\"elementor-element elementor-element-8924697 elementor-widget elementor-widget-image\" data-id=\"8924697\" data-element_type=\"widget\" data-e-type=\"widget\" data-widget_type=\"image.default\">\n\t\t\t\t<div class=\"elementor-widget-container\">\n\t\t\t\t\t\t\t\t\t\t\t\t\t\t\t\t<a href=\"https:\/\/condamine.edu.ec\/wp-content\/uploads\/2024\/01\/medidas-sistema-educativo-viruela-del-mono.pdf\">\n\t\t\t\t\t\t\t<img loading=\"lazy\" decoding=\"async\" width=\"113\" height=\"152\" src=\"https:\/\/condamine.edu.ec\/wp-content\/uploads\/2023\/12\/pdf-web.png\" class=\"attachment-large size-large wp-image-1022\" alt=\"\" \/>\t\t\t\t\t\t\t\t<\/a>\n\t\t\t\t\t\t\t\t\t\t\t\t\t\t\t<\/div>\n\t\t\t\t<\/div>\n\t\t\t\t<div class=\"elementor-element elementor-element-7cb89a2 elementor-widget elementor-widget-heading\" data-id=\"7cb89a2\" data-element_type=\"widget\" data-e-type=\"widget\" data-widget_type=\"heading.default\">\n\t\t\t\t<div class=\"elementor-widget-container\">\n\t\t\t\t\t<h4 class=\"elementor-heading-title elementor-size-default\">MEDIDAS PREVENTIVAS\nVIRUELA DEL MONO<\/h4>\t\t\t\t<\/div>\n\t\t\t\t<\/div>\n\t\t\t\t<\/div>\n\t\t\t\t\t<\/div>\n\t\t\t\t<\/div>\n\t\t\t\t<\/div>\n\t\t","protected":false},"excerpt":{"rendered":"<p>Servicio M\u00e9dico La labor del Servicio M\u00e9dico Escolar est\u00e1 vinculada a los objetivos esenciales de la salud en la escuela a trav\u00e9s de la prevenci\u00f3n y promoci\u00f3n de la salud. Nuestra misi\u00f3n es: \u00a0 Estructurar intervenciones que nos permitan anticipar el riesgo de enfermedades o accidentes a trav\u00e9s de la promoci\u00f3n y prevenci\u00f3n. Derivar de [&hellip;]<\/p>\n","protected":false},"author":1,"featured_media":0,"parent":0,"menu_order":0,"comment_status":"closed","ping_status":"closed","template":"","meta":{"footnotes":""},"class_list":["post-10889","page","type-page","status-publish","hentry"],"_links":{"self":[{"href":"https:\/\/condamine.edu.ec\/index.php?rest_route=\/wp\/v2\/pages\/10889","targetHints":{"allow":["GET"]}}],"collection":[{"href":"https:\/\/condamine.edu.ec\/index.php?rest_route=\/wp\/v2\/pages"}],"about":[{"href":"https:\/\/condamine.edu.ec\/index.php?rest_route=\/wp\/v2\/types\/page"}],"author":[{"embeddable":true,"href":"https:\/\/condamine.edu.ec\/index.php?rest_route=\/wp\/v2\/users\/1"}],"replies":[{"embeddable":true,"href":"https:\/\/condamine.edu.ec\/index.php?rest_route=%2Fwp%2Fv2%2Fcomments&post=10889"}],"version-history":[{"count":25,"href":"https:\/\/condamine.edu.ec\/index.php?rest_route=\/wp\/v2\/pages\/10889\/revisions"}],"predecessor-version":[{"id":24526,"href":"https:\/\/condamine.edu.ec\/index.php?rest_route=\/wp\/v2\/pages\/10889\/revisions\/24526"}],"wp:attachment":[{"href":"https:\/\/condamine.edu.ec\/index.php?rest_route=%2Fwp%2Fv2%2Fmedia&parent=10889"}],"curies":[{"name":"wp","href":"https:\/\/api.w.org\/{rel}","templated":true}]}}