{"id":10835,"date":"2024-01-12T19:07:50","date_gmt":"2024-01-13T00:07:50","guid":{"rendered":"https:\/\/condamine.edu.ec\/?page_id=10835"},"modified":"2025-09-05T11:28:39","modified_gmt":"2025-09-05T16:28:39","slug":"transport-scolaire","status":"publish","type":"page","link":"https:\/\/condamine.edu.ec\/?page_id=10835&lang=es","title":{"rendered":"Transporte Escolar"},"content":{"rendered":"\t\t<div data-elementor-type=\"wp-page\" data-elementor-id=\"10835\" class=\"elementor elementor-10835 elementor-10825\" data-elementor-post-type=\"page\">\n\t\t\t\t<div class=\"elementor-element elementor-element-6e5d2da e-flex e-con-boxed e-con e-parent\" data-id=\"6e5d2da\" data-element_type=\"container\" data-e-type=\"container\">\n\t\t\t\t\t<div class=\"e-con-inner\">\n\t\t\t\t<div class=\"elementor-element elementor-element-97f1126 elementor-widget elementor-widget-spacer\" data-id=\"97f1126\" data-element_type=\"widget\" data-e-type=\"widget\" data-widget_type=\"spacer.default\">\n\t\t\t\t<div class=\"elementor-widget-container\">\n\t\t\t\t\t\t\t<div class=\"elementor-spacer\">\n\t\t\t<div class=\"elementor-spacer-inner\"><\/div>\n\t\t<\/div>\n\t\t\t\t\t\t<\/div>\n\t\t\t\t<\/div>\n\t\t\t\t\t<\/div>\n\t\t\t\t<\/div>\n\t\t<div class=\"elementor-element elementor-element-1b409c2 e-con-full e-flex e-con e-parent\" data-id=\"1b409c2\" data-element_type=\"container\" data-e-type=\"container\">\n\t\t\t\t<div class=\"elementor-element elementor-element-b4280a7 elementor-widget elementor-widget-heading\" data-id=\"b4280a7\" data-element_type=\"widget\" data-e-type=\"widget\" data-widget_type=\"heading.default\">\n\t\t\t\t<div class=\"elementor-widget-container\">\n\t\t\t\t\t<h2 class=\"elementor-heading-title elementor-size-default\">Transporte Escolar<\/h2>\t\t\t\t<\/div>\n\t\t\t\t<\/div>\n\t\t\t\t<\/div>\n\t\t<div class=\"elementor-element elementor-element-532d537 e-flex e-con-boxed e-con e-parent\" data-id=\"532d537\" data-element_type=\"container\" data-e-type=\"container\">\n\t\t\t\t\t<div class=\"e-con-inner\">\n\t\t\t\t<div class=\"elementor-element elementor-element-cc07c4c elementor-widget elementor-widget-spacer\" data-id=\"cc07c4c\" data-element_type=\"widget\" data-e-type=\"widget\" data-widget_type=\"spacer.default\">\n\t\t\t\t<div class=\"elementor-widget-container\">\n\t\t\t\t\t\t\t<div class=\"elementor-spacer\">\n\t\t\t<div class=\"elementor-spacer-inner\"><\/div>\n\t\t<\/div>\n\t\t\t\t\t\t<\/div>\n\t\t\t\t<\/div>\n\t\t\t\t\t<\/div>\n\t\t\t\t<\/div>\n\t\t<div class=\"elementor-element elementor-element-6b9fbbf e-con-full e-flex e-con e-parent\" data-id=\"6b9fbbf\" data-element_type=\"container\" data-e-type=\"container\">\n\t\t<div class=\"elementor-element elementor-element-3eed7d6 e-con-full e-flex e-con e-child\" data-id=\"3eed7d6\" data-element_type=\"container\" data-e-type=\"container\">\n\t\t\t\t<div class=\"elementor-element elementor-element-d54e990 elementor-widget elementor-widget-text-editor\" data-id=\"d54e990\" data-element_type=\"widget\" data-e-type=\"widget\" data-widget_type=\"text-editor.default\">\n\t\t\t\t<div class=\"elementor-widget-container\">\n\t\t\t\t\t\t\t\t\t<p>Ofrecemos un servicio de transporte seguro y fiable, totalmente dedicado a la seguridad de nuestros alumnos. Cada veh\u00edculo es inspeccionado regularmente para garantizar que cumple con todas las normas de seguridad requeridas para el transporte escolar. Damos servicio a toda la ciudad de Quito y sus valles, garantizando un viaje seguro y c\u00f3modo para todos nuestros alumnos.<\/p>\t\t\t\t\t\t\t\t<\/div>\n\t\t\t\t<\/div>\n\t\t\t\t<\/div>\n\t\t\t\t<\/div>\n\t\t<div class=\"elementor-element elementor-element-4b32c38 e-con-full e-flex e-con e-parent\" data-id=\"4b32c38\" data-element_type=\"container\" data-e-type=\"container\">\n\t\t\t\t<div class=\"elementor-element elementor-element-48be0dd elementor-widget elementor-widget-heading\" data-id=\"48be0dd\" data-element_type=\"widget\" data-e-type=\"widget\" data-widget_type=\"heading.default\">\n\t\t\t\t<div class=\"elementor-widget-container\">\n\t\t\t\t\t<h2 class=\"elementor-heading-title elementor-size-default\">Equipo<\/h2>\t\t\t\t<\/div>\n\t\t\t\t<\/div>\n\t\t\t\t<\/div>\n\t\t<div class=\"elementor-element elementor-element-c58b45f e-con-full e-flex e-con e-parent\" data-id=\"c58b45f\" data-element_type=\"container\" data-e-type=\"container\">\n\t\t<div class=\"elementor-element elementor-element-821bac6 e-con-full e-flex e-con e-child\" data-id=\"821bac6\" data-element_type=\"container\" data-e-type=\"container\">\n\t\t\t\t<div class=\"elementor-element elementor-element-8bc7079 elementor-widget elementor-widget-text-editor\" data-id=\"8bc7079\" data-element_type=\"widget\" data-e-type=\"widget\" data-widget_type=\"text-editor.default\">\n\t\t\t\t<div class=\"elementor-widget-container\">\n\t\t\t\t\t\t\t\t\t<h4><strong>VINICIO GODOY<\/strong><\/h4><p><span style=\"text-align: left;\">Responsable del servicio de transporte<\/span><\/p>\t\t\t\t\t\t\t\t<\/div>\n\t\t\t\t<\/div>\n\t\t\t\t<div class=\"elementor-element elementor-element-b90afb6 elementor-widget elementor-widget-image\" data-id=\"b90afb6\" data-element_type=\"widget\" data-e-type=\"widget\" data-settings=\"{&quot;motion_fx_motion_fx_scrolling&quot;:&quot;yes&quot;,&quot;motion_fx_translateY_effect&quot;:&quot;yes&quot;,&quot;motion_fx_motion_fx_mouse&quot;:&quot;yes&quot;,&quot;motion_fx_translateY_speed&quot;:{&quot;unit&quot;:&quot;px&quot;,&quot;size&quot;:4,&quot;sizes&quot;:[]},&quot;motion_fx_translateY_affectedRange&quot;:{&quot;unit&quot;:&quot;%&quot;,&quot;size&quot;:&quot;&quot;,&quot;sizes&quot;:{&quot;start&quot;:0,&quot;end&quot;:100}},&quot;motion_fx_devices&quot;:[&quot;desktop&quot;,&quot;tablet&quot;,&quot;mobile&quot;]}\" data-widget_type=\"image.default\">\n\t\t\t\t<div class=\"elementor-widget-container\">\n\t\t\t\t\t\t\t\t\t\t\t\t\t\t\t<img fetchpriority=\"high\" decoding=\"async\" width=\"700\" height=\"700\" src=\"https:\/\/condamine.edu.ec\/wp-content\/uploads\/2024\/10\/Vinicio-Godoy.png\" class=\"attachment-large size-large wp-image-21513\" alt=\"\" srcset=\"https:\/\/condamine.edu.ec\/wp-content\/uploads\/2024\/10\/Vinicio-Godoy.png 700w, https:\/\/condamine.edu.ec\/wp-content\/uploads\/2024\/10\/Vinicio-Godoy-300x300.png 300w, https:\/\/condamine.edu.ec\/wp-content\/uploads\/2024\/10\/Vinicio-Godoy-150x150.png 150w, https:\/\/condamine.edu.ec\/wp-content\/uploads\/2024\/10\/Vinicio-Godoy-370x370.png 370w, https:\/\/condamine.edu.ec\/wp-content\/uploads\/2024\/10\/Vinicio-Godoy-460x460.png 460w\" sizes=\"(max-width: 700px) 100vw, 700px\" \/>\t\t\t\t\t\t\t\t\t\t\t\t\t\t\t<\/div>\n\t\t\t\t<\/div>\n\t\t\t\t<\/div>\n\t\t<div class=\"elementor-element elementor-element-b0500f0 e-con-full e-flex e-con e-child\" data-id=\"b0500f0\" data-element_type=\"container\" data-e-type=\"container\">\n\t\t\t\t<div class=\"elementor-element elementor-element-4666f69 elementor-widget elementor-widget-text-editor\" data-id=\"4666f69\" data-element_type=\"widget\" data-e-type=\"widget\" data-widget_type=\"text-editor.default\">\n\t\t\t\t<div class=\"elementor-widget-container\">\n\t\t\t\t\t\t\t\t\t<h4><strong>PAULINA ORTEGA<\/strong><\/h4><p><span style=\"text-align: left;\">Responsable del servicio de transporte<\/span><\/p>\t\t\t\t\t\t\t\t<\/div>\n\t\t\t\t<\/div>\n\t\t\t\t<div class=\"elementor-element elementor-element-83fcd4e elementor-widget elementor-widget-image\" data-id=\"83fcd4e\" data-element_type=\"widget\" data-e-type=\"widget\" data-settings=\"{&quot;motion_fx_motion_fx_scrolling&quot;:&quot;yes&quot;,&quot;motion_fx_translateY_effect&quot;:&quot;yes&quot;,&quot;motion_fx_motion_fx_mouse&quot;:&quot;yes&quot;,&quot;motion_fx_translateY_speed&quot;:{&quot;unit&quot;:&quot;px&quot;,&quot;size&quot;:4,&quot;sizes&quot;:[]},&quot;motion_fx_translateY_affectedRange&quot;:{&quot;unit&quot;:&quot;%&quot;,&quot;size&quot;:&quot;&quot;,&quot;sizes&quot;:{&quot;start&quot;:0,&quot;end&quot;:100}},&quot;motion_fx_devices&quot;:[&quot;desktop&quot;,&quot;tablet&quot;,&quot;mobile&quot;]}\" data-widget_type=\"image.default\">\n\t\t\t\t<div class=\"elementor-widget-container\">\n\t\t\t\t\t\t\t\t\t\t\t\t\t\t\t<img decoding=\"async\" width=\"700\" height=\"700\" src=\"https:\/\/condamine.edu.ec\/wp-content\/uploads\/2024\/10\/Paulina_Ortega.png\" class=\"attachment-large size-large wp-image-21516\" alt=\"\" srcset=\"https:\/\/condamine.edu.ec\/wp-content\/uploads\/2024\/10\/Paulina_Ortega.png 700w, https:\/\/condamine.edu.ec\/wp-content\/uploads\/2024\/10\/Paulina_Ortega-300x300.png 300w, https:\/\/condamine.edu.ec\/wp-content\/uploads\/2024\/10\/Paulina_Ortega-150x150.png 150w, https:\/\/condamine.edu.ec\/wp-content\/uploads\/2024\/10\/Paulina_Ortega-370x370.png 370w, https:\/\/condamine.edu.ec\/wp-content\/uploads\/2024\/10\/Paulina_Ortega-460x460.png 460w\" sizes=\"(max-width: 700px) 100vw, 700px\" \/>\t\t\t\t\t\t\t\t\t\t\t\t\t\t\t<\/div>\n\t\t\t\t<\/div>\n\t\t\t\t<\/div>\n\t\t\t\t<\/div>\n\t\t<div class=\"elementor-element elementor-element-c865c3d e-con-full e-flex e-con e-parent\" data-id=\"c865c3d\" data-element_type=\"container\" data-e-type=\"container\">\n\t\t<div class=\"elementor-element elementor-element-3c9153d e-con-full e-flex e-con e-child\" data-id=\"3c9153d\" data-element_type=\"container\" data-e-type=\"container\">\n\t\t\t\t<div class=\"elementor-element elementor-element-8586c2e elementor-widget elementor-widget-text-editor\" data-id=\"8586c2e\" data-element_type=\"widget\" data-e-type=\"widget\" data-widget_type=\"text-editor.default\">\n\t\t\t\t<div class=\"elementor-widget-container\">\n\t\t\t\t\t\t\t\t\t<p>Para hacer uso del servicio de transporte, les solicitamos confirmar o inscribir los datos de usuario del transporte\u00a0en\u00a0la siguiente direcci\u00f3n:\u00a0<strong>transporte@condamine.edu.ec\u00a0<\/strong>o comunicarse al siguiente n\u00famero telef\u00f3nico:\u00a0<strong>2921-090<\/strong>\u00a0<strong>EXT. 110 o EXT.114.<\/strong><\/p><p>\u00a0<\/p><p>Este a\u00f1o lectivo, contaremos con el apoyo de la empresa\u00a0<strong>ONTRACK\u00a0<\/strong>para el monitoreo GPS de las unidades, en el siguiente link podr\u00e1n descargarse la\u00a0<strong>Aplicaci\u00f3n Ontrack School and Staff<\/strong>:\u00a0<a id=\"m_5386457924392565168m_-7642013422694433573LPlnkOWALinkPreview_1\" href=\"https:\/\/play.google.com\/store\/apps\/details?id=co.ontrackschool.ontrack&amp;hl=es_EC&amp;gl=US\" target=\"_blank\" rel=\"noopener\" data-saferedirecturl=\"https:\/\/www.google.com\/url?q=https:\/\/play.google.com\/store\/apps\/details?id%3Dco.ontrackschool.ontrack%26hl%3Des_EC%26gl%3DUS&amp;source=gmail&amp;ust=1693331390846000&amp;usg=AOvVaw3sBmSsNlhP_2L4yu8dpTtI\">https:\/\/play.google.com\/store\/<wbr \/>apps\/details?id=co.<wbr \/>ontrackschool.ontrack&amp;hl=es_<wbr \/>EC&amp;gl=US<\/a><\/p><p>Para conocer m\u00e1s sobre el uso de ONTRACK, pueden ver el siguiente tutorial de apoyo para los usuarios:<\/p>\t\t\t\t\t\t\t\t<\/div>\n\t\t\t\t<\/div>\n\t\t\t\t<\/div>\n\t\t\t\t<\/div>\n\t\t<div class=\"elementor-element elementor-element-7b59a90 e-flex e-con-boxed e-con e-parent\" data-id=\"7b59a90\" data-element_type=\"container\" data-e-type=\"container\">\n\t\t\t\t\t<div class=\"e-con-inner\">\n\t\t\t\t<div class=\"elementor-element elementor-element-f314553 elementor-widget elementor-widget-spacer\" data-id=\"f314553\" data-element_type=\"widget\" data-e-type=\"widget\" data-widget_type=\"spacer.default\">\n\t\t\t\t<div class=\"elementor-widget-container\">\n\t\t\t\t\t\t\t<div class=\"elementor-spacer\">\n\t\t\t<div class=\"elementor-spacer-inner\"><\/div>\n\t\t<\/div>\n\t\t\t\t\t\t<\/div>\n\t\t\t\t<\/div>\n\t\t\t\t\t<\/div>\n\t\t\t\t<\/div>\n\t\t<div class=\"elementor-element elementor-element-88b70c0 e-flex e-con-boxed e-con e-parent\" data-id=\"88b70c0\" data-element_type=\"container\" data-e-type=\"container\">\n\t\t\t\t\t<div class=\"e-con-inner\">\n\t\t\t\t<div class=\"elementor-element elementor-element-967f07e elementor-widget elementor-widget-video\" data-id=\"967f07e\" data-element_type=\"widget\" data-e-type=\"widget\" data-settings=\"{&quot;youtube_url&quot;:&quot;https:\\\/\\\/www.youtube.com\\\/watch?v=Sl14kZlrv9Q&amp;t=6s&quot;,&quot;video_type&quot;:&quot;youtube&quot;,&quot;controls&quot;:&quot;yes&quot;}\" data-widget_type=\"video.default\">\n\t\t\t\t<div class=\"elementor-widget-container\">\n\t\t\t\t\t\t\t<div class=\"elementor-wrapper elementor-open-inline\">\n\t\t\t<div class=\"elementor-video\"><\/div>\t\t<\/div>\n\t\t\t\t\t\t<\/div>\n\t\t\t\t<\/div>\n\t\t\t\t\t<\/div>\n\t\t\t\t<\/div>\n\t\t<div class=\"elementor-element elementor-element-d993d0c e-con-full e-flex e-con e-parent\" data-id=\"d993d0c\" data-element_type=\"container\" data-e-type=\"container\">\n\t\t<div class=\"elementor-element elementor-element-7f28441 e-con-full e-flex e-con e-child\" data-id=\"7f28441\" data-element_type=\"container\" data-e-type=\"container\">\n\t\t\t\t<div class=\"elementor-element elementor-element-996fee7 elementor-widget elementor-widget-text-editor\" data-id=\"996fee7\" data-element_type=\"widget\" data-e-type=\"widget\" data-widget_type=\"text-editor.default\">\n\t\t\t\t<div class=\"elementor-widget-container\">\n\t\t\t\t\t\t\t\t\t<p>Conoce m\u00e1s sobre el servicio de transporte\u00a0<a href=\"https:\/\/mcusercontent.com\/d794e5ccf69fedd619aed2b8f\/_compresseds\/fdc7dafd-681d-e627-569a-3e89bc332d5b.jpg\" target=\"_blank\" rel=\"noopener\" data-saferedirecturl=\"https:\/\/www.google.com\/url?q=https:\/\/mcusercontent.com\/d794e5ccf69fedd619aed2b8f\/_compresseds\/fdc7dafd-681d-e627-569a-3e89bc332d5b.jpg&amp;source=gmail&amp;ust=1693317257294000&amp;usg=AOvVaw2EkqdDvoxrtBT-YBfLychK\"><strong>AQU\u00cd<\/strong><\/a>.<\/p><p>\u00a0<\/p><p>Les informamos que para cualquier pregunta o solicitud general en cuanto al servicio de transporte, les agradecemos por enviar sus mensajes a la siguiente direcci\u00f3n:<strong>\u00a0transporte@condamine.edu.ec<\/strong><\/p><p>\u00a0<\/p><p><strong>Si tienen sugerencias o inquietudes sobre el servicio de transporte, por favor enviarlas exclusivamente a la siguiente direcci\u00f3n:\u00a0<a href=\"mailto:reclamostransporte@condamine.edu.ec\">reclamostransporte@condamine.edu.ec<\/a><\/strong><\/p>\t\t\t\t\t\t\t\t<\/div>\n\t\t\t\t<\/div>\n\t\t\t\t<\/div>\n\t\t\t\t<\/div>\n\t\t<div class=\"elementor-element elementor-element-b8354bd e-flex e-con-boxed e-con e-parent\" data-id=\"b8354bd\" data-element_type=\"container\" data-e-type=\"container\">\n\t\t\t\t\t<div class=\"e-con-inner\">\n\t\t<div class=\"elementor-element elementor-element-90f16d3 e-con-full e-flex e-con e-child\" data-id=\"90f16d3\" data-element_type=\"container\" data-e-type=\"container\">\n\t\t\t\t<div class=\"elementor-element elementor-element-84f9f55 elementor-widget elementor-widget-image\" data-id=\"84f9f55\" data-element_type=\"widget\" data-e-type=\"widget\" data-widget_type=\"image.default\">\n\t\t\t\t<div class=\"elementor-widget-container\">\n\t\t\t\t\t\t\t\t\t\t\t\t\t\t\t\t<a href=\"https:\/\/condamine.edu.ec\/wp-content\/uploads\/2025\/09\/transporte-2025.pdf\" target=\"_blank\">\n\t\t\t\t\t\t\t<img decoding=\"async\" width=\"113\" height=\"152\" src=\"https:\/\/condamine.edu.ec\/wp-content\/uploads\/2023\/12\/pdf-web.png\" class=\"attachment-large size-large wp-image-1022\" alt=\"\" \/>\t\t\t\t\t\t\t\t<\/a>\n\t\t\t\t\t\t\t\t\t\t\t\t\t\t\t<\/div>\n\t\t\t\t<\/div>\n\t\t\t\t<div class=\"elementor-element elementor-element-514fa48 elementor-widget elementor-widget-heading\" data-id=\"514fa48\" data-element_type=\"widget\" data-e-type=\"widget\" data-widget_type=\"heading.default\">\n\t\t\t\t<div class=\"elementor-widget-container\">\n\t\t\t\t\t<h4 class=\"elementor-heading-title elementor-size-default\"><a href=\"https:\/\/condamine.edu.ec\/wp-content\/uploads\/2025\/09\/transporte-2025.pdf\" target=\"_blank\">Reglamento de Transporte 2025-2026<\/a><\/h4>\t\t\t\t<\/div>\n\t\t\t\t<\/div>\n\t\t\t\t<\/div>\n\t\t<div class=\"elementor-element elementor-element-6a8fe65 e-con-full e-flex e-con e-child\" data-id=\"6a8fe65\" data-element_type=\"container\" data-e-type=\"container\">\n\t\t\t\t<div class=\"elementor-element elementor-element-5e05dce elementor-widget elementor-widget-image\" data-id=\"5e05dce\" data-element_type=\"widget\" data-e-type=\"widget\" data-widget_type=\"image.default\">\n\t\t\t\t<div class=\"elementor-widget-container\">\n\t\t\t\t\t\t\t\t\t\t\t\t\t\t\t\t<a href=\"https:\/\/condamine.edu.ec\/wp-content\/uploads\/2025\/04\/TARIFAS-GENERALES-PENSIONES-MATRICULAS-2025-2026-PDF.pdf\" target=\"_blank\">\n\t\t\t\t\t\t\t<img decoding=\"async\" width=\"113\" height=\"152\" src=\"https:\/\/condamine.edu.ec\/wp-content\/uploads\/2023\/12\/pdf-web.png\" class=\"attachment-large size-large wp-image-1022\" alt=\"\" \/>\t\t\t\t\t\t\t\t<\/a>\n\t\t\t\t\t\t\t\t\t\t\t\t\t\t\t<\/div>\n\t\t\t\t<\/div>\n\t\t\t\t<div class=\"elementor-element elementor-element-4b8e96f elementor-widget elementor-widget-heading\" data-id=\"4b8e96f\" data-element_type=\"widget\" data-e-type=\"widget\" data-widget_type=\"heading.default\">\n\t\t\t\t<div class=\"elementor-widget-container\">\n\t\t\t\t\t<h4 class=\"elementor-heading-title elementor-size-default\"><a href=\"https:\/\/condamine.edu.ec\/wp-content\/uploads\/2025\/04\/TARIFAS-GENERALES-PENSIONES-MATRICULAS-2025-2026-PDF.pdf\" target=\"_blank\">Tarifas Transporte<\/a><\/h4>\t\t\t\t<\/div>\n\t\t\t\t<\/div>\n\t\t\t\t<\/div>\n\t\t\t\t\t<\/div>\n\t\t\t\t<\/div>\n\t\t<div class=\"elementor-element elementor-element-27938a3 e-flex e-con-boxed e-con e-parent\" data-id=\"27938a3\" data-element_type=\"container\" data-e-type=\"container\">\n\t\t\t\t\t<div class=\"e-con-inner\">\n\t\t\t\t<div class=\"elementor-element elementor-element-74f7c85 elementor-widget elementor-widget-spacer\" data-id=\"74f7c85\" data-element_type=\"widget\" data-e-type=\"widget\" data-widget_type=\"spacer.default\">\n\t\t\t\t<div class=\"elementor-widget-container\">\n\t\t\t\t\t\t\t<div class=\"elementor-spacer\">\n\t\t\t<div class=\"elementor-spacer-inner\"><\/div>\n\t\t<\/div>\n\t\t\t\t\t\t<\/div>\n\t\t\t\t<\/div>\n\t\t\t\t\t<\/div>\n\t\t\t\t<\/div>\n\t\t<div class=\"elementor-element elementor-element-fddc662 e-con-full e-flex e-con e-parent\" data-id=\"fddc662\" data-element_type=\"container\" data-e-type=\"container\">\n\t\t\t\t<div class=\"elementor-element elementor-element-37b1350 elementor-widget elementor-widget-heading\" data-id=\"37b1350\" data-element_type=\"widget\" data-e-type=\"widget\" data-widget_type=\"heading.default\">\n\t\t\t\t<div class=\"elementor-widget-container\">\n\t\t\t\t\t<h2 class=\"elementor-heading-title elementor-size-default\">Capacitaci\u00f3n en seguridad vial para el equipo de transporte escolar del Liceo franco-ecuatoriano La Condamine<\/h2>\t\t\t\t<\/div>\n\t\t\t\t<\/div>\n\t\t\t\t<\/div>\n\t\t<div class=\"elementor-element elementor-element-4b57226 e-con-full e-flex e-con e-parent\" data-id=\"4b57226\" data-element_type=\"container\" data-e-type=\"container\">\n\t\t<div class=\"elementor-element elementor-element-50f0190 e-con-full e-flex e-con e-child\" data-id=\"50f0190\" data-element_type=\"container\" data-e-type=\"container\">\n\t\t\t\t<div class=\"elementor-element elementor-element-d2dca79 elementor-widget elementor-widget-image\" data-id=\"d2dca79\" data-element_type=\"widget\" data-e-type=\"widget\" data-widget_type=\"image.default\">\n\t\t\t\t<div class=\"elementor-widget-container\">\n\t\t\t\t\t\t\t\t\t\t\t\t\t\t\t<img loading=\"lazy\" decoding=\"async\" width=\"675\" height=\"450\" src=\"https:\/\/condamine.edu.ec\/wp-content\/uploads\/2025\/09\/IMG_7930.jpg\" class=\"attachment-large size-large wp-image-38693\" alt=\"\" srcset=\"https:\/\/condamine.edu.ec\/wp-content\/uploads\/2025\/09\/IMG_7930.jpg 675w, https:\/\/condamine.edu.ec\/wp-content\/uploads\/2025\/09\/IMG_7930-300x200.jpg 300w, https:\/\/condamine.edu.ec\/wp-content\/uploads\/2025\/09\/IMG_7930-370x247.jpg 370w\" sizes=\"(max-width: 675px) 100vw, 675px\" \/>\t\t\t\t\t\t\t\t\t\t\t\t\t\t\t<\/div>\n\t\t\t\t<\/div>\n\t\t\t\t<\/div>\n\t\t<div class=\"elementor-element elementor-element-6b1e01d e-con-full e-flex e-con e-child\" data-id=\"6b1e01d\" data-element_type=\"container\" data-e-type=\"container\">\n\t\t\t\t<div class=\"elementor-element elementor-element-339f7b1 elementor-widget elementor-widget-text-editor\" data-id=\"339f7b1\" data-element_type=\"widget\" data-e-type=\"widget\" data-widget_type=\"text-editor.default\">\n\t\t\t\t<div class=\"elementor-widget-container\">\n\t\t\t\t\t\t\t\t\t<p>En el marco de los preparativos para el inicio del a\u00f1o lectivo 2025-2026, todo el <strong data-start=\"339\" data-end=\"413\">equipo de transporte escolar del Liceo franco-ecuatoriano La Condamine<\/strong> particip\u00f3 en una <strong data-start=\"431\" data-end=\"476\">jornada de capacitaci\u00f3n en seguridad vial<\/strong><strong>.<\/strong><\/p><p>\u00a0<\/p><p data-start=\"481\" data-end=\"710\">Choferes y acompa\u00f1antes de transporte recibieron esta formaci\u00f3n con el objetivo de reforzar sus conocimientos, mejorar las pr\u00e1cticas de prevenci\u00f3n y garantizar el bienestar de nuestros estudiantes durante sus trayectos diarios.<\/p><p data-start=\"481\" data-end=\"710\">\u00a0<\/p><p data-start=\"712\" data-end=\"944\">Este tipo de capacitaciones son fundamentales para asegurar un servicio de transporte confiable, seguro y de calidad. Nos enorgullece contar con un equipo comprometido y preparado para anticipar lo mejor en este nuevo a\u00f1o lectivo.<\/p><p data-start=\"712\" data-end=\"944\">\u00a0<\/p><p data-start=\"946\" data-end=\"1025\">En La Condamine, la seguridad de nuestros alumnos siempre ser\u00e1 una prioridad.<\/p>\t\t\t\t\t\t\t\t<\/div>\n\t\t\t\t<\/div>\n\t\t\t\t<\/div>\n\t\t\t\t<\/div>\n\t\t<div class=\"elementor-element elementor-element-a16ee20 e-flex e-con-boxed e-con e-parent\" data-id=\"a16ee20\" data-element_type=\"container\" data-e-type=\"container\">\n\t\t\t\t\t<div class=\"e-con-inner\">\n\t\t<div class=\"elementor-element elementor-element-9deab0d e-con-full e-flex e-con e-child\" data-id=\"9deab0d\" data-element_type=\"container\" data-e-type=\"container\">\n\t\t\t\t<div class=\"elementor-element elementor-element-8116f17 elementor-widget elementor-widget-image\" data-id=\"8116f17\" data-element_type=\"widget\" data-e-type=\"widget\" data-widget_type=\"image.default\">\n\t\t\t\t<div class=\"elementor-widget-container\">\n\t\t\t\t\t\t\t\t\t\t\t\t\t\t\t<img loading=\"lazy\" decoding=\"async\" width=\"675\" height=\"450\" src=\"https:\/\/condamine.edu.ec\/wp-content\/uploads\/2025\/09\/IMG_7933.jpg\" class=\"attachment-large size-large wp-image-38687\" alt=\"\" srcset=\"https:\/\/condamine.edu.ec\/wp-content\/uploads\/2025\/09\/IMG_7933.jpg 675w, https:\/\/condamine.edu.ec\/wp-content\/uploads\/2025\/09\/IMG_7933-300x200.jpg 300w, https:\/\/condamine.edu.ec\/wp-content\/uploads\/2025\/09\/IMG_7933-370x247.jpg 370w\" sizes=\"(max-width: 675px) 100vw, 675px\" \/>\t\t\t\t\t\t\t\t\t\t\t\t\t\t\t<\/div>\n\t\t\t\t<\/div>\n\t\t\t\t<\/div>\n\t\t<div class=\"elementor-element elementor-element-88a5a92 e-con-full e-flex e-con e-child\" data-id=\"88a5a92\" data-element_type=\"container\" data-e-type=\"container\">\n\t\t\t\t<div class=\"elementor-element elementor-element-465b589 elementor-widget elementor-widget-image\" data-id=\"465b589\" data-element_type=\"widget\" data-e-type=\"widget\" data-widget_type=\"image.default\">\n\t\t\t\t<div class=\"elementor-widget-container\">\n\t\t\t\t\t\t\t\t\t\t\t\t\t\t\t<img loading=\"lazy\" decoding=\"async\" width=\"675\" height=\"450\" src=\"https:\/\/condamine.edu.ec\/wp-content\/uploads\/2025\/09\/IMG_7928.jpg\" class=\"attachment-large size-large wp-image-38690\" alt=\"\" srcset=\"https:\/\/condamine.edu.ec\/wp-content\/uploads\/2025\/09\/IMG_7928.jpg 675w, https:\/\/condamine.edu.ec\/wp-content\/uploads\/2025\/09\/IMG_7928-300x200.jpg 300w, https:\/\/condamine.edu.ec\/wp-content\/uploads\/2025\/09\/IMG_7928-370x247.jpg 370w\" sizes=\"(max-width: 675px) 100vw, 675px\" \/>\t\t\t\t\t\t\t\t\t\t\t\t\t\t\t<\/div>\n\t\t\t\t<\/div>\n\t\t\t\t<\/div>\n\t\t\t\t\t<\/div>\n\t\t\t\t<\/div>\n\t\t\t\t<\/div>\n\t\t","protected":false},"excerpt":{"rendered":"<p>Transporte Escolar Ofrecemos un servicio de transporte seguro y fiable, totalmente dedicado a la seguridad de nuestros alumnos. Cada veh\u00edculo es inspeccionado regularmente para garantizar que cumple con todas las normas de seguridad requeridas para el transporte escolar. Damos servicio a toda la ciudad de Quito y sus valles, garantizando un viaje seguro y c\u00f3modo [&hellip;]<\/p>\n","protected":false},"author":1,"featured_media":0,"parent":0,"menu_order":0,"comment_status":"closed","ping_status":"closed","template":"","meta":{"footnotes":""},"class_list":["post-10835","page","type-page","status-publish","hentry"],"_links":{"self":[{"href":"https:\/\/condamine.edu.ec\/index.php?rest_route=\/wp\/v2\/pages\/10835","targetHints":{"allow":["GET"]}}],"collection":[{"href":"https:\/\/condamine.edu.ec\/index.php?rest_route=\/wp\/v2\/pages"}],"about":[{"href":"https:\/\/condamine.edu.ec\/index.php?rest_route=\/wp\/v2\/types\/page"}],"author":[{"embeddable":true,"href":"https:\/\/condamine.edu.ec\/index.php?rest_route=\/wp\/v2\/users\/1"}],"replies":[{"embeddable":true,"href":"https:\/\/condamine.edu.ec\/index.php?rest_route=%2Fwp%2Fv2%2Fcomments&post=10835"}],"version-history":[{"count":19,"href":"https:\/\/condamine.edu.ec\/index.php?rest_route=\/wp\/v2\/pages\/10835\/revisions"}],"predecessor-version":[{"id":38900,"href":"https:\/\/condamine.edu.ec\/index.php?rest_route=\/wp\/v2\/pages\/10835\/revisions\/38900"}],"wp:attachment":[{"href":"https:\/\/condamine.edu.ec\/index.php?rest_route=%2Fwp%2Fv2%2Fmedia&parent=10835"}],"curies":[{"name":"wp","href":"https:\/\/api.w.org\/{rel}","templated":true}]}}