{"id":10825,"date":"2024-01-12T19:07:50","date_gmt":"2024-01-13T00:07:50","guid":{"rendered":"https:\/\/condamine.edu.ec\/?page_id=10825"},"modified":"2025-09-05T11:26:12","modified_gmt":"2025-09-05T16:26:12","slug":"transport-scolaire","status":"publish","type":"page","link":"https:\/\/condamine.edu.ec\/?page_id=10825","title":{"rendered":"Transport Scolaire"},"content":{"rendered":"\t\t<div data-elementor-type=\"wp-page\" data-elementor-id=\"10825\" class=\"elementor elementor-10825\" data-elementor-post-type=\"page\">\n\t\t\t\t<div class=\"elementor-element elementor-element-6e5d2da e-flex e-con-boxed e-con e-parent\" data-id=\"6e5d2da\" data-element_type=\"container\" data-e-type=\"container\">\n\t\t\t\t\t<div class=\"e-con-inner\">\n\t\t\t\t<div class=\"elementor-element elementor-element-97f1126 elementor-widget elementor-widget-spacer\" data-id=\"97f1126\" data-element_type=\"widget\" data-e-type=\"widget\" data-widget_type=\"spacer.default\">\n\t\t\t\t<div class=\"elementor-widget-container\">\n\t\t\t\t\t\t\t<div class=\"elementor-spacer\">\n\t\t\t<div class=\"elementor-spacer-inner\"><\/div>\n\t\t<\/div>\n\t\t\t\t\t\t<\/div>\n\t\t\t\t<\/div>\n\t\t\t\t\t<\/div>\n\t\t\t\t<\/div>\n\t\t<div class=\"elementor-element elementor-element-1b409c2 e-con-full e-flex e-con e-parent\" data-id=\"1b409c2\" data-element_type=\"container\" data-e-type=\"container\">\n\t\t\t\t<div class=\"elementor-element elementor-element-b4280a7 elementor-widget elementor-widget-heading\" data-id=\"b4280a7\" data-element_type=\"widget\" data-e-type=\"widget\" data-widget_type=\"heading.default\">\n\t\t\t\t<div class=\"elementor-widget-container\">\n\t\t\t\t\t<h2 class=\"elementor-heading-title elementor-size-default\">Transport Scolaire<\/h2>\t\t\t\t<\/div>\n\t\t\t\t<\/div>\n\t\t\t\t<\/div>\n\t\t<div class=\"elementor-element elementor-element-a0acbb5 e-flex e-con-boxed e-con e-parent\" data-id=\"a0acbb5\" data-element_type=\"container\" data-e-type=\"container\">\n\t\t\t\t\t<div class=\"e-con-inner\">\n\t\t\t\t<div class=\"elementor-element elementor-element-41018dc elementor-widget elementor-widget-spacer\" data-id=\"41018dc\" data-element_type=\"widget\" data-e-type=\"widget\" data-widget_type=\"spacer.default\">\n\t\t\t\t<div class=\"elementor-widget-container\">\n\t\t\t\t\t\t\t<div class=\"elementor-spacer\">\n\t\t\t<div class=\"elementor-spacer-inner\"><\/div>\n\t\t<\/div>\n\t\t\t\t\t\t<\/div>\n\t\t\t\t<\/div>\n\t\t\t\t\t<\/div>\n\t\t\t\t<\/div>\n\t\t<div class=\"elementor-element elementor-element-659d622 e-con-full e-flex e-con e-parent\" data-id=\"659d622\" data-element_type=\"container\" data-e-type=\"container\">\n\t\t<div class=\"elementor-element elementor-element-fc613ad e-con-full e-flex e-con e-child\" data-id=\"fc613ad\" data-element_type=\"container\" data-e-type=\"container\">\n\t\t\t\t<div class=\"elementor-element elementor-element-6c2169e elementor-widget elementor-widget-text-editor\" data-id=\"6c2169e\" data-element_type=\"widget\" data-e-type=\"widget\" data-widget_type=\"text-editor.default\">\n\t\t\t\t<div class=\"elementor-widget-container\">\n\t\t\t\t\t\t\t\t\t<p>Nous proposons un service de transport s\u00fbr et fiable, enti\u00e8rement d\u00e9di\u00e9 \u00e0 la s\u00e9curit\u00e9 de nos \u00e9l\u00e8ves. Chaque v\u00e9hicule est r\u00e9guli\u00e8rement inspect\u00e9 pour garantir qu&rsquo;il respecte toutes les normes de s\u00e9curit\u00e9 requises pour le transport scolaire. Nous desservons toute la ville de Quito et ses vall\u00e9es, assurant ainsi un trajet confortable et s\u00e9curis\u00e9 pour tous nos \u00e9l\u00e8ves.<\/p>\t\t\t\t\t\t\t\t<\/div>\n\t\t\t\t<\/div>\n\t\t\t\t<\/div>\n\t\t\t\t<\/div>\n\t\t<div class=\"elementor-element elementor-element-078d533 e-con-full e-flex e-con e-parent\" data-id=\"078d533\" data-element_type=\"container\" data-e-type=\"container\">\n\t\t\t\t<div class=\"elementor-element elementor-element-61fe5e0 elementor-widget elementor-widget-heading\" data-id=\"61fe5e0\" data-element_type=\"widget\" data-e-type=\"widget\" data-widget_type=\"heading.default\">\n\t\t\t\t<div class=\"elementor-widget-container\">\n\t\t\t\t\t<h2 class=\"elementor-heading-title elementor-size-default\">\u00c9quipe<\/h2>\t\t\t\t<\/div>\n\t\t\t\t<\/div>\n\t\t\t\t<\/div>\n\t\t<div class=\"elementor-element elementor-element-24fd5fb e-con-full e-flex e-con e-parent\" data-id=\"24fd5fb\" data-element_type=\"container\" data-e-type=\"container\">\n\t\t<div class=\"elementor-element elementor-element-4cd0ebe e-con-full e-flex e-con e-child\" data-id=\"4cd0ebe\" data-element_type=\"container\" data-e-type=\"container\">\n\t\t\t\t<div class=\"elementor-element elementor-element-ab939d8 elementor-widget elementor-widget-text-editor\" data-id=\"ab939d8\" data-element_type=\"widget\" data-e-type=\"widget\" data-widget_type=\"text-editor.default\">\n\t\t\t\t<div class=\"elementor-widget-container\">\n\t\t\t\t\t\t\t\t\t<h4><strong>VINICIO GODOY<\/strong><\/h4><p><span style=\"text-align: left;\">Responsable du service de transport<\/span><\/p>\t\t\t\t\t\t\t\t<\/div>\n\t\t\t\t<\/div>\n\t\t\t\t<div class=\"elementor-element elementor-element-45c3c54 elementor-widget elementor-widget-image\" data-id=\"45c3c54\" data-element_type=\"widget\" data-e-type=\"widget\" data-settings=\"{&quot;motion_fx_motion_fx_scrolling&quot;:&quot;yes&quot;,&quot;motion_fx_translateY_effect&quot;:&quot;yes&quot;,&quot;motion_fx_motion_fx_mouse&quot;:&quot;yes&quot;,&quot;motion_fx_translateY_speed&quot;:{&quot;unit&quot;:&quot;px&quot;,&quot;size&quot;:4,&quot;sizes&quot;:[]},&quot;motion_fx_translateY_affectedRange&quot;:{&quot;unit&quot;:&quot;%&quot;,&quot;size&quot;:&quot;&quot;,&quot;sizes&quot;:{&quot;start&quot;:0,&quot;end&quot;:100}},&quot;motion_fx_devices&quot;:[&quot;desktop&quot;,&quot;tablet&quot;,&quot;mobile&quot;]}\" data-widget_type=\"image.default\">\n\t\t\t\t<div class=\"elementor-widget-container\">\n\t\t\t\t\t\t\t\t\t\t\t\t\t\t\t<img fetchpriority=\"high\" decoding=\"async\" width=\"700\" height=\"700\" src=\"https:\/\/condamine.edu.ec\/wp-content\/uploads\/2024\/10\/Vinicio-Godoy.png\" class=\"attachment-large size-large wp-image-21511\" alt=\"\" srcset=\"https:\/\/condamine.edu.ec\/wp-content\/uploads\/2024\/10\/Vinicio-Godoy.png 700w, https:\/\/condamine.edu.ec\/wp-content\/uploads\/2024\/10\/Vinicio-Godoy-300x300.png 300w, https:\/\/condamine.edu.ec\/wp-content\/uploads\/2024\/10\/Vinicio-Godoy-150x150.png 150w, https:\/\/condamine.edu.ec\/wp-content\/uploads\/2024\/10\/Vinicio-Godoy-370x370.png 370w, https:\/\/condamine.edu.ec\/wp-content\/uploads\/2024\/10\/Vinicio-Godoy-460x460.png 460w\" sizes=\"(max-width: 700px) 100vw, 700px\" \/>\t\t\t\t\t\t\t\t\t\t\t\t\t\t\t<\/div>\n\t\t\t\t<\/div>\n\t\t\t\t<\/div>\n\t\t<div class=\"elementor-element elementor-element-9b9934e e-con-full e-flex e-con e-child\" data-id=\"9b9934e\" data-element_type=\"container\" data-e-type=\"container\">\n\t\t\t\t<div class=\"elementor-element elementor-element-be478ac elementor-widget elementor-widget-text-editor\" data-id=\"be478ac\" data-element_type=\"widget\" data-e-type=\"widget\" data-widget_type=\"text-editor.default\">\n\t\t\t\t<div class=\"elementor-widget-container\">\n\t\t\t\t\t\t\t\t\t<h4><strong>PAULINA ORTEGA<\/strong><\/h4><p><span style=\"text-align: left;\">Responsable du service de transport<\/span><\/p>\t\t\t\t\t\t\t\t<\/div>\n\t\t\t\t<\/div>\n\t\t\t\t<div class=\"elementor-element elementor-element-2b5fe81 elementor-widget elementor-widget-image\" data-id=\"2b5fe81\" data-element_type=\"widget\" data-e-type=\"widget\" data-settings=\"{&quot;motion_fx_motion_fx_scrolling&quot;:&quot;yes&quot;,&quot;motion_fx_translateY_effect&quot;:&quot;yes&quot;,&quot;motion_fx_motion_fx_mouse&quot;:&quot;yes&quot;,&quot;motion_fx_translateY_speed&quot;:{&quot;unit&quot;:&quot;px&quot;,&quot;size&quot;:4,&quot;sizes&quot;:[]},&quot;motion_fx_translateY_affectedRange&quot;:{&quot;unit&quot;:&quot;%&quot;,&quot;size&quot;:&quot;&quot;,&quot;sizes&quot;:{&quot;start&quot;:0,&quot;end&quot;:100}},&quot;motion_fx_devices&quot;:[&quot;desktop&quot;,&quot;tablet&quot;,&quot;mobile&quot;]}\" data-widget_type=\"image.default\">\n\t\t\t\t<div class=\"elementor-widget-container\">\n\t\t\t\t\t\t\t\t\t\t\t\t\t\t\t<img decoding=\"async\" width=\"700\" height=\"700\" src=\"https:\/\/condamine.edu.ec\/wp-content\/uploads\/2024\/10\/Paulina_Ortega.png\" class=\"attachment-large size-large wp-image-21514\" alt=\"\" srcset=\"https:\/\/condamine.edu.ec\/wp-content\/uploads\/2024\/10\/Paulina_Ortega.png 700w, https:\/\/condamine.edu.ec\/wp-content\/uploads\/2024\/10\/Paulina_Ortega-300x300.png 300w, https:\/\/condamine.edu.ec\/wp-content\/uploads\/2024\/10\/Paulina_Ortega-150x150.png 150w, https:\/\/condamine.edu.ec\/wp-content\/uploads\/2024\/10\/Paulina_Ortega-370x370.png 370w, https:\/\/condamine.edu.ec\/wp-content\/uploads\/2024\/10\/Paulina_Ortega-460x460.png 460w\" sizes=\"(max-width: 700px) 100vw, 700px\" \/>\t\t\t\t\t\t\t\t\t\t\t\t\t\t\t<\/div>\n\t\t\t\t<\/div>\n\t\t\t\t<\/div>\n\t\t\t\t<\/div>\n\t\t<div class=\"elementor-element elementor-element-6a63d07 e-flex e-con-boxed e-con e-parent\" data-id=\"6a63d07\" data-element_type=\"container\" data-e-type=\"container\">\n\t\t\t\t\t<div class=\"e-con-inner\">\n\t\t\t\t<div class=\"elementor-element elementor-element-f373ed2 elementor-widget elementor-widget-spacer\" data-id=\"f373ed2\" data-element_type=\"widget\" data-e-type=\"widget\" data-widget_type=\"spacer.default\">\n\t\t\t\t<div class=\"elementor-widget-container\">\n\t\t\t\t\t\t\t<div class=\"elementor-spacer\">\n\t\t\t<div class=\"elementor-spacer-inner\"><\/div>\n\t\t<\/div>\n\t\t\t\t\t\t<\/div>\n\t\t\t\t<\/div>\n\t\t\t\t\t<\/div>\n\t\t\t\t<\/div>\n\t\t<div class=\"elementor-element elementor-element-c865c3d e-con-full e-flex e-con e-parent\" data-id=\"c865c3d\" data-element_type=\"container\" data-e-type=\"container\">\n\t\t<div class=\"elementor-element elementor-element-3c9153d e-con-full e-flex e-con e-child\" data-id=\"3c9153d\" data-element_type=\"container\" data-e-type=\"container\">\n\t\t\t\t<div class=\"elementor-element elementor-element-8586c2e elementor-widget elementor-widget-text-editor\" data-id=\"8586c2e\" data-element_type=\"widget\" data-e-type=\"widget\" data-widget_type=\"text-editor.default\">\n\t\t\t\t<div class=\"elementor-widget-container\">\n\t\t\t\t\t\t\t\t\t<p>Pour utiliser le service de transport, veuillez confirmer ou enregistrer vos coordonn\u00e9es d\u2019utilisateur du transport \u00e0 l\u2019adresse suivante :\u00a0<a href=\"mailto:transporte@condamine.edu.ec\"><strong>transporte@condamine.edu.ec<\/strong><\/a>\u00a0ou appeler le num\u00e9ro de t\u00e9l\u00e9phone suivant :\u00a0<strong>2921-090 EXT. 110 ou EXT. 114. 110 ou EXT.114.<br \/><br \/><\/strong><\/p><p>Nous avons le soutien de la soci\u00e9t\u00e9 <strong>ONTRACK<\/strong>\u00a0pour le suivi GPS des bus, dans le lien suivant vous pouvez t\u00e9l\u00e9charger l\u2019application\u00a0<strong>Ontrack School and Staff<\/strong>\u00a0:\u00a0<a href=\"https:\/\/play.google.com\/store\/apps\/details?id=co.ontrackschool.ontrack&amp;hl=es_EC&amp;gl=US\">https:\/\/play.google.com\/store\/apps\/details?id=co.ontrackschool.ontrack&amp;hl=es_EC&amp;gl=US<\/a><\/p><p><br \/>Pour en savoir plus sur l\u2019utilisation d\u2019<strong>ONTRACK<\/strong>, vous pouvez consulter le tutoriel suivant pour aider les utilisateurs :<\/p>\t\t\t\t\t\t\t\t<\/div>\n\t\t\t\t<\/div>\n\t\t\t\t<\/div>\n\t\t\t\t<\/div>\n\t\t<div class=\"elementor-element elementor-element-7b59a90 e-flex e-con-boxed e-con e-parent\" data-id=\"7b59a90\" data-element_type=\"container\" data-e-type=\"container\">\n\t\t\t\t\t<div class=\"e-con-inner\">\n\t\t\t\t<div class=\"elementor-element elementor-element-f314553 elementor-widget elementor-widget-spacer\" data-id=\"f314553\" data-element_type=\"widget\" data-e-type=\"widget\" data-widget_type=\"spacer.default\">\n\t\t\t\t<div class=\"elementor-widget-container\">\n\t\t\t\t\t\t\t<div class=\"elementor-spacer\">\n\t\t\t<div class=\"elementor-spacer-inner\"><\/div>\n\t\t<\/div>\n\t\t\t\t\t\t<\/div>\n\t\t\t\t<\/div>\n\t\t\t\t\t<\/div>\n\t\t\t\t<\/div>\n\t\t<div class=\"elementor-element elementor-element-88b70c0 e-flex e-con-boxed e-con e-parent\" data-id=\"88b70c0\" data-element_type=\"container\" data-e-type=\"container\">\n\t\t\t\t\t<div class=\"e-con-inner\">\n\t\t\t\t<div class=\"elementor-element elementor-element-967f07e elementor-widget elementor-widget-video\" data-id=\"967f07e\" data-element_type=\"widget\" data-e-type=\"widget\" data-settings=\"{&quot;youtube_url&quot;:&quot;https:\\\/\\\/www.youtube.com\\\/watch?v=Sl14kZlrv9Q&amp;t=6s&quot;,&quot;video_type&quot;:&quot;youtube&quot;,&quot;controls&quot;:&quot;yes&quot;}\" data-widget_type=\"video.default\">\n\t\t\t\t<div class=\"elementor-widget-container\">\n\t\t\t\t\t\t\t<div class=\"elementor-wrapper elementor-open-inline\">\n\t\t\t<div class=\"elementor-video\"><\/div>\t\t<\/div>\n\t\t\t\t\t\t<\/div>\n\t\t\t\t<\/div>\n\t\t\t\t\t<\/div>\n\t\t\t\t<\/div>\n\t\t<div class=\"elementor-element elementor-element-d993d0c e-con-full e-flex e-con e-parent\" data-id=\"d993d0c\" data-element_type=\"container\" data-e-type=\"container\">\n\t\t<div class=\"elementor-element elementor-element-7f28441 e-con-full e-flex e-con e-child\" data-id=\"7f28441\" data-element_type=\"container\" data-e-type=\"container\">\n\t\t\t\t<div class=\"elementor-element elementor-element-996fee7 elementor-widget elementor-widget-text-editor\" data-id=\"996fee7\" data-element_type=\"widget\" data-e-type=\"widget\" data-widget_type=\"text-editor.default\">\n\t\t\t\t<div class=\"elementor-widget-container\">\n\t\t\t\t\t\t\t\t\t<p>En savoir plus sur le service de transport\u00a0<a href=\"https:\/\/mcusercontent.com\/d794e5ccf69fedd619aed2b8f\/_compresseds\/fdc7dafd-681d-e627-569a-3e89bc332d5b.jpg\" target=\"_blank\" rel=\"noopener\" data-saferedirecturl=\"https:\/\/www.google.com\/url?q=https:\/\/mcusercontent.com\/d794e5ccf69fedd619aed2b8f\/_compresseds\/fdc7dafd-681d-e627-569a-3e89bc332d5b.jpg&amp;source=gmail&amp;ust=1693317257293000&amp;usg=AOvVaw0jQQWjjq9_NE3_5DDGR5vV\"><strong>ICI<\/strong><\/a>.<br \/><br \/><\/p><p>Pour toute question ou demande g\u00e9n\u00e9rale concernant le service de transport, veuillez envoyer vos messages \u00e0 l\u2019adresse suivante :\u00a0<a href=\"mailto:transporte@condamine.edu.ec\"><strong>transporte@condamine.edu.ec<\/strong><\/a>.<br \/><br \/><\/p><p>Si vous avez des suggestions ou des pr\u00e9occupations concernant le service de transport, veuillez les envoyer exclusivement \u00e0 l\u2019adresse suivante :\u00a0<strong>\u00a0<a href=\"mailto:reclamostransporte@condamine.edu.ec\">reclamostransporte@condamine.edu.ec<\/a><\/strong><\/p>\t\t\t\t\t\t\t\t<\/div>\n\t\t\t\t<\/div>\n\t\t\t\t<\/div>\n\t\t\t\t<\/div>\n\t\t<div class=\"elementor-element elementor-element-b8354bd e-flex e-con-boxed e-con e-parent\" data-id=\"b8354bd\" data-element_type=\"container\" data-e-type=\"container\">\n\t\t\t\t\t<div class=\"e-con-inner\">\n\t\t<div class=\"elementor-element elementor-element-90f16d3 e-con-full e-flex e-con e-child\" data-id=\"90f16d3\" data-element_type=\"container\" data-e-type=\"container\">\n\t\t\t\t<div class=\"elementor-element elementor-element-84f9f55 elementor-widget elementor-widget-image\" data-id=\"84f9f55\" data-element_type=\"widget\" data-e-type=\"widget\" data-widget_type=\"image.default\">\n\t\t\t\t<div class=\"elementor-widget-container\">\n\t\t\t\t\t\t\t\t\t\t\t\t\t\t\t\t<a href=\"https:\/\/condamine.edu.ec\/wp-content\/uploads\/2025\/09\/transporte-2025.pdf\" target=\"_blank\">\n\t\t\t\t\t\t\t<img decoding=\"async\" width=\"113\" height=\"152\" src=\"https:\/\/condamine.edu.ec\/wp-content\/uploads\/2023\/12\/pdf-web.png\" class=\"attachment-large size-large wp-image-1021\" alt=\"\" \/>\t\t\t\t\t\t\t\t<\/a>\n\t\t\t\t\t\t\t\t\t\t\t\t\t\t\t<\/div>\n\t\t\t\t<\/div>\n\t\t\t\t<div class=\"elementor-element elementor-element-514fa48 elementor-widget elementor-widget-heading\" data-id=\"514fa48\" data-element_type=\"widget\" data-e-type=\"widget\" data-widget_type=\"heading.default\">\n\t\t\t\t<div class=\"elementor-widget-container\">\n\t\t\t\t\t<h4 class=\"elementor-heading-title elementor-size-default\"><a href=\"https:\/\/condamine.edu.ec\/wp-content\/uploads\/2025\/09\/transporte-2025.pdf\" target=\"_blank\">R\u00e8glement de Transport 2025-2026<\/a><\/h4>\t\t\t\t<\/div>\n\t\t\t\t<\/div>\n\t\t\t\t<\/div>\n\t\t<div class=\"elementor-element elementor-element-6a8fe65 e-con-full e-flex e-con e-child\" data-id=\"6a8fe65\" data-element_type=\"container\" data-e-type=\"container\">\n\t\t\t\t<div class=\"elementor-element elementor-element-5e05dce elementor-widget elementor-widget-image\" data-id=\"5e05dce\" data-element_type=\"widget\" data-e-type=\"widget\" data-widget_type=\"image.default\">\n\t\t\t\t<div class=\"elementor-widget-container\">\n\t\t\t\t\t\t\t\t\t\t\t\t\t\t\t\t<a href=\"https:\/\/condamine.edu.ec\/wp-content\/uploads\/2025\/04\/TARIFAS-GENERALES-PENSIONES-MATRICULAS-2025-2026-PDF.pdf\" target=\"_blank\">\n\t\t\t\t\t\t\t<img decoding=\"async\" width=\"113\" height=\"152\" src=\"https:\/\/condamine.edu.ec\/wp-content\/uploads\/2023\/12\/pdf-web.png\" class=\"attachment-large size-large wp-image-1021\" alt=\"\" \/>\t\t\t\t\t\t\t\t<\/a>\n\t\t\t\t\t\t\t\t\t\t\t\t\t\t\t<\/div>\n\t\t\t\t<\/div>\n\t\t\t\t<div class=\"elementor-element elementor-element-4b8e96f elementor-widget elementor-widget-heading\" data-id=\"4b8e96f\" data-element_type=\"widget\" data-e-type=\"widget\" data-widget_type=\"heading.default\">\n\t\t\t\t<div class=\"elementor-widget-container\">\n\t\t\t\t\t<h4 class=\"elementor-heading-title elementor-size-default\"><a href=\"https:\/\/condamine.edu.ec\/wp-content\/uploads\/2025\/04\/TARIFAS-GENERALES-PENSIONES-MATRICULAS-2025-2026-PDF.pdf\" target=\"_blank\">Tarifs Transport Scolaire<\/a><\/h4>\t\t\t\t<\/div>\n\t\t\t\t<\/div>\n\t\t\t\t<\/div>\n\t\t\t\t\t<\/div>\n\t\t\t\t<\/div>\n\t\t<div class=\"elementor-element elementor-element-6316445 e-flex e-con-boxed e-con e-parent\" data-id=\"6316445\" data-element_type=\"container\" data-e-type=\"container\">\n\t\t\t\t\t<div class=\"e-con-inner\">\n\t\t\t\t<div class=\"elementor-element elementor-element-461060d elementor-widget elementor-widget-spacer\" data-id=\"461060d\" data-element_type=\"widget\" data-e-type=\"widget\" data-widget_type=\"spacer.default\">\n\t\t\t\t<div class=\"elementor-widget-container\">\n\t\t\t\t\t\t\t<div class=\"elementor-spacer\">\n\t\t\t<div class=\"elementor-spacer-inner\"><\/div>\n\t\t<\/div>\n\t\t\t\t\t\t<\/div>\n\t\t\t\t<\/div>\n\t\t\t\t\t<\/div>\n\t\t\t\t<\/div>\n\t\t<div class=\"elementor-element elementor-element-e36525b e-con-full e-flex e-con e-parent\" data-id=\"e36525b\" data-element_type=\"container\" data-e-type=\"container\">\n\t\t\t\t<div class=\"elementor-element elementor-element-8370a42 elementor-widget elementor-widget-heading\" data-id=\"8370a42\" data-element_type=\"widget\" data-e-type=\"widget\" data-widget_type=\"heading.default\">\n\t\t\t\t<div class=\"elementor-widget-container\">\n\t\t\t\t\t<h2 class=\"elementor-heading-title elementor-size-default\">Formation \u00e0 la s\u00e9curit\u00e9 routi\u00e8re pour l'\u00e9quipe de transport scolaire du Lyc\u00e9e franco-\u00e9quatorien La Condamine<\/h2>\t\t\t\t<\/div>\n\t\t\t\t<\/div>\n\t\t\t\t<\/div>\n\t\t<div class=\"elementor-element elementor-element-5d09ea7 e-con-full e-flex e-con e-parent\" data-id=\"5d09ea7\" data-element_type=\"container\" data-e-type=\"container\">\n\t\t<div class=\"elementor-element elementor-element-5dd8047 e-con-full e-flex e-con e-child\" data-id=\"5dd8047\" data-element_type=\"container\" data-e-type=\"container\">\n\t\t\t\t<div class=\"elementor-element elementor-element-818b4b0 elementor-widget elementor-widget-image\" data-id=\"818b4b0\" data-element_type=\"widget\" data-e-type=\"widget\" data-widget_type=\"image.default\">\n\t\t\t\t<div class=\"elementor-widget-container\">\n\t\t\t\t\t\t\t\t\t\t\t\t\t\t\t<img loading=\"lazy\" decoding=\"async\" width=\"675\" height=\"450\" src=\"https:\/\/condamine.edu.ec\/wp-content\/uploads\/2025\/09\/IMG_7930.jpg\" class=\"attachment-large size-large wp-image-38691\" alt=\"\" srcset=\"https:\/\/condamine.edu.ec\/wp-content\/uploads\/2025\/09\/IMG_7930.jpg 675w, https:\/\/condamine.edu.ec\/wp-content\/uploads\/2025\/09\/IMG_7930-300x200.jpg 300w, https:\/\/condamine.edu.ec\/wp-content\/uploads\/2025\/09\/IMG_7930-370x247.jpg 370w\" sizes=\"(max-width: 675px) 100vw, 675px\" \/>\t\t\t\t\t\t\t\t\t\t\t\t\t\t\t<\/div>\n\t\t\t\t<\/div>\n\t\t\t\t<\/div>\n\t\t<div class=\"elementor-element elementor-element-1a15a58 e-con-full e-flex e-con e-child\" data-id=\"1a15a58\" data-element_type=\"container\" data-e-type=\"container\">\n\t\t\t\t<div class=\"elementor-element elementor-element-5d0e678 elementor-widget elementor-widget-text-editor\" data-id=\"5d0e678\" data-element_type=\"widget\" data-e-type=\"widget\" data-widget_type=\"text-editor.default\">\n\t\t\t\t<div class=\"elementor-widget-container\">\n\t\t\t\t\t\t\t\t\t<p>Dans le cadre des pr\u00e9paratifs pour la rentr\u00e9e 2025-2026, toute l&rsquo;\u00e9quipe de transport scolaire du Lyc\u00e9e franco-\u00e9quatorien La Condamine a particip\u00e9 \u00e0 une journ\u00e9e de formation \u00e0 la s\u00e9curit\u00e9 routi\u00e8re.<\/p><p>\u00a0<\/p><p>Les chauffeurs et les accompagnateurs ont suivi cette formation dans le but de renforcer leurs connaissances, d&rsquo;am\u00e9liorer les pratiques de pr\u00e9vention et de garantir le bien-\u00eatre de nos \u00e9l\u00e8ves lors de leurs trajets quotidiens.<\/p><p>\u00a0<\/p><p>Ce type de formation est essentiel pour assurer un service de transport fiable, s\u00fbr et de qualit\u00e9. Nous sommes fiers de pouvoir compter sur une \u00e9quipe engag\u00e9e et pr\u00eate \u00e0 anticiper le meilleur pour cette nouvelle ann\u00e9e scolaire.<\/p><p>\u00a0<\/p><p>\u00c0 La Condamine, la s\u00e9curit\u00e9 de nos \u00e9l\u00e8ves sera toujours une priorit\u00e9.<\/p>\t\t\t\t\t\t\t\t<\/div>\n\t\t\t\t<\/div>\n\t\t\t\t<\/div>\n\t\t\t\t<\/div>\n\t\t<div class=\"elementor-element elementor-element-83483a6 e-flex e-con-boxed e-con e-parent\" data-id=\"83483a6\" data-element_type=\"container\" data-e-type=\"container\">\n\t\t\t\t\t<div class=\"e-con-inner\">\n\t\t<div class=\"elementor-element elementor-element-d1c133f e-con-full e-flex e-con e-child\" data-id=\"d1c133f\" data-element_type=\"container\" data-e-type=\"container\">\n\t\t\t\t<div class=\"elementor-element elementor-element-e1be21f elementor-widget elementor-widget-image\" data-id=\"e1be21f\" data-element_type=\"widget\" data-e-type=\"widget\" data-widget_type=\"image.default\">\n\t\t\t\t<div class=\"elementor-widget-container\">\n\t\t\t\t\t\t\t\t\t\t\t\t\t\t\t<img loading=\"lazy\" decoding=\"async\" width=\"675\" height=\"450\" src=\"https:\/\/condamine.edu.ec\/wp-content\/uploads\/2025\/09\/IMG_7933.jpg\" class=\"attachment-large size-large wp-image-38685\" alt=\"\" srcset=\"https:\/\/condamine.edu.ec\/wp-content\/uploads\/2025\/09\/IMG_7933.jpg 675w, https:\/\/condamine.edu.ec\/wp-content\/uploads\/2025\/09\/IMG_7933-300x200.jpg 300w, https:\/\/condamine.edu.ec\/wp-content\/uploads\/2025\/09\/IMG_7933-370x247.jpg 370w\" sizes=\"(max-width: 675px) 100vw, 675px\" \/>\t\t\t\t\t\t\t\t\t\t\t\t\t\t\t<\/div>\n\t\t\t\t<\/div>\n\t\t\t\t<\/div>\n\t\t<div class=\"elementor-element elementor-element-0c7f84b e-con-full e-flex e-con e-child\" data-id=\"0c7f84b\" data-element_type=\"container\" data-e-type=\"container\">\n\t\t\t\t<div class=\"elementor-element elementor-element-af0d833 elementor-widget elementor-widget-image\" data-id=\"af0d833\" data-element_type=\"widget\" data-e-type=\"widget\" data-widget_type=\"image.default\">\n\t\t\t\t<div class=\"elementor-widget-container\">\n\t\t\t\t\t\t\t\t\t\t\t\t\t\t\t<img loading=\"lazy\" decoding=\"async\" width=\"675\" height=\"450\" src=\"https:\/\/condamine.edu.ec\/wp-content\/uploads\/2025\/09\/IMG_7928.jpg\" class=\"attachment-large size-large wp-image-38688\" alt=\"\" srcset=\"https:\/\/condamine.edu.ec\/wp-content\/uploads\/2025\/09\/IMG_7928.jpg 675w, https:\/\/condamine.edu.ec\/wp-content\/uploads\/2025\/09\/IMG_7928-300x200.jpg 300w, https:\/\/condamine.edu.ec\/wp-content\/uploads\/2025\/09\/IMG_7928-370x247.jpg 370w\" sizes=\"(max-width: 675px) 100vw, 675px\" \/>\t\t\t\t\t\t\t\t\t\t\t\t\t\t\t<\/div>\n\t\t\t\t<\/div>\n\t\t\t\t<\/div>\n\t\t\t\t\t<\/div>\n\t\t\t\t<\/div>\n\t\t\t\t<\/div>\n\t\t","protected":false},"excerpt":{"rendered":"<p>Transport Scolaire Nous proposons un service de transport s\u00fbr et fiable, enti\u00e8rement d\u00e9di\u00e9 \u00e0 la s\u00e9curit\u00e9 de nos \u00e9l\u00e8ves. Chaque v\u00e9hicule est r\u00e9guli\u00e8rement inspect\u00e9 pour garantir qu&rsquo;il respecte toutes les normes de s\u00e9curit\u00e9 requises pour le transport scolaire. Nous desservons toute la ville de Quito et ses vall\u00e9es, assurant ainsi un trajet confortable et s\u00e9curis\u00e9 [&hellip;]<\/p>\n","protected":false},"author":1,"featured_media":0,"parent":0,"menu_order":0,"comment_status":"closed","ping_status":"closed","template":"","meta":{"footnotes":""},"class_list":["post-10825","page","type-page","status-publish","hentry"],"_links":{"self":[{"href":"https:\/\/condamine.edu.ec\/index.php?rest_route=\/wp\/v2\/pages\/10825","targetHints":{"allow":["GET"]}}],"collection":[{"href":"https:\/\/condamine.edu.ec\/index.php?rest_route=\/wp\/v2\/pages"}],"about":[{"href":"https:\/\/condamine.edu.ec\/index.php?rest_route=\/wp\/v2\/types\/page"}],"author":[{"embeddable":true,"href":"https:\/\/condamine.edu.ec\/index.php?rest_route=\/wp\/v2\/users\/1"}],"replies":[{"embeddable":true,"href":"https:\/\/condamine.edu.ec\/index.php?rest_route=%2Fwp%2Fv2%2Fcomments&post=10825"}],"version-history":[{"count":22,"href":"https:\/\/condamine.edu.ec\/index.php?rest_route=\/wp\/v2\/pages\/10825\/revisions"}],"predecessor-version":[{"id":38897,"href":"https:\/\/condamine.edu.ec\/index.php?rest_route=\/wp\/v2\/pages\/10825\/revisions\/38897"}],"wp:attachment":[{"href":"https:\/\/condamine.edu.ec\/index.php?rest_route=%2Fwp%2Fv2%2Fmedia&parent=10825"}],"curies":[{"name":"wp","href":"https:\/\/api.w.org\/{rel}","templated":true}]}}