{"id":10758,"date":"2024-01-12T16:40:12","date_gmt":"2024-01-12T21:40:12","guid":{"rendered":"https:\/\/condamine.edu.ec\/?page_id=10758"},"modified":"2025-10-03T07:55:30","modified_gmt":"2025-10-03T12:55:30","slug":"vie-scolaire","status":"publish","type":"page","link":"https:\/\/condamine.edu.ec\/?page_id=10758&lang=es","title":{"rendered":"Vida Escolar"},"content":{"rendered":"\t\t<div data-elementor-type=\"wp-page\" data-elementor-id=\"10758\" class=\"elementor elementor-10758 elementor-10752\" data-elementor-post-type=\"page\">\n\t\t\t\t<div class=\"elementor-element elementor-element-6e5d2da e-flex e-con-boxed e-con e-parent\" data-id=\"6e5d2da\" data-element_type=\"container\" data-e-type=\"container\">\n\t\t\t\t\t<div class=\"e-con-inner\">\n\t\t\t\t<div class=\"elementor-element elementor-element-97f1126 elementor-widget elementor-widget-spacer\" data-id=\"97f1126\" data-element_type=\"widget\" data-e-type=\"widget\" data-widget_type=\"spacer.default\">\n\t\t\t\t<div class=\"elementor-widget-container\">\n\t\t\t\t\t\t\t<div class=\"elementor-spacer\">\n\t\t\t<div class=\"elementor-spacer-inner\"><\/div>\n\t\t<\/div>\n\t\t\t\t\t\t<\/div>\n\t\t\t\t<\/div>\n\t\t\t\t\t<\/div>\n\t\t\t\t<\/div>\n\t\t<div class=\"elementor-element elementor-element-1b409c2 e-con-full e-flex e-con e-parent\" data-id=\"1b409c2\" data-element_type=\"container\" data-e-type=\"container\">\n\t\t\t\t<div class=\"elementor-element elementor-element-b4280a7 elementor-widget elementor-widget-heading\" data-id=\"b4280a7\" data-element_type=\"widget\" data-e-type=\"widget\" data-widget_type=\"heading.default\">\n\t\t\t\t<div class=\"elementor-widget-container\">\n\t\t\t\t\t<h2 class=\"elementor-heading-title elementor-size-default\">Vida Escolar<\/h2>\t\t\t\t<\/div>\n\t\t\t\t<\/div>\n\t\t\t\t<\/div>\n\t\t<div class=\"elementor-element elementor-element-3f00144 e-con-full e-flex e-con e-parent\" data-id=\"3f00144\" data-element_type=\"container\" data-e-type=\"container\">\n\t\t<div class=\"elementor-element elementor-element-6ad05ec e-con-full e-flex e-con e-child\" data-id=\"6ad05ec\" data-element_type=\"container\" data-e-type=\"container\">\n\t\t\t\t<div class=\"elementor-element elementor-element-bc2d040 elementor-widget elementor-widget-image\" data-id=\"bc2d040\" data-element_type=\"widget\" data-e-type=\"widget\" data-widget_type=\"image.default\">\n\t\t\t\t<div class=\"elementor-widget-container\">\n\t\t\t\t\t\t\t\t\t\t\t\t\t\t\t<img decoding=\"async\" src=\"https:\/\/condamine.edu.ec\/wp-content\/uploads\/elementor\/thumbs\/logos-vie-scolaire-personal-1-1-768x761-1-qi7xjkvuegos3sqy7fmlk5mg0ysy92e8owhh9yjtsw.png\" title=\"logos-vie-scolaire-personal-1-1-768&#215;761\" alt=\"logos-vie-scolaire-personal-1-1-768x761\" loading=\"lazy\" \/>\t\t\t\t\t\t\t\t\t\t\t\t\t\t\t<\/div>\n\t\t\t\t<\/div>\n\t\t\t\t<\/div>\n\t\t<div class=\"elementor-element elementor-element-43eeee2 e-con-full e-flex e-con e-child\" data-id=\"43eeee2\" data-element_type=\"container\" data-e-type=\"container\">\n\t\t\t\t<div class=\"elementor-element elementor-element-b68ce92 elementor-widget elementor-widget-text-editor\" data-id=\"b68ce92\" data-element_type=\"widget\" data-e-type=\"widget\" data-widget_type=\"text-editor.default\">\n\t\t\t\t<div class=\"elementor-widget-container\">\n\t\t\t\t\t\t\t\t\t<p>Bajo la autoridad del Director General, la Directora Adjunta y la Directora de Primaria, el Consejero Principal de Educaci\u00f3n (CPE) y el Servicio de Vida Escolar intervienen en la supervisi\u00f3n y el seguimiento educativo de los alumnos.<\/p><p>\u00a0<\/p><p>El servicio de vida escolar interviene en todo momento al margen de la ense\u00f1anza del alumno.<\/p><p>Contribuye a la educaci\u00f3n de los alumnos y a la formaci\u00f3n de los futuros ciudadanos en una relaci\u00f3n individual y colectiva con las familias.<\/p><p>\u00a0<\/p><p>El Servicio de Vida Escolar es un servicio conjunto de secundaria y primaria. Actualmente cuenta con una plantilla de 18 personas:<\/p><p>1 consejero principal de educaci\u00f3n<br \/>1 referente primario (DEA con funciones espec\u00edficas)<br \/>2 referentes secundarios (DEA con misiones espec\u00edficas)<br \/>14 asistentes educativos<\/p>\t\t\t\t\t\t\t\t<\/div>\n\t\t\t\t<\/div>\n\t\t\t\t<\/div>\n\t\t\t\t<\/div>\n\t\t<div class=\"elementor-element elementor-element-2d15633 e-flex e-con-boxed e-con e-parent\" data-id=\"2d15633\" data-element_type=\"container\" data-e-type=\"container\">\n\t\t\t\t\t<div class=\"e-con-inner\">\n\t\t\t\t<div class=\"elementor-element elementor-element-d3e116a elementor-widget elementor-widget-spacer\" data-id=\"d3e116a\" data-element_type=\"widget\" data-e-type=\"widget\" data-widget_type=\"spacer.default\">\n\t\t\t\t<div class=\"elementor-widget-container\">\n\t\t\t\t\t\t\t<div class=\"elementor-spacer\">\n\t\t\t<div class=\"elementor-spacer-inner\"><\/div>\n\t\t<\/div>\n\t\t\t\t\t\t<\/div>\n\t\t\t\t<\/div>\n\t\t\t\t\t<\/div>\n\t\t\t\t<\/div>\n\t\t<div class=\"elementor-element elementor-element-e6c75a3 e-con-full e-flex e-con e-parent\" data-id=\"e6c75a3\" data-element_type=\"container\" data-e-type=\"container\">\n\t\t\t\t<div class=\"elementor-element elementor-element-3e68180 elementor-widget elementor-widget-heading\" data-id=\"3e68180\" data-element_type=\"widget\" data-e-type=\"widget\" data-widget_type=\"heading.default\">\n\t\t\t\t<div class=\"elementor-widget-container\">\n\t\t\t\t\t<h2 class=\"elementor-heading-title elementor-size-default\">El Consejero Principal de Educaci\u00f3n<\/h2>\t\t\t\t<\/div>\n\t\t\t\t<\/div>\n\t\t\t\t<\/div>\n\t\t<div class=\"elementor-element elementor-element-44bdce5 e-con-full e-flex e-con e-parent\" data-id=\"44bdce5\" data-element_type=\"container\" data-e-type=\"container\">\n\t\t<div class=\"elementor-element elementor-element-5981b2d e-con-full e-flex e-con e-child\" data-id=\"5981b2d\" data-element_type=\"container\" data-e-type=\"container\">\n\t\t\t\t<div class=\"elementor-element elementor-element-ff8211c elementor-widget elementor-widget-text-editor\" data-id=\"ff8211c\" data-element_type=\"widget\" data-e-type=\"widget\" data-widget_type=\"text-editor.default\">\n\t\t\t\t<div class=\"elementor-widget-container\">\n\t\t\t\t\t\t\t\t\t<p>Todas las responsabilidades ejercidas por el CPE se inscriben en el marco general de la \u201cVida Escolar\u201d, que puede definirse de la siguiente manera: proporcionar a los adolescentes las mejores condiciones posibles de seguridad, de vida individual y colectiva y de realizaci\u00f3n personal. Estas responsabilidades se dividen en tres \u00e1mbitos<\/p><p>\u00a0<\/p><p>\u2013 dirigir la escuela<\/p><p>\u2013 colaboraci\u00f3n con el personal docente y los distintos departamentos del centro<\/p><p>\u2013 las actividades educativas.<\/p><p>\u00a0<\/p><p>En estos tres \u00e1mbitos, la labor educativa del AEP implica el di\u00e1logo con los padres y con los distintos agentes del centro escolar (profesores, servicio m\u00e9dico, psic\u00f3logo, bibliotecarios, etc.).<\/p>\t\t\t\t\t\t\t\t<\/div>\n\t\t\t\t<\/div>\n\t\t\t\t<\/div>\n\t\t\t\t<\/div>\n\t\t<div class=\"elementor-element elementor-element-7b59a90 e-flex e-con-boxed e-con e-parent\" data-id=\"7b59a90\" data-element_type=\"container\" data-e-type=\"container\">\n\t\t\t\t\t<div class=\"e-con-inner\">\n\t\t\t\t<div class=\"elementor-element elementor-element-f314553 elementor-widget elementor-widget-spacer\" data-id=\"f314553\" data-element_type=\"widget\" data-e-type=\"widget\" data-widget_type=\"spacer.default\">\n\t\t\t\t<div class=\"elementor-widget-container\">\n\t\t\t\t\t\t\t<div class=\"elementor-spacer\">\n\t\t\t<div class=\"elementor-spacer-inner\"><\/div>\n\t\t<\/div>\n\t\t\t\t\t\t<\/div>\n\t\t\t\t<\/div>\n\t\t\t\t\t<\/div>\n\t\t\t\t<\/div>\n\t\t<div class=\"elementor-element elementor-element-8d1b8be e-con-full e-flex e-con e-parent\" data-id=\"8d1b8be\" data-element_type=\"container\" data-e-type=\"container\">\n\t\t\t\t<div class=\"elementor-element elementor-element-e741009 elementor-widget elementor-widget-heading\" data-id=\"e741009\" data-element_type=\"widget\" data-e-type=\"widget\" data-widget_type=\"heading.default\">\n\t\t\t\t<div class=\"elementor-widget-container\">\n\t\t\t\t\t<h2 class=\"elementor-heading-title elementor-size-default\">El papel de los auxiliares de educaci\u00f3n\n\n\n<\/h2>\t\t\t\t<\/div>\n\t\t\t\t<\/div>\n\t\t\t\t<\/div>\n\t\t<div class=\"elementor-element elementor-element-a443599 e-con-full e-flex e-con e-parent\" data-id=\"a443599\" data-element_type=\"container\" data-e-type=\"container\">\n\t\t<div class=\"elementor-element elementor-element-b83e92a e-con-full e-flex e-con e-child\" data-id=\"b83e92a\" data-element_type=\"container\" data-e-type=\"container\">\n\t\t\t\t<div class=\"elementor-element elementor-element-929cc91 elementor-widget elementor-widget-text-editor\" data-id=\"929cc91\" data-element_type=\"widget\" data-e-type=\"widget\" data-widget_type=\"text-editor.default\">\n\t\t\t\t<div class=\"elementor-widget-container\">\n\t\t\t\t\t\t\t\t\t<p>Los auxiliares de educaci\u00f3n desempe\u00f1an un papel fundamental en el buen funcionamiento de una escuela. Son el principal contacto de los alumnos.<\/p><p>\u00a0<\/p><p>Junto con el Consejero Principal de Educaci\u00f3n, la Directora Adjunta y la Directora de Primaria, forman el equipo de la vida escolar. En otras palabras, intervienen en todo momento cuando los alumnos no est\u00e1n aprendiendo. Su misi\u00f3n es transmitir los valores de la escuela, como el respeto de la laicidad y la equidad.<\/p><p>\u00a0<\/p><p>Contribuyen a la educaci\u00f3n de los alumnos y a la formaci\u00f3n de los futuros ciudadanos.<\/p><p>\u00a0<\/p><p>Su enfoque se inscribe en el proyecto de vida escolar, que es a su vez parte integrante del proyecto de centro.<\/p>\t\t\t\t\t\t\t\t<\/div>\n\t\t\t\t<\/div>\n\t\t\t\t<\/div>\n\t\t\t\t<\/div>\n\t\t<div class=\"elementor-element elementor-element-076196c e-flex e-con-boxed e-con e-parent\" data-id=\"076196c\" data-element_type=\"container\" data-e-type=\"container\">\n\t\t\t\t\t<div class=\"e-con-inner\">\n\t\t\t\t<div class=\"elementor-element elementor-element-4037999 elementor-widget elementor-widget-spacer\" data-id=\"4037999\" data-element_type=\"widget\" data-e-type=\"widget\" data-widget_type=\"spacer.default\">\n\t\t\t\t<div class=\"elementor-widget-container\">\n\t\t\t\t\t\t\t<div class=\"elementor-spacer\">\n\t\t\t<div class=\"elementor-spacer-inner\"><\/div>\n\t\t<\/div>\n\t\t\t\t\t\t<\/div>\n\t\t\t\t<\/div>\n\t\t\t\t\t<\/div>\n\t\t\t\t<\/div>\n\t\t<div class=\"elementor-element elementor-element-85770c0 e-con-full e-flex e-con e-parent\" data-id=\"85770c0\" data-element_type=\"container\" data-e-type=\"container\">\n\t\t\t\t<div class=\"elementor-element elementor-element-ef953f8 elementor-widget elementor-widget-heading\" data-id=\"ef953f8\" data-element_type=\"widget\" data-e-type=\"widget\" data-widget_type=\"heading.default\">\n\t\t\t\t<div class=\"elementor-widget-container\">\n\t\t\t\t\t<h2 class=\"elementor-heading-title elementor-size-default\">Comunicaci\u00f3n e informaci\u00f3n<\/h2>\t\t\t\t<\/div>\n\t\t\t\t<\/div>\n\t\t\t\t<\/div>\n\t\t<div class=\"elementor-element elementor-element-452e551 e-con-full e-flex e-con e-parent\" data-id=\"452e551\" data-element_type=\"container\" data-e-type=\"container\">\n\t\t<div class=\"elementor-element elementor-element-601cd65 e-con-full e-flex e-con e-child\" data-id=\"601cd65\" data-element_type=\"container\" data-e-type=\"container\">\n\t\t\t\t<div class=\"elementor-element elementor-element-748918a elementor-widget elementor-widget-text-editor\" data-id=\"748918a\" data-element_type=\"widget\" data-e-type=\"widget\" data-widget_type=\"text-editor.default\">\n\t\t\t\t<div class=\"elementor-widget-container\">\n\t\t\t\t\t\t\t\t\t<p>Con el fin de mantener la comunicaci\u00f3n entre el servicio de Vida Escolar y el personal de la escuela, quedamos a su disposici\u00f3n y le invitamos a ponerse en contacto con nosotros para cualquier solicitud o consulta directamente en la oficina de Vida Escolar o por correo electr\u00f3nico:\u00a0<a href=\"mailto:viescolaire.secondaire@condamine.edu.ec\">viescolaire.secondaire@condamine.edu.ec<\/a>\u00a0,\u00a0<a href=\"mailto:viescolaire.primaire@condamine.edu.ec\">viescolaire.primaire@condamine.edu.ec<\/a>\u00a0o por tel\u00e9fono en las extensiones: 129, 132, 133, 145.<\/p>\t\t\t\t\t\t\t\t<\/div>\n\t\t\t\t<\/div>\n\t\t\t\t<\/div>\n\t\t\t\t<\/div>\n\t\t<div class=\"elementor-element elementor-element-dafeeb2 e-flex e-con-boxed e-con e-parent\" data-id=\"dafeeb2\" data-element_type=\"container\" data-e-type=\"container\">\n\t\t\t\t\t<div class=\"e-con-inner\">\n\t\t\t\t<div class=\"elementor-element elementor-element-016c54f elementor-widget elementor-widget-spacer\" data-id=\"016c54f\" data-element_type=\"widget\" data-e-type=\"widget\" data-widget_type=\"spacer.default\">\n\t\t\t\t<div class=\"elementor-widget-container\">\n\t\t\t\t\t\t\t<div class=\"elementor-spacer\">\n\t\t\t<div class=\"elementor-spacer-inner\"><\/div>\n\t\t<\/div>\n\t\t\t\t\t\t<\/div>\n\t\t\t\t<\/div>\n\t\t\t\t\t<\/div>\n\t\t\t\t<\/div>\n\t\t<div class=\"elementor-element elementor-element-aed3492 e-flex e-con-boxed e-con e-parent\" data-id=\"aed3492\" data-element_type=\"container\" data-e-type=\"container\">\n\t\t\t\t\t<div class=\"e-con-inner\">\n\t\t\t\t<div class=\"elementor-element elementor-element-27e1bc5 elementor-widget elementor-widget-heading\" data-id=\"27e1bc5\" data-element_type=\"widget\" data-e-type=\"widget\" data-widget_type=\"heading.default\">\n\t\t\t\t<div class=\"elementor-widget-container\">\n\t\t\t\t\t<h2 class=\"elementor-heading-title elementor-size-default\">EQUIPO DE VIDA ESCOLAR<\/h2>\t\t\t\t<\/div>\n\t\t\t\t<\/div>\n\t\t\t\t\t<\/div>\n\t\t\t\t<\/div>\n\t\t<div class=\"elementor-element elementor-element-9a20b03 e-flex e-con-boxed e-con e-parent\" data-id=\"9a20b03\" data-element_type=\"container\" data-e-type=\"container\">\n\t\t\t\t\t<div class=\"e-con-inner\">\n\t\t\t\t<div class=\"elementor-element elementor-element-a8497ef elementor-widget elementor-widget-text-editor\" data-id=\"a8497ef\" data-element_type=\"widget\" data-e-type=\"widget\" data-widget_type=\"text-editor.default\">\n\t\t\t\t<div class=\"elementor-widget-container\">\n\t\t\t\t\t\t\t\t\t<ul><li><strong><u>CPE<\/u>\u00a0:<\/strong>\u00a0Cristina Lozada.<\/li><li><strong><u>CPE Adjuntos<\/u>\u00a0:<\/strong> J\u00e9r\u00f4me Marin \/ Lenin Villagomez.<\/li><li><strong><u>R\u00e9f\u00e9rent Vie Scolaire<\/u>\u00a0:<\/strong>\u00a0 Marisol Rivera (Primaria).<\/li><li><strong><u>AED<\/u>\u00a0:<\/strong>\u00a0 Pierre Grignard \/ Tahamara Mart\u00ednez \/ Mar\u00eda Cristina Mendoza \/ Pablo Pazmi\u00f1o \/ Dayana\u00a0 Nalvay\/ Iveth Aguilar \/ Mishell Bermeo \/ Andr\u00e9s Chac\u00f3n \/ Francis Zapata \/ Gabriela Andrade \/ Genesis Velez \/ Guissella Chuncho.<\/li><\/ul>\t\t\t\t\t\t\t\t<\/div>\n\t\t\t\t<\/div>\n\t\t\t\t\t<\/div>\n\t\t\t\t<\/div>\n\t\t<div class=\"elementor-element elementor-element-429ba44 e-flex e-con-boxed e-con e-parent\" data-id=\"429ba44\" data-element_type=\"container\" data-e-type=\"container\">\n\t\t\t\t\t<div class=\"e-con-inner\">\n\t\t\t\t<div class=\"elementor-element elementor-element-b6a0e4a elementor-widget elementor-widget-spacer\" data-id=\"b6a0e4a\" data-element_type=\"widget\" data-e-type=\"widget\" data-widget_type=\"spacer.default\">\n\t\t\t\t<div class=\"elementor-widget-container\">\n\t\t\t\t\t\t\t<div class=\"elementor-spacer\">\n\t\t\t<div class=\"elementor-spacer-inner\"><\/div>\n\t\t<\/div>\n\t\t\t\t\t\t<\/div>\n\t\t\t\t<\/div>\n\t\t\t\t\t<\/div>\n\t\t\t\t<\/div>\n\t\t<div class=\"elementor-element elementor-element-c8dd08e e-flex e-con-boxed e-con e-parent\" data-id=\"c8dd08e\" data-element_type=\"container\" data-e-type=\"container\">\n\t\t\t\t\t<div class=\"e-con-inner\">\n\t\t\t\t<div class=\"elementor-element elementor-element-da5e28c elementor-widget elementor-widget-heading\" data-id=\"da5e28c\" data-element_type=\"widget\" data-e-type=\"widget\" data-widget_type=\"heading.default\">\n\t\t\t\t<div class=\"elementor-widget-container\">\n\t\t\t\t\t<h2 class=\"elementor-heading-title elementor-size-default\">Protocolo de seguimiento de situaciones de convivencia escolar\n<\/h2>\t\t\t\t<\/div>\n\t\t\t\t<\/div>\n\t\t\t\t\t<\/div>\n\t\t\t\t<\/div>\n\t\t<div class=\"elementor-element elementor-element-42cb882 e-flex e-con-boxed e-con e-parent\" data-id=\"42cb882\" data-element_type=\"container\" data-e-type=\"container\">\n\t\t\t\t\t<div class=\"e-con-inner\">\n\t\t\t\t<div class=\"elementor-element elementor-element-51cd7d6 elementor-widget elementor-widget-text-editor\" data-id=\"51cd7d6\" data-element_type=\"widget\" data-e-type=\"widget\" data-widget_type=\"text-editor.default\">\n\t\t\t\t<div class=\"elementor-widget-container\">\n\t\t\t\t\t\t\t\t\t<h4><b>1. Recepci\u00f3n de denuncias o alertas<\/b><\/h4><p><span style=\"font-weight: 400;\">La vida escolar es informada sobre las situaciones por parte de los estudiantes, docentes, personal o familias.<\/span><\/p><p>\u00a0<\/p><h4><b>2. Encuentro individual con cada estudiante involucrado<\/b><\/h4><p><b>Objetivo:<\/b><span style=\"font-weight: 400;\"> Recoger el testimonio de cada estudiante, comprender la situaci\u00f3n y entablar un di\u00e1logo educativo.<\/span><\/p><p><b>Desarrollo de la entrevista:<\/b><\/p><ul><li style=\"font-weight: 400;\" aria-level=\"1\"><b>Recogida del testimonio:<\/b><ul><li style=\"font-weight: 400;\" aria-level=\"2\"><span style=\"font-weight: 400;\">\u00ab \u00bfPuedes contarme qu\u00e9 pas\u00f3? \u00bb<\/span><\/li><li style=\"font-weight: 400;\" aria-level=\"2\"><span style=\"font-weight: 400;\">\u00ab \u00bfC\u00f3mo viviste esta situaci\u00f3n? \u00bb<\/span><\/li><li style=\"font-weight: 400;\" aria-level=\"2\"><span style=\"font-weight: 400;\">\u00ab \u00bfNecesitas ayuda o apoyo en particular? \u00bb<\/span><\/li><\/ul><\/li><li style=\"font-weight: 400;\" aria-level=\"1\"><b>Di\u00e1logo educativo:<\/b><ul><li style=\"font-weight: 400;\" aria-level=\"2\"><span style=\"font-weight: 400;\">Identificar las necesidades (seguridad, escucha, mediaci\u00f3n, etc.).<\/span><\/li><li style=\"font-weight: 400;\" aria-level=\"2\"><span style=\"font-weight: 400;\">Explicar los valores de respeto y convivencia.<\/span><\/li><\/ul><\/li><li style=\"font-weight: 400;\" aria-level=\"1\"><b>Acta:<\/b><span style=\"font-weight: 400;\"> Redactada por el CPE (Consejero Principal de Educaci\u00f3n) o el adulto referente, con los elementos clave.<\/span><\/li><li style=\"font-weight: 400;\" aria-level=\"1\">\u00a0<\/li><\/ul><h4><b>3. Informaci\u00f3n a los padres de familia<\/b><\/h4><p><b>Objetivo:<\/b><span style=\"font-weight: 400;\"> Asociar a los padres en la resoluci\u00f3n de la situaci\u00f3n, en un esp\u00edritu de coeducaci\u00f3n y colaboraci\u00f3n.<\/span><\/p><p><b>Modalidades de contacto:<\/b><\/p><ul><li style=\"font-weight: 400;\" aria-level=\"1\"><b>Primer contacto:<\/b><ul><li style=\"font-weight: 400;\" aria-level=\"2\"><span style=\"font-weight: 400;\">Llamada telef\u00f3nica y\/o correo electr\u00f3nico despu\u00e9s de la entrevista con el estudiante.<\/span><\/li><li style=\"font-weight: 400;\" aria-level=\"2\"><span style=\"font-weight: 400;\">Informaci\u00f3n sobre la situaci\u00f3n y su contexto.<\/span><\/li><\/ul><\/li><li style=\"font-weight: 400;\" aria-level=\"1\"><b>Reuni\u00f3n propuesta:<\/b><ul><li style=\"font-weight: 400;\" aria-level=\"2\"><span style=\"font-weight: 400;\">Si la situaci\u00f3n lo requiere, se propone una cita con el CPE y\/o el DECE (Dispositivo de Escucha y Consejer\u00eda para Estudiantes).<\/span><\/li><\/ul><\/li><\/ul><p>\u00a0<\/p><h4><b>4. Implementaci\u00f3n de medidas educativas y seguimiento<\/b><\/h4><p><b>Objetivo:<\/b><span style=\"font-weight: 400;\"> Proponer respuestas adaptadas para restaurar un clima escolar pac\u00edfico y fortalecer las competencias psicosociales.<\/span><\/p><p><b>Seg\u00fan la gravedad de las faltas del estudiante<\/b><span style=\"font-weight: 400;\">, la medida educativa (siempre individual) puede ser:<\/span><\/p><ul><li style=\"font-weight: 400;\" aria-level=\"1\"><span style=\"font-weight: 400;\">Un llamado de atenci\u00f3n,<\/span><\/li><li style=\"font-weight: 400;\" aria-level=\"1\"><span style=\"font-weight: 400;\">Una sanci\u00f3n educativa,<\/span><\/li><li style=\"font-weight: 400;\" aria-level=\"1\"><span style=\"font-weight: 400;\">Una sanci\u00f3n disciplinaria, seg\u00fan lo estipulado en el reglamento interno.<\/span><\/li><\/ul><p><b>Las medidas educativas suelen ser trabajos para desarrollar competencias de responsabilidad<\/b><span style=\"font-weight: 400;\">, por ejemplo (lista no exhaustiva):<\/span><\/p><ul><li style=\"font-weight: 400;\" aria-level=\"1\"><span style=\"font-weight: 400;\">Trabajos de reflexi\u00f3n y redacci\u00f3n supervisados por la vida escolar.<\/span><\/li><li style=\"font-weight: 400;\" aria-level=\"1\"><span style=\"font-weight: 400;\">Apoyo en la guarder\u00eda para acompa\u00f1ar a los ni\u00f1os en actividades.<\/span><\/li><li style=\"font-weight: 400;\" aria-level=\"1\"><span style=\"font-weight: 400;\">Apoyo al personal de limpieza.<\/span><\/li><li style=\"font-weight: 400;\" aria-level=\"1\"><span style=\"font-weight: 400;\">Apoyo al Centro de Cultura y Conocimientos para clasificar y archivar recursos.<\/span><\/li><li style=\"font-weight: 400;\" aria-level=\"1\"><span style=\"font-weight: 400;\">Trabajos de solidaridad interna o los s\u00e1bados por la ma\u00f1ana con el grupo de <\/span><i><span style=\"font-weight: 400;\">Participaci\u00f3n Estudiantil<\/span><\/i><span style=\"font-weight: 400;\">.<\/span><\/li><\/ul><p><b>Decisi\u00f3n de las medidas:<\/b><\/p><ul><li style=\"font-weight: 400;\" aria-level=\"1\"><span style=\"font-weight: 400;\">Las medidas educativas son decididas por el CPE o el equipo directivo.<\/span><\/li><li style=\"font-weight: 400;\" aria-level=\"1\"><span style=\"font-weight: 400;\">Se explican al estudiante en una reuni\u00f3n con su familia para reforzar la transmisi\u00f3n de valores comunes.<\/span><\/li><\/ul><p><b>Otras acciones para instaurar un clima pac\u00edfico (seg\u00fan la situaci\u00f3n):<\/b><\/p><ul><li style=\"font-weight: 400;\" aria-level=\"1\"><span style=\"font-weight: 400;\">Mediaci\u00f3n entre estudiantes.<\/span><\/li><li style=\"font-weight: 400;\" aria-level=\"1\"><span style=\"font-weight: 400;\">Formulaci\u00f3n de disculpas.<\/span><\/li><li style=\"font-weight: 400;\" aria-level=\"1\"><span style=\"font-weight: 400;\">Compromiso escrito del estudiante.<\/span><\/li><li style=\"font-weight: 400;\" aria-level=\"1\"><span style=\"font-weight: 400;\">Acompa\u00f1amiento por el DECE.<\/span><\/li><li style=\"font-weight: 400;\" aria-level=\"1\"><span style=\"font-weight: 400;\">A nivel colectivo: animaci\u00f3n de horas de vida de clase, talleres sobre gesti\u00f3n de conflictos, proyectos de aula.<\/span><\/li><\/ul><p><b>Seguimiento:<\/b><span style=\"font-weight: 400;\"> El equipo pedag\u00f3gico y educativo permanece atento a la mejora del bienestar de los estudiantes y a la reducci\u00f3n de tensiones (retroalimentaci\u00f3n de docentes, estudiantes, padres y entrevistas con el DECE). Se implementan nuevas acciones si es necesario.<\/span><\/p>\t\t\t\t\t\t\t\t<\/div>\n\t\t\t\t<\/div>\n\t\t\t\t\t<\/div>\n\t\t\t\t<\/div>\n\t\t<div class=\"elementor-element elementor-element-e97d317 e-con-full e-flex e-con e-parent\" data-id=\"e97d317\" data-element_type=\"container\" data-e-type=\"container\">\n\t\t<div class=\"elementor-element elementor-element-8925d75 e-con-full e-flex e-con e-child\" data-id=\"8925d75\" data-element_type=\"container\" data-e-type=\"container\">\n\t\t\t\t<div class=\"elementor-element elementor-element-3be56ce elementor-widget elementor-widget-image\" data-id=\"3be56ce\" data-element_type=\"widget\" data-e-type=\"widget\" data-widget_type=\"image.default\">\n\t\t\t\t<div class=\"elementor-widget-container\">\n\t\t\t\t\t\t\t\t\t\t\t\t\t\t\t\t<a href=\"https:\/\/condamine.edu.ec\/wp-content\/uploads\/2025\/10\/CAPACITACION-RIESGOS-PSICOSOCIALES-FINAL.pdf\" target=\"_blank\">\n\t\t\t\t\t\t\t<img decoding=\"async\" width=\"113\" height=\"152\" src=\"https:\/\/condamine.edu.ec\/wp-content\/uploads\/2023\/12\/pdf-web.png\" class=\"attachment-large size-large wp-image-1022\" alt=\"\" \/>\t\t\t\t\t\t\t\t<\/a>\n\t\t\t\t\t\t\t\t\t\t\t\t\t\t\t<\/div>\n\t\t\t\t<\/div>\n\t\t\t\t<div class=\"elementor-element elementor-element-25ffcf2 elementor-widget elementor-widget-heading\" data-id=\"25ffcf2\" data-element_type=\"widget\" data-e-type=\"widget\" data-widget_type=\"heading.default\">\n\t\t\t\t<div class=\"elementor-widget-container\">\n\t\t\t\t\t<h4 class=\"elementor-heading-title elementor-size-default\"><a href=\"https:\/\/condamine.edu.ec\/wp-content\/uploads\/2025\/10\/CAPACITACION-RIESGOS-PSICOSOCIALES-FINAL.pdf\" target=\"_blank\">Rutas Ministeriales<\/a><\/h4>\t\t\t\t<\/div>\n\t\t\t\t<\/div>\n\t\t\t\t<\/div>\n\t\t\t\t<\/div>\n\t\t\t\t<\/div>\n\t\t","protected":false},"excerpt":{"rendered":"<p>Vida Escolar Bajo la autoridad del Director General, la Directora Adjunta y la Directora de Primaria, el Consejero Principal de Educaci\u00f3n (CPE) y el Servicio de Vida Escolar intervienen en la supervisi\u00f3n y el seguimiento educativo de los alumnos. \u00a0 El servicio de vida escolar interviene en todo momento al margen de la ense\u00f1anza del [&hellip;]<\/p>\n","protected":false},"author":1,"featured_media":0,"parent":0,"menu_order":0,"comment_status":"closed","ping_status":"closed","template":"","meta":{"footnotes":""},"class_list":["post-10758","page","type-page","status-publish","hentry"],"_links":{"self":[{"href":"https:\/\/condamine.edu.ec\/index.php?rest_route=\/wp\/v2\/pages\/10758","targetHints":{"allow":["GET"]}}],"collection":[{"href":"https:\/\/condamine.edu.ec\/index.php?rest_route=\/wp\/v2\/pages"}],"about":[{"href":"https:\/\/condamine.edu.ec\/index.php?rest_route=\/wp\/v2\/types\/page"}],"author":[{"embeddable":true,"href":"https:\/\/condamine.edu.ec\/index.php?rest_route=\/wp\/v2\/users\/1"}],"replies":[{"embeddable":true,"href":"https:\/\/condamine.edu.ec\/index.php?rest_route=%2Fwp%2Fv2%2Fcomments&post=10758"}],"version-history":[{"count":16,"href":"https:\/\/condamine.edu.ec\/index.php?rest_route=\/wp\/v2\/pages\/10758\/revisions"}],"predecessor-version":[{"id":39893,"href":"https:\/\/condamine.edu.ec\/index.php?rest_route=\/wp\/v2\/pages\/10758\/revisions\/39893"}],"wp:attachment":[{"href":"https:\/\/condamine.edu.ec\/index.php?rest_route=%2Fwp%2Fv2%2Fmedia&parent=10758"}],"curies":[{"name":"wp","href":"https:\/\/api.w.org\/{rel}","templated":true}]}}