{"id":10666,"date":"2024-01-12T15:06:28","date_gmt":"2024-01-12T20:06:28","guid":{"rendered":"https:\/\/condamine.edu.ec\/?page_id=10666"},"modified":"2026-02-03T14:48:53","modified_gmt":"2026-02-03T19:48:53","slug":"notre-histoire","status":"publish","type":"page","link":"https:\/\/condamine.edu.ec\/?page_id=10666","title":{"rendered":"Notre histoire"},"content":{"rendered":"\t\t<div data-elementor-type=\"wp-page\" data-elementor-id=\"10666\" class=\"elementor elementor-10666\" data-elementor-post-type=\"page\">\n\t\t\t\t<div class=\"elementor-element elementor-element-6e5d2da e-flex e-con-boxed e-con e-parent\" data-id=\"6e5d2da\" data-element_type=\"container\" data-e-type=\"container\">\n\t\t\t\t\t<div class=\"e-con-inner\">\n\t\t\t\t<div class=\"elementor-element elementor-element-97f1126 elementor-widget elementor-widget-spacer\" data-id=\"97f1126\" data-element_type=\"widget\" data-e-type=\"widget\" data-widget_type=\"spacer.default\">\n\t\t\t\t<div class=\"elementor-widget-container\">\n\t\t\t\t\t\t\t<div class=\"elementor-spacer\">\n\t\t\t<div class=\"elementor-spacer-inner\"><\/div>\n\t\t<\/div>\n\t\t\t\t\t\t<\/div>\n\t\t\t\t<\/div>\n\t\t\t\t\t<\/div>\n\t\t\t\t<\/div>\n\t\t<div class=\"elementor-element elementor-element-1b409c2 e-con-full e-flex e-con e-parent\" data-id=\"1b409c2\" data-element_type=\"container\" data-e-type=\"container\">\n\t\t\t\t<div class=\"elementor-element elementor-element-b4280a7 elementor-widget elementor-widget-heading\" data-id=\"b4280a7\" data-element_type=\"widget\" data-e-type=\"widget\" data-widget_type=\"heading.default\">\n\t\t\t\t<div class=\"elementor-widget-container\">\n\t\t\t\t\t<h2 class=\"elementor-heading-title elementor-size-default\">Qui \u00e9tait La Condamine ?<\/h2>\t\t\t\t<\/div>\n\t\t\t\t<\/div>\n\t\t\t\t<\/div>\n\t\t<div class=\"elementor-element elementor-element-15b84b0 e-con-full e-flex e-con e-parent\" data-id=\"15b84b0\" data-element_type=\"container\" data-e-type=\"container\">\n\t\t<div class=\"elementor-element elementor-element-2b9abff e-con-full e-flex e-con e-child\" data-id=\"2b9abff\" data-element_type=\"container\" data-e-type=\"container\">\n\t\t\t\t<div class=\"elementor-element elementor-element-0f0cc44 elementor-widget elementor-widget-image\" data-id=\"0f0cc44\" data-element_type=\"widget\" data-e-type=\"widget\" data-widget_type=\"image.default\">\n\t\t\t\t<div class=\"elementor-widget-container\">\n\t\t\t\t\t\t\t\t\t\t\t\t\t\t\t<img fetchpriority=\"high\" decoding=\"async\" width=\"312\" height=\"312\" src=\"https:\/\/condamine.edu.ec\/wp-content\/uploads\/2024\/01\/Charles_Marie_de_La_Condamine_1701-1774.jpg\" class=\"attachment-large size-large wp-image-10671\" alt=\"\" srcset=\"https:\/\/condamine.edu.ec\/wp-content\/uploads\/2024\/01\/Charles_Marie_de_La_Condamine_1701-1774.jpg 312w, https:\/\/condamine.edu.ec\/wp-content\/uploads\/2024\/01\/Charles_Marie_de_La_Condamine_1701-1774-300x300.jpg 300w, https:\/\/condamine.edu.ec\/wp-content\/uploads\/2024\/01\/Charles_Marie_de_La_Condamine_1701-1774-150x150.jpg 150w\" sizes=\"(max-width: 312px) 100vw, 312px\" \/>\t\t\t\t\t\t\t\t\t\t\t\t\t\t\t<\/div>\n\t\t\t\t<\/div>\n\t\t\t\t<\/div>\n\t\t<div class=\"elementor-element elementor-element-7f4e0e8 e-con-full e-flex e-con e-child\" data-id=\"7f4e0e8\" data-element_type=\"container\" data-e-type=\"container\">\n\t\t\t\t<div class=\"elementor-element elementor-element-b68ce92 elementor-widget elementor-widget-text-editor\" data-id=\"b68ce92\" data-element_type=\"widget\" data-e-type=\"widget\" data-widget_type=\"text-editor.default\">\n\t\t\t\t<div class=\"elementor-widget-container\">\n\t\t\t\t\t\t\t\t\t<p>Charles Marie de La Condamine est un explorateur et un scientifique fran\u00e7ais, botaniste, philosophe, astronome et encyclop\u00e9diste du XVIIIe si\u00e8cle.<\/p><p><br \/>Il est c\u00e9l\u00e8bre pour avoir fait parti, de 1735 \u00e0 1743, de la premi\u00e8re mission g\u00e9od\u00e9sique fran\u00e7aise en \u00c9quateur afin de mesurer la figure de la Terre et l\u2019hypoth\u00e8se d\u2019Isaac Newton, selon laquelle le globe terrestre n\u2019est pas une sph\u00e8re parfaite, mais est enfl\u00e9e pr\u00e8s de l\u2019\u00e9quateur et aplatie aux p\u00f4les (en forme de \u00ab mandarine \u00bb). Les r\u00e9sultats de cette exp\u00e9dition confirment la th\u00e9orie de Newton.<\/p><p><br \/>Par ailleurs, Il est le premier scientifique \u00e0 avoir descendu l\u2019Amazone qui permit notamment de dresser une carte du cours de l\u2019Amazone, et de d\u00e9couvrir l\u2019arbre \u00e0 caoutchouc.<\/p>\t\t\t\t\t\t\t\t<\/div>\n\t\t\t\t<\/div>\n\t\t\t\t<\/div>\n\t\t\t\t<\/div>\n\t\t<div class=\"elementor-element elementor-element-723359c e-flex e-con-boxed e-con e-parent\" data-id=\"723359c\" data-element_type=\"container\" data-e-type=\"container\">\n\t\t\t\t\t<div class=\"e-con-inner\">\n\t\t\t\t<div class=\"elementor-element elementor-element-c036679 elementor-widget elementor-widget-spacer\" data-id=\"c036679\" data-element_type=\"widget\" data-e-type=\"widget\" data-widget_type=\"spacer.default\">\n\t\t\t\t<div class=\"elementor-widget-container\">\n\t\t\t\t\t\t\t<div class=\"elementor-spacer\">\n\t\t\t<div class=\"elementor-spacer-inner\"><\/div>\n\t\t<\/div>\n\t\t\t\t\t\t<\/div>\n\t\t\t\t<\/div>\n\t\t\t\t\t<\/div>\n\t\t\t\t<\/div>\n\t\t<div class=\"elementor-element elementor-element-672f136 e-flex e-con-boxed e-con e-parent\" data-id=\"672f136\" data-element_type=\"container\" data-e-type=\"container\">\n\t\t\t\t\t<div class=\"e-con-inner\">\n\t\t\t\t<div class=\"elementor-element elementor-element-4d06387 elementor-widget elementor-widget-heading\" data-id=\"4d06387\" data-element_type=\"widget\" data-e-type=\"widget\" data-widget_type=\"heading.default\">\n\t\t\t\t<div class=\"elementor-widget-container\">\n\t\t\t\t\t<h2 class=\"elementor-heading-title elementor-size-default\">Pr\u00e9sentation du Lyc\u00e9e<\/h2>\t\t\t\t<\/div>\n\t\t\t\t<\/div>\n\t\t\t\t\t<\/div>\n\t\t\t\t<\/div>\n\t\t<div class=\"elementor-element elementor-element-5f3da60 e-con-full e-flex e-con e-parent\" data-id=\"5f3da60\" data-element_type=\"container\" data-e-type=\"container\">\n\t\t<div class=\"elementor-element elementor-element-fb1d713 e-con-full e-flex e-con e-child\" data-id=\"fb1d713\" data-element_type=\"container\" data-e-type=\"container\">\n\t\t\t\t<div class=\"elementor-element elementor-element-99e3027 elementor-widget elementor-widget-image\" data-id=\"99e3027\" data-element_type=\"widget\" data-e-type=\"widget\" data-widget_type=\"image.default\">\n\t\t\t\t<div class=\"elementor-widget-container\">\n\t\t\t\t\t\t\t\t\t\t\t\t\t\t\t<img decoding=\"async\" width=\"800\" height=\"420\" src=\"https:\/\/condamine.edu.ec\/wp-content\/uploads\/2024\/01\/formato-noticia-amenagements-1.jpg\" class=\"attachment-large size-large wp-image-8858\" alt=\"\" srcset=\"https:\/\/condamine.edu.ec\/wp-content\/uploads\/2024\/01\/formato-noticia-amenagements-1.jpg 800w, https:\/\/condamine.edu.ec\/wp-content\/uploads\/2024\/01\/formato-noticia-amenagements-1-300x158.jpg 300w, https:\/\/condamine.edu.ec\/wp-content\/uploads\/2024\/01\/formato-noticia-amenagements-1-768x403.jpg 768w, https:\/\/condamine.edu.ec\/wp-content\/uploads\/2024\/01\/formato-noticia-amenagements-1-370x194.jpg 370w, https:\/\/condamine.edu.ec\/wp-content\/uploads\/2024\/01\/formato-noticia-amenagements-1-770x404.jpg 770w\" sizes=\"(max-width: 800px) 100vw, 800px\" \/>\t\t\t\t\t\t\t\t\t\t\t\t\t\t\t<\/div>\n\t\t\t\t<\/div>\n\t\t\t\t<\/div>\n\t\t<div class=\"elementor-element elementor-element-b64053a e-con-full e-flex e-con e-child\" data-id=\"b64053a\" data-element_type=\"container\" data-e-type=\"container\">\n\t\t\t\t<div class=\"elementor-element elementor-element-b335113 elementor-widget elementor-widget-text-editor\" data-id=\"b335113\" data-element_type=\"widget\" data-e-type=\"widget\" data-widget_type=\"text-editor.default\">\n\t\t\t\t<div class=\"elementor-widget-container\">\n\t\t\t\t\t\t\t\t\t<p>Cr\u00e9\u00e9 en 1967, le Lyc\u00e9e franco-\u00e9quatorien La Condamine, dont l\u2019appellation recouvre en fait une \u00c9cole, un Coll\u00e8ge et un Lyc\u00e9e, est un \u00e9tablissement binational qui suit les programmes scolaires fran\u00e7ais et \u00e9quatorien conduisant aux deux baccalaur\u00e9ats.<\/p><p>\u00a0<\/p><p>L\u2019\u00e9tablissement accueille aujourd\u2019hui 1375 \u00e9l\u00e8ves dont 211 \u00e0 la Maternelle, 488 \u00e0 l\u2019\u00e9cole \u00e9l\u00e9mentaire et 676 en Secondaire. Le Lyc\u00e9e La Condamine scolarise les \u00e9l\u00e8ves de la Toute Petite Section (2 ans) \u00e0 la Terminale.<\/p><p>\u00a0<\/p><p>Le Lyc\u00e9e est membre du r\u00e9seau AEFE,<a href=\"https:\/\/aefe.gouv.fr\/\"> l\u2019Agence pour l\u2019Enseignement Fran\u00e7ais \u00e0 l\u2019\u00c9tranger<\/a>, qui certifie une conformit\u00e9 de notre enseignement aux exigences, programmes et objectifs p\u00e9dagogiques du syst\u00e8me \u00e9ducatif fran\u00e7ais.<\/p>\t\t\t\t\t\t\t\t<\/div>\n\t\t\t\t<\/div>\n\t\t\t\t<\/div>\n\t\t\t\t<\/div>\n\t\t<div class=\"elementor-element elementor-element-54a858f e-flex e-con-boxed e-con e-parent\" data-id=\"54a858f\" data-element_type=\"container\" data-e-type=\"container\">\n\t\t\t\t\t<div class=\"e-con-inner\">\n\t\t\t\t<div class=\"elementor-element elementor-element-62e82df elementor-widget elementor-widget-spacer\" data-id=\"62e82df\" data-element_type=\"widget\" data-e-type=\"widget\" data-widget_type=\"spacer.default\">\n\t\t\t\t<div class=\"elementor-widget-container\">\n\t\t\t\t\t\t\t<div class=\"elementor-spacer\">\n\t\t\t<div class=\"elementor-spacer-inner\"><\/div>\n\t\t<\/div>\n\t\t\t\t\t\t<\/div>\n\t\t\t\t<\/div>\n\t\t\t\t\t<\/div>\n\t\t\t\t<\/div>\n\t\t<div class=\"elementor-element elementor-element-11ce03f e-flex e-con-boxed e-con e-parent\" data-id=\"11ce03f\" data-element_type=\"container\" data-e-type=\"container\">\n\t\t\t\t\t<div class=\"e-con-inner\">\n\t\t\t\t<div class=\"elementor-element elementor-element-c34851c elementor-widget elementor-widget-heading\" data-id=\"c34851c\" data-element_type=\"widget\" data-e-type=\"widget\" data-widget_type=\"heading.default\">\n\t\t\t\t<div class=\"elementor-widget-container\">\n\t\t\t\t\t<h2 class=\"elementor-heading-title elementor-size-default\">Qu\u2019est-ce que l\u2019AEFE ?\n<\/h2>\t\t\t\t<\/div>\n\t\t\t\t<\/div>\n\t\t\t\t\t<\/div>\n\t\t\t\t<\/div>\n\t\t<div class=\"elementor-element elementor-element-7be67b6 e-con-full e-flex e-con e-parent\" data-id=\"7be67b6\" data-element_type=\"container\" data-e-type=\"container\">\n\t\t<div class=\"elementor-element elementor-element-9198388 e-con-full e-flex e-con e-child\" data-id=\"9198388\" data-element_type=\"container\" data-e-type=\"container\">\n\t\t\t\t<div class=\"elementor-element elementor-element-b0cfe0c elementor-widget elementor-widget-text-editor\" data-id=\"b0cfe0c\" data-element_type=\"widget\" data-e-type=\"widget\" data-widget_type=\"text-editor.default\">\n\t\t\t\t<div class=\"elementor-widget-container\">\n\t\t\t\t\t\t\t\t\t<p>L&rsquo;AEFE, ou Agence pour l&rsquo;Enseignement Fran\u00e7ais \u00e0 l&rsquo;\u00c9tranger, est un \u00e9tablissement public qui g\u00e8re et anime le r\u00e9seau des \u00e9tablissements d&rsquo;enseignement fran\u00e7ais \u00e0 l&rsquo;\u00e9tranger homologu\u00e9s par le minist\u00e8re de l&rsquo;\u00c9ducation Nationale.<br \/><br \/><strong>La France est le pays qui poss\u00e8de le plus grand r\u00e9seau d&rsquo;\u00e9tablissements scolaires au monde<\/strong> \ud83c\udf0e.<br \/>L&rsquo;homologation accord\u00e9e par le minist\u00e8re fran\u00e7ais de l&rsquo;\u00c9ducation nationale certifie que l&rsquo;enseignement est conforme aux exigences, aux programmes et aux objectifs p\u00e9dagogiques du syst\u00e8me \u00e9ducatif fran\u00e7ais.<\/p><p>Elle permet \u00e0 tout \u00e9l\u00e8ve d&rsquo;un \u00e9tablissement homologu\u00e9 de poursuivre sa scolarit\u00e9 dans un autre \u00e9tablissement fran\u00e7ais sans examen d&rsquo;entr\u00e9e.<br \/><br \/>Les enfants dont les parents sont amen\u00e9s \u00e0 vivre dans plusieurs pays successifs peuvent ainsi suivre une scolarit\u00e9 coh\u00e9rente, de la Maternelle \u00e0 la Terminale.<\/p>\t\t\t\t\t\t\t\t<\/div>\n\t\t\t\t<\/div>\n\t\t\t\t<\/div>\n\t\t<div class=\"elementor-element elementor-element-92a91f1 e-con-full e-flex e-con e-child\" data-id=\"92a91f1\" data-element_type=\"container\" data-e-type=\"container\">\n\t\t\t\t<div class=\"elementor-element elementor-element-44af335 elementor-widget elementor-widget-image\" data-id=\"44af335\" data-element_type=\"widget\" data-e-type=\"widget\" data-widget_type=\"image.default\">\n\t\t\t\t<div class=\"elementor-widget-container\">\n\t\t\t\t\t\t\t\t\t\t\t\t\t\t\t<img decoding=\"async\" width=\"300\" height=\"253\" src=\"https:\/\/condamine.edu.ec\/wp-content\/uploads\/2024\/01\/Logo_AEFE_2-300x253.jpg\" class=\"attachment-medium size-medium wp-image-10677\" alt=\"\" srcset=\"https:\/\/condamine.edu.ec\/wp-content\/uploads\/2024\/01\/Logo_AEFE_2-300x253.jpg 300w, https:\/\/condamine.edu.ec\/wp-content\/uploads\/2024\/01\/Logo_AEFE_2-1024x862.jpg 1024w, https:\/\/condamine.edu.ec\/wp-content\/uploads\/2024\/01\/Logo_AEFE_2-768x647.jpg 768w, https:\/\/condamine.edu.ec\/wp-content\/uploads\/2024\/01\/Logo_AEFE_2-370x311.jpg 370w, https:\/\/condamine.edu.ec\/wp-content\/uploads\/2024\/01\/Logo_AEFE_2-546x460.jpg 546w, https:\/\/condamine.edu.ec\/wp-content\/uploads\/2024\/01\/Logo_AEFE_2.jpg 1189w\" sizes=\"(max-width: 300px) 100vw, 300px\" \/>\t\t\t\t\t\t\t\t\t\t\t\t\t\t\t<\/div>\n\t\t\t\t<\/div>\n\t\t\t\t<\/div>\n\t\t\t\t<\/div>\n\t\t<div class=\"elementor-element elementor-element-d390b3e e-flex e-con-boxed e-con e-parent\" data-id=\"d390b3e\" data-element_type=\"container\" data-e-type=\"container\">\n\t\t\t\t\t<div class=\"e-con-inner\">\n\t\t\t\t<div class=\"elementor-element elementor-element-c70fde1 elementor-widget elementor-widget-spacer\" data-id=\"c70fde1\" data-element_type=\"widget\" data-e-type=\"widget\" data-widget_type=\"spacer.default\">\n\t\t\t\t<div class=\"elementor-widget-container\">\n\t\t\t\t\t\t\t<div class=\"elementor-spacer\">\n\t\t\t<div class=\"elementor-spacer-inner\"><\/div>\n\t\t<\/div>\n\t\t\t\t\t\t<\/div>\n\t\t\t\t<\/div>\n\t\t\t\t\t<\/div>\n\t\t\t\t<\/div>\n\t\t<div class=\"elementor-element elementor-element-2e0c583 e-con-full e-flex e-con e-parent\" data-id=\"2e0c583\" data-element_type=\"container\" data-e-type=\"container\" data-settings=\"{&quot;background_background&quot;:&quot;classic&quot;}\">\n\t\t\t\t<div class=\"elementor-element elementor-element-1dcc1f1 elementor-widget elementor-widget-heading\" data-id=\"1dcc1f1\" data-element_type=\"widget\" data-e-type=\"widget\" data-widget_type=\"heading.default\">\n\t\t\t\t<div class=\"elementor-widget-container\">\n\t\t\t\t\t<h2 class=\"elementor-heading-title elementor-size-default\">Le Lyc\u00e9e La Condamine fait partie des 580 \u00e9tablissements constituant ce r\u00e9seau de lyc\u00e9es fran\u00e7ais homologu\u00e9s.<\/h2>\t\t\t\t<\/div>\n\t\t\t\t<\/div>\n\t\t\t\t<\/div>\n\t\t<div class=\"elementor-element elementor-element-0ee6a39 e-flex e-con-boxed e-con e-parent\" data-id=\"0ee6a39\" data-element_type=\"container\" data-e-type=\"container\">\n\t\t\t\t\t<div class=\"e-con-inner\">\n\t\t\t\t<div class=\"elementor-element elementor-element-1ee68da elementor-widget elementor-widget-spacer\" data-id=\"1ee68da\" data-element_type=\"widget\" data-e-type=\"widget\" data-widget_type=\"spacer.default\">\n\t\t\t\t<div class=\"elementor-widget-container\">\n\t\t\t\t\t\t\t<div class=\"elementor-spacer\">\n\t\t\t<div class=\"elementor-spacer-inner\"><\/div>\n\t\t<\/div>\n\t\t\t\t\t\t<\/div>\n\t\t\t\t<\/div>\n\t\t\t\t\t<\/div>\n\t\t\t\t<\/div>\n\t\t<div class=\"elementor-element elementor-element-aed3492 e-flex e-con-boxed e-con e-parent\" data-id=\"aed3492\" data-element_type=\"container\" data-e-type=\"container\">\n\t\t\t\t\t<div class=\"e-con-inner\">\n\t\t\t\t<div class=\"elementor-element elementor-element-27e1bc5 elementor-widget elementor-widget-heading\" data-id=\"27e1bc5\" data-element_type=\"widget\" data-e-type=\"widget\" data-widget_type=\"heading.default\">\n\t\t\t\t<div class=\"elementor-widget-container\">\n\t\t\t\t\t<h2 class=\"elementor-heading-title elementor-size-default\">La convention et l\u2019arrangement administratif\n\n<\/h2>\t\t\t\t<\/div>\n\t\t\t\t<\/div>\n\t\t\t\t\t<\/div>\n\t\t\t\t<\/div>\n\t\t<div class=\"elementor-element elementor-element-e97d317 e-con-full e-flex e-con e-parent\" data-id=\"e97d317\" data-element_type=\"container\" data-e-type=\"container\">\n\t\t<div class=\"elementor-element elementor-element-95e342e e-con-full e-flex e-con e-child\" data-id=\"95e342e\" data-element_type=\"container\" data-e-type=\"container\">\n\t\t\t\t<div class=\"elementor-element elementor-element-51cd7d6 elementor-widget elementor-widget-text-editor\" data-id=\"51cd7d6\" data-element_type=\"widget\" data-e-type=\"widget\" data-widget_type=\"text-editor.default\">\n\t\t\t\t<div class=\"elementor-widget-container\">\n\t\t\t\t\t\t\t\t\t<p>Cr\u00e9\u00e9 en 1967, le Lyc\u00e9e franco-\u00e9quatorien La Condamine, dont l\u2019appellation recouvre en fait une \u00c9cole, un Coll\u00e8ge et un Lyc\u00e9e, est un \u00e9tablissement binational qui suit les programmes scolaires fran\u00e7ais et \u00e9quatorien conduisant aux deux baccalaur\u00e9ats.<\/p><p>\u00a0<\/p><p>L\u2019\u00e9tablissement accueille aujourd\u2019hui 1508 \u00e9l\u00e8ves dont 900 \u00e0 l\u2019\u00e9cole primaire et scolarise les \u00e9l\u00e8ves de la Petite Section \u00e0 la Terminale (tercer a\u00f1o de bachillerato). Le Lyc\u00e9e est membre du r\u00e9seau AEFE, l\u2019Agence pour l\u2019Enseignement Fran\u00e7ais \u00e0 l\u2019\u00c9tranger, qui certifie une conformit\u00e9 de notre enseignement aux exigences, programmes et objectifs p\u00e9dagogiques du syst\u00e8me \u00e9ducatif fran\u00e7ais.<\/p>\t\t\t\t\t\t\t\t<\/div>\n\t\t\t\t<\/div>\n\t\t\t\t<\/div>\n\t\t<div class=\"elementor-element elementor-element-eb9e072 e-con-full e-flex e-con e-child\" data-id=\"eb9e072\" data-element_type=\"container\" data-e-type=\"container\">\n\t\t\t\t<div class=\"elementor-element elementor-element-664ddc9 elementor-widget elementor-widget-image\" data-id=\"664ddc9\" data-element_type=\"widget\" data-e-type=\"widget\" data-widget_type=\"image.default\">\n\t\t\t\t<div class=\"elementor-widget-container\">\n\t\t\t\t\t\t\t\t\t\t\t\t\t\t\t\t<a href=\"https:\/\/condamine.edu.ec\/wp-content\/uploads\/2024\/01\/4b.-Arrangement-administratif-12-05-2021.pdf\" target=\"_blank\">\n\t\t\t\t\t\t\t<img loading=\"lazy\" decoding=\"async\" width=\"113\" height=\"152\" src=\"https:\/\/condamine.edu.ec\/wp-content\/uploads\/2023\/12\/pdf-web.png\" class=\"attachment-large size-large wp-image-1021\" alt=\"\" \/>\t\t\t\t\t\t\t\t<\/a>\n\t\t\t\t\t\t\t\t\t\t\t\t\t\t\t<\/div>\n\t\t\t\t<\/div>\n\t\t\t\t<div class=\"elementor-element elementor-element-a928b3c elementor-widget elementor-widget-heading\" data-id=\"a928b3c\" data-element_type=\"widget\" data-e-type=\"widget\" data-widget_type=\"heading.default\">\n\t\t\t\t<div class=\"elementor-widget-container\">\n\t\t\t\t\t<h4 class=\"elementor-heading-title elementor-size-default\">Arrangement administratif du 12-05-2021<\/h4>\t\t\t\t<\/div>\n\t\t\t\t<\/div>\n\t\t\t\t<\/div>\n\t\t<div class=\"elementor-element elementor-element-6c0d66c e-con-full e-flex e-con e-child\" data-id=\"6c0d66c\" data-element_type=\"container\" data-e-type=\"container\">\n\t\t\t\t<div class=\"elementor-element elementor-element-a429acd elementor-widget elementor-widget-image\" data-id=\"a429acd\" data-element_type=\"widget\" data-e-type=\"widget\" data-widget_type=\"image.default\">\n\t\t\t\t<div class=\"elementor-widget-container\">\n\t\t\t\t\t\t\t\t\t\t\t\t\t\t\t\t<a href=\"https:\/\/condamine.edu.ec\/wp-content\/uploads\/2024\/01\/LA-CONDAMINE-MINEDUC-SEDMQ-2023-00707-R_compressed.pdf\" target=\"_blank\">\n\t\t\t\t\t\t\t<img loading=\"lazy\" decoding=\"async\" width=\"113\" height=\"152\" src=\"https:\/\/condamine.edu.ec\/wp-content\/uploads\/2023\/12\/pdf-web.png\" class=\"attachment-large size-large wp-image-1021\" alt=\"\" \/>\t\t\t\t\t\t\t\t<\/a>\n\t\t\t\t\t\t\t\t\t\t\t\t\t\t\t<\/div>\n\t\t\t\t<\/div>\n\t\t\t\t<div class=\"elementor-element elementor-element-e1412e5 elementor-widget elementor-widget-heading\" data-id=\"e1412e5\" data-element_type=\"widget\" data-e-type=\"widget\" data-widget_type=\"heading.default\">\n\t\t\t\t<div class=\"elementor-widget-container\">\n\t\t\t\t\t<h4 class=\"elementor-heading-title elementor-size-default\">Permis de fonctionnement de l\u2019\u00e9tablissement<\/h4>\t\t\t\t<\/div>\n\t\t\t\t<\/div>\n\t\t\t\t<\/div>\n\t\t<div class=\"elementor-element elementor-element-8925d75 e-con-full e-flex e-con e-child\" data-id=\"8925d75\" data-element_type=\"container\" data-e-type=\"container\">\n\t\t\t\t<div class=\"elementor-element elementor-element-3be56ce elementor-widget elementor-widget-image\" data-id=\"3be56ce\" data-element_type=\"widget\" data-e-type=\"widget\" data-widget_type=\"image.default\">\n\t\t\t\t<div class=\"elementor-widget-container\">\n\t\t\t\t\t\t\t\t\t\t\t\t\t\t\t\t<a href=\"https:\/\/condamine.edu.ec\/wp-content\/uploads\/2024\/01\/Projet-detablissement-2023-2028.pdf\" target=\"_blank\">\n\t\t\t\t\t\t\t<img loading=\"lazy\" decoding=\"async\" width=\"113\" height=\"152\" src=\"https:\/\/condamine.edu.ec\/wp-content\/uploads\/2023\/12\/pdf-web.png\" class=\"attachment-large size-large wp-image-1021\" alt=\"\" \/>\t\t\t\t\t\t\t\t<\/a>\n\t\t\t\t\t\t\t\t\t\t\t\t\t\t\t<\/div>\n\t\t\t\t<\/div>\n\t\t\t\t<div class=\"elementor-element elementor-element-25ffcf2 elementor-widget elementor-widget-heading\" data-id=\"25ffcf2\" data-element_type=\"widget\" data-e-type=\"widget\" data-widget_type=\"heading.default\">\n\t\t\t\t<div class=\"elementor-widget-container\">\n\t\t\t\t\t<h4 class=\"elementor-heading-title elementor-size-default\">Projet de\u0301tablissement 2023-2028<\/h4>\t\t\t\t<\/div>\n\t\t\t\t<\/div>\n\t\t\t\t<\/div>\n\t\t<div class=\"elementor-element elementor-element-96ccd39 e-con-full e-flex e-con e-child\" data-id=\"96ccd39\" data-element_type=\"container\" data-e-type=\"container\">\n\t\t\t\t<div class=\"elementor-element elementor-element-8fb1a4f elementor-widget elementor-widget-image\" data-id=\"8fb1a4f\" data-element_type=\"widget\" data-e-type=\"widget\" data-widget_type=\"image.default\">\n\t\t\t\t<div class=\"elementor-widget-container\">\n\t\t\t\t\t\t\t\t\t\t\t\t\t\t\t\t<a href=\"https:\/\/condamine.edu.ec\/wp-content\/uploads\/2025\/04\/PEI-2024-2028.pdf\" target=\"_blank\">\n\t\t\t\t\t\t\t<img loading=\"lazy\" decoding=\"async\" width=\"113\" height=\"152\" src=\"https:\/\/condamine.edu.ec\/wp-content\/uploads\/2023\/12\/pdf-web.png\" class=\"attachment-large size-large wp-image-1021\" alt=\"\" \/>\t\t\t\t\t\t\t\t<\/a>\n\t\t\t\t\t\t\t\t\t\t\t\t\t\t\t<\/div>\n\t\t\t\t<\/div>\n\t\t\t\t<div class=\"elementor-element elementor-element-bb99834 elementor-widget elementor-widget-heading\" data-id=\"bb99834\" data-element_type=\"widget\" data-e-type=\"widget\" data-widget_type=\"heading.default\">\n\t\t\t\t<div class=\"elementor-widget-container\">\n\t\t\t\t\t<h4 class=\"elementor-heading-title elementor-size-default\"><a href=\"https:\/\/condamine.edu.ec\/wp-content\/uploads\/2025\/04\/PEI-2024-2028.pdf\" target=\"_blank\">Plan d'\u00e9ducation institutionnel<\/a><\/h4>\t\t\t\t<\/div>\n\t\t\t\t<\/div>\n\t\t\t\t<\/div>\n\t\t<div class=\"elementor-element elementor-element-e20d5e9 e-con-full e-flex e-con e-child\" data-id=\"e20d5e9\" data-element_type=\"container\" data-e-type=\"container\">\n\t\t\t\t<div class=\"elementor-element elementor-element-3efe3dd elementor-widget elementor-widget-image\" data-id=\"3efe3dd\" data-element_type=\"widget\" data-e-type=\"widget\" data-widget_type=\"image.default\">\n\t\t\t\t<div class=\"elementor-widget-container\">\n\t\t\t\t\t\t\t\t\t\t\t\t\t\t\t\t<a href=\"https:\/\/condamine.edu.ec\/wp-content\/uploads\/2025\/04\/Registro-ministerial-del-PEI-2024-2028.pdf\" target=\"_blank\">\n\t\t\t\t\t\t\t<img loading=\"lazy\" decoding=\"async\" width=\"113\" height=\"152\" src=\"https:\/\/condamine.edu.ec\/wp-content\/uploads\/2023\/12\/pdf-web.png\" class=\"attachment-large size-large wp-image-1021\" alt=\"\" \/>\t\t\t\t\t\t\t\t<\/a>\n\t\t\t\t\t\t\t\t\t\t\t\t\t\t\t<\/div>\n\t\t\t\t<\/div>\n\t\t\t\t<div class=\"elementor-element elementor-element-0f2985a elementor-widget elementor-widget-heading\" data-id=\"0f2985a\" data-element_type=\"widget\" data-e-type=\"widget\" data-widget_type=\"heading.default\">\n\t\t\t\t<div class=\"elementor-widget-container\">\n\t\t\t\t\t<h4 class=\"elementor-heading-title elementor-size-default\"><a href=\"https:\/\/condamine.edu.ec\/wp-content\/uploads\/2025\/04\/Registro-ministerial-del-PEI-2024-2028.pdf\" target=\"_blank\">Validation minist\u00e9rielle du plan \u00e9ducatif institutionnel<\/a><\/h4>\t\t\t\t<\/div>\n\t\t\t\t<\/div>\n\t\t\t\t<\/div>\n\t\t\t\t<\/div>\n\t\t\t\t<\/div>\n\t\t","protected":false},"excerpt":{"rendered":"<p>Qui \u00e9tait La Condamine ? Charles Marie de La Condamine est un explorateur et un scientifique fran\u00e7ais, botaniste, philosophe, astronome et encyclop\u00e9diste du XVIIIe si\u00e8cle. Il est c\u00e9l\u00e8bre pour avoir fait parti, de 1735 \u00e0 1743, de la premi\u00e8re mission g\u00e9od\u00e9sique fran\u00e7aise en \u00c9quateur afin de mesurer la figure de la Terre et l\u2019hypoth\u00e8se d\u2019Isaac [&hellip;]<\/p>\n","protected":false},"author":1,"featured_media":0,"parent":0,"menu_order":0,"comment_status":"closed","ping_status":"closed","template":"","meta":{"footnotes":""},"class_list":["post-10666","page","type-page","status-publish","hentry"],"_links":{"self":[{"href":"https:\/\/condamine.edu.ec\/index.php?rest_route=\/wp\/v2\/pages\/10666","targetHints":{"allow":["GET"]}}],"collection":[{"href":"https:\/\/condamine.edu.ec\/index.php?rest_route=\/wp\/v2\/pages"}],"about":[{"href":"https:\/\/condamine.edu.ec\/index.php?rest_route=\/wp\/v2\/types\/page"}],"author":[{"embeddable":true,"href":"https:\/\/condamine.edu.ec\/index.php?rest_route=\/wp\/v2\/users\/1"}],"replies":[{"embeddable":true,"href":"https:\/\/condamine.edu.ec\/index.php?rest_route=%2Fwp%2Fv2%2Fcomments&post=10666"}],"version-history":[{"count":34,"href":"https:\/\/condamine.edu.ec\/index.php?rest_route=\/wp\/v2\/pages\/10666\/revisions"}],"predecessor-version":[{"id":47050,"href":"https:\/\/condamine.edu.ec\/index.php?rest_route=\/wp\/v2\/pages\/10666\/revisions\/47050"}],"wp:attachment":[{"href":"https:\/\/condamine.edu.ec\/index.php?rest_route=%2Fwp%2Fv2%2Fmedia&parent=10666"}],"curies":[{"name":"wp","href":"https:\/\/api.w.org\/{rel}","templated":true}]}}